{"id":4700,"date":"2023-11-11T14:33:51","date_gmt":"2023-11-11T13:33:51","guid":{"rendered":"https:\/\/vetomshop.hu\/termek\/jo-ejt-medal\/"},"modified":"2026-03-30T09:26:44","modified_gmt":"2026-03-30T07:26:44","slug":"jo-ejt-medal","status":"publish","type":"product","link":"https:\/\/vetomshop.hu\/sl\/izdelek\/jo-ejt-medal\/","title":{"rendered":"Medalja za lahko no\u010d"},"content":{"rendered":"<p>\u201eObesek \u201dLahko no\u010d\" - prena\u0161a izjemno ne\u017ene signale, ki prispevajo k la\u017ejemu zaspanju in bolj\u0161i kakovosti spanja.<\/p>\n<p><strong>Predlogi za bolj\u0161e spanje:<\/strong><\/p>\n<ul>\n<li>izogibajte se pija\u010dam s kofeinom, nikotinu, ve\u010djim koli\u010dinam alkohola.<\/li>\n<li>\u010dim ve\u010d hodite in vklju\u010dite vadbo v svoj \u017eivljenjski slog,<\/li>\n<li>v spalnici mora biti hladneje in sve\u017e zrak,<\/li>\n<li>ne spite dobro,<\/li>\n<li>podnevi ne spite,<\/li>\n<li>uporabite obesek za lahko no\u010d.<\/li>\n<\/ul>\n<p><strong>Vpliv obeska:<\/strong><\/p>\n<ul>\n<li>zmanj\u0161uje psiho-\u010dustveni stres,<\/li>\n<li>zmanj\u0161uje ob\u010dutke tesnobe in zaskrbljenosti ter strahu,<\/li>\n<li>pomaga normalizirati spanec\/spanje.<\/li>\n<\/ul>","protected":false},"excerpt":{"rendered":"<p>\u201eJ\u00f3 \u00e9jt\u201d Med\u00e1l-olyan extr\u00e9m gyeng\u00e9d jeleket hordoz, melyek hozz\u00e1j\u00e1rulnak a k\u00f6nnyebb elalv\u00e1s\u00e9rt \u00e9s az alv\u00e1s jobb min\u0151s\u00e9g\u00e9\u00e9rt. Javaslatok a jobb alv\u00e1s\u00e9rt: ne fogyasszon koffein tartalm\u00fa italokat-\u00e9teleket, nikotint, nagyobb mennyis\u00e9g\u0171 alkoholt s\u00e9t\u00e1ljon min\u00e9l t\u00f6bbet, vezesse be \u00e9letm\u00f3dj\u00e1ba a mozg\u00e1st, a h\u00e1l\u00f3szob\u00e1j\u00e1ban legyen h\u0171v\u00f6sebb, \u00e9s friss leveg\u0151, ne lakjon j\u00f3l lefekv\u00e9s el\u0151tt, ne aludjon a napk\u00f6zben, haszn\u00e1lja [&hellip;]<\/p>\n","protected":false},"featured_media":4699,"comment_status":"open","ping_status":"closed","template":"","meta":[],"product_brand":[],"product_cat":[33,32],"product_tag":[],"class_list":{"0":"post-4700","1":"product","2":"type-product","3":"status-publish","4":"has-post-thumbnail","6":"product_cat-egeszseg-medalok","7":"product_cat-triomed","9":"first","10":"instock","11":"taxable","12":"shipping-taxable","13":"purchasable","14":"product-type-simple"},"_links":{"self":[{"href":"https:\/\/vetomshop.hu\/sl\/wp-json\/wp\/v2\/product\/4700","targetHints":{"allow":["GET"]}}],"collection":[{"href":"https:\/\/vetomshop.hu\/sl\/wp-json\/wp\/v2\/product"}],"about":[{"href":"https:\/\/vetomshop.hu\/sl\/wp-json\/wp\/v2\/types\/product"}],"replies":[{"embeddable":true,"href":"https:\/\/vetomshop.hu\/sl\/wp-json\/wp\/v2\/comments?post=4700"}],"wp:featuredmedia":[{"embeddable":true,"href":"https:\/\/vetomshop.hu\/sl\/wp-json\/wp\/v2\/media\/4699"}],"wp:attachment":[{"href":"https:\/\/vetomshop.hu\/sl\/wp-json\/wp\/v2\/media?parent=4700"}],"wp:term":[{"taxonomy":"product_brand","embeddable":true,"href":"https:\/\/vetomshop.hu\/sl\/wp-json\/wp\/v2\/product_brand?post=4700"},{"taxonomy":"product_cat","embeddable":true,"href":"https:\/\/vetomshop.hu\/sl\/wp-json\/wp\/v2\/product_cat?post=4700"},{"taxonomy":"product_tag","embeddable":true,"href":"https:\/\/vetomshop.hu\/sl\/wp-json\/wp\/v2\/product_tag?post=4700"}],"curies":[{"name":"wp","href":"https:\/\/api.w.org\/{rel}","templated":true}]}}