{"id":4706,"date":"2023-11-11T14:33:52","date_gmt":"2023-11-11T13:33:52","guid":{"rendered":"https:\/\/vetomshop.hu\/termek\/odont-medal\/"},"modified":"2024-08-07T16:07:27","modified_gmt":"2024-08-07T14:07:27","slug":"odont-medal","status":"publish","type":"product","link":"https:\/\/vetomshop.hu\/sl\/izdelek\/odont-medal\/","title":{"rendered":"Medalja Odont"},"content":{"rendered":"<h4>Medalja Odont<\/h4>\n<p>Je pomo\u010d pri prepre\u010devanju in rehabilitaciji parodontalnih bolezni ter krepitvi regenerativnih procesov.<\/p>\n<p>Parodont - sklop tkiv, ki obdajajo zobe.<\/p>\n<p>Parodont obdaja in podpira zobe. Periodont je pro\u017eno sidri\u0161\u010de za korenino zoba. Glavni deli parodonta so: dlesen, okostje, cement in parodontalni ligament. Njihov izvor in funkcija sta skupna.<\/p>\n<p>U\u010dinek obeska \u201eODONT\u201d je aktiviranje obrambnih mehanizmov telesa, obnova normalnih fiziolo\u0161kih procesov v celicah in tkivih parodonta ter pove\u010danje odpornosti na \u0161kodljive okoljske dejavnike.<\/p>\n<p>To orodje pozitivno vpliva na stanje telesnih funkcij in se lahko uporablja kot optimalno in korektivno orodje za druga stanja, kot so gingivitis, parodontitis, parodontalna bolezen, parodontalne spremembe, Itsenko-Cushingova bolezen, Elers-Danlos, Shediak Higashi, Downov sindrom, motnje krvi itd.<\/p>\n<div class=\"su-spoiler su-spoiler-style-defoult su-spoiler-icon-caret su-spoiler-closed\" data-scroll-offset=\"0\" data-anchor-in-url=\"no\"><div class=\"su-spoiler-title\" tabindex=\"0\" role=\"button\"><span class=\"su-spoiler-icon\"><\/span>Vse<\/div><div class=\"su-spoiler-content su-u-clearfix su-u-trim\">\n<strong>U\u010dinki:<\/strong><\/p>\n<ul>\n<li>normalizira krvni obtok, imunsko stanje in presnovo obzobnih tkiv ter prepre\u010duje razvoj bolezni;<\/li>\n<li>pomaga izbolj\u0161ati delovanje parodonta;<\/li>\n<li>zmanj\u0161a resnost vnetnih in degenerativnih pojavov pri parodontalni bolezni;<\/li>\n<li>pomaga pospe\u0161iti procese regeneracije in obnove parodonta;<\/li>\n<li>pomaga odpraviti slab zadah;<\/li>\n<li>pomaga prepre\u010devati patolo\u0161ko gibljivost zob.<\/li>\n<\/ul>\n<\/div><\/div>","protected":false},"excerpt":{"rendered":"<p>Odont Med\u00e1l Seg\u00e9deszk\u00f6z a periodont\u00e1lis betegs\u00e9gek megel\u0151z\u00e9s\u00e9re \u00e9s rehabilit\u00e1ci\u00f3j\u00e1ra, a regenerat\u00edv folyamatok fokoz\u00e1s\u00e1ra. A fog\u00e1gy (parodontium) &#8211; a fogakat k\u00f6r\u00fclvev\u0151 sz\u00f6vetek komplexuma. A parodontium k\u00f6r\u00fclveszi \u00e9s megt\u00e1masztja a fogakat. A fog\u00e1gy a fogak gy\u00f6ker\u00e9nek rugalmas elhorgonyz\u00e1s\u00e1t biztos\u00edtja. A parodontium f\u0151 r\u00e9szei: \u00edny, gy\u00f6k\u00e9rh\u00e1rtya, cement, fogmederny\u00falv\u00e1ny. Eredet\u00fck \u00e9s funkci\u00f3juk k\u00f6z\u00f6s. Az &#8222;ODONT&#8221; med\u00e1l hat\u00e1sa arra ir\u00e1nyul, [&hellip;]<\/p>\n","protected":false},"featured_media":4705,"comment_status":"open","ping_status":"closed","template":"","meta":[],"product_brand":[],"product_cat":[33,32],"product_tag":[],"class_list":{"0":"post-4706","1":"product","2":"type-product","3":"status-publish","4":"has-post-thumbnail","6":"product_cat-egeszseg-medalok","7":"product_cat-triomed","9":"first","10":"instock","11":"taxable","12":"shipping-taxable","13":"purchasable","14":"product-type-simple"},"_links":{"self":[{"href":"https:\/\/vetomshop.hu\/sl\/wp-json\/wp\/v2\/product\/4706","targetHints":{"allow":["GET"]}}],"collection":[{"href":"https:\/\/vetomshop.hu\/sl\/wp-json\/wp\/v2\/product"}],"about":[{"href":"https:\/\/vetomshop.hu\/sl\/wp-json\/wp\/v2\/types\/product"}],"replies":[{"embeddable":true,"href":"https:\/\/vetomshop.hu\/sl\/wp-json\/wp\/v2\/comments?post=4706"}],"wp:featuredmedia":[{"embeddable":true,"href":"https:\/\/vetomshop.hu\/sl\/wp-json\/wp\/v2\/media\/4705"}],"wp:attachment":[{"href":"https:\/\/vetomshop.hu\/sl\/wp-json\/wp\/v2\/media?parent=4706"}],"wp:term":[{"taxonomy":"product_brand","embeddable":true,"href":"https:\/\/vetomshop.hu\/sl\/wp-json\/wp\/v2\/product_brand?post=4706"},{"taxonomy":"product_cat","embeddable":true,"href":"https:\/\/vetomshop.hu\/sl\/wp-json\/wp\/v2\/product_cat?post=4706"},{"taxonomy":"product_tag","embeddable":true,"href":"https:\/\/vetomshop.hu\/sl\/wp-json\/wp\/v2\/product_tag?post=4706"}],"curies":[{"name":"wp","href":"https:\/\/api.w.org\/{rel}","templated":true}]}}