{"id":4710,"date":"2023-11-11T14:33:53","date_gmt":"2023-11-11T13:33:53","guid":{"rendered":"https:\/\/vetomshop.hu\/termek\/prunus-cerasus-meggy-medal\/"},"modified":"2023-11-11T14:33:53","modified_gmt":"2023-11-11T13:33:53","slug":"prunus-cerasus-meggy-medal","status":"publish","type":"product","link":"https:\/\/vetomshop.hu\/sl\/izdelek\/prunus-cerasus-meggy-medal\/","title":{"rendered":"Prunus cerasus - Obesek Meggy"},"content":{"rendered":"<h4>Prunus cerasus - Meggy Medal-Streptococcus, Staphylococcus za dodatno zdravljenje oku\u017eb<\/h4>\n<p>Streptococcus pyogenes, znan tudi kot streptokok tipa A, je zelo pogosta bakterija: skoraj nih\u010de \u0161e ni imel vnetega grla brez te ve\u010dinoma ne\u0161kodljive bakterije, ki se naseli v grlu. Vendar je ista bakterija, ki se naseli v grlu, zaradi toksinov, ki se izlo\u010dajo v krvni obtok, tudi vzrok za \u0161krlatinko, otro\u0161ko bolezen z vro\u010dino in izpu\u0161\u010dajem po vsem telesu. Dolgotrajne nezdravljene oku\u017ebe s streptoki lahko privedejo do revmati\u010dne vro\u010dine, resne bolezni, ki prizadene sklepe in srce.<\/p>\n<p>Staphylococcus aureus je podobno pogosta bakterija, ki jo najdemo na skoraj vsej na\u0161i ko\u017ei in je eden od povzro\u010diteljev pustuloznih aken in pustul. \u010ceprav se te ko\u017ene spremembe v najbolj\u0161em primeru zdijo neprijetne, lahko trdovratna ko\u017ena obolenja, zlasti pri otrocih, kot so \u010diri ali abscesi na razli\u010dnih delih telesa, povzro\u010dijo resne te\u017eave, da ne omenjamo resnih in potencialno smrtnih oku\u017eb, kot so plju\u010dnica, meningitis, osteomielitis ali perikarditis. Stafilokoki, ki ve\u010dinoma naseljujejo na\u0161o ko\u017eo, lahko povzro\u010dijo vse to, \u010de jim damo prilo\u017enost.<\/p>\n<div class=\"su-spoiler su-spoiler-style-defoult su-spoiler-icon-caret su-spoiler-closed\" data-scroll-offset=\"0\" data-anchor-in-url=\"no\"><div class=\"su-spoiler-title\" tabindex=\"0\" role=\"button\"><span class=\"su-spoiler-icon\"><\/span>Vse<\/div><div class=\"su-spoiler-content su-u-clearfix su-u-trim\">\n<h5>Kaj lahko povzro\u010dijo vsakdanji mikrobi na napa\u010dnem mestu?<\/h5>\n<p>Nauk je, da je na videz ne\u0161kodljiva bakterija relativno ne\u0161kodljiva le do trenutka, ko se znajde na mestu, kjer nima kaj iskati: zlasti v globokih tkivih in<br \/>\nv krvni obtok. \u010ce na primer streptokoki ali stafilokoki skozi po\u0161kodbo dose\u017eejo podko\u017eno tkivo, se lahko izredno hitro in uni\u010dujo\u010de raz\u0161irijo po vezivnih fascijah, ki obdajajo mi\u0161ice in \u017eivce - pogovorno imenovano \u201emesojedstvo\u201d. Za prodor skozi ko\u017eo je lahko dovolj \u017ee vbod z iglo, ugriz \u017eu\u017eelke ali modrica - ni nujno, da je rana katastrofalna, dovolj je \u017ee komaj vidna. Tveganje je ve\u010dje, \u010de je ko\u017ea \u017ee ranjena - na primer po operaciji, akutnem izpu\u0161\u010daju zaradi virusne oku\u017ebe, zapletu sladkorne bolezni - ali \u010de je imunski sistem oslabljen.<\/p>\n<h5>\u201eAli mesojeda bakterija \u201dje meso\"?<\/h5>\n<p>\u201eBakterije, ki se prehranjujejo z mesom\u201d, niso stra\u0161ljiva in eksoti\u010dna skupina patogenov: v ve\u010dini primerov so obi\u010dajni mikrobi, ki se napa\u010dno znajdejo na napa\u010dnem mestu, vzrok za resne<br \/>\nproces, ki vklju\u010duje uni\u010denje tkiva in neposredno ogro\u017ea \u017eivljenje.<\/p>\n<h5>Kako poteka postopek?<\/h5>\n<p>\u201eOku\u017eba, ki \u017ere meso\u201d, uradno znana kot nekrotizirajo\u010di fasciitis (nekrotizirajo\u010di fasciitis), se za\u010dne z nekaj zna\u010dilnimi simptomi: oteklino, rde\u010dino, bole\u010dino in morda mehurji na prizadetem obmo\u010dju. Ker je proces globok, je do nastanka vijoli\u010dasto obarvanih predelov ko\u017ee, krvavih mehurjev, \u017ee pri\u0161lo do obse\u017enega uni\u010denja podko\u017enih mehkih tkiv.<\/p>\n<\/div><\/div>","protected":false},"excerpt":{"rendered":"<p>Prunus cerasus \u2013 Meggy Med\u00e1l-Streptococcus, Staphylococcus fert\u0151z\u00e9sek kieg\u00e9sz\u00edt\u0151 kezel\u00e9s\u00e9re A Streptococcus pyogenes, m\u00e1s nev\u00e9n az A-t\u00edpus\u00fa sztreptokokkusz rendk\u00edv\u00fcl k\u00f6z\u00f6ns\u00e9ges bakt\u00e9rium: aligha akad, akinek ne okozott volna m\u00e9g torokf\u00e1j\u00e1st ez a garatban megteleped\u0151, jobb\u00e1ra \u00e1rtalmatlan k\u00f3rokoz\u00f3. \u00c1m ugyanez a toroklak\u00f3 bakt\u00e9rium &#8211; a v\u00e9r\u00e1ramba kiv\u00e1lasztott m\u00e9reganyagai r\u00e9v\u00e9n &#8211; a skarl\u00e1t, a l\u00e1zzal \u00e9s a teljes testet [&hellip;]<\/p>\n","protected":false},"featured_media":4709,"comment_status":"open","ping_status":"closed","template":"","meta":[],"product_brand":[],"product_cat":[33,32],"product_tag":[],"class_list":{"0":"post-4710","1":"product","2":"type-product","3":"status-publish","4":"has-post-thumbnail","6":"product_cat-egeszseg-medalok","7":"product_cat-triomed","9":"first","10":"instock","11":"taxable","12":"shipping-taxable","13":"purchasable","14":"product-type-simple"},"_links":{"self":[{"href":"https:\/\/vetomshop.hu\/sl\/wp-json\/wp\/v2\/product\/4710","targetHints":{"allow":["GET"]}}],"collection":[{"href":"https:\/\/vetomshop.hu\/sl\/wp-json\/wp\/v2\/product"}],"about":[{"href":"https:\/\/vetomshop.hu\/sl\/wp-json\/wp\/v2\/types\/product"}],"replies":[{"embeddable":true,"href":"https:\/\/vetomshop.hu\/sl\/wp-json\/wp\/v2\/comments?post=4710"}],"wp:featuredmedia":[{"embeddable":true,"href":"https:\/\/vetomshop.hu\/sl\/wp-json\/wp\/v2\/media\/4709"}],"wp:attachment":[{"href":"https:\/\/vetomshop.hu\/sl\/wp-json\/wp\/v2\/media?parent=4710"}],"wp:term":[{"taxonomy":"product_brand","embeddable":true,"href":"https:\/\/vetomshop.hu\/sl\/wp-json\/wp\/v2\/product_brand?post=4710"},{"taxonomy":"product_cat","embeddable":true,"href":"https:\/\/vetomshop.hu\/sl\/wp-json\/wp\/v2\/product_cat?post=4710"},{"taxonomy":"product_tag","embeddable":true,"href":"https:\/\/vetomshop.hu\/sl\/wp-json\/wp\/v2\/product_tag?post=4710"}],"curies":[{"name":"wp","href":"https:\/\/api.w.org\/{rel}","templated":true}]}}