{"id":4714,"date":"2023-11-11T14:33:54","date_gmt":"2023-11-11T13:33:54","guid":{"rendered":"https:\/\/vetomshop.hu\/termek\/triomed-compact\/"},"modified":"2023-11-11T14:33:54","modified_gmt":"2023-11-11T13:33:54","slug":"triomed-compact","status":"publish","type":"product","link":"https:\/\/vetomshop.hu\/sl\/izdelek\/triomed-compact\/","title":{"rendered":"Triomed compact"},"content":{"rendered":"<h4>laj\u0161anje bole\u010din, zmanj\u0161anje vnetij, rehabilitacija, kiroprakti\u010dna oskrba, prva pomo\u010d, kroni\u010dne bolezni, elektrosmog, stres, svetlobna terapija<\/h4>\n<p>Sistem inovacij za varovanje zdravja in okrevanje - <strong>Triomed compact.<\/strong><\/p>\n<p>Skoraj vsak dan sli\u0161imo, da je na\u0161e okolje vse bolj agresivno.<\/p>\n<p>Kemikalije v hrani in vodi, onesna\u017eenost zraka in vse hitrej\u0161i tempo \u017eivljenja mo\u010dno obremenjujejo na\u0161e telo. Tudi civilizacijske bolezni, ki so posledica spremenjenih okoljskih dejavnikov in prehranskih navad, delovnih pogojev in stresa, so lahko razlog za resno zaskrbljenost. Njihovo zdravljenje je velik izziv za zdravnike, ki so pred tem izzivom pogosto nemo\u010dni. Pogosto po dolgotrajnih preiskavah dobimo dobro (ali prej slabo) zvene\u010de latinsko ime za diagnozo in nam svetujejo, naj z njo \u017eivimo.<\/p>\n<p>Toda ali je prijetno \u017eiveti v tako nesre\u010dnem stanju, ko se desetletja gibljemo med boleznijo in smrtjo? Koliko bole\u010dine, resignacije, energije, denarja, \u010dasa, razo\u010daranja spremlja bolnika na tej poti? Koliko neizpolnjenih na\u010drtov, ciljev, karier, \u017eelja je zavr\u017eenih, ker se od takrat naprej vse vrti okoli bolezni?<\/p>\n<div class=\"su-spoiler su-spoiler-style-defoult su-spoiler-icon-caret su-spoiler-closed\" data-scroll-offset=\"0\" data-anchor-in-url=\"no\"><div class=\"su-spoiler-title\" tabindex=\"0\" role=\"button\"><span class=\"su-spoiler-icon\"><\/span>Vse<\/div><div class=\"su-spoiler-content su-u-clearfix su-u-trim\">\n<p>Vpra\u0161anje: ali smo lahko zdravi, \u010de se ne spremenimo<\/p>\n<p>O temeljnih vzrokih bolezni in le delnih re\u0161itvah?<\/p>\n<p>Odgovor je jasno NE!Spoznajte kompleksen sistem, ki je edinstven svoje vrste!<\/p>\n<p>Z na\u0161imi orodji lahko zdravimo va\u0161e bolezni, izbolj\u0161amo kakovost \u017eivljenja, vam pomagamo pri prilagajanju na spreminjajo\u010de se in nenehno spreminjajo\u010de se okolje ter ga spremenimo.<\/p>\n<p>Ne le pri razli\u010dnih boleznih, bole\u010dinah, vnetjih, avtoimunskih procesih, slabem razpolo\u017eenju lahko dose\u017eemo odli\u010dne rezultate, ampak tudi odpravimo osnovne vzroke! Vse to naredi naprava, ki komunicira z va\u0161im telesom, vsak impulz pa je odziv na va\u0161e trenutno stanje.<\/p>\n<p>Biofeedback - radiofrekven\u010dno obmo\u010dje.<\/p>\n<p>Sistemsko varovanje zdravja! edinstven pristop!<\/p>\n<p>S pritiskom na gumb:<\/p>\n<ul>\n<li>Izbolj\u0161ajte svoje ekolo\u0161ko okolje - milimetrska terapija na kvadrat,<\/li>\n<li>Izbolj\u0161a kakovost vode in hrane - obnovi rednost vode in vode v hrani ter zmanj\u0161a \u0161kodljive u\u010dinke.<\/li>\n<li>Zmanj\u0161uje stres na delovnem mestu in drugje ter pove\u010duje na\u0161o odpornost.<\/li>\n<\/ul>\n<p>Naslednji korak: uporabite ga kot zdravilo za re\u0161evanje svojih te\u017eav!<\/p>\n<p>Triomed Compact - Pro!<\/p>\n<p><strong>Izku\u0161nje:<\/strong> Imel sem tudi zelo dobre izku\u0161nje s Triomedom in Compactom. Ko smo zboleli, smo se v dveh ali treh dneh brez zdravil popolnoma ozdravili tudi najbolj trdovratnih mikrobov. Sem nose\u010dnica in na enem od ultrazvokov je zdravnik na\u0161el cisto v lobanji na\u0161ega otroka. Zagotovil mi je, da ne bo ni\u010d narobe, in bila sem popolnoma mirna, saj sem vedela, da se bo po nekaj terapijah cista tam popolnoma absorbirala. In res se je!!! Zagotovo ne bi bila mirna mama, \u010de ne bi vedela za obstoj teh naprav. Zelo sem vesela, da sem te naprave na\u0161la, preden se je otrok rodil.<\/p>\n<p>Pozor! Naprava ni nadomestilo za zdravljenje!<\/p>\n<p>Vsak na\u010din izvaja poseben program.<\/p>\n<p>TRIOMED COMPACT DELUJE V OSMIH NA\u010cINIH.<\/p>\n<p>Vsak na\u010din izvaja poseben, edinstven program.<\/p>\n<\/div><\/div>","protected":false},"excerpt":{"rendered":"<p>F\u00e1jdalomcsillap\u00edt\u00e1s, gyullad\u00e1s cs\u00f6kkent\u00e9s, lugos\u00edt\u00e1s, rehabilit\u00e1ci\u00f3, oki kezel\u00e9s, els\u0151seg\u00e9ly, kr\u00f3nikus betegs\u00e9gek, elektroszmog, stressz, f\u00e9nyter\u00e1pia Az eg\u00e9szs\u00e9g v\u00e9delm\u00e9nek \u00e9s vissza\u00e1ll\u00edt\u00e1s\u00e1nak innov\u00e1ci\u00f3s rendszere \u2013 Triomed compact. Szinte naponta hallunk arr\u00f3l, hogy k\u00f6rnyezet\u00fcnk egyre agressz\u00edvebb\u00e9 v\u00e1lt. Az \u00e9lelmiszerekben \u00e9s a v\u00edzben tal\u00e1lhat\u00f3 vegyszerek, a leveg\u0151 szennyezetts\u00e9ge, az egyre gyorsabb \u00e9lettemp\u00f3 komoly kih\u00edv\u00e1sok el\u00e9 \u00e1ll\u00edtja szervezet\u00fcnket. Komoly aggodalomra adhatnak okot [&hellip;]<\/p>\n","protected":false},"featured_media":4713,"comment_status":"open","ping_status":"closed","template":"","meta":[],"product_brand":[],"product_cat":[34,32],"product_tag":[],"class_list":{"0":"post-4714","1":"product","2":"type-product","3":"status-publish","4":"has-post-thumbnail","6":"product_cat-keszulekek","7":"product_cat-triomed","9":"first","10":"instock","11":"taxable","12":"shipping-taxable","13":"purchasable","14":"product-type-simple"},"_links":{"self":[{"href":"https:\/\/vetomshop.hu\/sl\/wp-json\/wp\/v2\/product\/4714","targetHints":{"allow":["GET"]}}],"collection":[{"href":"https:\/\/vetomshop.hu\/sl\/wp-json\/wp\/v2\/product"}],"about":[{"href":"https:\/\/vetomshop.hu\/sl\/wp-json\/wp\/v2\/types\/product"}],"replies":[{"embeddable":true,"href":"https:\/\/vetomshop.hu\/sl\/wp-json\/wp\/v2\/comments?post=4714"}],"wp:featuredmedia":[{"embeddable":true,"href":"https:\/\/vetomshop.hu\/sl\/wp-json\/wp\/v2\/media\/4713"}],"wp:attachment":[{"href":"https:\/\/vetomshop.hu\/sl\/wp-json\/wp\/v2\/media?parent=4714"}],"wp:term":[{"taxonomy":"product_brand","embeddable":true,"href":"https:\/\/vetomshop.hu\/sl\/wp-json\/wp\/v2\/product_brand?post=4714"},{"taxonomy":"product_cat","embeddable":true,"href":"https:\/\/vetomshop.hu\/sl\/wp-json\/wp\/v2\/product_cat?post=4714"},{"taxonomy":"product_tag","embeddable":true,"href":"https:\/\/vetomshop.hu\/sl\/wp-json\/wp\/v2\/product_tag?post=4714"}],"curies":[{"name":"wp","href":"https:\/\/api.w.org\/{rel}","templated":true}]}}