{"id":4716,"date":"2023-11-11T14:33:55","date_gmt":"2023-11-11T13:33:55","guid":{"rendered":"https:\/\/vetomshop.hu\/termek\/triomed-mmw\/"},"modified":"2023-11-11T14:33:55","modified_gmt":"2023-11-11T13:33:55","slug":"triomed-mmw","status":"publish","type":"product","link":"https:\/\/vetomshop.hu\/sl\/izdelek\/triomed-mmw\/","title":{"rendered":"Triomed MMW"},"content":{"rendered":"<h4>TRIOMED UNIVERSAL - SPECIALIST ZA BOLEZNI<\/h4>\n<p>Kaj je klju\u010d do okrevanja? Kak\u0161na je re\u0161itev za \u0161tevilne zdravstvene te\u017eave?<\/p>\n<p>Odgovor je preprost, a re\u0161itev je bilo mogo\u010de najti \u0161ele v dana\u0161njem sodobnem svetu izumov IT, ko je bil ustvarjen superhitri polprevodni\u0161ki generator na osnovi SiGe, ki ustvarja signale, enake signalom celic in organizmov. Ta inovacija je omogo\u010dila biolo\u0161ko komunikacijo med napravo in \u010dlovekom. Medicinska inovacija je bila patentirana kot tehnologija BioTrEM.<br \/>\nPoglejmo vsakdanji primer. Vsak zdravstveni delavec ve, da imata stric Hansel in teta Gretel sicer visok krvni tlak, vendar so si njuna stanja podobna le v simptomih. Ni\u010d jima ni skupnega, niti pri za\u010detku bolezni niti pri drugih parametrih, kot so starost, spol, anamneza, vzrok ali potek bolezni. Toda obe osebi jemljeta isto zdravilo, saj do zdaj ponudniki re\u0161itev niso imeli sredstev, da bi ti dve osebi zdravili razli\u010dno.<\/p>\n<p>Naprava Triomed Universal je edinstvena, saj zaradi priklju\u010denih oddajnikov za posamezne bolezni, na primer posebnega oddajnika za kardiologijo, ki je usklajen z bolnikom v vsakem trenutku zdravljenja, vsako osebo zdravi druga\u010de. Frekvenca oddajnika Cardiology, ki ga je mogo\u010de priklju\u010diti na napravo Triomed Universal, ustreza zdravi frekvenci kardiovaskularnega sistema, pri \u010demer se ti subtilni signali uporabljajo za ponovno uglasitev telesa na zdravo delovanje. S tem se zdravljenje prilagodi posamezniku, saj se prilagaja spremembam, ki se dogajajo v njegovem telesu, in se z njim uskladi v vsakem trenutku.<\/p>\n<div class=\"su-spoiler su-spoiler-style-defoult su-spoiler-icon-caret su-spoiler-closed\" data-scroll-offset=\"0\" data-anchor-in-url=\"no\"><div class=\"su-spoiler-title\" tabindex=\"0\" role=\"button\"><span class=\"su-spoiler-icon\"><\/span>Vse<\/div><div class=\"su-spoiler-content su-u-clearfix su-u-trim\">\n<p><strong>Biofeedback v radiofrekven\u010dnem obmo\u010dju!<\/strong><\/p>\n<p>Ta inovativna iznajdba je razlog, da je ta linija tako edinstvena in u\u010dinkovita!<\/p>\n<p>Samo pomislite: ali poznamo napravo, ki sledi vsakemu na\u0161emu gibu, ki jo avtomatsko upravljamo, neodvisno od na\u0161e zavesti, ki - bodimo iskreni! - nas lahko prevara?!<\/p>\n<p>TRIOMED UNIVERSAL ima v osnovnem paketu dva najsodobnej\u0161a sevalca, ki se lahko uporabljata za zdravljenje in prepre\u010devanje bolezni. Naprava lahko aktivira veliko \u0161tevilo programov in podprogramov - skoraj tiso\u010d. V ta namen je mogo\u010de napravo na zahtevo raz\u0161iriti z 11 priklju\u010dnimi glavami, ki osnovni napravi dodajo nove funkcije in zmogljivosti. Odli\u010den pripomo\u010dek za zdravnike, zdravstvene ustanove, zdravilce in odli\u010den dodatek za va\u0161o doma\u010do lekarno!<\/p>\n<p><strong>Uporaba je preprosta, lahko bi rekli: otro\u010dja igra!<\/strong><\/p>\n<p>Naprava je razvr\u0161\u010dena kot medicinski pripomo\u010dek za aktivno elektromagnetno stimulacijo, namenjen prepre\u010devanju in zdravljenju patolo\u0161kih stanj z uporabo nizkointenzivnega elektromagnetnega sevanja ekstremno visoke frekvence in infrarde\u010dega (IV) elektromagnetnega sevanja skozi ko\u017eo. Pomaga pospe\u0161iti proces zdravljenja, zmanj\u0161ati koli\u010dino in stranske u\u010dinke zdravil ter dose\u010di pozitivne klini\u010dne rezultate pri bolnikih s slabo toleranco za zdravila. Napravo je mogo\u010de uporabljati v zdravstvenih ustanovah ali na domu.<br \/>\nNaprava deluje protivnetno, protibole\u010dinsko in proti edemom. Drugi klini\u010dno-fiziolo\u0161ki u\u010dinki se ka\u017eejo v procesih regeneracije celic, izbolj\u0161anju odpornosti telesa, izbolj\u0161anju hemodinamike, laj\u0161anju stresa in normalizaciji regulacije avtonomnega \u017eiv\u010dnega sistema.<\/p>\n<\/div><\/div>","protected":false},"excerpt":{"rendered":"<p>TRIOMED UNIVERSAL \u2013 A BETEGS\u00c9GEK SPECIALIST\u00c1JA Mi a gy\u00f3gyul\u00e1s kulcsa? Mi lenne a megold\u00e1s a sz\u00e1mtalan eg\u00e9szs\u00e9g\u00fcgyi probl\u00e9m\u00e1ra? A v\u00e1lasz egyszer\u0171, de a megold\u00e1s csak a mai modern, informatikai tal\u00e1lm\u00e1nyokkal b\u0151velked\u0151 vil\u00e1gunkban tudott megval\u00f3sulni, mikor is siker\u00fclt l\u00e9trehozni egy olyan szupergyors f\u00e9lvezet\u0151 SiGe alap\u00fa gener\u00e1tort, mely a sejtekkel, szervezettel azonos jeleket gener\u00e1l. Ennek az innov\u00e1ci\u00f3nak [&hellip;]<\/p>\n","protected":false},"featured_media":4715,"comment_status":"open","ping_status":"closed","template":"","meta":[],"product_brand":[],"product_cat":[34,32],"product_tag":[],"class_list":{"0":"post-4716","1":"product","2":"type-product","3":"status-publish","4":"has-post-thumbnail","6":"product_cat-keszulekek","7":"product_cat-triomed","9":"first","10":"instock","11":"taxable","12":"shipping-taxable","13":"purchasable","14":"product-type-simple"},"_links":{"self":[{"href":"https:\/\/vetomshop.hu\/sl\/wp-json\/wp\/v2\/product\/4716","targetHints":{"allow":["GET"]}}],"collection":[{"href":"https:\/\/vetomshop.hu\/sl\/wp-json\/wp\/v2\/product"}],"about":[{"href":"https:\/\/vetomshop.hu\/sl\/wp-json\/wp\/v2\/types\/product"}],"replies":[{"embeddable":true,"href":"https:\/\/vetomshop.hu\/sl\/wp-json\/wp\/v2\/comments?post=4716"}],"wp:featuredmedia":[{"embeddable":true,"href":"https:\/\/vetomshop.hu\/sl\/wp-json\/wp\/v2\/media\/4715"}],"wp:attachment":[{"href":"https:\/\/vetomshop.hu\/sl\/wp-json\/wp\/v2\/media?parent=4716"}],"wp:term":[{"taxonomy":"product_brand","embeddable":true,"href":"https:\/\/vetomshop.hu\/sl\/wp-json\/wp\/v2\/product_brand?post=4716"},{"taxonomy":"product_cat","embeddable":true,"href":"https:\/\/vetomshop.hu\/sl\/wp-json\/wp\/v2\/product_cat?post=4716"},{"taxonomy":"product_tag","embeddable":true,"href":"https:\/\/vetomshop.hu\/sl\/wp-json\/wp\/v2\/product_tag?post=4716"}],"curies":[{"name":"wp","href":"https:\/\/api.w.org\/{rel}","templated":true}]}}