{"id":4718,"date":"2023-11-11T14:33:56","date_gmt":"2023-11-11T13:33:56","guid":{"rendered":"https:\/\/vetomshop.hu\/termek\/antidiabetikus-jelado\/"},"modified":"2023-11-11T14:33:56","modified_gmt":"2023-11-11T13:33:56","slug":"antidiabetikus-jelado","status":"publish","type":"product","link":"https:\/\/vetomshop.hu\/sl\/izdelek\/antidiabetikus-jelado\/","title":{"rendered":"Antidiabeti\u010dni svetilnik"},"content":{"rendered":"<h4>Antidiabeti\u010dni sevalec \u21167.<\/h4>\n<p>\u010cas delovanja: 13 minut.<\/p>\n<p>Njegova frekvenca ustreza frekvenci receptorskih polj v celicah trebu\u0161ne slinavke in tkivih, odvisnih od inzulina.<\/p>\n<p>Uporablja se lahko v kompleksnih programih za prepre\u010devanje sladkorne bolezni ter zdravljenje sladkorne bolezni tipa I in tipa II, da se prepre\u010di razvoj zapletov.<\/p>\n<ul>\n<li>Spodbuja optimizacijo presnovnih procesov (ogljikovi hidrati, lipidi, beljakovine, minerali).<\/li>\n<li>Izbolj\u0161a presnovo (presnovne procese) v celicah trebu\u0161ne slinavke.<\/li>\n<li>Optimizira proizvodnjo inzulina v celicah trebu\u0161ne slinavke.<\/li>\n<li>Pove\u010da ob\u010dutljivost tkiv na inzulin.<\/li>\n<li>Izbolj\u0161a stanje receptorjev celic v tkivih, odvisnih od inzulina<\/li>\n<li>Prepre\u010duje nastanek edema<\/li>\n<li>Pospe\u0161uje regeneracijo in obnovo celic trebu\u0161ne slinavke.<\/li>\n<li>Deluje protivnetno.<\/li>\n<li>Izbolj\u0161a krvni obtok.<\/li>\n<li>Prepre\u010duje razvoj sladkorne bolezni.<\/li>\n<li>Prepre\u010duje razvoj zapletov sladkorne bolezni.<\/li>\n<\/ul>\n<div class=\"su-spoiler su-spoiler-style-defoult su-spoiler-icon-caret su-spoiler-closed\" data-scroll-offset=\"0\" data-anchor-in-url=\"no\"><div class=\"su-spoiler-title\" tabindex=\"0\" role=\"button\"><span class=\"su-spoiler-icon\"><\/span>Vse<\/div><div class=\"su-spoiler-content su-u-clearfix su-u-trim\">\nPriporo\u010dena obmo\u010dja obdelave: na biolo\u0161ko aktivnih to\u010dkah in obmo\u010djih. Priporo\u010dene tretmaje lahko ponovite 2-3-krat letno, po najmanj 3 mesecih, dokler se stanje ne izbolj\u0161a, in jih lahko dopolnite z drugimi bioinformacijskimi tretmaji.<\/p>\n<\/div><\/div>","protected":false},"excerpt":{"rendered":"<p>Antidiabetikus sug\u00e1rz\u00f3 \u21167. M\u0171k\u00f6d\u00e9si ideje: 13 perc. Frekvenci\u00e1ja a hasny\u00e1lmirigy sejtjei \u00e9s az inzulinf\u00fcgg\u0151 sz\u00f6vetek receptormez\u0151i frekvenci\u00e1j\u00e1nak felel meg. A cukorbetegs\u00e9g megel\u0151z\u00e9s\u00e9nek, valamint az I. \u00e9s II. tipus\u00fa cukorbetegs\u00e9g kezel\u00e9s\u00e9nek komplex programjaiban, a sz\u00f6v\u0151dm\u00e9nyek kialakul\u00e1sa megel\u0151z\u00e9s\u00e9nek c\u00e9lj\u00e1b\u00f3l alkalmazhat\u00f3. Az anyagcsere folyamatok (sz\u00e9nhidr\u00e1t, lipid, feh\u00e9rje, \u00e1sv\u00e1nyi anyagok) optimaliz\u00e1ci\u00f3j\u00e1t seg\u00edti el\u0151. Jav\u00edtja a metabolizmus (anyagcsere) folyamatait a [&hellip;]<\/p>\n","protected":false},"featured_media":4717,"comment_status":"open","ping_status":"closed","template":"","meta":[],"product_brand":[],"product_cat":[35,32],"product_tag":[],"class_list":{"0":"post-4718","1":"product","2":"type-product","3":"status-publish","4":"has-post-thumbnail","6":"product_cat-csatlakoztathato-jeladok","7":"product_cat-triomed","9":"first","10":"instock","11":"taxable","12":"shipping-taxable","13":"purchasable","14":"product-type-simple"},"_links":{"self":[{"href":"https:\/\/vetomshop.hu\/sl\/wp-json\/wp\/v2\/product\/4718","targetHints":{"allow":["GET"]}}],"collection":[{"href":"https:\/\/vetomshop.hu\/sl\/wp-json\/wp\/v2\/product"}],"about":[{"href":"https:\/\/vetomshop.hu\/sl\/wp-json\/wp\/v2\/types\/product"}],"replies":[{"embeddable":true,"href":"https:\/\/vetomshop.hu\/sl\/wp-json\/wp\/v2\/comments?post=4718"}],"wp:featuredmedia":[{"embeddable":true,"href":"https:\/\/vetomshop.hu\/sl\/wp-json\/wp\/v2\/media\/4717"}],"wp:attachment":[{"href":"https:\/\/vetomshop.hu\/sl\/wp-json\/wp\/v2\/media?parent=4718"}],"wp:term":[{"taxonomy":"product_brand","embeddable":true,"href":"https:\/\/vetomshop.hu\/sl\/wp-json\/wp\/v2\/product_brand?post=4718"},{"taxonomy":"product_cat","embeddable":true,"href":"https:\/\/vetomshop.hu\/sl\/wp-json\/wp\/v2\/product_cat?post=4718"},{"taxonomy":"product_tag","embeddable":true,"href":"https:\/\/vetomshop.hu\/sl\/wp-json\/wp\/v2\/product_tag?post=4718"}],"curies":[{"name":"wp","href":"https:\/\/api.w.org\/{rel}","templated":true}]}}