{"id":4724,"date":"2023-11-11T14:33:57","date_gmt":"2023-11-11T13:33:57","guid":{"rendered":"https:\/\/vetomshop.hu\/termek\/gyulladascsokkento-jelado\/"},"modified":"2023-11-11T14:33:57","modified_gmt":"2023-11-11T13:33:57","slug":"gyulladascsokkento-jelado","status":"publish","type":"product","link":"https:\/\/vetomshop.hu\/sl\/izdelek\/gyulladascsokkento-jelado\/","title":{"rendered":"Protivnetni svetilnik"},"content":{"rendered":"<h4>Protivnetni sevalec, \u0161t. 26.<\/h4>\n<p>\u010cas delovanja: 13 minut<\/p>\n<p><strong>U\u010dinek:<\/strong><\/p>\n<p>Deluje na imunski sistem s frekvenco, ki ustreza frekvenci limfnega sistema in nekaterih struktur avtonomnega \u017eiv\u010dnega sistema (periferne, segmentalne in suprasegmentalne verige).<\/p>\n<ul>\n<li>Izbolj\u0161a limfni obtok,<\/li>\n<li>kakovost limfocitov,<\/li>\n<li>pospe\u0161uje izlo\u010danje strupenih snovi iz medceli\u010dne teko\u010dine,<\/li>\n<li>pospe\u0161uje celjenje ran ter regeneracijo celic in tkiv,<\/li>\n<li>pomaga pri razstrupljanju telesa,<\/li>\n<li>deluje proti edemom,<\/li>\n<li>analgeti\u010dni u\u010dinek,<\/li>\n<li>u\u010dinek za krepitev imunskega sistema,<\/li>\n<li>protivnetni u\u010dinek,<\/li>\n<li>odpravlja brazgotine,<\/li>\n<li>aktivira delovanje kostnega mozga,<\/li>\n<li>pove\u010da odpornost telesa,<\/li>\n<li>strukture vode.<\/li>\n<\/ul>\n<div class=\"su-spoiler su-spoiler-style-defoult su-spoiler-icon-caret su-spoiler-closed\" data-scroll-offset=\"0\" data-anchor-in-url=\"no\"><div class=\"su-spoiler-title\" tabindex=\"0\" role=\"button\"><span class=\"su-spoiler-icon\"><\/span>Vse<\/div><div class=\"su-spoiler-content su-u-clearfix su-u-trim\">\n<p>Priporo\u010dena podro\u010dja uporabe: obmo\u010dja limfnih povr\u0161in, izrastki limfnih vozlov, povr\u0161ine ran, biolo\u0161ko aktivna mesta (BAT).<\/p>\n<p>Velja za:<\/p>\n<ul>\n<li>razstrupljanje telesa<\/li>\n<li>pospe\u0161i proces regeneracije po operaciji ali zlomu.<\/li>\n<li>normalizacija krvne slike po kemoterapiji in radioterapiji<\/li>\n<li>v fazi rehabilitacije po hudih boleznih in telesnih naporih.<\/li>\n<li>uravnavanje imunskega sistema pri akutnih in kroni\u010dnih boleznih<\/li>\n<li>upo\u010dasnitev limfnega obtoka razli\u010dnega izvora (vklju\u010dno z edemi), vnetni procesi<\/li>\n<li>v kozmetiki: izbolj\u0161anje limfnega obtoka ko\u017ee<\/li>\n<li>odpravljanje zastrupitev zaradi razli\u010dnih vzrokov (alkohol, mamila, hrana, kemikalije, huda bolezen).<\/li>\n<li>pri alergijskih reakcijah.<\/li>\n<\/ul>\n<\/div><\/div>","protected":false},"excerpt":{"rendered":"<p>Gyullad\u00e1scs\u00f6kkent\u0151 sug\u00e1rz\u00f3, 26. sz. M\u0171k\u00f6d\u00e9s\u00e9nek ideje: 13 perc Hat\u00e1sa: Hat az immunrendszerre, rezg\u00e9se megegyezik a nyirokrendszer frekvenci\u00e1j\u00e1val, valamint a vegetat\u00edv idegrendszer n\u00e9h\u00e1ny strukt\u00far\u00e1j\u00e1val (perif\u00e9ri\u00e1s, szegment\u00e1lis, szegmens feletti l\u00e1ncok). Jav\u00edtja a nyirokkering\u00e9st, a limfocit\u00e1k min\u0151s\u00e9g\u00e9t, gyors\u00edtja a toxikus anyagok ki\u00fcr\u00edt\u00e9s\u00e9t a sejtk\u00f6zti folyad\u00e9kb\u00f3l, gyors\u00edtja a sebek begy\u00f3gyul\u00e1s\u00e1t, a sejtek \u00e9s sz\u00f6vetek regener\u00e1l\u00f3d\u00e1s\u00e1t, el\u0151seg\u00edti a szervezet m\u00e9regtelen\u00edt\u00e9s\u00e9t, [&hellip;]<\/p>\n","protected":false},"featured_media":4723,"comment_status":"open","ping_status":"closed","template":"","meta":[],"product_brand":[],"product_cat":[35,32],"product_tag":[],"class_list":{"0":"post-4724","1":"product","2":"type-product","3":"status-publish","4":"has-post-thumbnail","6":"product_cat-csatlakoztathato-jeladok","7":"product_cat-triomed","9":"first","10":"instock","11":"taxable","12":"shipping-taxable","13":"purchasable","14":"product-type-simple"},"_links":{"self":[{"href":"https:\/\/vetomshop.hu\/sl\/wp-json\/wp\/v2\/product\/4724","targetHints":{"allow":["GET"]}}],"collection":[{"href":"https:\/\/vetomshop.hu\/sl\/wp-json\/wp\/v2\/product"}],"about":[{"href":"https:\/\/vetomshop.hu\/sl\/wp-json\/wp\/v2\/types\/product"}],"replies":[{"embeddable":true,"href":"https:\/\/vetomshop.hu\/sl\/wp-json\/wp\/v2\/comments?post=4724"}],"wp:featuredmedia":[{"embeddable":true,"href":"https:\/\/vetomshop.hu\/sl\/wp-json\/wp\/v2\/media\/4723"}],"wp:attachment":[{"href":"https:\/\/vetomshop.hu\/sl\/wp-json\/wp\/v2\/media?parent=4724"}],"wp:term":[{"taxonomy":"product_brand","embeddable":true,"href":"https:\/\/vetomshop.hu\/sl\/wp-json\/wp\/v2\/product_brand?post=4724"},{"taxonomy":"product_cat","embeddable":true,"href":"https:\/\/vetomshop.hu\/sl\/wp-json\/wp\/v2\/product_cat?post=4724"},{"taxonomy":"product_tag","embeddable":true,"href":"https:\/\/vetomshop.hu\/sl\/wp-json\/wp\/v2\/product_tag?post=4724"}],"curies":[{"name":"wp","href":"https:\/\/api.w.org\/{rel}","templated":true}]}}