{"id":4726,"date":"2023-11-11T14:33:58","date_gmt":"2023-11-11T13:33:58","guid":{"rendered":"https:\/\/vetomshop.hu\/termek\/infravoros-jelado\/"},"modified":"2023-11-11T14:33:58","modified_gmt":"2023-11-11T13:33:58","slug":"infravoros-jelado","status":"publish","type":"product","link":"https:\/\/vetomshop.hu\/sl\/izdelek\/infravoros-jelado\/","title":{"rendered":"Infrarde\u010di svetilnik"},"content":{"rendered":"<h4>Infrarde\u010di oddajnik IV<\/h4>\n<p>Infrarde\u010de sevanje (IV sevanje) - elektromagnetno sevanje, del Son\u010devih \u017earkov. \u017darki IV imajo protivnetne, protikr\u010dne, razpr\u0161ilne (absorpcijske) in analgeti\u010dne u\u010dinke.<\/p>\n<p><strong>Prednosti radiatorja Triomed Universal IV:<\/strong><\/p>\n<p>Z novimi materiali in tehnologijami nam je uspelo ustvariti pulzni vir sevanja IV z nizko intenzivnostjo in moduliranim delovanjem, ki deluje po posebnem programu, s katerim lahko dose\u017eemo energijski informativni u\u010dinek predvsem na celi\u010dni ravni - in na ravni sestavin celice.<\/p>\n<p>Z resonanco celici zagotavlja energijo, ki aktivira presnovne procese in pove\u010da raven energije v primeru pomanjkanja kisika.<br \/>\nTi procesi so poleg tega, da so sami po sebi pozitivni, telesu pomagajo pri milimetrski terapiji in v mnogih primerih pove\u010dajo njeno u\u010dinkovitost.<\/p>\n<p>Uporaba radioterapije IV je indicirana pri: kroni\u010dnih in postakutnih (predakutnih) negnojnih vnetnih boleznih notranjih organov, slabo celjenih ranah in ranah zaradi tromboze, bole\u010dih boleznih perifernega \u017eiv\u010dnega sistema, pooperativnem zdravljenju opeklin in omrzlin, vegetativni disfunkciji, simpatalgiji.<\/p>\n<p>Kontraindikacije za uporabo radioterapije IV: benigne ali maligne neoplazme, aktivna faza tuberkuloze, hipertenzija stopnje III, krvavitve in motnje krvnega obtoka stopnje IIIII.<\/p>\n<div class=\"su-spoiler su-spoiler-style-defoult su-spoiler-icon-caret su-spoiler-closed\" data-scroll-offset=\"0\" data-anchor-in-url=\"no\"><div class=\"su-spoiler-title\" tabindex=\"0\" role=\"button\"><span class=\"su-spoiler-icon\"><\/span>Vse<\/div><div class=\"su-spoiler-content su-u-clearfix su-u-trim\"><strong>Glavni klini\u010dni u\u010dinki obsevalnika Triomed Universal IV:<\/strong><\/p>\n<ul>\n<li>izbolj\u0161a krvni obtok,<\/li>\n<li>normalizira mikrocirkulacijo,<\/li>\n<li>optimizira delovanje \u017eiv\u010dnega, hormonskega in imunskega sistema,<\/li>\n<li>pomaga pri regeneraciji celic.<\/li>\n<\/ul>\n<p><strong>Kako uporabljati:<\/strong><\/p>\n<ul>\n<li>Z infrarde\u010do svetlobno diodo vplivamo na to\u010dke in podro\u010dja, ki jih je treba pred posebnim milimetrskim zdravljenjem pripraviti ali \u201eogreti\u201d. Zdravljenje traja 5 minut na podro\u010dje.<\/li>\n<li>Uporablja se lahko za pospe\u0161evanje absorpcije brazgotin 10 minut na dan 2 tedna.<\/li>\n<li>Za zdravljenje kroni\u010dnih, po\u010dasnih vnetnih bolezni (v \u017eari\u0161\u010du bolezni). Zdravljenje traja 10 minut, naneseno na prizadeti organ, 2 tedna.<\/li>\n<li>Pri sladkorni bolezni tipa II za spodbujanje ob\u010dutljivosti na inzulin in za spodbujanje proizvodnje inzulina. Obravnavajte projekcijo trebu\u0161ne slinavke 5 minut na dan 2 tedna.<\/li>\n<li>Za spodbujanje celjenja razli\u010dnih ran in trofi\u010dnih ran je priporo\u010dljivo, da se pred milimetrsko terapijo v dveh tednih za 5 minut obdela obmo\u010dje o\u010di in \u017eari\u0161\u010de tumorjev.<\/li>\n<\/ul>\n<\/div><\/div>","protected":false},"excerpt":{"rendered":"<p>Infrav\u00f6r\u00f6s sug\u00e1rz\u00f3 IV Az infrav\u00f6r\u00f6s sug\u00e1rz\u00e1s (IV-sug\u00e1rz\u00e1s) \u2013 elektrom\u00e1gneses sug\u00e1rz\u00e1s, a Nap sugarainak r\u00e9sze. Az IV-sugarak gyullad\u00e1scs\u00f6kkent\u0151, g\u00f6rcsold\u00f3, sz\u00e9toszlat\u00f3 (felsz\u00edv\u00f3d\u00e1st el\u0151seg\u00edt\u0151), f\u00e1jdalomcsillap\u00edt\u00f3 hat\u00e1ssal rendelkeznek. A Triomed Universal k\u00e9sz\u00fcl\u00e9k IV-sug\u00e1rz\u00f3j\u00e1nak el\u0151nyei: Az \u00faj anyagoknak \u00e9s technol\u00f3gi\u00e1knak k\u00f6sz\u00f6nhet\u0151en siker\u00fclt l\u00e9trehozni olyan speci\u00e1lis programban m\u0171k\u00f6d\u0151 alacsony intenzit\u00e1s\u00fa pulz\u00e1l\u00f3, modul\u00e1lt hat\u00e1s\u00fa IV-sug\u00e1rz\u00f3t, mely seg\u00edts\u00e9g\u00e9vel els\u0151sorban energoinform\u00e1ci\u00f3s hat\u00e1st tudunk gyakorolni [&hellip;]<\/p>\n","protected":false},"featured_media":4725,"comment_status":"open","ping_status":"closed","template":"","meta":[],"product_brand":[],"product_cat":[35,32],"product_tag":[],"class_list":{"0":"post-4726","1":"product","2":"type-product","3":"status-publish","4":"has-post-thumbnail","6":"product_cat-csatlakoztathato-jeladok","7":"product_cat-triomed","9":"first","10":"instock","11":"taxable","12":"shipping-taxable","13":"purchasable","14":"product-type-simple"},"_links":{"self":[{"href":"https:\/\/vetomshop.hu\/sl\/wp-json\/wp\/v2\/product\/4726","targetHints":{"allow":["GET"]}}],"collection":[{"href":"https:\/\/vetomshop.hu\/sl\/wp-json\/wp\/v2\/product"}],"about":[{"href":"https:\/\/vetomshop.hu\/sl\/wp-json\/wp\/v2\/types\/product"}],"replies":[{"embeddable":true,"href":"https:\/\/vetomshop.hu\/sl\/wp-json\/wp\/v2\/comments?post=4726"}],"wp:featuredmedia":[{"embeddable":true,"href":"https:\/\/vetomshop.hu\/sl\/wp-json\/wp\/v2\/media\/4725"}],"wp:attachment":[{"href":"https:\/\/vetomshop.hu\/sl\/wp-json\/wp\/v2\/media?parent=4726"}],"wp:term":[{"taxonomy":"product_brand","embeddable":true,"href":"https:\/\/vetomshop.hu\/sl\/wp-json\/wp\/v2\/product_brand?post=4726"},{"taxonomy":"product_cat","embeddable":true,"href":"https:\/\/vetomshop.hu\/sl\/wp-json\/wp\/v2\/product_cat?post=4726"},{"taxonomy":"product_tag","embeddable":true,"href":"https:\/\/vetomshop.hu\/sl\/wp-json\/wp\/v2\/product_tag?post=4726"}],"curies":[{"name":"wp","href":"https:\/\/api.w.org\/{rel}","templated":true}]}}