{"id":4730,"date":"2023-11-11T14:33:58","date_gmt":"2023-11-11T13:33:58","guid":{"rendered":"https:\/\/vetomshop.hu\/termek\/oxigenizalo-jelado\/"},"modified":"2023-11-11T14:33:58","modified_gmt":"2023-11-11T13:33:58","slug":"oxigenizalo-jelado","status":"publish","type":"product","link":"https:\/\/vetomshop.hu\/sl\/izdelek\/oxigenizalo-jelado\/","title":{"rendered":"oddajnik za oksigenacijo"},"content":{"rendered":"<h4>Kisikovi oddajniki, \u0161t. 11.<\/h4>\n<p><strong>\u010cas delovanja:<\/strong> 10 minut.<\/p>\n<p>Valovna dol\u017eina ustreza frekvencam dihalne verige (krvni hemoglobin, mitohondriji, fermenti), izbolj\u0161uje prenos in uporabo kisika, pove\u010duje sintezo ATP, spodbuja celi\u010dno dihanje v tkivu. Nizka frekvenca ustreza frekvenci imunskega sistema.<\/p>\n<ul>\n<li>Izbolj\u0161a mikrocirkulacijo,<\/li>\n<li>Ima imunomodulatorni u\u010dinek,<\/li>\n<li>Zmanj\u0161uje pomanjkanje kisika v tkivih, oksigenira tkiva, ima dezagregacijski u\u010dinek (prepre\u010duje zdru\u017eevanje eritrocitov in drugih krvnih celic), zmanj\u0161uje strjevanje krvi,<\/li>\n<li>Spodbuja celjenje ran,<\/li>\n<li>Pomaga odpraviti brazgotine,<\/li>\n<li>Deluje analgeti\u010dno,<\/li>\n<li>Pomaga pri razstrupljanju telesa,<\/li>\n<li>Antispazmodi\u010dni u\u010dinek,<\/li>\n<li>Spodbuja tvorbo krvi, normalizira krvno sliko,<\/li>\n<li>izbolj\u0161a mikrocirkulacijo,<\/li>\n<li>Ima imunomodulatorni u\u010dinek,<\/li>\n<li>Zmanj\u0161uje pomanjkanje kisika v tkivih in jih bogati s kisikom,<\/li>\n<li>Ima dezagregacijski u\u010dinek (prepre\u010duje zdru\u017eevanje eritrocitov in drugih krvnih celic), zmanj\u0161uje strjevanje krvi,<\/li>\n<li>Spodbuja celjenje ran,<\/li>\n<li>Pomaga odpraviti brazgotine,<\/li>\n<li>Deluje analgeti\u010dno,<\/li>\n<li>Pomaga pri razstrupljanju telesa,<\/li>\n<li>Antispazmodi\u010dni u\u010dinek,<\/li>\n<li>Spodbuja tvorbo krvi, normalizira krvno sliko,<\/li>\n<li>Ima pomlajevalni u\u010dinek,<\/li>\n<li>Strukturira vodo.<\/li>\n<\/ul>\n<div class=\"su-spoiler su-spoiler-style-defoult su-spoiler-icon-caret su-spoiler-closed\" data-scroll-offset=\"0\" data-anchor-in-url=\"no\"><div class=\"su-spoiler-title\" tabindex=\"0\" role=\"button\"><span class=\"su-spoiler-icon\"><\/span>Vse<\/div><div class=\"su-spoiler-content su-u-clearfix su-u-trim\">\n<p>Priporo\u010deno podro\u010dje uporabe: obmo\u010dja velikih krvnih \u017eil - vene, arterije, biolo\u0161ko aktivne to\u010dke.<\/p>\n<p><strong>Velja za:<\/strong><\/p>\n<ul>\n<li>za normalizacijo imunskega sistema pri akutnih in kroni\u010dnih boleznih,<\/li>\n<li>izbolj\u0161a splo\u0161no dobro po\u010dutje, vzdr\u017eljivost, koncentracijo pri telesnem in du\u0161evnem stresu,<\/li>\n<li>prepre\u010devanje sr\u010dnega infarkta, mo\u017eganske kapi,<\/li>\n<li>oskrba po infarktu in mo\u017eganski kapi,<\/li>\n<li>pospe\u0161i procese regeneracije,<\/li>\n<li>zdravljenje ran in pooperativnih brazgotin,<\/li>\n<li>upravljanje zlomov,<\/li>\n<li>normalizacija krvne slike,<\/li>\n<li>po radioterapiji,<\/li>\n<li>rehabilitacijo po hudi bolezni in te\u017ekem fizi\u010dnem delu,<\/li>\n<li>spodbujanje mo\u017eganskega krvnega obtoka,2<\/li>\n<li>v kozmetiki: pomaga ko\u017ei absorbirati hranilne snovi,<\/li>\n<li>za \u0161portnike: pove\u010duje vzdr\u017eljivost,<\/li>\n<li>pomaga u\u010dencem in \u0161tudentom pri u\u010denju,<\/li>\n<li>za prepre\u010devanje \u0161kodljivih u\u010dinkov ra\u010dunalnikov,<\/li>\n<li>pri zdravljenju stresa in sindroma kroni\u010dne utrujenosti,<\/li>\n<li>na podro\u010dju kozmetike za izbolj\u0161anje stanja ko\u017ee,<\/li>\n<li>zdravljenje ali prepre\u010devanje \u017eivalskih bolezni<\/li>\n<\/ul>\n<\/div><\/div>","protected":false},"excerpt":{"rendered":"<p>Oxig\u00e9n sug\u00e1rz\u00f3, 11. sz. M\u0171k\u00f6d\u00e9si ideje: 10 perc. A hull\u00e1mhossz megfelel a l\u00e9gz\u00e9si l\u00e1nc frekvenci\u00e1inak (a v\u00e9r hemoglobinja, mitokondriumok, fermentumok), javul az oxig\u00e9n sz\u00e1ll\u00edt\u00e1sa \u00e9s hasznos\u00edt\u00e1sa, n\u00f6vekszik ATP-szint\u00e9zis, el\u0151seg\u00edti a sz\u00f6vetben a sejtek l\u00e9gz\u00e9s\u00e9t. Az alacsony frekvencia megfelel az immunrendszer frekvenci\u00e1j\u00e1nak. Jav\u00edtja a mikrokering\u00e9st, Immun-modul\u00e1ci\u00f3s hat\u00e1sa van, Cs\u00f6kkenti az oxig\u00e9nhi\u00e1nyt a sz\u00f6vetekben, oxig\u00e9nnel d\u00fas\u00edtja a [&hellip;]<\/p>\n","protected":false},"featured_media":4729,"comment_status":"open","ping_status":"closed","template":"","meta":[],"product_brand":[],"product_cat":[35,32],"product_tag":[],"class_list":{"0":"post-4730","1":"product","2":"type-product","3":"status-publish","4":"has-post-thumbnail","6":"product_cat-csatlakoztathato-jeladok","7":"product_cat-triomed","9":"first","10":"instock","11":"taxable","12":"shipping-taxable","13":"purchasable","14":"product-type-simple"},"_links":{"self":[{"href":"https:\/\/vetomshop.hu\/sl\/wp-json\/wp\/v2\/product\/4730","targetHints":{"allow":["GET"]}}],"collection":[{"href":"https:\/\/vetomshop.hu\/sl\/wp-json\/wp\/v2\/product"}],"about":[{"href":"https:\/\/vetomshop.hu\/sl\/wp-json\/wp\/v2\/types\/product"}],"replies":[{"embeddable":true,"href":"https:\/\/vetomshop.hu\/sl\/wp-json\/wp\/v2\/comments?post=4730"}],"wp:featuredmedia":[{"embeddable":true,"href":"https:\/\/vetomshop.hu\/sl\/wp-json\/wp\/v2\/media\/4729"}],"wp:attachment":[{"href":"https:\/\/vetomshop.hu\/sl\/wp-json\/wp\/v2\/media?parent=4730"}],"wp:term":[{"taxonomy":"product_brand","embeddable":true,"href":"https:\/\/vetomshop.hu\/sl\/wp-json\/wp\/v2\/product_brand?post=4730"},{"taxonomy":"product_cat","embeddable":true,"href":"https:\/\/vetomshop.hu\/sl\/wp-json\/wp\/v2\/product_cat?post=4730"},{"taxonomy":"product_tag","embeddable":true,"href":"https:\/\/vetomshop.hu\/sl\/wp-json\/wp\/v2\/product_tag?post=4730"}],"curies":[{"name":"wp","href":"https:\/\/api.w.org\/{rel}","templated":true}]}}