{"id":4732,"date":"2023-11-11T14:33:59","date_gmt":"2023-11-11T13:33:59","guid":{"rendered":"https:\/\/vetomshop.hu\/termek\/specialis-111-es-jelado\/"},"modified":"2024-07-31T10:25:20","modified_gmt":"2024-07-31T08:25:20","slug":"specialis-111-es-jelado","status":"publish","type":"product","link":"https:\/\/vetomshop.hu\/sl\/izdelek\/specialis-111-es-jelado\/","title":{"rendered":"Posebni svetilnik 111"},"content":{"rendered":"<h4>Posebni 111 informacijski zapisovalni oddajnik<\/h4>\n<p><strong>\u010cas delovanja oddajnika:<\/strong> 15 mp<\/p>\n<p>Njegov namen je \u201ezapisati\u201d informacije (spekter elektromagnetnega valovanja dolo\u010denega obmo\u010dja) in jih \u201eprenesti\u201d na izbrani nosilec informacij (npr. vodo) ali biolo\u0161ko aktivno obmo\u010dje, da se optimizirajo funkcionalne rezerve in pove\u010da prilagoditvena sposobnost telesa, ki je bila morda po\u0161kodovana zaradi po\u0161kodb okolja, bolezni ali drugih vzrokov.<\/p>\n<p>\u010ce \u017eelite \u201eposneti\u201d informacije, priklju\u010dite 111. oddajnik na napravo Triomed, jo pribli\u017eajte predmetu z ravno povr\u0161ino in pritisnite gumb \u201eStart\u201d. Za\u010dne se od\u0161tevanje - 15 sekund. \u0160ele ko prete\u010de programirani \u010das, odstranite oddajnik s predmeta. V tem \u010dasu se na oddajniku \u201eshranijo\u201d informacije o objektu, ki ostanejo nespremenjene, dokler oddajnika ne priklju\u010dite na elektri\u010dno omre\u017eje (dokler se naprava ne za\u017eene).<\/p>\n<div class=\"su-spoiler su-spoiler-style-defoult su-spoiler-icon-caret su-spoiler-closed\" data-scroll-offset=\"0\" data-anchor-in-url=\"no\"><div class=\"su-spoiler-title\" tabindex=\"0\" role=\"button\"><span class=\"su-spoiler-icon\"><\/span>Vse<\/div><div class=\"su-spoiler-content su-u-clearfix su-u-trim\">\nDa bi informacije \u201eprenesli\u201d v vodo, pribli\u017eajte oddajnik \u010dim bolj vodi (steklo ne sme biti debelej\u0161e od 2 mm), povr\u0161ina vode pa mora biti vi\u0161ja od zgornjega roba oddajnika. Voda mora biti \u010dista, brez ogljikove kisline in drugih dodatkov. Takoj popijte nekaj po\u017eirkov pripravljene \u201einformacijske\u201d vode - preden jo prenesete v drugo posodo ali shranite za dalj\u0161e obdobje.<\/p>\n<p>\u010ce \u017eelite dolgo \u010dasa ohraniti izvirni signal in prepre\u010diti naklju\u010dno povezavo z napravo Triomed, oddajnik ozna\u010dite z razpoznavnim znakom.<br \/>\n<\/div><\/div>","protected":false},"excerpt":{"rendered":"<p>Speci\u00e1lis 111 sz. inform\u00e1ci\u00f3t r\u00f6gz\u00edt\u0151 sug\u00e1rz\u00f3 A sug\u00e1rz\u00f3 m\u0171k\u00f6d\u00e9si ideje: 15 mp Rendeltet\u00e9se: az inform\u00e1ci\u00f3 (az adott tartom\u00e1ny elektrom\u00e1gneses hull\u00e1mspektrum\u00e1nak) \u201er\u00f6gz\u00edt\u00e9se\u201d, valamint \u201e\u00e1tvitele\u201d a kiv\u00e1lasztott inform\u00e1ci\u00f3hordoz\u00f3ra (pl. v\u00edzre) vagy biol\u00f3giailag akt\u00edv z\u00f3n\u00e1ra a funkcion\u00e1lis tartal\u00e9kok optimaliz\u00e1ci\u00f3ja \u00e9s a szervezet adapt\u00e1ci\u00f3s lehet\u0151s\u00e9geinek n\u00f6vel\u00e9se c\u00e9lj\u00e1b\u00f3l, melyek a k\u00f6rnyezet k\u00e1ros hat\u00e1sai, betegs\u00e9g, vagy egy\u00e9b okok miatt s\u00e9r\u00fcltek. Az [&hellip;]<\/p>\n","protected":false},"featured_media":4731,"comment_status":"open","ping_status":"closed","template":"","meta":[],"product_brand":[],"product_cat":[35,32],"product_tag":[],"class_list":{"0":"post-4732","1":"product","2":"type-product","3":"status-publish","4":"has-post-thumbnail","6":"product_cat-csatlakoztathato-jeladok","7":"product_cat-triomed","9":"first","10":"instock","11":"taxable","12":"shipping-taxable","13":"purchasable","14":"product-type-simple"},"_links":{"self":[{"href":"https:\/\/vetomshop.hu\/sl\/wp-json\/wp\/v2\/product\/4732","targetHints":{"allow":["GET"]}}],"collection":[{"href":"https:\/\/vetomshop.hu\/sl\/wp-json\/wp\/v2\/product"}],"about":[{"href":"https:\/\/vetomshop.hu\/sl\/wp-json\/wp\/v2\/types\/product"}],"replies":[{"embeddable":true,"href":"https:\/\/vetomshop.hu\/sl\/wp-json\/wp\/v2\/comments?post=4732"}],"wp:featuredmedia":[{"embeddable":true,"href":"https:\/\/vetomshop.hu\/sl\/wp-json\/wp\/v2\/media\/4731"}],"wp:attachment":[{"href":"https:\/\/vetomshop.hu\/sl\/wp-json\/wp\/v2\/media?parent=4732"}],"wp:term":[{"taxonomy":"product_brand","embeddable":true,"href":"https:\/\/vetomshop.hu\/sl\/wp-json\/wp\/v2\/product_brand?post=4732"},{"taxonomy":"product_cat","embeddable":true,"href":"https:\/\/vetomshop.hu\/sl\/wp-json\/wp\/v2\/product_cat?post=4732"},{"taxonomy":"product_tag","embeddable":true,"href":"https:\/\/vetomshop.hu\/sl\/wp-json\/wp\/v2\/product_tag?post=4732"}],"curies":[{"name":"wp","href":"https:\/\/api.w.org\/{rel}","templated":true}]}}