{"id":4737,"date":"2023-11-11T14:33:59","date_gmt":"2023-11-11T13:33:59","guid":{"rendered":"https:\/\/vetomshop.hu\/termek\/trio-men-jelado\/"},"modified":"2023-11-11T14:33:59","modified_gmt":"2023-11-11T13:33:59","slug":"trio-men-jelado","status":"publish","type":"product","link":"https:\/\/vetomshop.hu\/sl\/izdelek\/trio-men-jelado\/","title":{"rendered":"Svetilnik Trio-men"},"content":{"rendered":"<h4>Posebni oddajnik Trio-men<\/h4>\n<p>Za mo\u0161ke: \u0161t. 23.<\/p>\n<p>Indiciran je za: optimiziranje funkcionalnih rezerv in sposobnosti \u010dlove\u0161kega telesa, da se prilagodi negativnim vplivom okolja, \u017eivljenjskemu slogu ali bolezni.<br \/>\nKategorija zaposlenih: mo\u0161ki.<\/p>\n<p><strong>U\u010dinek:<\/strong> splo\u0161ni oja\u010devalni u\u010dinek, specifi\u010den za spol (psihoemocionalna raven, nevrohumoralna regulacija).<\/p>\n<p><strong>Mehanizem delovanja:<\/strong> Program (nosilna frekvenca, nizkofrekven\u010dna modulacija in parametri amplitude) je bil posebej zasnovan za mo\u0161ki organ, da mu pomaga pri uporabi v sistemu.<\/p>\n<p>Z uporabo zdravila Trio-men 23. sijo\u010da kura lahko normaliziramo trofi\u010dne in presnovne procese v tkivih in celicah, regeneriramo njihovo strukturo, izbolj\u0161amo delovanje telesa sistemsko in kot celote ter pove\u010damo specifi\u010dno odpornost telesa.<\/p>\n<p>Pozitivni rezultati so posledica bioresonan\u010dnih povratnih informacij iz celic, atomskega fiziolo\u0161kega sistema in nevro-humoralnega regulativnega sistema ter aktivacije mehanizma prilagajanja (splo\u0161ni prilagoditveni sindrom).<\/p>\n<div class=\"su-spoiler su-spoiler-style-defoult su-spoiler-icon-caret su-spoiler-closed\" data-scroll-offset=\"0\" data-anchor-in-url=\"no\"><div class=\"su-spoiler-title\" tabindex=\"0\" role=\"button\"><span class=\"su-spoiler-icon\"><\/span>Vse<\/div><div class=\"su-spoiler-content su-u-clearfix su-u-trim\">\n<strong>Priporo\u010dljivo za:<\/strong><\/p>\n<ol>\n<li>Za zmanj\u0161ano delovno zmo\u017enost in razpolo\u017eenje, psiho-\u010dustveno nestabilnost, nespe\u010dnost kot posledico kroni\u010dne utrujenosti.<\/li>\n<li>Bolezni prostate, mo\u0161ka menopavza.<\/li>\n<li>Prehladi in gripa.<\/li>\n<li>Splo\u0161na oslabitev imunskega sistema po hudi bolezni, za rehabilitacijo<\/li>\n<\/ol>\n<\/div><\/div>","protected":false},"excerpt":{"rendered":"<p>Speci\u00e1lis Trio-men sug\u00e1rz\u00f3 F\u00e9rfiak sz\u00e1m\u00e1ra, 23. sz. Javallott: a funkcion\u00e1lis tartal\u00e9kok \u00e9s az emberi szervezet adapt\u00e1ci\u00f3s lehet\u0151s\u00e9geinek optimiz\u00e1l\u00e1s\u00e1hoz, melyek a negat\u00edv k\u00f6rnyezeti hat\u00e1sok, \u00e9letm\u00f3d vagy betegs\u00e9g k\u00f6vetkezt\u00e9ben l\u00e9ptek fel. Az alkalmaz\u00f3k kateg\u00f3ri\u00e1ja: f\u00e9rfiak. Hat\u00e1sa: a nemi hovatartoz\u00e1st figyelembe vev\u0151 \u00e1ltal\u00e1nos er\u0151s\u00edt\u0151 hat\u00e1s (pszichoemocion\u00e1lis szint, neurohumor\u00e1lis regul\u00e1ci\u00f3). Hat\u00e1smechanizmus: A program (hordoz\u00f3 frekvencia, alacsony frekvenci\u00e1j\u00fa modul\u00e1ci\u00f3 \u00e9s [&hellip;]<\/p>\n","protected":false},"featured_media":4736,"comment_status":"open","ping_status":"closed","template":"","meta":[],"product_brand":[],"product_cat":[35,32],"product_tag":[],"class_list":{"0":"post-4737","1":"product","2":"type-product","3":"status-publish","4":"has-post-thumbnail","6":"product_cat-csatlakoztathato-jeladok","7":"product_cat-triomed","9":"first","10":"instock","11":"taxable","12":"shipping-taxable","13":"purchasable","14":"product-type-simple"},"_links":{"self":[{"href":"https:\/\/vetomshop.hu\/sl\/wp-json\/wp\/v2\/product\/4737","targetHints":{"allow":["GET"]}}],"collection":[{"href":"https:\/\/vetomshop.hu\/sl\/wp-json\/wp\/v2\/product"}],"about":[{"href":"https:\/\/vetomshop.hu\/sl\/wp-json\/wp\/v2\/types\/product"}],"replies":[{"embeddable":true,"href":"https:\/\/vetomshop.hu\/sl\/wp-json\/wp\/v2\/comments?post=4737"}],"wp:featuredmedia":[{"embeddable":true,"href":"https:\/\/vetomshop.hu\/sl\/wp-json\/wp\/v2\/media\/4736"}],"wp:attachment":[{"href":"https:\/\/vetomshop.hu\/sl\/wp-json\/wp\/v2\/media?parent=4737"}],"wp:term":[{"taxonomy":"product_brand","embeddable":true,"href":"https:\/\/vetomshop.hu\/sl\/wp-json\/wp\/v2\/product_brand?post=4737"},{"taxonomy":"product_cat","embeddable":true,"href":"https:\/\/vetomshop.hu\/sl\/wp-json\/wp\/v2\/product_cat?post=4737"},{"taxonomy":"product_tag","embeddable":true,"href":"https:\/\/vetomshop.hu\/sl\/wp-json\/wp\/v2\/product_tag?post=4737"}],"curies":[{"name":"wp","href":"https:\/\/api.w.org\/{rel}","templated":true}]}}