{"id":4739,"date":"2023-11-11T14:34:00","date_gmt":"2023-11-11T13:34:00","guid":{"rendered":"https:\/\/vetomshop.hu\/termek\/trio-women-jelado\/"},"modified":"2023-11-11T14:34:00","modified_gmt":"2023-11-11T13:34:00","slug":"trio-women-jelado","status":"publish","type":"product","link":"https:\/\/vetomshop.hu\/sl\/izdelek\/trio-women-jelado\/","title":{"rendered":"Svetilnik s tremi \u017eenskami"},"content":{"rendered":"<h4>Posebni radiator Trio-Women<\/h4>\n<p>Za \u017eenske, \u0161t. 8.<\/p>\n<p>Priporo\u010dljivo: za optimizacijo funkcionalnih rezerv in prilagoditvenih sposobnosti \u010dlove\u0161kega telesa zaradi negativnih vplivov okolja, \u017eivljenjskega sloga ali bolezni.<\/p>\n<p><strong>Priporo\u010dljivo za: <\/strong>za dekleta, \u017eenske.<\/p>\n<p><strong>U\u010dinek:<\/strong> splo\u0161ni u\u010dinek na zdravje ob upo\u0161tevanju zna\u010dilnosti \u017eenskega organizma (psiho-\u010dustveno podro\u010dje, nevrohumoralna regulacija).<\/p>\n<p><strong>Mehanizem delovanja:<\/strong> Program (nosilna frekvenca, nizkofrekven\u010dna modulacija in parametri amplitude) je bil posebej zasnovan za pomo\u010d \u017eenskemu telesu, kadar se uporablja v sistemu.<\/p>\n<p>Uporaba radioterapije pri zdravljenju normalizira trofi\u010dne in presnovne procese v celicah in tkivih, jih obnavlja, ima splo\u0161ni usklajevalni u\u010dinek na organe, organske sisteme in telo kot celoto ter pove\u010duje nespecifi\u010dno odpornost telesa. Pozitivni rezultati so posledica bioresonan\u010dnih povratnih informacij iz celic, atomskega fiziolo\u0161kega sistema in nevrogumoralnega regulativnega sistema na eni strani ter aktivacije prilagoditvenega mehanizma (splo\u0161nega prilagoditvenega sindroma) na drugi strani.<\/p>\n<div class=\"su-spoiler su-spoiler-style-defoult su-spoiler-icon-caret su-spoiler-closed\" data-scroll-offset=\"0\" data-anchor-in-url=\"no\"><div class=\"su-spoiler-title\" tabindex=\"0\" role=\"button\"><span class=\"su-spoiler-icon\"><\/span>Vse<\/div><div class=\"su-spoiler-content su-u-clearfix su-u-trim\">\n<p><strong>Priporo\u010dljivo za:<\/strong><\/p>\n<ol>\n<li>Za zmanj\u0161ano delovno zmo\u017enost in razpolo\u017eenje, psiho-\u010dustveno nestabilnost, nespe\u010dnost kot posledico kroni\u010dne utrujenosti.<\/li>\n<li>Za zdravljenje in prepre\u010devanje motenj \u017eenskih spolnih organov in neprijetnih simptomov, ki spremljajo menopavzo, ter za krepitev plodnosti in spolnega zdravja.<\/li>\n<li>Pogosto pri prehladih.<\/li>\n<li>Specifi\u010dno prepre\u010devanje gripe in prehlada.<\/li>\n<li>oslabitev imunskega sistema med okrevanjem ali rehabilitacijo po bolezni.<\/li>\n<\/ol>\n<\/div><\/div>","protected":false},"excerpt":{"rendered":"<p>Speci\u00e1lis Trio-Women sug\u00e1rz\u00f3 N\u0151k sz\u00e1m\u00e1ra, 8.sz. Javasolt: a funkcion\u00e1lis tartal\u00e9kok \u00e9s az emberi szervezet adapt\u00e1ci\u00f3s lehet\u0151s\u00e9geinek optimiz\u00e1l\u00e1s\u00e1hoz, melyek a negat\u00edv k\u00f6rnyezeti hat\u00e1sok, \u00e9letm\u00f3d vagy betegs\u00e9g k\u00f6vetkezt\u00e9ben l\u00e9ptek fel. Aj\u00e1nlott: l\u00e1nyok, n\u0151k sz\u00e1m\u00e1ra. Hat\u00e1sa: a n\u0151i szervezet jellemz\u0151it figyelembe vev\u0151 (pszicho-emocion\u00e1lis szf\u00e9ra, neurohumor\u00e1lis szab\u00e1lyoz\u00e1s) \u00e1ltal\u00e1nos eg\u00e9szs\u00e9gmeger\u0151s\u00edt\u0151 hat\u00e1s. Hat\u00e1smechanizmus: A program (hordoz\u00f3 frekvencia, alacsony frekvenci\u00e1j\u00fa modul\u00e1ci\u00f3 \u00e9s [&hellip;]<\/p>\n","protected":false},"featured_media":4738,"comment_status":"open","ping_status":"closed","template":"","meta":[],"product_brand":[],"product_cat":[35,32],"product_tag":[],"class_list":{"0":"post-4739","1":"product","2":"type-product","3":"status-publish","4":"has-post-thumbnail","6":"product_cat-csatlakoztathato-jeladok","7":"product_cat-triomed","9":"first","10":"instock","11":"taxable","12":"shipping-taxable","13":"purchasable","14":"product-type-simple"},"_links":{"self":[{"href":"https:\/\/vetomshop.hu\/sl\/wp-json\/wp\/v2\/product\/4739","targetHints":{"allow":["GET"]}}],"collection":[{"href":"https:\/\/vetomshop.hu\/sl\/wp-json\/wp\/v2\/product"}],"about":[{"href":"https:\/\/vetomshop.hu\/sl\/wp-json\/wp\/v2\/types\/product"}],"replies":[{"embeddable":true,"href":"https:\/\/vetomshop.hu\/sl\/wp-json\/wp\/v2\/comments?post=4739"}],"wp:featuredmedia":[{"embeddable":true,"href":"https:\/\/vetomshop.hu\/sl\/wp-json\/wp\/v2\/media\/4738"}],"wp:attachment":[{"href":"https:\/\/vetomshop.hu\/sl\/wp-json\/wp\/v2\/media?parent=4739"}],"wp:term":[{"taxonomy":"product_brand","embeddable":true,"href":"https:\/\/vetomshop.hu\/sl\/wp-json\/wp\/v2\/product_brand?post=4739"},{"taxonomy":"product_cat","embeddable":true,"href":"https:\/\/vetomshop.hu\/sl\/wp-json\/wp\/v2\/product_cat?post=4739"},{"taxonomy":"product_tag","embeddable":true,"href":"https:\/\/vetomshop.hu\/sl\/wp-json\/wp\/v2\/product_tag?post=4739"}],"curies":[{"name":"wp","href":"https:\/\/api.w.org\/{rel}","templated":true}]}}