{"id":4741,"date":"2023-11-11T14:34:00","date_gmt":"2023-11-11T13:34:00","guid":{"rendered":"https:\/\/vetomshop.hu\/termek\/sigma-medal\/"},"modified":"2023-11-11T14:34:00","modified_gmt":"2023-11-11T13:34:00","slug":"sigma-medal","status":"publish","type":"product","link":"https:\/\/vetomshop.hu\/sl\/izdelek\/sigma-medal\/","title":{"rendered":"Medalja Sigma"},"content":{"rendered":"<p>A <strong>Zdravstvena medalja SIGMA<\/strong> je obnoviti normalne fiziolo\u0161ke procese lasnih me\u0161i\u010dkov, pove\u010dati njihovo odpornost na \u0161kodljive okoljske dejavnike in pove\u010dan stres, podalj\u0161ati fazo rasti las in tako pove\u010dati splo\u0161no gostoto las.<\/p>\n<p><strong>U\u010dinki:<\/strong><\/p>\n<ul>\n<li>normalizira krvni obtok, imunsko stanje in presnovo v lasnih me\u0161i\u010dkih ter prepre\u010duje razvoj atrofije;<\/li>\n<li>zmanj\u0161uje resnost vnetnih procesov v ko\u017ei in lasnih me\u0161i\u010dkih;<\/li>\n<li>pomaga normalizirati presnovne procese v ko\u017ei in celotnem telesu; prepre\u010duje razvoj alopecije areata (izpadanje las).<\/li>\n<\/ul>\n<p>Zdravstveni obesek SIGMA pozitivno vpliva na stanje telesnih funkcij, lahko se uporablja kot orodje za optimizacijo in korekcijo v kombinaciji z drugimi na\u010dini zdravljenja alopecije areate (neenakomernega izpadanja las).<br \/>\nin druge metode prepre\u010devanja.<\/p>\n<div class=\"su-spoiler su-spoiler-style-defoult su-spoiler-icon-caret su-spoiler-closed\" data-scroll-offset=\"0\" data-anchor-in-url=\"no\"><div class=\"su-spoiler-title\" tabindex=\"0\" role=\"button\"><span class=\"su-spoiler-icon\"><\/span>Vse<\/div><div class=\"su-spoiler-content su-u-clearfix su-u-trim\">\n<p><strong>Vrste neenakomernega izpadanja las:<\/strong><\/p>\n<p>Glede na obseg izpadanja las se izpadanje las deli na naslednje vrste:<\/p>\n<ul>\n<li>Alopecija areata unilocularis: lasje izpadajo le na enem mestu<\/li>\n<li>Alopecija areata multilocularis: ve\u010d zaplat brazgotinjenja<\/li>\n<li>Alopecija areata subtotalis: lasje izpadajo skoraj po vsem lasi\u0161\u010du3<\/li>\n<li>Alopecia areata totalis: izpadejo vsi lasje na lasi\u0161\u010du Alopecia areata universalis: izpadanje las prizadene lasi\u0161\u010de in celotno telo<\/li>\n<li>Tip ofije: posebna oblika alopecije areata, za katero je zna\u010dilno, da lasje izpadajo predvsem na zunanjih delih lasi\u0161\u010da, obi\u010dajno na zadnjem delu glave, v\u010dasih tudi na<br \/>\niz temena ali \u010dela.<\/li>\n<\/ul>\n<p>Poleg zgoraj na\u0161tetih vrst se lahko SIGMA Medallion uporablja tudi pri izpadanju las zaradi kemoterapije, radioterapije ali endokrinih motenj.<\/p>\n<\/div><\/div>","protected":false},"excerpt":{"rendered":"<p>A SIGMA Eg\u00e9szs\u00e9g Med\u00e1l feladata a sz\u0151rt\u00fcsz\u0151k norm\u00e1l fiziol\u00f3giai folyamatainak helyre\u00e1ll\u00edt\u00e1sa, a kedvez\u0151tlen k\u00f6rnyezeti t\u00e9nyez\u0151kkel \u00e9s a megn\u00f6vekedett stresszterhel\u00e9ssel szembeni ellen\u00e1ll\u00f3 k\u00e9pess\u00e9g\u00fck n\u00f6vel\u00e9se, a hajn\u00f6veked\u00e9s szakasz\u00e1nak meghosszabb\u00edt\u00e1sa, ez\u00e1ltal a teljes hajs\u0171r\u0171s\u00e9g n\u00f6vel\u00e9se. Hat\u00e1sok: normaliz\u00e1lja a v\u00e9rkering\u00e9st, az immun\u00e1llapotot \u00e9s az anyagcser\u00e9t a sz\u0151rt\u00fcsz\u0151kben, megel\u0151zve az atr\u00f3fia kialakul\u00e1s\u00e1t; cs\u00f6kkenti a b\u0151r \u00e9s a sz\u0151rt\u00fcsz\u0151k gyullad\u00e1sos folyamatainak [&hellip;]<\/p>\n","protected":false},"featured_media":4740,"comment_status":"open","ping_status":"closed","template":"","meta":[],"product_brand":[],"product_cat":[33,32],"product_tag":[],"class_list":{"0":"post-4741","1":"product","2":"type-product","3":"status-publish","4":"has-post-thumbnail","6":"product_cat-egeszseg-medalok","7":"product_cat-triomed","9":"first","10":"instock","11":"taxable","12":"shipping-taxable","13":"purchasable","14":"product-type-simple"},"_links":{"self":[{"href":"https:\/\/vetomshop.hu\/sl\/wp-json\/wp\/v2\/product\/4741","targetHints":{"allow":["GET"]}}],"collection":[{"href":"https:\/\/vetomshop.hu\/sl\/wp-json\/wp\/v2\/product"}],"about":[{"href":"https:\/\/vetomshop.hu\/sl\/wp-json\/wp\/v2\/types\/product"}],"replies":[{"embeddable":true,"href":"https:\/\/vetomshop.hu\/sl\/wp-json\/wp\/v2\/comments?post=4741"}],"wp:featuredmedia":[{"embeddable":true,"href":"https:\/\/vetomshop.hu\/sl\/wp-json\/wp\/v2\/media\/4740"}],"wp:attachment":[{"href":"https:\/\/vetomshop.hu\/sl\/wp-json\/wp\/v2\/media?parent=4741"}],"wp:term":[{"taxonomy":"product_brand","embeddable":true,"href":"https:\/\/vetomshop.hu\/sl\/wp-json\/wp\/v2\/product_brand?post=4741"},{"taxonomy":"product_cat","embeddable":true,"href":"https:\/\/vetomshop.hu\/sl\/wp-json\/wp\/v2\/product_cat?post=4741"},{"taxonomy":"product_tag","embeddable":true,"href":"https:\/\/vetomshop.hu\/sl\/wp-json\/wp\/v2\/product_tag?post=4741"}],"curies":[{"name":"wp","href":"https:\/\/api.w.org\/{rel}","templated":true}]}}