{"id":4743,"date":"2023-11-11T14:34:00","date_gmt":"2023-11-11T13:34:00","guid":{"rendered":"https:\/\/vetomshop.hu\/termek\/siker-medal\/"},"modified":"2023-11-11T14:34:00","modified_gmt":"2023-11-11T13:34:00","slug":"siker-medal","status":"publish","type":"product","link":"https:\/\/vetomshop.hu\/sl\/izdelek\/siker-medal\/","title":{"rendered":"Medalja za uspeh"},"content":{"rendered":"<h4>Medalja za uspeh za otroke<\/h4>\n<p><strong>Namen:<\/strong><\/p>\n<p>Kognitivne funkcije (kognitivni procesi) -<\/p>\n<ol>\n<li>pozornost, opazovanje<\/li>\n<li>zaznavanje-zaznavanje<\/li>\n<li>pomnilnik<\/li>\n<li>miselne funkcije<\/li>\n<\/ol>\n<p>- kot dopolnilno orodje za aktivacijo, prepre\u010devanje utrujenosti zaradi u\u010denja in izbolj\u0161anje \u010dustvenega po\u010dutja.<\/p>\n<p>Podpira okrevanje po veliki informacijski preobremenitvi ter prepre\u010duje sindrom kroni\u010dne utrujenosti in iz\u010drpanosti.<\/p>\n<div class=\"su-spoiler su-spoiler-style-defoult su-spoiler-icon-caret su-spoiler-closed\" data-scroll-offset=\"0\" data-anchor-in-url=\"no\"><div class=\"su-spoiler-title\" tabindex=\"0\" role=\"button\"><span class=\"su-spoiler-icon\"><\/span>Vse<\/div><div class=\"su-spoiler-content su-u-clearfix su-u-trim\">\n<h4>Kratek opis<\/h4>\n<p>Informacije, zapisane na elektronskem nosilcu informacij - medalji zdravja SIKER - ustrezajo spektru elektromagnetnih vibracij celic in tkiv osrednjega \u017eiv\u010dnega sistema ter vibracijam (elektromagnetni spekter) antihomotoksi\u010dnih snovi, ki pove\u010dujejo sposobnost umskega dela, antistresno stabilnost \u0161tudentov in intelektualnih delavcev ter vzdr\u017eujejo optimalno psiho-\u010dustveno ozadje. Dejavnosti \u0161tudentov spremlja visoka intenzivnost du\u0161evnih procesov v pogojih \u010dasovnega pritiska in velike gostote informacij, ki imajo zna\u010daj stresa. Mi\u0161ljenje vklju\u010duje aktivne vidike kognicije: pozornost, zaznavanje, asociacijske procese, oblikovanje pojmov in vrednotenj, ki so sestavni del stvarne dejavnosti socialne osebe.<\/p>\n<p>Razmi\u0161ljanje je povezano z dejavnostjo mo\u017eganov, sposobnost abstraktnega razmi\u0161ljanja pa izhaja iz pridobitve prakti\u010dnega obstoja, jezikovnih pravil, logike in kulture. Mi\u0161ljenje poteka v razli\u010dnih oblikah intelektualne in prakti\u010dne dejavnosti, med katero se posplo\u0161ujejo in zdru\u017eujejo spoznavne izku\u0161nje ljudi. Mi\u0161ljenje velja za vir in temeljno sredstvo resni\u010dnega \u010dlove\u0161kega obstoja.<\/p>\n<\/div><\/div>","protected":false},"excerpt":{"rendered":"<p>Siker Med\u00e1l gyerekeknek Rendeltet\u00e9se: A kognit\u00edv funkci\u00f3k (megismer\u0151 folyamatok) &#8211; figyelem, megfigyel\u0151k\u00e9pess\u00e9g \u00e9rz\u00e9kel\u00e9s-\u00e9szlel\u00e9s eml\u00e9kezet gondolkod\u00e1si funkci\u00f3k &#8211; aktiv\u00e1l\u00e1s\u00e1t seg\u00edt\u0151, a tanul\u00e1st k\u00eds\u00e9r\u0151 f\u00e1radts\u00e1g ellens\u00falyoz\u00e1s\u00e1t \u00e9s az emocion\u00e1lis k\u00f6z\u00e9rzet jav\u00edt\u00e1s\u00e1t szolg\u00e1l\u00f3 kieg\u00e9sz\u00edt\u0151 eszk\u00f6z. T\u00e1mogatja a jelent\u0151s inform\u00e1ci\u00f3s megterhel\u00e9s ut\u00e1ni helyre\u00e1ll\u00edt\u00e1st, a kr\u00f3nikus f\u00e1radts\u00e1g \u00e9s kimer\u00fclts\u00e9g szindr\u00f3ma megel\u0151z\u00e9s\u00e9t.<\/p>","protected":false},"featured_media":4742,"comment_status":"open","ping_status":"closed","template":"","meta":[],"product_brand":[],"product_cat":[33,32],"product_tag":[],"class_list":{"0":"post-4743","1":"product","2":"type-product","3":"status-publish","4":"has-post-thumbnail","6":"product_cat-egeszseg-medalok","7":"product_cat-triomed","9":"first","10":"instock","11":"taxable","12":"shipping-taxable","13":"purchasable","14":"product-type-simple"},"_links":{"self":[{"href":"https:\/\/vetomshop.hu\/sl\/wp-json\/wp\/v2\/product\/4743","targetHints":{"allow":["GET"]}}],"collection":[{"href":"https:\/\/vetomshop.hu\/sl\/wp-json\/wp\/v2\/product"}],"about":[{"href":"https:\/\/vetomshop.hu\/sl\/wp-json\/wp\/v2\/types\/product"}],"replies":[{"embeddable":true,"href":"https:\/\/vetomshop.hu\/sl\/wp-json\/wp\/v2\/comments?post=4743"}],"wp:featuredmedia":[{"embeddable":true,"href":"https:\/\/vetomshop.hu\/sl\/wp-json\/wp\/v2\/media\/4742"}],"wp:attachment":[{"href":"https:\/\/vetomshop.hu\/sl\/wp-json\/wp\/v2\/media?parent=4743"}],"wp:term":[{"taxonomy":"product_brand","embeddable":true,"href":"https:\/\/vetomshop.hu\/sl\/wp-json\/wp\/v2\/product_brand?post=4743"},{"taxonomy":"product_cat","embeddable":true,"href":"https:\/\/vetomshop.hu\/sl\/wp-json\/wp\/v2\/product_cat?post=4743"},{"taxonomy":"product_tag","embeddable":true,"href":"https:\/\/vetomshop.hu\/sl\/wp-json\/wp\/v2\/product_tag?post=4743"}],"curies":[{"name":"wp","href":"https:\/\/api.w.org\/{rel}","templated":true}]}}