{"id":4755,"date":"2023-11-11T14:34:03","date_gmt":"2023-11-11T13:34:03","guid":{"rendered":"https:\/\/vetomshop.hu\/termek\/menedzser-kartya\/"},"modified":"2023-11-11T14:34:03","modified_gmt":"2023-11-11T13:34:03","slug":"menedzser-kartya","status":"publish","type":"product","link":"https:\/\/vetomshop.hu\/sl\/izdelek\/menedzser-kartya\/","title":{"rendered":"Upraviteljska kartica"},"content":{"rendered":"<h4>Za kaj je namenjena MENEDZSER CARD?<\/h4>\n<p><strong>KARTICA VODJE<\/strong> - pripomo\u010dek za prepre\u010devanje in zdravljenje kroni\u010dne utrujenosti in sindroma preobremenjenosti, za pove\u010danje delovne zmogljivosti, aktiviranje procesov regeneracije po stresnih delovnih obremenitvah in pove\u010danje odpornosti.<\/p>\n<p>Delovanje MENEDZSER CARD podpira kognitivne procese. Namenjeno je aktiviranju spominskih procesov, ki omogo\u010dajo takoj\u0161nje pomnjenje potrebnih informacij, pove\u010dujejo hitrost razmi\u0161ljanja, obnavljajo normalen potek fiziolo\u0161kih procesov v celicah in tkivih osrednjega \u017eiv\u010dnega sistema ter pove\u010dujejo njihovo stabilnost pred \u0161kodljivimi vplivi zunanjega sveta.<\/p>\n<p><strong>U\u010dinki:<\/strong><\/p>\n<ul>\n<li>podpira krvni obtok in presnovne procese v osrednjem \u017eiv\u010devju ter pomaga obnoviti delovanje osrednjega \u017eiv\u010devja;<\/li>\n<li>pomaga izbolj\u0161ati spomin, tako da lahko absorbira ve\u010d informacij;<\/li>\n<li>podpira koncentracijo,<\/li>\n<li>zmanj\u0161uje utrujenost med aktivnostjo;<\/li>\n<li>zmanj\u0161uje nevro-\u010dustveno napetost med uporabo ra\u010dunalnika;<\/li>\n<li>usklajuje \u010dustveno-psihi\u010dni odnos;<\/li>\n<li>izbolj\u0161a intuicijo,<\/li>\n<li>pomaga prepre\u010devati razvoj kroni\u010dnega stresa in utrujenosti.<\/li>\n<\/ul>\n<div class=\"su-spoiler su-spoiler-style-defoult su-spoiler-icon-caret su-spoiler-closed\" data-scroll-offset=\"0\" data-anchor-in-url=\"no\"><div class=\"su-spoiler-title\" tabindex=\"0\" role=\"button\"><span class=\"su-spoiler-icon\"><\/span>Vse<\/div><div class=\"su-spoiler-content su-u-clearfix su-u-trim\">\n<strong>S pomo\u010djo:<\/strong><\/p>\n<ul>\n<li>se bo osredoto\u010dil na glavne stvari,<\/li>\n<li>spodbuja pozitiven odnos do \u017eivljenja in razvoj odlo\u010dnosti,<\/li>\n<li>vam pomaga osredoto\u010diti se na uspeh in namen,<\/li>\n<li>podpira ob\u010dutek dose\u017eka, samozavesti in prepri\u010danja v uspeh cilja!<\/li>\n<\/ul>\n<\/div><\/div>","protected":false},"excerpt":{"rendered":"<p>Mire szolg\u00e1l a MENEDZSER K\u00c1RTYA? MENEDZSER K\u00c1RTYA \u2013 a kr\u00f3nikus f\u00e1rad\u00e9konys\u00e1g \u00e9s a t\u00falhajszolts\u00e1g szindr\u00f3m\u00e1ja megel\u0151z\u00e9s\u00e9re \u00e9s kezel\u00e9s\u00e9re, a munkab\u00edr\u00e1s n\u00f6vel\u00e9s\u00e9re, az \u00e1tv\u00e9szelt stressz-megterhel\u00e9seket k\u00f6vet\u0151 regener\u00e1ci\u00f3s folyamatok aktiviz\u00e1l\u00e1s\u00e1ra, az immunit\u00e1s n\u00f6vel\u00e9s\u00e9re szolg\u00e1l\u00f3 k\u00e9sz\u00fcl\u00e9k. A MENEDZSER K\u00c1RTYA m\u0171k\u00f6d\u00e9se a kognit\u00edv folyamatok m\u0171k\u00f6d\u00e9s\u00e9t t\u00e1mogatja. Az eml\u00e9kez\u00e9s folyamatainak aktiviz\u00e1l\u00e1s\u00e1ra, a sz\u00fcks\u00e9ges inform\u00e1ci\u00f3 azonnali memoriz\u00e1l\u00e1s\u00e1nak lehet\u0151s\u00e9g\u00e9re, a gondolkod\u00e1s sebess\u00e9g\u00e9nek [&hellip;]<\/p>\n","protected":false},"featured_media":4754,"comment_status":"open","ping_status":"closed","template":"","meta":[],"product_brand":[],"product_cat":[33,32],"product_tag":[],"class_list":{"0":"post-4755","1":"product","2":"type-product","3":"status-publish","4":"has-post-thumbnail","6":"product_cat-egeszseg-medalok","7":"product_cat-triomed","9":"first","10":"instock","11":"taxable","12":"shipping-taxable","13":"purchasable","14":"product-type-simple"},"_links":{"self":[{"href":"https:\/\/vetomshop.hu\/sl\/wp-json\/wp\/v2\/product\/4755","targetHints":{"allow":["GET"]}}],"collection":[{"href":"https:\/\/vetomshop.hu\/sl\/wp-json\/wp\/v2\/product"}],"about":[{"href":"https:\/\/vetomshop.hu\/sl\/wp-json\/wp\/v2\/types\/product"}],"replies":[{"embeddable":true,"href":"https:\/\/vetomshop.hu\/sl\/wp-json\/wp\/v2\/comments?post=4755"}],"wp:featuredmedia":[{"embeddable":true,"href":"https:\/\/vetomshop.hu\/sl\/wp-json\/wp\/v2\/media\/4754"}],"wp:attachment":[{"href":"https:\/\/vetomshop.hu\/sl\/wp-json\/wp\/v2\/media?parent=4755"}],"wp:term":[{"taxonomy":"product_brand","embeddable":true,"href":"https:\/\/vetomshop.hu\/sl\/wp-json\/wp\/v2\/product_brand?post=4755"},{"taxonomy":"product_cat","embeddable":true,"href":"https:\/\/vetomshop.hu\/sl\/wp-json\/wp\/v2\/product_cat?post=4755"},{"taxonomy":"product_tag","embeddable":true,"href":"https:\/\/vetomshop.hu\/sl\/wp-json\/wp\/v2\/product_tag?post=4755"}],"curies":[{"name":"wp","href":"https:\/\/api.w.org\/{rel}","templated":true}]}}