{"id":5820,"date":"2024-06-01T18:26:31","date_gmt":"2024-06-01T16:26:31","guid":{"rendered":"https:\/\/vetomshop.hu\/?post_type=product&#038;p=5820"},"modified":"2026-04-12T08:27:56","modified_gmt":"2026-04-12T06:27:56","slug":"vetom-1-1-probiotikum-por-500-g-etrend-kiegeszito","status":"publish","type":"product","link":"https:\/\/vetomshop.hu\/sl\/izdelek\/vetom-1-1-probiotikum-por-500-g-etrend-kiegeszito\/","title":{"rendered":"Vetom <span style=\"color:red\">1.1<\/span> probioti\u010dni <br>na spletni strani <span style=\"color:red\">500 g<\/span> (prehransko dopolnilo)"},"content":{"rendered":"<p>Koristni u\u010dinki <strong>Bacillus subtilis<\/strong> koristne bakterije, ki se razmno\u017eujejo predvsem v debelem \u010drevesju in proizvajajo: proteoliti\u010dne, amiloliti\u010dne in celuloliti\u010dne encime; interferon a-2 \u010dlove\u0161kih levkocitov; bakitracin mg, ki zavira rast in razvoj patogene in potencialno patogene mikroflore; in druge biolo\u0161ko aktivne snovi.<\/p>\n<p>Posledi\u010dno se bakterijska sestava \u010drevesne vsebine spremeni v ustrezno razvojno normo, \u010drevesne stene se o\u010distijo neprebavljenih ostankov, kar prispeva k aktivnemu odstranjevanju toksinov iz telesa in neoviranemu prenosu biolo\u0161ko aktivnih hranil.<\/p>\n<p>Pod vplivom zdravila Vetom 1.1 se normalizirajo presnova, prebava in absorpcija biolo\u0161ko aktivnih sestavin hrane v prebavilih.<\/p>\n<p>Otrokom prijazen izdelek, ki je slastno sladek in se lahko u\u017eiva tudi samostojno.<\/p>\n<p>Vetom 1.1 pove\u010duje u\u010dinkovitost zdravil in zmanj\u0161uje njihove negativne stranske u\u010dinke na \u010dlove\u0161ko telo.<\/p>\n<p>To ni zdravilo.<\/p>\n<p><strong>Farmakolo\u0161ki u\u010dinki<\/strong>: imunomodulatorno, protivirusno, antiproliferativno, baktericidno, fungicidno, antiklamidijsko.<\/p>\n<h5>Lastnosti:<\/h5>\n<ul>\n<li>Ima visoko antagonisti\u010dno aktivnost proti patogenim in pogojno patogenim glivam in bakterijam, protivirusne, proteoliti\u010dne, amiliti\u010dne in celuloliti\u010dne lastnosti.<\/li>\n<li>spodbuja celi\u010dne in humoralne dejavnike imunosti.<\/li>\n<li>pove\u010da nespecifi\u010dno odpornost telesa<\/li>\n<li>stabilizira odpornost proti alergijam.<\/li>\n<li>normalizira presnovo<\/li>\n<\/ul>\n<p>- BREZ STRANSKIH U\u010cINKOV<br \/>\n- BREZ STAROSTNE OMEJITVE<br \/>\n- NE PREVZETI DOSE\u017dKA<br \/>\n- NE POVZRO\u010cA ZASVOJENOSTI<\/p>\n<h5>Obmo\u010dje uporabe<\/h5>\n<p>Uporaba probioti\u010dnih mikroorganizmov kot biolo\u0161ko aktivnega aditiva za \u017eivila je priporo\u010dljiva za obnovo prebavil in \u010drevesne mikroflore.<\/p>\n<p><em><strong>Odmerjanje:<\/strong><\/em> priporo\u010dljivo 10 dni, 3-5 \u010dajnih \u017eli\u010dk pra\u0161ka dnevno pred, med ali po jedi, samostojno (lahko tudi z vodo ali sokom). .<\/p>\n<p>Vetom 1.1 ne povzro\u010da zasvojenosti.<\/p>\n<p>Zdravljenje je priporo\u010dljivo ponoviti po 1-2 tednih premora, v dolo\u010denih \u010dasovnih presledkih pa je priporo\u010dljivo zamenjati izdelek Vetom z drugo \u0161tevilko.<\/p>\n<h5>Kontraindikacije<\/h5>\n<p>Preob\u010dutljivost na nekatere sestavine izdelka.<\/p>\n<p>Zdravila Vetom 1.1 ne jemljite hkrati z antibiotiki in drugimi probiotiki.<\/p>\n<h5>Posebna navodila<\/h5>\n<p>Uporabljajte med nose\u010dnostjo in dojenjem le po posvetu z zdravnikom.<\/p>\n<p>Priprava ne vpliva na sposobnost vo\u017enje ali upravljanja potencialno nevarnih mehanizmov.<\/p>\n<h5>Doziranje<\/h5>\n<p><strong>V obliki prahu, pakiran v polimernih kozarcih<\/strong><\/p>\n<h5><strong>Sestavine:<\/strong><\/h5>\n<p>Vetom 1.1. je biolo\u0161ko aktiven dodatek, ki se uporablja kot dodatni vir probioti\u010dnih mikroorganizmov.1 odmerek prehranskega dopolnila - 5 g, ki ,<\/p>\n<p>vsebuje: izvle\u010dek koruze - 2000 mg; krompirjev \u0161krob - 1500 mg; sladkor v prahu - 1000 mg; suho kulturo probioti\u010dnih mikroorganizmov Bacillus subtilis B-10641 (DSM 24613) sev 1\u00d7108 CFU\/g - 500 mg. Zdravilo Vetom 1.1 se daje peroralno.<\/p>\n<p>Vsebnost v 100 g izdelka (povpre\u010dne vrednosti): ma\u0161\u010dobe - najve\u010d 0,1 g, beljakovine - najve\u010d 1,0 g, ogljikovi hidrati - najmanj 98,9 g. Energijska vrednost - najve\u010d 400 Kcal.<\/p>\n<h5>Pogoji shranjevanja<\/h5>\n<p>Lahko se hrani pri 75 % relativni vla\u017enosti pod 30 \u00b0C.<\/p>\n<h5>Rok trajanja<\/h5>\n<p>2 leti od datuma izdelave. Po izteku roka uporabnosti ne u\u017eivajte.<\/p>\n<p>Neto te\u017ea - 500 g<\/p>\n<p>Bruto te\u017ea - 547 g<\/p>","protected":false},"excerpt":{"rendered":"<p>Koristni u\u010dinki <strong>Bacillus subtilis<\/strong> koristne bakterije, ki se ve\u010dinoma razmno\u017eujejo v debelem \u010drevesju:<\/p>\n<ul class=\"vetom-list\">\n<li>proteoliti\u010dni, amiloliti\u010dni in celulozoliti\u010dni encimi;<\/li>\n<li>interferon a-2 v \u010dlove\u0161kih levkocitih;<\/li>\n<li>mg bacitracina, ki zavirajo rast in razvoj patogene in potencialno patogene mikroflore;<\/li>\n<li>in druge biolo\u0161ko aktivne snovi.<\/li>\n<\/ul>\n<p>Posledi\u010dno se bakterijska sestava \u010drevesne vsebine spremeni v ustrezno razvojno normo, \u010drevesne stene se o\u010distijo neprebavljenih ostankov, kar prispeva k aktivnemu odstranjevanju toksinov iz telesa in neoviranemu prenosu biolo\u0161ko aktivnih hranil.<\/p>\n<div class=\"plashka\">A <strong>Vetom <span style=\"color: red;\">1.1<\/span><\/strong> normalizira presnovo, prebavo in absorpcijo biolo\u0161ko aktivnih sestavin hrane v prebavilih.<\/div>\n<p>Otrokom prijazen izdelek, ki je slastno sladek in se lahko u\u017eiva samostojno.<\/p>\n<p>A <strong>Vetom <span style=\"color: red;\">1.1<\/span><\/strong> pove\u010duje u\u010dinkovitost zdravil in zmanj\u0161uje njihove negativne stranske u\u010dinke na \u010dlove\u0161ko telo.<\/p>\n<p>To ni zdravilo.<\/p>\n<div class=\"plashka\"><strong>Farmakolo\u0161ki u\u010dinki<\/strong>: imunomodulatorno, protivirusno, antiproliferativno, baktericidno, fungicidno, antiklamidijsko.<\/div>\n<h5>Lastnosti:<\/h5>\n<ul class=\"vetom-list\">\n<li>Ima visoko antagonisti\u010dno aktivnost proti patogenim in pogojno patogenim glivam in bakterijam, protivirusne, proteoliti\u010dne, amiliti\u010dne in celuloliti\u010dne lastnosti.<\/li>\n<li>spodbuja celi\u010dne in humoralne dejavnike imunosti.<\/li>\n<li>pove\u010da nespecifi\u010dno odpornost telesa<\/li>\n<li>stabilizira odpornost proti alergijam.<\/li>\n<li>normalizira presnovo<\/li>\n<\/ul>","protected":false},"featured_media":5821,"comment_status":"open","ping_status":"closed","template":"","meta":[],"product_brand":[],"product_cat":[22],"product_tag":[],"class_list":{"0":"post-5820","1":"product","2":"type-product","3":"status-publish","4":"has-post-thumbnail","6":"product_cat-vetom-probiotikumok","8":"first","9":"instock","10":"featured","11":"taxable","12":"shipping-taxable","13":"purchasable","14":"product-type-simple"},"_links":{"self":[{"href":"https:\/\/vetomshop.hu\/sl\/wp-json\/wp\/v2\/product\/5820","targetHints":{"allow":["GET"]}}],"collection":[{"href":"https:\/\/vetomshop.hu\/sl\/wp-json\/wp\/v2\/product"}],"about":[{"href":"https:\/\/vetomshop.hu\/sl\/wp-json\/wp\/v2\/types\/product"}],"replies":[{"embeddable":true,"href":"https:\/\/vetomshop.hu\/sl\/wp-json\/wp\/v2\/comments?post=5820"}],"wp:featuredmedia":[{"embeddable":true,"href":"https:\/\/vetomshop.hu\/sl\/wp-json\/wp\/v2\/media\/5821"}],"wp:attachment":[{"href":"https:\/\/vetomshop.hu\/sl\/wp-json\/wp\/v2\/media?parent=5820"}],"wp:term":[{"taxonomy":"product_brand","embeddable":true,"href":"https:\/\/vetomshop.hu\/sl\/wp-json\/wp\/v2\/product_brand?post=5820"},{"taxonomy":"product_cat","embeddable":true,"href":"https:\/\/vetomshop.hu\/sl\/wp-json\/wp\/v2\/product_cat?post=5820"},{"taxonomy":"product_tag","embeddable":true,"href":"https:\/\/vetomshop.hu\/sl\/wp-json\/wp\/v2\/product_tag?post=5820"}],"curies":[{"name":"wp","href":"https:\/\/api.w.org\/{rel}","templated":true}]}}