{"id":6957,"date":"2025-07-26T15:40:40","date_gmt":"2025-07-26T13:40:40","guid":{"rendered":"https:\/\/vetomshop.hu\/?post_type=product&#038;p=6957"},"modified":"2025-12-31T14:57:45","modified_gmt":"2025-12-31T13:57:45","slug":"bioseptin-probiotikus-kenocs-60-g","status":"publish","type":"product","link":"https:\/\/vetomshop.hu\/sl\/izdelek\/bioseptin-probiotikus-kenocs-60-g\/","title":{"rendered":"Bioseptin probioti\u010dno mazilo <span style=\"color:red\">60<\/span> g"},"content":{"rendered":"<p><span style=\"font-size: x-large;\"><b>Bioseptin probioti\u010dno mazilo 60 g<\/b><\/span><\/p>\n<p><span style=\"font-size: x-large;\">Mazilo Bioseptin ima antisepti\u010dne, protivnetne in beljakovinske lastnosti. Vsebuje spore bakterij Bacillus subtilis in Bacillus licheniformis, ki so u\u010dinkovite proti \u0161tevilnim patogenom. Uni\u010dujejo patogene bakterije na povr\u0161ini rane, tako v okolju, ki zahteva kisik, kot v okolju brez kisika, zlasti Gram-pozitivne vrste. Pomagajo razgraditi odmrlo tkivo in \u0161kodljive bakterije, prepre\u010dujejo ponovno oku\u017ebo in pospe\u0161ujejo celjenje rane. Mazilo ne povzro\u010da dra\u017eenja in ni alergijskih reakcij.<\/span><\/p>\n<p><span style=\"font-size: x-large;\"><b>Sestava in predstavitev:<\/b><\/span><\/p>\n<p><span style=\"font-size: x-large;\">Mazilo vsebuje spore dveh bakterijskih sevov v agarju (gelu) in etilnem alkoholu. Ne vsebuje gensko spremenjenih sestavin. Vsak gram mazila vsebuje vsaj milijon \u017eivih bakterijskih celic.<\/span><\/p>\n<p>Ve\u010d dr\u017eav mednarodne organizacije je skupaj uvedlo prepoved trgovanja (embargo) s kozmeti\u010dnimi izdelki, zato je bilo mazilo Bioseptin na Mad\u017earskem registrirano kot zdravilo za uporabo v veterinarski medicini. .<\/p>\n<p><span style=\"font-size: x-large;\"><b>Kako uporabljati:<\/b><\/span><\/p>\n<p><span style=\"font-size: x-large;\">Zunanje ga nanesite na po\u0161kodovano mesto ko\u017ee 1-2-krat na dan, dokler se ne zaceli. Zdravljenega obmo\u010dja ni treba prevezovati.<\/span><\/p>\n<p><span style=\"font-size: x-large;\"><b>Kdaj ne smete uporabljati:<\/b><\/span><\/p>\n<p><span style=\"font-size: x-large;\">\u00a0 \u00a0\u010ce ste ob\u010dutljivi na katero koli sestavino tega izdelka, ga ne priporo\u010damo. Prav tako ga ne smete uporabljati v kombinaciji z antibiotiki, sulfonamidi ali drugimi pripravki na osnovi bakterij.<\/span><\/p>\n<p><span style=\"font-size: x-large;\"><b>Pomembne informacije:<\/b><\/span><\/p>\n<p><span style=\"font-size: x-large;\"><span style=\"color: #127622;\"><b>Pri ljudeh se uporablja mazilo:<\/b><\/span><\/span><\/p>\n<p><span style=\"font-size: large;\">Na prizadeto mesto nanesite tanko plast 1-2-krat na dan, dokler se rana ne zaceli.<\/span><\/p>\n<p><span style=\"font-size: large;\">Predoziranje ni mogo\u010de.<\/span><\/p>\n<p><span style=\"font-size: x-large;\"><span style=\"color: #127622;\"><b>Pri \u017eivalih uporaba mazila:<\/b><\/span><\/span><\/p>\n<p><span style=\"font-size: x-large;\">Ko so \u017eivali obdelane, ni treba \u010dakati, da se njihovo meso ali drugi proizvodi (npr. jajca, mleko) lahko uporabijo kot hrana - to pomeni, da jih je mogo\u010de takoj zau\u017eiti.<\/span><\/p>\n<p><span style=\"font-size: x-large;\"><b>Podro\u010dja uporabe:<\/b><\/span><\/p>\n<p><span style=\"font-size: x-large;\">Uporablja se lahko za zdravljenje ran, oku\u017eenega ali odmrlega tkiva, opeklin in dermatitisa pri razli\u010dnih vrstah \u017eivali - doma\u010dih, farmskih, divjih in ko\u017euharskih \u017eivalih ter perutnini.<\/span><\/p>\n<p><span style=\"font-size: x-large;\"><b>Ne\u017eeleni u\u010dinki:<\/b><\/span><\/p>\n<p><span style=\"font-size: x-large;\">Ob pravilni uporabi so ne\u017eeleni u\u010dinki redki ali jih sploh ni.<\/span><\/p>\n<p><span style=\"font-size: x-large;\"><b>Shranjevanje :<\/b><\/span><\/p>\n<p><span style=\"font-size: x-large;\">Mazilo je treba hraniti v hladnem (0-10 \u00b0C), suhem in temnem prostoru, nedosegljivem otrokom in \u017eivalim. Med prevozom naj ostane pri temperaturi 20 \u00b0C najve\u010d 2 tedna. Uporablja se lahko 2 leti od datuma izdelave.<\/span><\/p>","protected":false},"excerpt":{"rendered":"<p>A <strong>Bioseptin mazilo<\/strong> antisepti\u010dne, protivnetne in proteoliti\u010dne lastnosti. Vsebuje <strong>Bacillus subtilis<\/strong> in . <strong>Bacillus licheniformis<\/strong> bakterijske spore so u\u010dinkovite proti \u0161tevilnim povzro\u010diteljem bolezni. Uni\u010dujejo patogene bakterije na povr\u0161ini rane, ne glede na to, ali \u017eivijo v okolju, ki potrebuje kisik, ali brez njega, zlasti Gram-pozitivne vrste. Pomagajo razgraditi odmrlo tkivo in \u0161kodljive bakterije, prepre\u010dujejo ponovno oku\u017ebo in pospe\u0161ujejo celjenje rane. Mazilo ne povzro\u010da dra\u017eenja in ni alergijskih reakcij.<\/p>\n<div class=\"plashka\">\n<h5>Lastnosti in mehanizem delovanja:<br \/>\nBioseptin - mazilo z negovalnimi, antisepti\u010dnimi, protivnetnimi in proteoliti\u010dnimi lastnostmi.<\/h5>\n<\/div>","protected":false},"featured_media":6958,"comment_status":"open","ping_status":"closed","template":"","meta":[],"product_brand":[],"product_cat":[22],"product_tag":[],"class_list":{"0":"post-6957","1":"product","2":"type-product","3":"status-publish","4":"has-post-thumbnail","6":"product_cat-vetom-probiotikumok","8":"first","9":"outofstock","10":"taxable","11":"shipping-taxable","12":"purchasable","13":"product-type-simple"},"_links":{"self":[{"href":"https:\/\/vetomshop.hu\/sl\/wp-json\/wp\/v2\/product\/6957","targetHints":{"allow":["GET"]}}],"collection":[{"href":"https:\/\/vetomshop.hu\/sl\/wp-json\/wp\/v2\/product"}],"about":[{"href":"https:\/\/vetomshop.hu\/sl\/wp-json\/wp\/v2\/types\/product"}],"replies":[{"embeddable":true,"href":"https:\/\/vetomshop.hu\/sl\/wp-json\/wp\/v2\/comments?post=6957"}],"wp:featuredmedia":[{"embeddable":true,"href":"https:\/\/vetomshop.hu\/sl\/wp-json\/wp\/v2\/media\/6958"}],"wp:attachment":[{"href":"https:\/\/vetomshop.hu\/sl\/wp-json\/wp\/v2\/media?parent=6957"}],"wp:term":[{"taxonomy":"product_brand","embeddable":true,"href":"https:\/\/vetomshop.hu\/sl\/wp-json\/wp\/v2\/product_brand?post=6957"},{"taxonomy":"product_cat","embeddable":true,"href":"https:\/\/vetomshop.hu\/sl\/wp-json\/wp\/v2\/product_cat?post=6957"},{"taxonomy":"product_tag","embeddable":true,"href":"https:\/\/vetomshop.hu\/sl\/wp-json\/wp\/v2\/product_tag?post=6957"}],"curies":[{"name":"wp","href":"https:\/\/api.w.org\/{rel}","templated":true}]}}