{"id":7033,"date":"2025-08-19T14:24:55","date_gmt":"2025-08-19T12:24:55","guid":{"rendered":"https:\/\/vetomshop.hu\/?post_type=product&#038;p=7033"},"modified":"2025-10-21T17:32:52","modified_gmt":"2025-10-21T15:32:52","slug":"honey-vetom-biologiailag-aktiv-etrend-kiegeszito-60-ml","status":"publish","type":"product","link":"https:\/\/vetomshop.hu\/sl\/izdelek\/honey-vetom-biologiailag-aktiv-etrend-kiegeszito-60-ml\/","title":{"rendered":"Med Vetom - Biolo\u0161ko aktivno prehransko dopolnilo <span style=\"color:red\">60<\/span> ml"},"content":{"rendered":"<p><span style=\"font-size: x-large;\"><b>Med Vetom - Biolo\u0161ko aktivno prehransko dopolnilo 60 g<\/b><\/span><\/p>\n<h5><strong>Sestava (1 odmerek = 10 g):<\/strong><\/h5>\n<p>* Naravni med: 8 g<\/p>\n<p>* Fermentiran izvle\u010dek koruze (Bacillus subtilis VKPM B-10641): 1 g (vsebuje 1\u00d710\u2076 CFU\/g bakterij)<\/p>\n<h5><strong>Hranilna vrednost v 10 g:<\/strong><\/h5>\n<ul class=\"vetom-list\">\n<li>\u00a0 * ma\u0161\u010dobe: 0 g<\/li>\n<li>\u00a0 * Ogljikovi hidrati: 8 g<\/li>\n<li>\u00a0 * Beljakovine: 0,08 g<\/li>\n<li>\u00a0 * Energija: 31,4 kcal<\/li>\n<\/ul>\n<h5><strong>Opis:<\/strong><\/h5>\n<ul class=\"vetom-list\">\n<li>gosta, homogena snov na osnovi medu<\/li>\n<li>Barva: od bele do temno rjave<\/li>\n<li>Tekstura: delno ali popolnoma kristalizirana<\/li>\n<li>Aroma: prijeten vonj po medu<\/li>\n<li>Okus: sladek, brez tujega okusa<\/li>\n<\/ul>\n<h5><strong>Izdaja:<\/strong><\/h5>\n<ul class=\"vetom-list\">\n<li>60 ml tuba<\/li>\n<li>V kartonski \u0161katli z informativnim letakom<\/li>\n<\/ul>\n<h5><strong>Zakaj se priporo\u010da?<\/strong><\/h5>\n<ul class=\"vetom-list\">\n<li>Obogaten z biolo\u0161ko aktivnimi snovmi probioti\u010dnih mikroorganizmov<\/li>\n<li>Podpira \u010drevesno floro in imunsko funkcijo<\/li>\n<li>Tudi vir fruktoze<\/li>\n<\/ul>\n<h5><strong>Uporaba in odmerjanje:<\/strong><\/h5>\n<p>Ni zdravilo<\/p>\n<ul class=\"vetom-list\">\n<li>Odrasli: 3-krat na dan v enakih \u010dasovnih presledkih 10 dni<\/li>\n<li>En odmerek: 10 g (pribli\u017eno 1 \u010dajna \u017eli\u010dka)<\/li>\n<li>Lahko se jemlje s hrano ali brez nje (pred, med ali po)<\/li>\n<li>Priporo\u010dljivo je ponavljati vsake 3 mesece<\/li>\n<\/ul>\n<h5><strong>Shranjevanje:<\/strong><\/h5>\n<div class=\"plashka\">\n<p>* Suh, hladen prostor* Za\u0161\u010diteno pred son\u010dno svetlobo<\/p>\n<p>* Najve\u010dja vrednost pri +20 \u00b0C<\/p>\n<p>* Po odprtju: lahko se uporablja 12 mesecev<\/p>\n<p>* Rok trajanja: 2 leti od proizvodnje<\/p>\n<\/div>\n<p><strong>Opozorila:<\/strong><\/p>\n<p><strong>Ni priporo\u010dljivo:<\/strong><\/p>\n<ul>\n<li>V primeru individualne ob\u010dutljivosti ali alergije<\/li>\n<li>Za nose\u010dnice, doje\u010de matere in mlaj\u0161e od 18 let<\/li>\n<li>Za diabetike<\/li>\n<li>V primeru raka<\/li>\n<li>Ne prekora\u010dite priporo\u010denega dnevnega odmerka!<\/li>\n<li>Pred uporabo se posvetujte z zdravnikom<\/li>\n<\/ul>\n<p>Vsebnost fruktoze (v 30 g na dan):<\/p>\n<p>12 g fruktoze, kar je 68,6% priporo\u010denega dnevnega vnosa (v skladu z dolo\u010denimi standardi)<\/p>\n<p><strong>Informacije o tr\u017eenju:<\/strong><\/p>\n<p><strong>Proizvajalec:<\/strong> OOO NPF Issledovatelsky Tsentr, Novosibirsk, Rusija<\/p>\n<p><strong>Distributer:<\/strong> Cemmedic Europe Ltd., Zichy\u00fajfalu, Mad\u017earska<\/p>\n<p>+36305573846, vetomshop.hu@gmail.com<\/p>","protected":false},"excerpt":{"rendered":"<div class=\"plashka\">\n<h5><strong>Sestava (1 odmerek = 10 g):<\/strong><\/h5>\n<p>- Naravni med: 8 g<br \/>\n- Fermentiran izvle\u010dek koruze (Bacillus subtilis VKPM B-10641): 1 g (vsebuje 1\u00d710\u2076 CFU\/g bakterij)<\/p>\n<\/div>\n<h5><strong>Opis:<\/strong><\/h5>\n<ul class=\"vetom-list\">\n<li>gosta, homogena snov na osnovi medu<\/li>\n<li>Barva: od bele do temno rjave<\/li>\n<li>Tekstura: delno ali popolnoma kristalizirana<\/li>\n<li>Aroma: prijeten vonj po medu<\/li>\n<li>Okus: sladek, brez tujega okusa<\/li>\n<\/ul>\n<div class=\"plashka\">\n<h5><strong>Zakaj se priporo\u010da?<\/strong><\/h5>\n<ul class=\"vetom-list\">\n<li>Obogaten z biolo\u0161ko aktivnimi snovmi probioti\u010dnih mikroorganizmov<\/li>\n<li>Podpira \u010drevesno floro in imunsko funkcijo<\/li>\n<li>Tudi vir fruktoze<\/li>\n<\/ul>\n<\/div>","protected":false},"featured_media":7034,"comment_status":"open","ping_status":"closed","template":"","meta":[],"product_brand":[],"product_cat":[37,22],"product_tag":[],"class_list":{"0":"post-7033","1":"product","2":"type-product","3":"status-publish","4":"has-post-thumbnail","6":"product_cat-mezpaszta","7":"product_cat-vetom-probiotikumok","9":"first","10":"outofstock","11":"taxable","12":"shipping-taxable","13":"purchasable","14":"product-type-simple"},"_links":{"self":[{"href":"https:\/\/vetomshop.hu\/sl\/wp-json\/wp\/v2\/product\/7033","targetHints":{"allow":["GET"]}}],"collection":[{"href":"https:\/\/vetomshop.hu\/sl\/wp-json\/wp\/v2\/product"}],"about":[{"href":"https:\/\/vetomshop.hu\/sl\/wp-json\/wp\/v2\/types\/product"}],"replies":[{"embeddable":true,"href":"https:\/\/vetomshop.hu\/sl\/wp-json\/wp\/v2\/comments?post=7033"}],"wp:featuredmedia":[{"embeddable":true,"href":"https:\/\/vetomshop.hu\/sl\/wp-json\/wp\/v2\/media\/7034"}],"wp:attachment":[{"href":"https:\/\/vetomshop.hu\/sl\/wp-json\/wp\/v2\/media?parent=7033"}],"wp:term":[{"taxonomy":"product_brand","embeddable":true,"href":"https:\/\/vetomshop.hu\/sl\/wp-json\/wp\/v2\/product_brand?post=7033"},{"taxonomy":"product_cat","embeddable":true,"href":"https:\/\/vetomshop.hu\/sl\/wp-json\/wp\/v2\/product_cat?post=7033"},{"taxonomy":"product_tag","embeddable":true,"href":"https:\/\/vetomshop.hu\/sl\/wp-json\/wp\/v2\/product_tag?post=7033"}],"curies":[{"name":"wp","href":"https:\/\/api.w.org\/{rel}","templated":true}]}}