{"id":7340,"date":"2026-01-20T11:12:33","date_gmt":"2026-01-20T10:12:33","guid":{"rendered":"https:\/\/vetomshop.hu\/?post_type=product&#038;p=7340"},"modified":"2026-03-02T20:22:06","modified_gmt":"2026-03-02T19:22:06","slug":"vektor-animals-1-2-vetom-1-2-probiotikum-por-formajaban-3-bakteriumtorzzsel-allatok-szamara-belflora-es-immunitas-10x50-g","status":"publish","type":"product","link":"https:\/\/vetomshop.hu\/sl\/izdelek\/vektor-animals-1-2-vetom-1-2-probiotikum-por-formajaban-3-bakteriumtorzzsel-allatok-szamara-belflora-es-immunitas-10x50-g\/","title":{"rendered":"Vektor Animals 1.2 (Vetom 1.2) - probiotik v prahu s tremi sevi bakterij za \u017eivali (\u010drevesna flora in odpornost) - <span style=\"color:red\">10\u00d750 g<\/span>"},"content":{"rendered":"<h3>Vektor Animals 1.2 (Vetom 1.2) - Probiotik \u0161irokega spektra (3 sevi)<\/h3>\n<div class=\"plashka\">A <strong>Vektorske \u017eivali <span style=\"color: red;\">1.2<\/span><\/strong> okrepljeno formulo, ki <strong>tri vrste aktivnih bakterijskih sevov<\/strong> vklju\u010dujejo. Je univerzalna formulacija: primerna za sesalce, ptice, ribe, plazilce in \u010debele, da se obnovi naravna odpornost.<\/div>\n<h5>Aktivne sestavine - trojna za\u0161\u010dita<\/h5>\n<p>U\u010dinkovitost izdelka zagotavlja kombinacija naslednjih posebej izbranih bakterijskih sevov:<\/p>\n<ul class=\"vetom-list\">\n<li>Bacillus subtilis VKPM B-10641<\/li>\n<li>Bacillus amyloliquefaciens VKPM B-10642<\/li>\n<li>Bacillus amyloliquefaciens VKPM B-10643<\/li>\n<\/ul>\n<h5>Za koga se priporo\u010da? (Ciljne \u017eivali)<\/h5>\n<p>Izdelek je edinstven, saj se lahko uporablja za skoraj vse \u017eivalske vrste:<\/p>\n<ul class=\"vetom-list\">\n<li><strong>Hi\u0161ne \u017eivali:<\/strong> Psi, ma\u010dke (vseh pasem), glodavci (hr\u010dek, morski pra\u0161i\u010dek, zajec itd.).<\/li>\n<li><strong>Uporabne \u017eivali:<\/strong> Govedo, pra\u0161i\u010di, ovce, koze, konji.<\/li>\n<li><strong>Ptice:<\/strong> Okrasne ptice (papige, kanar\u010dki) in perutnina.<\/li>\n<li><strong>Posebne \u017eivali:<\/strong> Plazilci (\u017eelva, ku\u0161\u010dar, ka\u010da), dvo\u017eivke in akvarijske ribe (raztopljene v vodi).<\/li>\n<li><strong>\u010cebele:<\/strong> zmanj\u0161anje umrljivosti zaradi oku\u017eb.<\/li>\n<\/ul>\n<h5>Kdaj ga uporabiti?<\/h5>\n<p>Izdelek se lahko uporablja v preventivne in terapevtske namene:<\/p>\n<ul class=\"vetom-list\">\n<li><strong>Po zdravljenju z antibiotiki:<\/strong> Za obnovitev \u010drevesne flore in zdravljenje disbioze.<\/li>\n<li><strong>V stresnih situacijah:<\/strong> Med menjavo krme, prevozom ali stresom zaradi industrijskega kmetovanja.<\/li>\n<li><strong>Krepitev imunskega sistema:<\/strong> Kot dodatek k cepljenju za trajnej\u0161i imunski odziv.<\/li>\n<li><strong>Pove\u010danje proizvodnje:<\/strong> Za pove\u010danje proizvodnje jajc pri perutnini ter za spodbujanje pove\u010danja telesne mase in rasti pri \u017eivini.<\/li>\n<li><strong>Prepre\u010devanje bolezni:<\/strong> Na primer za zmanj\u0161anje oku\u017eb pri \u010debelah in vnetja po porodu (endometritis, mastitis) pri kravah.<\/li>\n<\/ul>\n<h5>Navodila za odmerjanje<\/h5>\n<p>Pra\u0161ek se lahko daje posami\u010dno (zme\u0161an v vodi\/obroku) ali v skupinah. <strong>Osnovni odmerek: 50 mg\/kg \u017eive te\u017ee.<\/strong> <\/p>\n<ul class=\"vetom-list\">\n<li><strong>Prepre\u010devanje (zdravljenje):<\/strong> 1-krat na dan 15-20 dni. Ponovite vsako \u010detrtletje.<\/li>\n<li><strong>Terapija (v primeru bolezni):<\/strong> 2-krat na dan (vsakih 8-10 ur), dokler simptomi ne izginejo. V huj\u0161ih primerih 4-krat na dan (vsakih 6 ur).<\/li>\n<li><strong>Korekcija imunske pomanjkljivosti:<\/strong> 1-2-krat na dan 5-10 dni.<\/li>\n<li><strong>Skupinsko odmerjanje:<\/strong> 15 000 obrokov na tono krme ali vode.<\/li>\n<\/ul>\n<p><em>Opomba: Izdelek ne povzro\u010da navajenosti ali odpornosti.<\/em><\/p>","protected":false},"excerpt":{"rendered":"<div class=\"plashka\">A <strong>Vektorske \u017eivali <span style=\"color: red;\">1.2<\/span><\/strong> (Vetom 1.2) je probiotik, ki vsebuje 3 seve bakterij, ki <strong>Bacillus subtilis<\/strong> in . <strong>Bacillus amyloliquefaciens<\/strong> podpira zdravje \u017eivali s sporami.<\/div>\n<h5>Glavne prednosti:<\/h5>\n<ul class=\"vetom-list\">\n<li><strong>Univerzalno:<\/strong> Damo ga lahko psom, ma\u010dkam, \u017eivini ter celo ribam in \u010debelam.<\/li>\n<li><strong>Trojni u\u010dinek:<\/strong> Trije razli\u010dni sevi bakterij zagotavljajo \u0161ir\u0161o za\u0161\u010dito pred oku\u017ebami.<\/li>\n<li><strong>U\u010dinkovitost:<\/strong> Pove\u010duje produktivnost, izbolj\u0161uje rast in zmanj\u0161uje potrebo po zdravilih.<\/li>\n<li><strong>Varnost:<\/strong> Ne razvije odpornosti in je zelo priporo\u010dljiv po zdravljenju z antibiotiki.<\/li>\n<\/ul>","protected":false},"featured_media":7341,"comment_status":"open","ping_status":"closed","template":"","meta":[],"product_brand":[],"product_cat":[38,40],"product_tag":[],"class_list":{"0":"post-7340","1":"product","2":"type-product","3":"status-publish","4":"has-post-thumbnail","6":"product_cat-vektor-animals-vetom","7":"product_cat-vektor-animals-1-2","9":"first","10":"instock","11":"featured","12":"taxable","13":"shipping-taxable","14":"purchasable","15":"product-type-simple"},"_links":{"self":[{"href":"https:\/\/vetomshop.hu\/sl\/wp-json\/wp\/v2\/product\/7340","targetHints":{"allow":["GET"]}}],"collection":[{"href":"https:\/\/vetomshop.hu\/sl\/wp-json\/wp\/v2\/product"}],"about":[{"href":"https:\/\/vetomshop.hu\/sl\/wp-json\/wp\/v2\/types\/product"}],"replies":[{"embeddable":true,"href":"https:\/\/vetomshop.hu\/sl\/wp-json\/wp\/v2\/comments?post=7340"}],"wp:featuredmedia":[{"embeddable":true,"href":"https:\/\/vetomshop.hu\/sl\/wp-json\/wp\/v2\/media\/7341"}],"wp:attachment":[{"href":"https:\/\/vetomshop.hu\/sl\/wp-json\/wp\/v2\/media?parent=7340"}],"wp:term":[{"taxonomy":"product_brand","embeddable":true,"href":"https:\/\/vetomshop.hu\/sl\/wp-json\/wp\/v2\/product_brand?post=7340"},{"taxonomy":"product_cat","embeddable":true,"href":"https:\/\/vetomshop.hu\/sl\/wp-json\/wp\/v2\/product_cat?post=7340"},{"taxonomy":"product_tag","embeddable":true,"href":"https:\/\/vetomshop.hu\/sl\/wp-json\/wp\/v2\/product_tag?post=7340"}],"curies":[{"name":"wp","href":"https:\/\/api.w.org\/{rel}","templated":true}]}}