{"id":7358,"date":"2026-01-20T16:45:04","date_gmt":"2026-01-20T15:45:04","guid":{"rendered":"https:\/\/vetomshop.hu\/?post_type=product&#038;p=7358"},"modified":"2026-03-03T07:55:22","modified_gmt":"2026-03-03T06:55:22","slug":"vektor-animals-3-vetom-3-probiotikum-por-allatoknak-bacillus-amyloliquefaciens-1x50-g","status":"publish","type":"product","link":"https:\/\/vetomshop.hu\/sl\/izdelek\/vektor-animals-3-vetom-3-probiotikum-por-allatoknak-bacillus-amyloliquefaciens-1x50-g\/","title":{"rendered":"Vektor Animals 3 (Vetom 3) - probiotik v prahu za \u017eivali (Bacillus amyloliquefaciens) <span style=\"color:red\">1\u00d750 g<\/span>"},"content":{"rendered":"<h3>Vektor Animals 3 (Vetom 3) - probiotik s posebnim bakterijskim sevom<\/h3>\n<div class=\"plashka\">\n<p>Vetom 3 je naravni probiotik, ki temelji na koristnih u\u010dinkih bakterijskega seva Bacillus amyloliquefaciens. Ta bakterija deluje predvsem v debelem \u010drevesju, kjer proizvaja encime in aktivne snovi. To so:<\/p>\n<p>* zavirajo \u0161kodljive (patogene in pogojno patogene) bakterije in glive,<br \/>\n* pomagajo odstraniti neprebavljene snovi iz \u010drevesnega trakta,<br \/>\n* podpira la\u017ejo in bolj\u0161o absorpcijo hranilnih snovi,<br \/>\n* pomagajo pri razstrupljanju telesa.<\/p>\n<p>Vetom 3 pomaga vzpostaviti naravno ravnovesje \u010drevesne flore, izbolj\u0161a prebavo in presnovo ter prispeva k u\u010dinkovitej\u0161emu izkori\u0161\u010danju hranil.<\/p>\n<h2>Prednosti:<\/h2>\n<p>* Protibakterijske in protiglivi\u010dne lastnosti<br \/>\n* protivirusna, encimska, prebavna podpora<br \/>\n* Krepi celi\u010dni in humoralni imunski odziv<br \/>\n* Pove\u010da odpornost telesa<br \/>\n* Pomaga zmanj\u0161ati alergijske reakcije<br \/>\n* Podpira obnovo celic, lahko zavira nastanek tumorskih celic<br \/>\n* Izbolj\u0161a u\u010dinek drugih zdravil in zmanj\u0161a njihove ne\u017eelene u\u010dinke<br \/>\n* \u0161\u010diti telo na celi\u010dni ravni, pomaga prepre\u010devati razvoj tumorjev<\/p>\n<h2>Predlog za uporabo:<\/h2>\n<p><strong>Priporo\u010deni odmerek:<\/strong><br \/>\n* 10 dni je priporo\u010dljivo jemati po 1 kapsulo 2-3-krat na dan, pred, med ali po jedi, z majhno koli\u010dino teko\u010dine (voda, \u010daj ali sok). Med zdravljenjem spremljajte odziv telesa in po potrebi postopoma pove\u010dujte odmerek do 5-10 kapsul na dan.<\/p>\n<p>*Naro\u010danje lahko ponovite kadar koli po 1-2 tednih premora. Priporo\u010dljivo je, da se ob\u010dasno izmenjuje z drugo vrsto izdelka Vetom, da se v celoti podpre zdravje telesa in \u010drevesnega trakta.<\/p>\n<h2>Klju\u010dne lastnosti:<\/h2>\n<p>* Brez stranskih u\u010dinkov<br \/>\n* Brez starostnih omejitev<br \/>\n*Ne sme se predozirati<br \/>\n* Brez zasvojenosti<\/p>\n<h2>Podro\u010dje uporabe:<\/h2>\n<p>Priporo\u010da se kot biolo\u0161ko aktivno prehransko dopolnilo za izbolj\u0161anje stanja prebavil in ponovno vzpostavitev ravnovesja \u010drevesne flore.<\/p>\n<h2>Kontraindikacije:<\/h2>\n<p>Izdelek ni priporo\u010dljiv, \u010de ste alergi\u010dni ali preob\u010dutljivi na katero koli sestavino.<\/p>\n<h2>Pomembne informacije:<\/h2>\n<p>* Uporaba med nose\u010dnostjo in dojenjem le po nasvetu zdravnika<br \/>\n* Ne vpliva na vo\u017enjo ali upravljanje nevarnih strojev<\/p>\n<h2>Odmerjanje in sestava:<\/h2>\n<p>* 10 kapsul v listi\u010dih, 5 pakiranj v \u0161katli (skupaj 50 kapsul)<br \/>\n* Neto te\u017ea: 0,1 kg<br \/>\n* Velikost: 4,5 \u00d7 6,5 \u00d7 8 cm<\/p>\n<h2>Vsebina ene kapsule:<\/h2>\n<p>* izvle\u010dek koruze: 133 mg<br \/>\n* Krompirjev \u0161krob: 100 mg<br \/>\n* saharoza (sladkor v prahu): 67 mg<br \/>\n* bakterijska kultura Bacillus amyloliquefaciens* (DSM 24613) - 30 mg (1\u00d710\u2079 CFU\/g)<\/p>\n<p>Alternativni ekvivalent v obliki kapljic: Vetom 3,22 (10 ml)<\/p>\n<p>Dr\u017eava izvora: <strong>Rusija<\/strong><\/p>\n<\/div>","protected":false},"excerpt":{"rendered":"<div class=\"plashka\">A <strong>Vektorske \u017eivali <span style=\"color: red;\">3<\/span><\/strong> (Vetom 3) <strong>Bacillus amyloliquefaciens<\/strong> probiotik, ki vsebuje spore, ki pomagajo ohranjati zdrav prebavni sistem in krepiti imunski sistem.<\/div>\n<h5>Glavne prednosti:<\/h5>\n<ul class=\"vetom-list\">\n<li><strong>Za\u0161\u010dita \u010drevesne flore:<\/strong> \u0160e posebej u\u010dinkovito po zdravljenju z antibiotiki.<\/li>\n<li><strong>\u0160irok spekter:<\/strong> Damo ga lahko vsem \u017eivalskim vrstam, od rib do konjev.<\/li>\n<li><strong>Var\u010dno:<\/strong> Izbolj\u0161uje izkoristek krme in zmanj\u0161uje tveganje za nastanek bolezni.<\/li>\n<li><strong>Je varen:<\/strong> Povsem naravno, brez stranskih u\u010dinkov.<\/li>\n<\/ul>","protected":false},"featured_media":7359,"comment_status":"open","ping_status":"closed","template":"","meta":[],"product_brand":[],"product_cat":[38,41],"product_tag":[],"class_list":{"0":"post-7358","1":"product","2":"type-product","3":"status-publish","4":"has-post-thumbnail","6":"product_cat-vektor-animals-vetom","7":"product_cat-vektor-animals-3","9":"first","10":"instock","11":"featured","12":"taxable","13":"shipping-taxable","14":"purchasable","15":"product-type-simple"},"_links":{"self":[{"href":"https:\/\/vetomshop.hu\/sl\/wp-json\/wp\/v2\/product\/7358","targetHints":{"allow":["GET"]}}],"collection":[{"href":"https:\/\/vetomshop.hu\/sl\/wp-json\/wp\/v2\/product"}],"about":[{"href":"https:\/\/vetomshop.hu\/sl\/wp-json\/wp\/v2\/types\/product"}],"replies":[{"embeddable":true,"href":"https:\/\/vetomshop.hu\/sl\/wp-json\/wp\/v2\/comments?post=7358"}],"wp:featuredmedia":[{"embeddable":true,"href":"https:\/\/vetomshop.hu\/sl\/wp-json\/wp\/v2\/media\/7359"}],"wp:attachment":[{"href":"https:\/\/vetomshop.hu\/sl\/wp-json\/wp\/v2\/media?parent=7358"}],"wp:term":[{"taxonomy":"product_brand","embeddable":true,"href":"https:\/\/vetomshop.hu\/sl\/wp-json\/wp\/v2\/product_brand?post=7358"},{"taxonomy":"product_cat","embeddable":true,"href":"https:\/\/vetomshop.hu\/sl\/wp-json\/wp\/v2\/product_cat?post=7358"},{"taxonomy":"product_tag","embeddable":true,"href":"https:\/\/vetomshop.hu\/sl\/wp-json\/wp\/v2\/product_tag?post=7358"}],"curies":[{"name":"wp","href":"https:\/\/api.w.org\/{rel}","templated":true}]}}