{"id":1019,"date":"2020-02-17T14:17:10","date_gmt":"2020-02-17T14:17:10","guid":{"rendered":"https:\/\/vetomshop.hu\/?page_id=1019"},"modified":"2024-05-23T10:56:21","modified_gmt":"2024-05-23T08:56:21","slug":"a-vetom-probiotikum-tortenete","status":"publish","type":"page","link":"https:\/\/vetomshop.hu\/sv\/a-vetom-probiotikum-tortenete\/","title":{"rendered":"Historien om Vetom probiotic"},"content":{"rendered":"<h3>A <em>Bacillus<\/em> Forskningen om bakterier och de f\u00f6rsta \u201elevande\u201d preparaten baserade p\u00e5 dem g\u00e5r tillbaka till 1930-talet.<\/h3>\n<p><img loading=\"lazy\" decoding=\"async\" class=\"wp-image-3790 alignleft\" src=\"https:\/\/vetomshop.hu\/wp-content\/uploads\/2023\/02\/bacterio.jpg\" alt=\"\" width=\"655\" height=\"326\" srcset=\"https:\/\/vetomshop.hu\/wp-content\/uploads\/2023\/02\/bacterio.jpg 1500w, https:\/\/vetomshop.hu\/wp-content\/uploads\/2023\/02\/bacterio-300x149.jpg 300w, https:\/\/vetomshop.hu\/wp-content\/uploads\/2023\/02\/bacterio-1024x509.jpg 1024w, https:\/\/vetomshop.hu\/wp-content\/uploads\/2023\/02\/bacterio-768x382.jpg 768w, https:\/\/vetomshop.hu\/wp-content\/uploads\/2023\/02\/bacterio-1320x656.jpg 1320w, https:\/\/vetomshop.hu\/wp-content\/uploads\/2023\/02\/bacterio-600x298.jpg 600w\" sizes=\"auto, (max-width: 655px) 100vw, 655px\" \/>1939 st\u00f6tte Wermachts trupper p\u00e5 dysenteriproblemet i Afrika. Sjukdomen drabbade arm\u00e9erna p\u00e5 b\u00e5da sidor. De f\u00f6rsta som utrotade sjukdomen var araberna. Kameldynga anv\u00e4ndes som en effektiv medicin. Tyskarna v\u00e4grade att \u00e4ta kamelg\u00f6dsel, men de uppt\u00e4ckte att denna medicin var mycket effektiv. Den aktiva ingrediensen \u00e4r\u00a0 <em>Bacillus subtilis<\/em> mikroorganism som kan undertrycka utvecklingen och reproduktionen av dysenteripatogener. P\u00e5 basis av denna bakterie skapade tyska forskare ett probiotiskt preparat som d\u00e4refter anv\u00e4ndes i stor utstr\u00e4ckning inom milit\u00e4ren f\u00f6r att f\u00f6rebygga dysenteri. Efter uppl\u00f6sningen av Hitlers Tyskland f\u00f6rv\u00e4rvades tekniken f\u00f6r att producera probiotikan av amerikanerna.<\/p>\n<h3>Sovjetunionen stod dock inte passivt och tittade p\u00e5.<\/h3>\n<p>I slutet av andra v\u00e4rldskriget mobiliserades stora styrkor f\u00f6r att f\u00f6rsvara sig mot moderna vapen, inklusive biologiska vapen. \u00c5r 1974 grundades en enorm hemlig organisation - Microbioprom - f\u00f6r att utveckla f\u00f6rberedelser f\u00f6r att skydda m\u00e4nniskor mot biogena katastrofer, inklusive biologiska vapen. Mikrobioprom-systemet omfattade de d\u00e5 existerande vetenskapliga instituten samt de nyskapade specialiserade vetenskapliga mikrobiologicentren och biotillverkningsfabrikerna. Den ledande institutionen inom Mikrobioprom var f\u00f6retaget \u201eVektor\u201d, som l\u00e5g i byn Koltsovo n\u00e4ra Novosibirsk. Storleken p\u00e5 denna anl\u00e4ggning \u00e4r fortfarande imponerande idag. Fem andra institutioner byggdes och utvecklades parallellt med Vektor. P\u00e5 s\u00e5 s\u00e4tt blev Sovjetunionen inom en relativt kort tidsperiod v\u00e4rldsledande inom mikrobiologi.<\/p>\n<p><img loading=\"lazy\" decoding=\"async\" class=\"alignright wp-image-5499\" src=\"https:\/\/vetomshop.hu\/wp-content\/uploads\/2024\/04\/biotechnology.jpg\" alt=\"\" width=\"660\" height=\"369\" srcset=\"https:\/\/vetomshop.hu\/wp-content\/uploads\/2024\/04\/biotechnology.jpg 1000w, https:\/\/vetomshop.hu\/wp-content\/uploads\/2024\/04\/biotechnology-300x168.jpg 300w, https:\/\/vetomshop.hu\/wp-content\/uploads\/2024\/04\/biotechnology-768x429.jpg 768w, https:\/\/vetomshop.hu\/wp-content\/uploads\/2024\/04\/biotechnology-600x335.jpg 600w\" sizes=\"auto, (max-width: 660px) 100vw, 660px\" \/>I synnerhet i b\u00f6rjan av 1990-talet blev \u201eVector\u201d den f\u00f6rsta i m\u00e4nsklighetens historia att framg\u00e5ngsrikt skapa ett konstgjort levande objekt - en \u201eplasmid\u201e - som genererar interferon-alfa-2 fr\u00e5n m\u00e4nskliga leukocyter, ett viktigt protein i immunsystemet, som framg\u00e5ngsrikt inf\u00f6rlivades i \u00a0<em>Bacillus subtilis<\/em> i mikrov\u00e5gscellen. Resultatet \u00e4r en rekombinant version som kan producera cirka 70 antibiotika samt ett brett spektrum av ferment och interferoner. Denna stam sporuleras, tr\u00e4nger igenom mags\u00e4cken och tolvfingertarmen utan att skadas och aktiveras i tjocktarmen.<\/p>\n<p>Detta probiotiska preparat, baserat p\u00e5 det probiotiska preparat som n\u00e4mns ovan, kallas \u201eSubalin\u201d. Och vad som h\u00e4nde sedan vet alla. Sovjetunionen gjorde fel, marknadsreformerna b\u00f6rjade och myndigheterna ville inte ha Microbioprom. Men den amerikanska regeringen beh\u00f6vde \u201eVektor\u201d. Under tre \u00e5rs tid studerade, kontrollerade och samlade utl\u00e4ndska experter in data i \u201eVektor\u201d-omr\u00e5det. Naturligtvis kunde Subalin inte tr\u00e4nga in p\u00e5 marknaden. F\u00f6r att s\u00e4kerst\u00e4lla att \u00e5tminstone en del av forskningen om \u201eVektor\u201d inte gick f\u00f6rlorad, \u00e4r det till stor del tack vare dess skapare, Lev Stepanovich Sanakhchiev - en av skaparna av \u201eSubalin\u201d. Fr\u00e5n de separata enheterna i Vektor skapade Sanhakhchiev ett antal privata f\u00f6retag som har l\u00e4rt sig att \u00f6verleva p\u00e5 den privata linjen. Ungef\u00e4r h\u00e4lften av dem lyckades g\u00f6ra det.<\/p>\n<h3>Bland dessa finns Central Scientific - \u201eResearch Centre\u201d, som bland annat \u00e4r k\u00e4nt f\u00f6r mikrobiologi och genetik, med mer \u00e4n 50 uppfinningar registrerade av mikrobiologen och genetikern Alexander Ivanovich Lelyak.<\/h3>\n<p>Det r\u00e5kade vara just detta f\u00f6retag som ansvarade f\u00f6r \u00e4mnet levande preparat, deras vidare studier och organisationen av deras skapande. Under de senaste 20 \u00e5ren har forskningscentret, som f\u00f6r n\u00e4rvarande syssels\u00e4tter mer \u00e4n 200 specialister, utvecklat en strategi f\u00f6r att anpassa sig till r\u00e5dande marknadsf\u00f6rh\u00e5llanden.<\/p>\n<p><img loading=\"lazy\" decoding=\"async\" class=\"wp-image-5500  alignleft\" src=\"https:\/\/vetomshop.hu\/wp-content\/uploads\/2024\/04\/probioticum.jpg\" alt=\"\" width=\"656\" height=\"378\" srcset=\"https:\/\/vetomshop.hu\/wp-content\/uploads\/2024\/04\/probioticum.jpg 1024w, https:\/\/vetomshop.hu\/wp-content\/uploads\/2024\/04\/probioticum-300x173.jpg 300w, https:\/\/vetomshop.hu\/wp-content\/uploads\/2024\/04\/probioticum-768x443.jpg 768w, https:\/\/vetomshop.hu\/wp-content\/uploads\/2024\/04\/probioticum-600x346.jpg 600w\" sizes=\"auto, (max-width: 656px) 100vw, 656px\" \/>Mikrober utg\u00f6r 90 procent av v\u00e5r planets biomassa, f\u00f6rklarar Alexander Ivanovich Lelyak. - Vi kan lugnt s\u00e4ga att den v\u00e4rld vi lever i faktiskt \u00e4r deras. Majoriteten av mikroorganismerna \u00e4r infektioner fr\u00e5n m\u00e4nniskor, djur och v\u00e4xter. Vi sj\u00e4lva best\u00e5r av 2-3 procent mikrober. Om vi tittar p\u00e5 n\u00e5gon del av v\u00e5r kropp kan vi se att vissa mikroorganismer finns d\u00e4r - varje del av kroppen har sitt eget mikrobiella ekosystem. Dessa hj\u00e4lper kroppen att f\u00f6rsvara sig mot de skadliga effekterna av milj\u00f6n. Om vi bryter mot detta blir vi sjuka. Men i ett optimalt fall, n\u00e4r alla v\u00e5ra egna mikrober stannar hos oss, kan vi skydda oss mot alla infektioner!<\/p>","protected":false},"excerpt":{"rendered":"<p>A Bacillus bakt\u00e9riumok ut\u00e1n t\u00f6rt\u00e9n\u0151 kutat\u00e1sok \u00e9s azok alapj\u00e1n l\u00e9trehozott els\u0151 \u201e\u00e9l\u0151\u201d k\u00e9sz\u00edtm\u00e9nyek az 1930-as \u00e9vekre tehet\u0151. 1939-ben a Wermacht seregei Afrik\u00e1ban tal\u00e1lkoztak a v\u00e9rhas probl\u00e9m\u00e1j\u00e1val. A megbeteged\u00e9s \u00e9rintette mindk\u00e9t f\u00e9l sereg\u00e9t. A bajt els\u0151nek az arabok sz\u00fcntett\u00e9k meg. Hat\u00e9kony gy\u00f3gy k\u00e9sz\u00edtm\u00e9nyk\u00e9nt a tev\u00e9k tr\u00e1gy\u00e1j\u00e1t alkalmazt\u00e1k. A n\u00e9metek a tevetr\u00e1gy\u00e1t nem voltak hajland\u00f3k fogyasztani, viszont [&hellip;]<\/p>\n","protected":false},"author":1,"featured_media":0,"parent":0,"menu_order":0,"comment_status":"closed","ping_status":"closed","template":"","meta":{"footnotes":""},"class_list":["post-1019","page","type-page","status-publish","hentry"],"_links":{"self":[{"href":"https:\/\/vetomshop.hu\/sv\/wp-json\/wp\/v2\/pages\/1019","targetHints":{"allow":["GET"]}}],"collection":[{"href":"https:\/\/vetomshop.hu\/sv\/wp-json\/wp\/v2\/pages"}],"about":[{"href":"https:\/\/vetomshop.hu\/sv\/wp-json\/wp\/v2\/types\/page"}],"author":[{"embeddable":true,"href":"https:\/\/vetomshop.hu\/sv\/wp-json\/wp\/v2\/users\/1"}],"replies":[{"embeddable":true,"href":"https:\/\/vetomshop.hu\/sv\/wp-json\/wp\/v2\/comments?post=1019"}],"version-history":[{"count":0,"href":"https:\/\/vetomshop.hu\/sv\/wp-json\/wp\/v2\/pages\/1019\/revisions"}],"wp:attachment":[{"href":"https:\/\/vetomshop.hu\/sv\/wp-json\/wp\/v2\/media?parent=1019"}],"curies":[{"name":"wp","href":"https:\/\/api.w.org\/{rel}","templated":true}]}}