{"id":1020,"date":"2020-02-17T14:15:30","date_gmt":"2020-02-17T14:15:30","guid":{"rendered":"https:\/\/vetomshop.hu\/?page_id=1020"},"modified":"2024-09-26T18:57:13","modified_gmt":"2024-09-26T16:57:13","slug":"gyakori-kerdesek","status":"publish","type":"page","link":"https:\/\/vetomshop.hu\/sv\/gyakori-kerdesek\/","title":{"rendered":"Vanliga fr\u00e5gor och svar"},"content":{"rendered":"<div class=\"wpb-content-wrapper\">\n<div  data-mk-stretch-content=\"true\" class=\"wpb_row vc_row vc_row-fluid jupiter-donut- mk-fullwidth-false  attched-false     js-master-row  mk-grid\">\n\t\t\t\t\n<div class=\"vc_col-sm-12 wpb_column column_container  jupiter-donut- _ jupiter-donut-height-full\">\n\t\n<div data-style=\"accordion-style\" data-initialindex=\"0\" id=\"mk-accordion-2\" class=\"mk-accordion mobile-false fancy-style\">\n\t<div class=\"wpb_accordion_wrapper\">\n\t\t\n<div id=\"\"class=\"mk-accordion-single\">\n\n\t<div class=\"mk-accordion-tab\">\n\t\t<i><svg  class=\"mk-svg-icon\" data-name=\"mk-icon-medkit\" data-cacheid=\"icon-69f899b52ba5d\" xmlns=\"http:\/\/www.w3.org\/2000\/svg\" viewbox=\"0 0 1792 1792\"><path d=\"M1280 1120v-192q0-14-9-23t-23-9h-224v-224q0-14-9-23t-23-9h-192q-14 0-23 9t-9 23v224h-224q-14 0-23 9t-9 23v192q0 14 9 23t23 9h224v224q0 14 9 23t23 9h192q14 0 23-9t9-23v-224h224q14 0 23-9t9-23zm-640-736h512v-128h-512v128zm-384 0v1280h-32q-92 0-158-66t-66-158v-832q0-92 66-158t158-66h32zm1184 0v1280h-1088v-1280h160v-160q0-40 28-68t68-28h576q40 0 68 28t28 68v160h160zm352 224v832q0 92-66 158t-158 66h-32v-1280h32q92 0 158 66t66 158z\"\/><\/svg><\/i>\t\t<span>Vad \u00e4r Vetom?<\/span>\n\t\t<svg  class=\"mk-svg-icon\" data-name=\"mk-icon-chevron-right\" data-cacheid=\"icon-69f899b52bcd9\" style=\" height:13px; width: 9.2857142857143px; \"  xmlns=\"http:\/\/www.w3.org\/2000\/svg\" viewbox=\"0 0 1280 1792\"><path d=\"M1107 877l-742 742q-19 19-45 19t-45-19l-166-166q-19-19-19-45t19-45l531-531-531-531q-19-19-19-45t19-45l166-166q19-19 45-19t45 19l742 742q19 19 19 45t-19 45z\"\/><\/svg>\t<\/div>\n\n\t<div class=\"mk-accordion-pane\">\n\t\t\t<div class=\"vc_custom_1716651722549\">\n\n<div id=\"text-block-3\" class=\"mk-text-block  jupiter-donut-\">\n\n\t\n\t<p><span style=\"color: #a58904;\"><strong>VETOM<\/strong><\/span>\u00a0- en mycket kraftfull probiotika som \u00e5terst\u00e4ller och bevarar strukturen i tarmslemhinnan och mikrofloran i magen.<\/p>\n<p><img loading=\"lazy\" decoding=\"async\" class=\"size-full wp-image-623 aligncenter\" src=\"https:\/\/vetomshop.hu\/wp-content\/uploads\/2024\/05\/vetom-laboratorium.jpg\" alt=\"\" width=\"1464\" height=\"560\" \/><\/p>\n<p><strong><span style=\"color: #a58904;\">Hur bek\u00e4mpar Vetom virus- och bakterieinfektioner?<\/span><\/strong><\/p>\n<p>Den aktiva substansen i Vetom \u00e4r Bacillus subtilis stam VKPM B 10641. Bakterier som tillh\u00f6r denna art undertrycker specifikt tillv\u00e4xten och utvecklingen av mikrofloran utanf\u00f6r mag-tarmkanalen genom direkt antagonism mot infekti\u00f6sa \u00e4mnen och indirekt genom att optimera kroppens immunsystem genom produktion av interferon \u03b1-2 fr\u00e5n m\u00e4nskliga leukocyter.<\/p>\n<p>Interferon - en proteinmolekyl som ger antiviral immunitet!<\/p>\n<p>Den huvudsakliga verkningsmekanismen f\u00f6r interferon - undertryckande av utveckling och uppdelning. Vid fysiologiska doser reglerar denna \u00e5tg\u00e4rd replikeringen av virus.<\/p>\n<p>Den friska kroppen svarar p\u00e5 invasionen av virus genom att producera interferoner, som f\u00f6rhindrar den efterf\u00f6ljande utvecklingen av infektion.<\/p>\n<p><img loading=\"lazy\" decoding=\"async\" class=\"size-full wp-image-5647 aligncenter\" src=\"https:\/\/vetomshop.hu\/wp-content\/uploads\/2024\/05\/laborator.jpg\" alt=\"\" width=\"1000\" height=\"534\" srcset=\"https:\/\/vetomshop.hu\/wp-content\/uploads\/2024\/05\/laborator.jpg 1000w, https:\/\/vetomshop.hu\/wp-content\/uploads\/2024\/05\/laborator-300x160.jpg 300w, https:\/\/vetomshop.hu\/wp-content\/uploads\/2024\/05\/laborator-768x410.jpg 768w, https:\/\/vetomshop.hu\/wp-content\/uploads\/2024\/05\/laborator-600x320.jpg 600w\" sizes=\"auto, (max-width: 1000px) 100vw, 1000px\" \/>Eftersom Vetom stimulerar produktionen av interferon anv\u00e4nds det ocks\u00e5 f\u00f6r att bek\u00e4mpa virus och infektioner, inklusive coronavirus:<\/p>\n<ul>\n<li>SARS (rhinovirus, coronavirusinfektion, influensa- och parainfluensavirus);<\/li>\n<li>infektionssjukdomar - olika former av herpetiska lesioner (viral keratokonjunktivit och keratit, keratouveit, genital herpes, b\u00e4ltros);<\/li>\n<li>Akut och kronisk viral hepatit (A, B, C, D (delta)).<\/li>\n<\/ul>\n\n\t<div class=\"clearboth\"><\/div>\n<\/div>\n\n\t<\/div>\n\n\t\t<div class=\"clearboth\"><\/div>\n\t<\/div>\n\n<\/div>\n\n<div id=\"\"class=\"mk-accordion-single\">\n\n\t<div class=\"mk-accordion-tab\">\n\t\t<i><svg  class=\"mk-svg-icon\" data-name=\"mk-icon-medkit\" data-cacheid=\"icon-69f899b52ca24\" xmlns=\"http:\/\/www.w3.org\/2000\/svg\" viewbox=\"0 0 1792 1792\"><path d=\"M1280 1120v-192q0-14-9-23t-23-9h-224v-224q0-14-9-23t-23-9h-192q-14 0-23 9t-9 23v224h-224q-14 0-23 9t-9 23v192q0 14 9 23t23 9h224v224q0 14 9 23t23 9h192q14 0 23-9t9-23v-224h224q14 0 23-9t9-23zm-640-736h512v-128h-512v128zm-384 0v1280h-32q-92 0-158-66t-66-158v-832q0-92 66-158t158-66h32zm1184 0v1280h-1088v-1280h160v-160q0-40 28-68t68-28h576q40 0 68 28t28 68v160h160zm352 224v832q0 92-66 158t-158 66h-32v-1280h32q92 0 158 66t66 158z\"\/><\/svg><\/i>\t\t<span>\u00c4r Vetom l\u00e4mpligt f\u00f6r barn?<\/span>\n\t\t<svg  class=\"mk-svg-icon\" data-name=\"mk-icon-chevron-right\" data-cacheid=\"icon-69f899b52caed\" style=\" height:13px; width: 9.2857142857143px; \"  xmlns=\"http:\/\/www.w3.org\/2000\/svg\" viewbox=\"0 0 1280 1792\"><path d=\"M1107 877l-742 742q-19 19-45 19t-45-19l-166-166q-19-19-19-45t19-45l531-531-531-531q-19-19-19-45t19-45l166-166q19-19 45-19t45 19l742 742q19 19 19 45t-19 45z\"\/><\/svg>\t<\/div>\n\n\t<div class=\"mk-accordion-pane\">\n\t\t\t<div class=\"vc_custom_1675849573805\">\n\n<div id=\"text-block-4\" class=\"mk-text-block  jupiter-donut-\">\n\n\t\n\t<p><img loading=\"lazy\" decoding=\"async\" class=\"size-full wp-image-612 aligncenter\" src=\"\/\/vetom-egeszsegshop.hu\/wp-content\/uploads\/2023\/02\/probio-dity.jpg\" alt=\"\" width=\"1105\" height=\"600\" \/><\/p>\n<p>Probiotikan har ingen \u00e5ldersgr\u00e4ns, s\u00e5 den kan tas av b\u00e5de vuxna och barn.<\/p>\n<p>Du kan anv\u00e4nda den flytande formen av probiotika : 1-2 droppar 2-3 g\u00e5nger om dagen, utsp\u00e4dd i lite vatten. F\u00f6retr\u00e4desvis som en kur i 10-14 dagar.<\/p>\n<p>Eller s\u00e5 ges det som ett pulver, 1 g pulver per 10 kg av barnets vikt, 2-3 g\u00e5nger om dagen. Pulvret kan sp\u00e4das ut i en liten m\u00e4ngd v\u00e4tska.<\/p>\n<p>Helst en kur som varar i 10-14 dagar.<\/p>\n\n\t<div class=\"clearboth\"><\/div>\n<\/div>\n\n\t<\/div>\n\n\t\t<div class=\"clearboth\"><\/div>\n\t<\/div>\n\n<\/div>\n\n<div id=\"\"class=\"mk-accordion-single\">\n\n\t<div class=\"mk-accordion-tab\">\n\t\t<i><svg  class=\"mk-svg-icon\" data-name=\"mk-icon-medkit\" data-cacheid=\"icon-69f899b52d377\" xmlns=\"http:\/\/www.w3.org\/2000\/svg\" viewbox=\"0 0 1792 1792\"><path d=\"M1280 1120v-192q0-14-9-23t-23-9h-224v-224q0-14-9-23t-23-9h-192q-14 0-23 9t-9 23v224h-224q-14 0-23 9t-9 23v192q0 14 9 23t23 9h224v224q0 14 9 23t23 9h192q14 0 23-9t9-23v-224h224q14 0 23-9t9-23zm-640-736h512v-128h-512v128zm-384 0v1280h-32q-92 0-158-66t-66-158v-832q0-92 66-158t158-66h32zm1184 0v1280h-1088v-1280h160v-160q0-40 28-68t68-28h576q40 0 68 28t28 68v160h160zm352 224v832q0 92-66 158t-158 66h-32v-1280h32q92 0 158 66t66 158z\"\/><\/svg><\/i>\t\t<span>Hur tar man Vetom-produkter?<\/span>\n\t\t<svg  class=\"mk-svg-icon\" data-name=\"mk-icon-chevron-right\" data-cacheid=\"icon-69f899b52d432\" style=\" height:13px; width: 9.2857142857143px; \"  xmlns=\"http:\/\/www.w3.org\/2000\/svg\" viewbox=\"0 0 1280 1792\"><path d=\"M1107 877l-742 742q-19 19-45 19t-45-19l-166-166q-19-19-19-45t19-45l531-531-531-531q-19-19-19-45t19-45l166-166q19-19 45-19t45 19l742 742q19 19 19 45t-19 45z\"\/><\/svg>\t<\/div>\n\n\t<div class=\"mk-accordion-pane\">\n\t\t\t<div class=\"vc_custom_1716651401497\">\n\n<div id=\"text-block-5\" class=\"mk-text-block  jupiter-donut-\">\n\n\t\n\t<p>F\u00f6r maximal effekt, ta Vetom en timme f\u00f6re m\u00e5ltiderna med en liten m\u00e4ngd vanligt vatten. Det \u00e4r tillr\u00e5dligt att utesluta alkohol och kryddig mat under intagsperioden. N\u00e4r du v\u00e4ljer dosering och administreringsfrekvens b\u00f6r du komma ih\u00e5g att den terapeutiska effekten inte beror direkt p\u00e5 m\u00e4ngden av produkten som tas vid ett tillf\u00e4lle, utan p\u00e5 administreringsfrekvensen i en kureringsregim - ju oftare dosen \u00e4r, desto starkare \u00e4r effekten.<\/p>\n<p><img decoding=\"async\" class=\"alignnone size-full wp-image-5645\" src=\"https:\/\/vetomshop.hu\/wp-content\/uploads\/2024\/05\/gettyimages.jpg\" alt=\"\" width=\"100%\" srcset=\"https:\/\/vetomshop.hu\/wp-content\/uploads\/2024\/05\/gettyimages.jpg 1920w, https:\/\/vetomshop.hu\/wp-content\/uploads\/2024\/05\/gettyimages-300x171.jpg 300w, https:\/\/vetomshop.hu\/wp-content\/uploads\/2024\/05\/gettyimages-1024x585.jpg 1024w, https:\/\/vetomshop.hu\/wp-content\/uploads\/2024\/05\/gettyimages-768x438.jpg 768w, https:\/\/vetomshop.hu\/wp-content\/uploads\/2024\/05\/gettyimages-1536x877.jpg 1536w, https:\/\/vetomshop.hu\/wp-content\/uploads\/2024\/05\/gettyimages-1320x754.jpg 1320w, https:\/\/vetomshop.hu\/wp-content\/uploads\/2024\/05\/gettyimages-600x343.jpg 600w\" sizes=\"(max-width: 1920px) 100vw, 1920px\" \/><\/p>\n<p>En dos ska inneh\u00e5lla minst 5 miljoner mikroorganismer, t.ex. minst 5 g pulver (ca 1 tesked), 1 dosp\u00e5se eller 1 kapsel. Om du tar Vetom i flytande form \u00e4r 1 dos = 1 droppe.<\/p>\n<p><span style=\"color: #a58904;\"><strong>\u00d6verdosering har inga negativa effekter.<\/strong><\/span><\/p>\n<p>F\u00f6rebyggande dosering f\u00f6r friska personer f\u00f6r att f\u00f6rhindra eventuella sjukdomar<em>:\u00a0<\/em><\/p>\n<ul>\n<li>Ta Vetom <span style=\"color: #ff0000;\">1.1<\/span>-et eller Veto <span style=\"color: #ff0000;\">1.23<\/span>-(du v\u00e4ljer din egen formulering - n\u00e4rvaron av den aktiva ingrediensen \u00e4r viktig - Bacillus subtilis VKPM B-10641 (DSM 24613) stam) i 10-14 dagar, i flera doser om 7-10 g\u00e5nger dagligen, med ungef\u00e4r lika stora intervall.till exempel tar du det i 2 veckor, sedan tar du en 3 veckors paus och upprepar behandlingen igen. .<\/li>\n<li>Upprepa behandlingen minst 2 g\u00e5nger per \u00e5r, helst under perioden innan f\u00f6rkylningar \u00e4r mer sannolika.<\/li>\n<li>Rekommenderas f\u00f6r Vetom <span style=\"color: #ff0000;\">1.1<\/span> kapsel - droppform Vetom <span style=\"color: #ff0000;\">1.23<\/span> mellan kurerna, konsumera Vetom <span style=\"color: #ff0000;\">3<\/span>-at och <span style=\"color: #ff0000;\">4<\/span>-(eller jag tar <span style=\"color: #ff0000;\">2<\/span>-t) 2-3 doser per dag i 10-14 dagar.<\/li>\n<li>Ist\u00e4llet f\u00f6r Vetom-pulver eller kapslar kan du ta en flytande probiotika, som alla kan ha: Vetom <span style=\"color: #ff0000;\">1.23<\/span> Vetom <span style=\"color: #ff0000;\">3.22<\/span>, Vetom <span style=\"color: #ff0000;\">4.24<\/span> eller jag veto <span style=\"color: #ff0000;\">2.25<\/span>, Vetom <span style=\"color: #ff0000;\">2.26<\/span>.<\/li>\n<\/ul>\n<p>Om du har riktigt bra immunitet, d\u00e5 1-2 kurser p\u00e5 10-14 dagar av Vetom <span style=\"color: #ff0000;\">1.1<\/span> du kommer inte att m\u00e4rka n\u00e5gra speciella effekter efter behandlingen.<\/p>\n<p><strong><span style=\"color: #a58904;\">Terapeutisk plockning:<\/span><\/strong><\/p>\n<ul>\n<li>Ta Vetom <span style=\"color: #ff0000;\">1.1<\/span> kapslar eller Vetom <span style=\"color: #ff0000;\">1.23<\/span> 10 droppar per dag (10 kapslar - 10 droppar) i 10-14 dagar. D\u00e4refter min 14 dagars paus. .<\/li>\n<li>Intagningsregimen b\u00f6r upprepas efter 1 till 2 m\u00e5nader .<\/li>\n<li>Vetom <span style=\"color: #ff0000;\">1.1<\/span> (Vetom <span style=\"color: #ff0000;\">1.23<\/span> ) mellan behandlingarna f\u00f6rs\u00f6k till Vetom <span style=\"color: #ff0000;\">3<\/span>-at och <span style=\"color: #ff0000;\">4<\/span>-(eller jag tar <span style=\"color: #ff0000;\">2<\/span>-) kan konsumeras dagligen i 10-14 dagar.<\/li>\n<li>F\u00f6r att f\u00e5 dig att m\u00e5 b\u00e4ttre, Vetom <span style=\"color: #ff0000;\">1.1<\/span> intervallet mellan behandlingarna b\u00f6r \u00f6kas till 2-3 per \u00e5r. I enlighet med detta har Vetom <span style=\"color: #ff0000;\">2<\/span> Frekvensen av doserna 3 och 4 kan ocks\u00e5 gradvis minskas \u00f6ver tiden fr\u00e5n 10 till 2-3 doser.<\/li>\n<\/ul>\n\n\t<div class=\"clearboth\"><\/div>\n<\/div>\n\n\t<\/div>\n\n\t\t<div class=\"clearboth\"><\/div>\n\t<\/div>\n\n<\/div>\n\n<div id=\"\"class=\"mk-accordion-single\">\n\n\t<div class=\"mk-accordion-tab\">\n\t\t<i><svg  class=\"mk-svg-icon\" data-name=\"mk-icon-medkit\" data-cacheid=\"icon-69f899b52e01e\" xmlns=\"http:\/\/www.w3.org\/2000\/svg\" viewbox=\"0 0 1792 1792\"><path d=\"M1280 1120v-192q0-14-9-23t-23-9h-224v-224q0-14-9-23t-23-9h-192q-14 0-23 9t-9 23v224h-224q-14 0-23 9t-9 23v192q0 14 9 23t23 9h224v224q0 14 9 23t23 9h192q14 0 23-9t9-23v-224h224q14 0 23-9t9-23zm-640-736h512v-128h-512v128zm-384 0v1280h-32q-92 0-158-66t-66-158v-832q0-92 66-158t158-66h32zm1184 0v1280h-1088v-1280h160v-160q0-40 28-68t68-28h576q40 0 68 28t28 68v160h160zm352 224v832q0 92-66 158t-158 66h-32v-1280h32q92 0 158 66t66 158z\"\/><\/svg><\/i>\t\t<span>Vilken Vetom \u00e4r b\u00e4st?<\/span>\n\t\t<svg  class=\"mk-svg-icon\" data-name=\"mk-icon-chevron-right\" data-cacheid=\"icon-69f899b52e0dd\" style=\" height:13px; width: 9.2857142857143px; \"  xmlns=\"http:\/\/www.w3.org\/2000\/svg\" viewbox=\"0 0 1280 1792\"><path d=\"M1107 877l-742 742q-19 19-45 19t-45-19l-166-166q-19-19-19-45t19-45l531-531-531-531q-19-19-19-45t19-45l166-166q19-19 45-19t45 19l742 742q19 19 19 45t-19 45z\"\/><\/svg>\t<\/div>\n\n\t<div class=\"mk-accordion-pane\">\n\t\t\t<div class=\"vc_custom_1727369822448\">\n\n<div id=\"text-block-6\" class=\"mk-text-block  jupiter-donut-\">\n\n\t\n\t<p><img decoding=\"async\" class=\"wp-image-621 aligncenter\" src=\"https:\/\/vetomshop.hu\/wp-content\/uploads\/2024\/05\/nutrigenomics.jpg\" alt=\"\" width=\"100%\" \/><\/p>\n<p>Det \u00e4r om\u00f6jligt att avg\u00f6ra vilken av dessa probiotika som \u00e4r b\u00e4ttre. De anv\u00e4nds f\u00f6r n\u00e4stan samma sjukdomar, men varje Vetom har en annan effekt.  De kompletterar varandra.<\/p>\n<p>Allt beror p\u00e5 kroppens individuella egenskaper och tillst\u00e5nd . Den b\u00e4sta l\u00f6sningen skulle vara att anv\u00e4nda hela kursen av alla Vetom-produkter.<\/p>\n<p>De 4 olika kapslarna bildar i sj\u00e4lva verket 1 stor helhet.<\/p>\n\n\t<div class=\"clearboth\"><\/div>\n<\/div>\n\n\t<\/div>\n\n\t\t<div class=\"clearboth\"><\/div>\n\t<\/div>\n\n<\/div>\n\n<div id=\"\"class=\"mk-accordion-single\">\n\n\t<div class=\"mk-accordion-tab\">\n\t\t<i><svg  class=\"mk-svg-icon\" data-name=\"mk-icon-medkit\" data-cacheid=\"icon-69f899b52e61d\" xmlns=\"http:\/\/www.w3.org\/2000\/svg\" viewbox=\"0 0 1792 1792\"><path d=\"M1280 1120v-192q0-14-9-23t-23-9h-224v-224q0-14-9-23t-23-9h-192q-14 0-23 9t-9 23v224h-224q-14 0-23 9t-9 23v192q0 14 9 23t23 9h224v224q0 14 9 23t23 9h192q14 0 23-9t9-23v-224h224q14 0 23-9t9-23zm-640-736h512v-128h-512v128zm-384 0v1280h-32q-92 0-158-66t-66-158v-832q0-92 66-158t158-66h32zm1184 0v1280h-1088v-1280h160v-160q0-40 28-68t68-28h576q40 0 68 28t28 68v160h160zm352 224v832q0 92-66 158t-158 66h-32v-1280h32q92 0 158 66t66 158z\"\/><\/svg><\/i>\t\t<span>I vilken f\u00f6rpackning finns Vetom tillg\u00e4ngligt?<\/span>\n\t\t<svg  class=\"mk-svg-icon\" data-name=\"mk-icon-chevron-right\" data-cacheid=\"icon-69f899b52e6cf\" style=\" height:13px; width: 9.2857142857143px; \"  xmlns=\"http:\/\/www.w3.org\/2000\/svg\" viewbox=\"0 0 1280 1792\"><path d=\"M1107 877l-742 742q-19 19-45 19t-45-19l-166-166q-19-19-19-45t19-45l531-531-531-531q-19-19-19-45t19-45l166-166q19-19 45-19t45 19l742 742q19 19 19 45t-19 45z\"\/><\/svg>\t<\/div>\n\n\t<div class=\"mk-accordion-pane\">\n\t\t\t<div class=\"vc_custom_1716650901197\">\n\n<div id=\"text-block-7\" class=\"mk-text-block  jupiter-donut-\">\n\n\t\n\t<p><strong>I vilken f\u00f6rpackning finns Vetom tillg\u00e4ngligt?<\/strong><\/p>\n<p>Vetom finns i tre beredningsformer:<\/p>\n<ul>\n<li>Pulver 5, 500 g f\u00f6rpackning<\/li>\n<li>Kapslar i f\u00f6rpackningar om 50 korn<\/li>\n<li>V\u00e4tska 10 ml<\/li>\n<\/ul>\n<p><img loading=\"lazy\" decoding=\"async\" class=\"wp-image-625 aligncenter\" src=\"https:\/\/vetomshop.hu\/wp-content\/uploads\/2024\/05\/biotech-deepdive.webp\" alt=\"\" width=\"869\" height=\"365\" \/><\/p>\n\n\t<div class=\"clearboth\"><\/div>\n<\/div>\n\n\t<\/div>\n\n\t\t<div class=\"clearboth\"><\/div>\n\t<\/div>\n\n<\/div>\n\n<div id=\"\"class=\"mk-accordion-single\">\n\n\t<div class=\"mk-accordion-tab\">\n\t\t<i><svg  class=\"mk-svg-icon\" data-name=\"mk-icon-medkit\" data-cacheid=\"icon-69f899b52ef38\" xmlns=\"http:\/\/www.w3.org\/2000\/svg\" viewbox=\"0 0 1792 1792\"><path d=\"M1280 1120v-192q0-14-9-23t-23-9h-224v-224q0-14-9-23t-23-9h-192q-14 0-23 9t-9 23v224h-224q-14 0-23 9t-9 23v192q0 14 9 23t23 9h224v224q0 14 9 23t23 9h192q14 0 23-9t9-23v-224h224q14 0 23-9t9-23zm-640-736h512v-128h-512v128zm-384 0v1280h-32q-92 0-158-66t-66-158v-832q0-92 66-158t158-66h32zm1184 0v1280h-1088v-1280h160v-160q0-40 28-68t68-28h576q40 0 68 28t28 68v160h160zm352 224v832q0 92-66 158t-158 66h-32v-1280h32q92 0 158 66t66 158z\"\/><\/svg><\/i>\t\t<span>Hur skiljer sig probiotika fr\u00e5n fr\u00f6n?<\/span>\n\t\t<svg  class=\"mk-svg-icon\" data-name=\"mk-icon-chevron-right\" data-cacheid=\"icon-69f899b52eff1\" style=\" height:13px; width: 9.2857142857143px; \"  xmlns=\"http:\/\/www.w3.org\/2000\/svg\" viewbox=\"0 0 1280 1792\"><path d=\"M1107 877l-742 742q-19 19-45 19t-45-19l-166-166q-19-19-19-45t19-45l531-531-531-531q-19-19-19-45t19-45l166-166q19-19 45-19t45 19l742 742q19 19 19 45t-19 45z\"\/><\/svg>\t<\/div>\n\n\t<div class=\"mk-accordion-pane\">\n\t\t\t<div class=\"vc_custom_1722780911439\">\n\n<div id=\"text-block-8\" class=\"mk-text-block  jupiter-donut-\">\n\n\t\n\t<h3><span style=\"color: #a58904;\">Vetom probiotika kan ocks\u00e5 variera i sina bakteriella ingredienser och f\u00f6rpackningar.<\/span><\/h3>\n<p><span style=\"color: #a58904;\"><strong>Skillnaden i probiotiska mikroorganismer i Vetom-produkter:<\/strong><\/span><\/p>\n<p>Den legendariska VETOM Probiotics har tillverkats i \u00f6ver 20 \u00e5r, men f\u00e5 m\u00e4nniskor vet varf\u00f6r kursen best\u00e5r av 4 siffror och vad skillnaden \u00e4r.<\/p>\n<p><img loading=\"lazy\" decoding=\"async\" class=\"size-full wp-image-623 aligncenter\" src=\"https:\/\/vetomshop.hu\/wp-content\/uploads\/2024\/05\/tech-biotechnology.webp\" alt=\"\" width=\"1464\" height=\"560\" \/><\/p>\n<p>S\u00e5 de f\u00f6rs\u00f6ker ta reda p\u00e5 det.<\/p>\n<p>\u2713 A VETOM <span style=\"color: #ff0000;\">1<\/span> i kapsel- och droppform <span style=\"color: #ff0000;\">1.23<\/span> fungerar som en kvast i den mest cystiska delen av tjocktarmen. Det stimulerar produktionen av interferon.<\/p>\n<p>Organellerna i tunntarmens lymfk\u00f6rtlar \u00e4r ofta i vilol\u00e4ge p\u00e5 grund av stress, antibiotikabehandling, milj\u00f6faktorer etc.<\/p>\n<p>VETOMEN <span style=\"color: #ff0000;\">1.1<\/span> bakterier har plasmider inb\u00e4ddade i sin sammans\u00e4ttning som v\u00e4cker dessa organeller, vilket tvingar oss att producera v\u00e5rt eget interferon i m\u00e4ngder som \u00e4r l\u00e4mpliga f\u00f6r kroppens aktuella tillst\u00e5nd.<\/p>\n<p>\u2713 A VETOM <span style=\"color: #ff0000;\">2<\/span> i kapsel- och droppform <span style=\"color: #ff0000;\">2.25<\/span> eller <span style=\"color: #ff0000;\">2.26<\/span> Den inneh\u00e5ller 2 bakteriestammar, en som forts\u00e4tter att desinficera tjocktarmen och en som verkar i tunntarmen (eliminerar f\u00f6rs\u00f6k fr\u00e5n sjukdomsalstrande flora att \u201efly\u201d fr\u00e5n tjocktarmen till tunntarmen).<\/p>\n<p>\u2713 A VETOM <span style=\"color: #ff0000;\">3<\/span> i kapsel- och droppform <span style=\"color: #ff0000;\">3.22<\/span>\u00a0 den \u201emest aggressiva\u201d, rensar tjocktarmen.<\/p>\n<p>\u2713 A VETOM <span style=\"color: #ff0000;\">4<\/span> i kapsel- och droppform <span style=\"color: #ff0000;\">4.24<\/span> \u00e4r den snabbaste och mest grundliga, och fullbordar det som de f\u00f6rsta 3 VETOM inte gjorde, och fungerar som en \u201efixerande\u201d stam.<\/p>\n<p>Genom att till\u00e4mpa alla VETOM i f\u00f6ljd elimineras allts\u00e5 f\u00f6rruttnelseprocesserna i tarmarna, eftersom det har en permanent effekt p\u00e5 den kvarvarande patogena floran.<\/p>\n<p>Genom att avlasta bukspottk\u00f6rteln och levern ger vi kroppen m\u00f6jlighet att reparera systemet sj\u00e4lv, f\u00f6rb\u00e4ttra \u00e4mnesoms\u00e4ttningen och st\u00f6dja det allm\u00e4nna immunf\u00f6rsvaret.<\/p>\n<p>Sk\u00e5l!<\/p>\n<p>VETOM <span style=\"color: #ff0000;\">1.1<\/span> damm, Vetom <span style=\"color: #ff0000;\">1.1<\/span> kapsel, Vetom <span style=\"color: #ff0000;\">1.23<\/span> droppe - inneh\u00e5ller bakteriestammen Subtilis Bacilluis B-10641<\/p>\n<p>VETOM <span style=\"color: #ff0000;\">2<\/span>, Vetom <span style=\"color: #ff0000;\">2<\/span> kapsel, Vetom <span style=\"color: #ff0000;\">2.25<\/span>\u00a0 droppe - Bacillus amyloliquefaciens stam B-10642 (Dsm 24614) och Bacillus amyloliquefaciens stam B-10643 (Dsm 24615)<\/p>\n<p>Vetom <span style=\"color: #ff0000;\">2.26<\/span>\u00a0 droppen inneh\u00e5ller Bacillus Subtilis 10641 och Bacillus amylolique faciens 10643<\/p>\n<p>VETOM <span style=\"color: #ff0000;\">3<\/span>, Vetom <span style=\"color: #ff0000;\">3<\/span> kapsel, Vetom <span style=\"color: #ff0000;\">3.22<\/span> droppe - Bacillus amyloliquefaciens stam B-10642 (Dsm 24614)<\/p>\n<p>VETOM <span style=\"color: #ff0000;\">4<\/span>, Vetom <span style=\"color: #ff0000;\">4<\/span> kapslar eller Vetom <span style=\"color: #ff0000;\">4.24<\/span> droppe - Bacillus amyloliquefaciens stam B-10643 (Dsm 24614)<\/p>\n<p>F\u00f6rpackning av produkterna: i plastf\u00f6rpackningar med 500 g pulver, 50 kapslar med 50 g pulver eller i flytande form 10 ml.<\/p>\n<p>F\u00f6r patienter med cancervikt, diabetespatienter och patienter med mycket sv\u00e5ra matsm\u00e4ltningsproblem rekommenderas det att konsumera det i form av v\u00e4tska. <span style=\"color: #ff0000;\">1.23<\/span>,Vetom <span style=\"color: #ff0000;\">2.26<\/span>, Vetom <span style=\"color: #ff0000;\">3.22<\/span>, Vetom <span style=\"color: #ff0000;\">4.24<\/span>)<\/p>\n<p>Vetom <span style=\"color: #ff0000;\">1.23<\/span>, Vetom <span style=\"color: #ff0000;\">2.25<\/span>, Vetom <span style=\"color: #ff0000;\">2.26<\/span>, Vetom <span style=\"color: #ff0000;\">3.22<\/span>, Vetom <span style=\"color: #ff0000;\">4.24<\/span> preparaten \u00e4r identiska i sina effekter. De inneh\u00e5ller olika mikroorganismer som verkar i tarmkanalen och levererar olika biologiskt aktiva substanser till de omgivande organen. Som ett resultat \u00e4r deras \u00f6vergripande effekt p\u00e5 m\u00e4nniskokroppen annorlunda. F\u00f6r att uppn\u00e5 maximal positiv effekt rekommenderas det att anv\u00e4nda alla Vetom-produkter v\u00e4xelvis f\u00f6r att rena tarmkanalen och patogena system som helhet.<\/p>\n\n\t<div class=\"clearboth\"><\/div>\n<\/div>\n\n\t<\/div>\n\n\t\t<div class=\"clearboth\"><\/div>\n\t<\/div>\n\n<\/div>\n\t<\/div>\n<\/div>\n\n\n\t<div class=\"vc_custom_1675852632641\">\n\n<div id=\"text-block-9\" class=\"mk-text-block  jupiter-donut-\">\n\n\t\n\t<hr \/>\n<h3 style=\"padding-left: 40px;\"><span style=\"color: #9c810c;\"><strong>Du kan best\u00e4lla VETOM probiotika p\u00e5 v\u00e5r webbplats<\/strong>:<\/span><\/h3>\n<p style=\"padding-left: 80px;\"><a href=\"https:\/\/vetomshop.hu\/sv\/\">Vetomshop.hu<\/a><\/p>\n<p style=\"padding-left: 80px;\"><a href=\"https:\/\/vetom-egeszsegshop.hu\" target=\"_blank\" rel=\"noopener noreferrer nofollow\">Vetomegeszsegshop.hu<\/a><\/p>\n<p style=\"padding-left: 80px;\"><a href=\"https:\/\/www.facebook.com\/Vetomshop.hu\" target=\"_blank\" rel=\"noopener noreferrer nofollow\">Facebook (Vetom-Ungern)<\/a><\/p>\n<p style=\"padding-left: 40px;\">Emag<\/p>\n<hr \/>\n\n\t<div class=\"clearboth\"><\/div>\n<\/div>\n\n\t<\/div>\n<\/div>\n\t<\/div>\n\n<\/div>","protected":false},"excerpt":{"rendered":"Mi az a Vetom? VETOM\u00a0\u2014 egy nagyon er\u0151s probiotikum, amely helyre\u00e1ll\u00edtja \u00e9s meg\u0151rzi a b\u00e9lny\u00e1lkah\u00e1rtya szerkezet\u00e9t \u00e9s a gyomor mikrofl\u00f3r\u00e1j\u00e1t. Hogyan harcol a Vetom a v\u00edrusos \u00e9s bakteri\u00e1lis fert\u0151z\u00e9sekkel? A Vetom k\u00e9sz\u00edtm\u00e9ny hat\u00f3anyaga a Bacillus subtilis VKPM B 10641 t\u00f6rzs. Az ezen fajokhoz tartoz\u00f3 bakt\u00e9riumok kifejezetten elnyomj\u00e1k a gyomor-b\u00e9l traktuson k\u00edv\u00fcli mikrofl\u00f3ra n\u00f6veked\u00e9s\u00e9t \u00e9s fejl\u0151d\u00e9s\u00e9t [...]","protected":false},"author":1,"featured_media":0,"parent":0,"menu_order":0,"comment_status":"closed","ping_status":"closed","template":"","meta":{"footnotes":""},"class_list":["post-1020","page","type-page","status-publish","hentry"],"_links":{"self":[{"href":"https:\/\/vetomshop.hu\/sv\/wp-json\/wp\/v2\/pages\/1020","targetHints":{"allow":["GET"]}}],"collection":[{"href":"https:\/\/vetomshop.hu\/sv\/wp-json\/wp\/v2\/pages"}],"about":[{"href":"https:\/\/vetomshop.hu\/sv\/wp-json\/wp\/v2\/types\/page"}],"author":[{"embeddable":true,"href":"https:\/\/vetomshop.hu\/sv\/wp-json\/wp\/v2\/users\/1"}],"replies":[{"embeddable":true,"href":"https:\/\/vetomshop.hu\/sv\/wp-json\/wp\/v2\/comments?post=1020"}],"version-history":[{"count":0,"href":"https:\/\/vetomshop.hu\/sv\/wp-json\/wp\/v2\/pages\/1020\/revisions"}],"wp:attachment":[{"href":"https:\/\/vetomshop.hu\/sv\/wp-json\/wp\/v2\/media?parent=1020"}],"curies":[{"name":"wp","href":"https:\/\/api.w.org\/{rel}","templated":true}]}}