{"id":389,"date":"2019-11-07T12:36:23","date_gmt":"2019-11-07T12:36:23","guid":{"rendered":"https:\/\/vetomshop.hu\/my-account\/"},"modified":"2024-03-06T15:55:51","modified_gmt":"2024-03-06T14:55:51","slug":"sajat-fiok","status":"publish","type":"page","link":"https:\/\/vetomshop.hu\/sv\/sajat-fiok\/","title":{"rendered":"Mitt konto"},"content":{"rendered":"<div class=\"su-spoiler su-spoiler-style-fancy su-spoiler-icon-chevron su-spoiler-closed\" data-scroll-offset=\"0\" data-anchor-in-url=\"no\"><div class=\"su-spoiler-title\" tabindex=\"0\" role=\"button\"><span class=\"su-spoiler-icon\"><\/span> Leverans och betalning<\/div><div class=\"su-spoiler-content su-u-clearfix su-u-trim\">\n<h2>Personligt kvitto<\/h2>\n<p style=\"padding-left: 40px;\">8112, Zichy\u00fajfalu, Kast\u00e9lykert 1<\/p>\n<p style=\"padding-left: 40px;\">Tid f\u00f6r personlig avh\u00e4mtning: endast efter \u00f6verenskommelse p\u00e5 f\u00f6ljande kontaktuppgifter<\/p>\n<ul>\n<li style=\"list-style-type: none;\">\n<ul>\n<li><strong>Telefon<\/strong>:\u00a0<a href=\"http:\/\/Tel:+36305573846\" target=\"_blank\" rel=\"noopener noreferrer nofollow\">+36305573846<\/a> Tam\u00e1s Pap<\/li>\n<li><strong>E-post-1<\/strong>: i<a href=\"mailto:infoshop.vetom.magyarorszag@gmail.com\" target=\"_blank\" rel=\"noopener\">nfoshop.vetom.magyarorszag@<wbr \/>gmail.com<\/a><\/li>\n<li><strong>E-post 2<\/strong>:\u00a0 <a href=\"mailto:vetomshop.hu@gmail.com\" target=\"_blank\" rel=\"noopener\">vetomshop.hu@gmail.com<\/a><\/li>\n<li>eller fr\u00e5n v\u00e5ra partners i hela landet, vars kontaktuppgifter finns p\u00e5 v\u00e5r webbplats<\/li>\n<\/ul>\n<\/li>\n<\/ul>\n<h2><span style=\"color: #ff0000;\">Leverans:<\/span><\/h2>\n<p>I v\u00e5r butik kan du v\u00e4lja mellan f\u00f6ljande leverans- och betalningsalternativ:<\/p>\n<p style=\"padding-left: 40px;\"><span style=\"color: #339966;\"><strong>GLS kurirtj\u00e4nst<\/strong><\/span> och <span style=\"color: #339966;\"><strong>Foxpost paketautomat<\/strong><\/span><\/p>\n<p style=\"padding-left: 40px;\"><em><strong>30.000<\/strong> Fri leverans \u00f6ver HUF orderv\u00e4rde!<\/em><\/p>\n<h2><span style=\"color: #008000;\">GLS kurirservice:<\/span><\/h2>\n<p>F\u00f6r GLS ParcelPoint-best\u00e4llningar kan du betala med kontanter och kreditkort p\u00e5 vissa platser (kontrollera med ParcelPoint i f\u00f6rv\u00e4g) <b>Om du beg\u00e4r leverans till en GLS ParcelService eller GLS ParcelPoint m\u00e5ste du ange adressen till paketautomaten i f\u00e4ltet Leveransadress.<\/b><\/p>\n<ul>\n<li>N\u00e4r paketet har skickats kommer GLS Courier-systemet att meddela mottagaren via e-post att paketet kommer att levereras n\u00e4sta arbetsdag. E-postmeddelandet inneh\u00e5ller paketnumret och beloppet f\u00f6r eventuell postf\u00f6rskott. P\u00e5 morgonen p\u00e5 leveransdagen f\u00e5r mottagaren ett meddelande som inneh\u00e5ller kurirens telefonnummer, GLS kundtj\u00e4nsts telefonnummer och ett 3-timmarsf\u00f6nster f\u00f6r f\u00f6rv\u00e4ntad leverans. Vid ett misslyckat leveransf\u00f6rs\u00f6k skickas ett e-postmeddelande till mottagaren.<\/li>\n<li><b>GLS ParcelSpot-s\u00f6kning:<\/b> <a href=\"https:\/\/gls-group.com\/HU\/hu\/depo-csomagpont-kereses\" target=\"_blank\" rel=\"noopener noreferrer nofollow\">https:\/\/gls-group.com\/HU\/hu\/depo-csomagpont-kereses<\/a><br \/>\n<b>Leveranstid:<\/b> 1-3 arbetsdagar<br \/>\n<b>Leveransavgift:<\/b> 1590, - Ft,<br \/>\n<strong>Betalning:<\/strong> F\u00f6rskottsbetalning (0,- Ft) eller Efterskottsbetalning, som kostar + 400,- Ft<\/li>\n<\/ul>\n<p>Dessa priser g\u00e4ller endast f\u00f6r leveranser inom Ungern. Om du vill skicka ditt paket utomlands, v\u00e4nligen kontakta oss direkt via e-post innan eller efter att du har lagt din best\u00e4llning f\u00f6r att fr\u00e5ga om fraktkostnaderna.<\/p>\n<h2><span style=\"color: #008000;\">FOXPOST kurirservice:<\/span><\/h2>\n<p>Du kan ocks\u00e5 beg\u00e4ra leverans till en Foxpost paketautomat i v\u00e5r butik.<\/p>\n<p style=\"padding-left: 40px;\"><a href=\"https:\/\/foxpost.hu\/csomagautomatak\" target=\"_blank\" rel=\"noopener noreferrer nofollow\" data-saferedirecturl=\"https:\/\/www.google.com\/url?q=https:\/\/foxpost.hu\/csomagautomatak&amp;source=gmail&amp;ust=1709714712502000&amp;usg=AOvVaw1Y_RPFbUPlHU38HiM-T9Re\">https:\/\/foxpost.hu\/<wbr \/>bilutst\u00e4llning<\/a><\/p>\n<p><strong>Om du beg\u00e4r leverans till en paketautomat fr\u00e5n Foxpost m\u00e5ste du ange paketautomatens adress i f\u00e4ltet f\u00f6r leveransadress.<\/strong><\/p>\n<h3>Betalningsmetoder:<\/h3>\n<p><strong>Leveranstid:<\/strong> 1-3 arbetsdagar<br \/>\n<strong>Leveransavgift:<\/strong> 1390, - Ft,<br \/>\n<strong>Betalning:<\/strong> F\u00f6rskottsbetalning (0, - Ft) eller Efterskottsbetalning, som kostar +350, - Ft<\/p>\n<h3>Betalningsmetoder:<\/h3>\n<h4 style=\"padding-left: 40px;\">Uppf\u00f6ljning<\/h4>\n<p>Om du v\u00e4ljer betalningsmetoden postf\u00f6rskott g\u00f6rs betalningen p\u00e5 mottagningsst\u00e4llet (kurir eller postkontor\/paketutl\u00e4mningsst\u00e4lle). Denna betalningsmetod har en hanteringsavgift, s\u00e5 vi tar ut ytterligare 350 eller 400 HUF per paket ut\u00f6ver den grundl\u00e4ggande leveransavgiften. Om du betalar med kontanter, ha det exakta beloppet redo, eftersom kuriren kanske inte alltid har tillr\u00e4ckligt med v\u00e4xel.<\/p>\n<h4 style=\"padding-left: 40px;\">Bank\u00f6verf\u00f6ring i f\u00f6rskott<\/h4>\n<p>Om du v\u00e4ljer att betala via bank\u00f6verf\u00f6ring i f\u00f6rskott skickar vi dig en faktura via e-post efter en lagerkontroll, som inneh\u00e5ller de uppgifter som kr\u00e4vs f\u00f6r \u00f6verf\u00f6ringen och det slutliga exakta beloppet. V\u00e4nligen \u00f6verf\u00f6r k\u00f6peskillingen till v\u00e5rt bankkonto inom 72 timmar fr\u00e5n det att fakturan skickats, annars kommer din best\u00e4llning att betraktas som ogiltig. Vi vill p\u00e5minna dig om att inte p\u00e5b\u00f6rja bank\u00f6verf\u00f6ringen f\u00f6rr\u00e4n fakturan har anl\u00e4nt till din brevl\u00e5da! De uppgifter som kr\u00e4vs f\u00f6r \u00f6verf\u00f6ringen ing\u00e5r i den utf\u00e4rdade fakturan.<\/p>\n<h4 style=\"padding-left: 40px;\">V\u00e4nligen notera \u00e4ven f\u00f6ljande:<\/h4>\n<p>Du kommer att meddelas via e-post om avs\u00e4ndning och f\u00f6rv\u00e4ntad ankomst av ditt paket, s\u00e5 kontrollera din inkorg regelbundet efter att du har gjort din best\u00e4llning f\u00f6r att undvika missf\u00f6rst\u00e5nd eller ol\u00e4genheter. Om du upplever n\u00e5gra oegentligheter med din best\u00e4llning, v\u00e4nligen kontakta oss p\u00e5 <a href=\"mailto:vetomshop.hu@gmail.com\" target=\"_blank\" rel=\"noopener\">vetomshop.hu@gmail.com<\/a> p\u00e5. N\u00e4r du g\u00f6r din best\u00e4llning ska du se till att du anger korrekt namn, adress, e-postadress och telefonnummer. Paketleverant\u00f6ren kanske inte \u00e4r bekant med lokala detaljer, s\u00e5 l\u00e4mna ytterligare information f\u00f6r att hj\u00e4lpa till med framg\u00e5ngsrik leverans om det beh\u00f6vs. Om leveransen misslyckas p\u00e5 grund av ditt fel kommer vi bara att kunna leverera paketet till transport\u00f6ren igen efter att du har betalat leveransavgiften igen. Om paketet \u00e4r synligt skadat eller \u00f6ppet \u00e4r det viktigt att du inte tar emot leveransen och meddelar oss s\u00e5 snart som m\u00f6jligt.<\/p>\n<\/div><\/div>\n<div class=\"woocommerce\"><\/div>","protected":false},"excerpt":{"rendered":"Sz\u00e1ll\u00edt\u00e1s \u00e9s fizet\u00e9s Szem\u00e9lyes \u00e1tv\u00e9tel 8112, Zichy\u00fajfalu, Kast\u00e9lykert 1 A szem\u00e9lyes \u00e1tv\u00e9tel ideje: kiz\u00e1r\u00f3lag el\u0151zetes egyeztet\u00e9ssel a k\u00f6vetkez\u0151 el\u00e9rhet\u0151s\u00e9geken Telefon:\u00a0+36305573846 Pap Tam\u00e1s Email-1: infoshop.vetom.magyarorszag@gmail.com Email-2:\u00a0 vetomshop.hu@gmail.com vagy orsz\u00e1gszerte a partnereinkt\u0151l, melyeknek el\u00e9rhet\u0151s\u00e9g\u00fck a weboldalunkon is megtal\u00e1lhat\u00f3 Kisz\u00e1ll\u00edt\u00e1s: \u00c1ruh\u00e1zunkban az al\u00e1bbi kisz\u00e1ll\u00edt\u00e1si \u00e9s fizet\u00e9si lehet\u0151s\u00e9gek k\u00f6z\u00fcl v\u00e1laszthat: GLS fut\u00e1rszolg\u00e1lat \u00e9s Foxpost csomagautomata 30.000 Forint rendel\u00e9si \u00e9rt\u00e9k [...]","protected":false},"author":1,"featured_media":0,"parent":0,"menu_order":0,"comment_status":"closed","ping_status":"closed","template":"","meta":{"footnotes":""},"class_list":["post-389","page","type-page","status-publish","hentry"],"_links":{"self":[{"href":"https:\/\/vetomshop.hu\/sv\/wp-json\/wp\/v2\/pages\/389","targetHints":{"allow":["GET"]}}],"collection":[{"href":"https:\/\/vetomshop.hu\/sv\/wp-json\/wp\/v2\/pages"}],"about":[{"href":"https:\/\/vetomshop.hu\/sv\/wp-json\/wp\/v2\/types\/page"}],"author":[{"embeddable":true,"href":"https:\/\/vetomshop.hu\/sv\/wp-json\/wp\/v2\/users\/1"}],"replies":[{"embeddable":true,"href":"https:\/\/vetomshop.hu\/sv\/wp-json\/wp\/v2\/comments?post=389"}],"version-history":[{"count":0,"href":"https:\/\/vetomshop.hu\/sv\/wp-json\/wp\/v2\/pages\/389\/revisions"}],"wp:attachment":[{"href":"https:\/\/vetomshop.hu\/sv\/wp-json\/wp\/v2\/media?parent=389"}],"curies":[{"name":"wp","href":"https:\/\/api.w.org\/{rel}","templated":true}]}}