{"id":225,"date":"2016-09-02T11:41:41","date_gmt":"2016-09-02T09:41:41","guid":{"rendered":"https:\/\/demos.artbees.net\/jupiter\/herse\/?post_type=product&#038;p=225"},"modified":"2026-04-12T08:29:44","modified_gmt":"2026-04-12T06:29:44","slug":"vetom1-1-etrend-kiegeszito","status":"publish","type":"product","link":"https:\/\/vetomshop.hu\/sv\/produkt\/vetom1-1-etrend-kiegeszito\/","title":{"rendered":"Probiotisk Vetom <span style=\"color:red\">1.1<\/span><br> kapsel <span style=\"color:red\">50 korn<\/span> (kosttillskott)"},"content":{"rendered":"<h2>Vetom 1.1 probiotiska kapslar 50 korn (kosttillskott)<\/h2>\n<p>VETOM probiotika kan i princip anv\u00e4ndas f\u00f6r alla typer av sjukdomar, eftersom de kan l\u00f6sa allvarliga problem - \u00e5terst\u00e4lla mikrofloran och optimera immunsystemets aktivitet.<\/p>\n<p>De v\u00e4lg\u00f6rande effekterna av Vetom 1.1 beror p\u00e5 de *Bacillus subtilis*-bakterier som den inneh\u00e5ller. Dessa nyttiga bakterier f\u00f6r\u00f6kar sig i tjocktarmen och producerar olika enzymer och biologiskt aktiva \u00e4mnen som:<\/p>\n<p>* h\u00e4mmar tillv\u00e4xten av skadliga bakterier och svampar,<br \/>\n* hj\u00e4lper till att bryta ner proteiner, st\u00e4rkelse och v\u00e4xtfibrer,<br \/>\n* st\u00f6dja immunf\u00f6rsvaret,<br \/>\n* hj\u00e4lper till att avgifta kroppen,<br \/>\n* fr\u00e4mjar b\u00e4ttre absorption av n\u00e4rings\u00e4mnen.<\/p>\n<h2>Regelbunden anv\u00e4ndning av produkten:<\/h2>\n<p>* \u00e5terst\u00e4ller en h\u00e4lsosam balans i tarmfloran,<br \/>\n* f\u00f6rb\u00e4ttrar matsm\u00e4ltningen,<br \/>\n* lindrar allergisymtom,<br \/>\n* st\u00f6der regenerering av kroppen och avl\u00e4gsnande av sjuka celler,<br \/>\n* f\u00f6rst\u00e4rker effekten av andra l\u00e4kemedel och minskar samtidigt deras biverkningar.<br \/>\n* Skyddar kroppen p\u00e5 cellniv\u00e5, hj\u00e4lper till att f\u00f6rhindra utveckling av tum\u00f6rer<\/p>\n<h2>Funktioner:<\/h2>\n<p>* Antibakteriell och svampd\u00f6dande<br \/>\n* Antivirala, immunf\u00f6rst\u00e4rkande och tum\u00f6rh\u00e4mmande egenskaper<br \/>\n* Inga biverkningar<br \/>\n* Inget beroende<br \/>\n* F\u00e5r inte \u00f6verdoseras<\/p>\n<h2>Ans\u00f6kan:<\/h2>\n<p>Vetom 1.1 rekommenderas f\u00f6r att f\u00f6rb\u00e4ttra tillst\u00e5ndet i mag-tarmkanalen och f\u00f6r att \u00e5terst\u00e4lla balansen i tarmfloran.<\/p>\n<h2>Dosering:<\/h2>\n<p>* 1 kapsel 2-3 g\u00e5nger dagligen rekommenderas i 10 dagar, f\u00f6re, under eller efter m\u00e5ltider, med en liten m\u00e4ngd v\u00e4tska (vatten, te eller juice). \u00d6vervaka kroppens svar under behandlingens g\u00e5ng och \u00f6ka dosen gradvis om det beh\u00f6vs, upp till 5-10 kapslar per dag.<\/p>\n<p>* Behandlingen kan upprepas n\u00e4r som helst efter en paus p\u00e5 1-2 veckor. Ibland rekommenderas det att alternera anv\u00e4ndningen med andra typer av Vetom-produkter f\u00f6r att st\u00f6dja hela kroppen.<\/p>\n<h2>Kontraindikationer:<\/h2>\n<p>* \u00d6verk\u00e4nslighet mot n\u00e5got av inneh\u00e5lls\u00e4mnena<br \/>\n* Anv\u00e4nd inte tillsammans med antibiotika eller andra probiotika<br \/>\n* Under graviditet och amning endast med medicinskt godk\u00e4nnande<\/p>\n<h2>\u00d6vrig information:<\/h2>\n<p>* P\u00e5verkar inte k\u00f6rning eller anv\u00e4ndning av farliga maskiner<br \/>\n* F\u00f6rvaring: torrt, svalt (max. 30 \u00b0C), o\u00e5tkomligt f\u00f6r barn<br \/>\n* Garanti: 2 \u00e5r fr\u00e5n tillverkningsdatum<br \/>\n* F\u00f6rpackning: 10 kapslar i blister, 5 f\u00f6rpackningar i en l\u00e5da (totalt 50 kapslar)<\/p>\n<h2>Sammans\u00e4ttning per kapsel:<\/h2>\n<p>* majsextrakt: 133 mg<br \/>\n* Potatisst\u00e4rkelse: 100 mg<br \/>\n* Puddersocker: 67 mg<br \/>\n* Bacillus subtilis-stam: 0,03 mg<\/p>\n<p>Alternativ motsvarighet i droppform: Vetom 1.23 (10 ml)<\/p>\n<p>Ursprungsort: <strong>Ryssland<\/strong><\/p>","protected":false},"excerpt":{"rendered":"<h5>Vetom <span style=\"color: red;\">1.1<\/span> probiotiska kapslar 50 korn (kosttillskott)<\/h5>\n<p>Dess v\u00e4lg\u00f6rande effekter beror p\u00e5 verkan av de nyttiga bakterierna Bacillus subtilis, som huvudsakligen produceras genom att f\u00f6r\u00f6ka sig i tjocktarmen:<\/p>\n<ul class=\"vetom-list\">\n<li>proteolytiska, amylolytiska och cellulosolytiska enzymer;<\/li>\n<li>a-2 interferon i m\u00e4nskliga leukocyter;<\/li>\n<li>Bacitracin mg, som h\u00e4mmar tillv\u00e4xt och utveckling av patogena och potentiellt patogena mikrofloror;<\/li>\n<li>och andra biologiskt aktiva substanser.<\/li>\n<\/ul>\n<div class=\"plashka\">Som en f\u00f6ljd av detta omvandlas bakteriesammans\u00e4ttningen i tarminneh\u00e5llet till r\u00e4tt utvecklingsnorm, tarmv\u00e4ggarna reng\u00f6rs fr\u00e5n osm\u00e4lta rester, vilket bidrar till aktivt avl\u00e4gsnande av toxiner fr\u00e5n kroppen, obehindrad transport av biologiskt aktiva n\u00e4rings\u00e4mnen.<\/div>\n<p>A <strong>Vetom <span style=\"color: red;\">1.1<\/span><\/strong> normaliserar \u00e4mnesoms\u00e4ttningen, matsm\u00e4ltningen och absorptionen av biologiskt aktiva livsmedelskomponenter i mag-tarmkanalen.<\/p>\n<p>A <strong>Vetom <span style=\"color: red;\">1.1<\/span><\/strong> \u00f6kar l\u00e4kemedlens effektivitet och minskar deras negativa biverkningar p\u00e5 m\u00e4nniskokroppen.<\/p>\n<div class=\"plashka\"><strong>Farmakologiska effekter:<\/strong> immunmodulerande, antitum\u00f6r, antiviral, antiproliferativ, bakteried\u00f6dande, svampd\u00f6dande, antiklamydial.<\/div>\n<h5>Funktioner:<\/h5>\n<ul class=\"vetom-list\">\n<li>Den har h\u00f6g antagonistisk aktivitet mot patogena och villkorligt patogena svampar och bakterier, antivirala, proteolytiska, amylolytiska och cellulolytiska egenskaper<\/li>\n<li>stimulerar cellul\u00e4ra och humorala immunitetsfaktorer<\/li>\n<li>\u00f6kar kroppens ospecifika motst\u00e5nd<\/li>\n<li>stabiliserar allergisk resistens<\/li>\n<li>normaliserar \u00e4mnesoms\u00e4ttningen<\/li>\n<li>stimulerar regenerationsprocesser, angriper och d\u00f6dar cancerceller och sjuka celler<\/li>\n<\/ul>","protected":false},"featured_media":6597,"comment_status":"open","ping_status":"closed","template":"","meta":[],"product_brand":[],"product_cat":[22],"product_tag":[],"class_list":{"0":"post-225","1":"product","2":"type-product","3":"status-publish","4":"has-post-thumbnail","6":"product_cat-vetom-probiotikumok","8":"first","9":"instock","10":"featured","11":"taxable","12":"shipping-taxable","13":"purchasable","14":"product-type-simple"},"_links":{"self":[{"href":"https:\/\/vetomshop.hu\/sv\/wp-json\/wp\/v2\/product\/225","targetHints":{"allow":["GET"]}}],"collection":[{"href":"https:\/\/vetomshop.hu\/sv\/wp-json\/wp\/v2\/product"}],"about":[{"href":"https:\/\/vetomshop.hu\/sv\/wp-json\/wp\/v2\/types\/product"}],"replies":[{"embeddable":true,"href":"https:\/\/vetomshop.hu\/sv\/wp-json\/wp\/v2\/comments?post=225"}],"wp:featuredmedia":[{"embeddable":true,"href":"https:\/\/vetomshop.hu\/sv\/wp-json\/wp\/v2\/media\/6597"}],"wp:attachment":[{"href":"https:\/\/vetomshop.hu\/sv\/wp-json\/wp\/v2\/media?parent=225"}],"wp:term":[{"taxonomy":"product_brand","embeddable":true,"href":"https:\/\/vetomshop.hu\/sv\/wp-json\/wp\/v2\/product_brand?post=225"},{"taxonomy":"product_cat","embeddable":true,"href":"https:\/\/vetomshop.hu\/sv\/wp-json\/wp\/v2\/product_cat?post=225"},{"taxonomy":"product_tag","embeddable":true,"href":"https:\/\/vetomshop.hu\/sv\/wp-json\/wp\/v2\/product_tag?post=225"}],"curies":[{"name":"wp","href":"https:\/\/api.w.org\/{rel}","templated":true}]}}