{"id":2478,"date":"2020-10-20T18:54:23","date_gmt":"2020-10-20T16:54:23","guid":{"rendered":"https:\/\/vetomshop.hu\/?post_type=product&#038;p=2478"},"modified":"2026-04-12T08:28:28","modified_gmt":"2026-04-12T06:28:28","slug":"vetom-2-25-probiotikum-10-ml-csepp","status":"publish","type":"product","link":"https:\/\/vetomshop.hu\/sv\/produkt\/vetom-2-25-probiotikum-10-ml-csepp\/","title":{"rendered":"Probiotisk Vetom <span style=\"color: red\">2.25<\/span><br>Sl\u00e4pp <span style=\"color: red\">10 ml<\/span> (kosttillskott)"},"content":{"rendered":"<h3>Vetom 2.25 probiotiska droppar 10 ml (kosttillskott)<\/h3>\n<p>Tv\u00e5 stammar av Bacillus amyloliquefaciens (VKPM B-10642 och B-10643)<\/p>\n<p>Vetom 2.25 \u00e4r ett naturbaserat flytande probiotikum som \u00e4r utformat f\u00f6r att \u00e5terst\u00e4lla tarmfloran, st\u00f6dja matsm\u00e4ltningsh\u00e4lsan och f\u00f6rb\u00e4ttra kroppens \u00f6vergripande f\u00f6rsvar. Dess enast\u00e5ende effektivitet beror p\u00e5 de tv\u00e5 bakteriestammar av *Bacillus amyloliquefaciens* som den inneh\u00e5ller.<\/p>\n<h2>Huvudsakliga effekter och f\u00f6rdelar:<\/h2>\n<p>*Antibakteriella, antivirala, antimykotiska och klamydiabek\u00e4mpande effekter<br \/>\n*Hj\u00e4lper tjocktarmen och tunntarmen att fungera, \u00e5terst\u00e4ller normal tarmflora<br \/>\n*St\u00f6djer immunsystemet, b\u00e5de p\u00e5 cellul\u00e4r niv\u00e5 och p\u00e5 niv\u00e5n f\u00f6r allm\u00e4nt f\u00f6rsvar<br \/>\n* Normaliserar \u00e4mnesoms\u00e4ttningen, s\u00e4rskilt vatten-saltbalansen<br \/>\n*Avgiftande effekt, hj\u00e4lper till att eliminera nedbrytningsprocesser i tarmen<br \/>\n* Minskar d\u00e5lig andedr\u00e4kt och svettningssymtom<br \/>\n*Anv\u00e4nd som tillskott f\u00f6r en rad olika tillst\u00e5nd s\u00e5som leversjukdom, inflammation i tarmen, mags\u00e5r, kronisk hepatit<br \/>\n*Human leukocyt producerar interferon, som skyddar kroppen mot virusinfektioner<br \/>\n*Inget beroende, \u00f6verdosering eller biverkningar<br \/>\n*F\u00f6r b\u00e5de barn och vuxna<\/p>\n<h2>N\u00e4r rekommenderas anv\u00e4ndning av den?<\/h2>\n<p>* efter antibiotikabehandling, f\u00f6r att \u00e5terskapa tarmfloran<br \/>\n*F\u00f6r att komplettera behandlingen vid cancer<br \/>\n*Matsm\u00e4ltningsst\u00f6rningar, diarr\u00e9, f\u00f6rstoppning, magbesv\u00e4r<br \/>\n*Vid immunbristtillst\u00e5nd<br \/>\n* Vid obehaglig kroppslukt eller andedr\u00e4kt<br \/>\n* Till\u00e4ggsbehandling f\u00f6r njursten, leversjukdom, gastrointestinala problem<\/p>\n<h2>\nDoseringsrekommendation:<\/h2>\n<p>*Kompletterande f\u00f6r vuxna och barn : 2 droppar rekommenderas under de f\u00f6rsta dagarna, d\u00e4refter kan dosen gradvis \u00f6kas till 4-6 droppar. Observera kroppens reaktioner under intaget.<br \/>\n*F\u00f6r vanliga sjukdomar: 10 droppar dagligen i 10 dagar<br \/>\n* Behandlingen kan upprepas efter 1-2 veckor<br \/>\n* Det rekommenderas att anv\u00e4nda den v\u00e4xelvis med andra Vetom-produkter (t.ex. Vetom 1, 3, 4 etc.)<\/p>\n<p>Viktigt:<br \/>\nDet ska inte tas med andra orala probiotika eller antibiotika, s\u00e4rskilt sulfanilamid, cancerframkallande medel.<\/p>\n<h2>Ingredienser:<\/h2>\n<p>* Fermenterat majsextrakt med f\u00f6ljande bakteriestammar:<br \/>\n*Bacillus amyloliquefaciens* VKPM B-10642 (DSM 24614)<br \/>\n*Bacillus amyloliquefaciens* VKPM B-10643 (DSM 24615)<br \/>\n* Viveware<\/p>\n<h2>F\u00f6rpackning och utseende:<\/h2>\n<p>* 10 ml v\u00e4tska i en glas- eller plastflaska, f\u00f6rpackad i en pappkartong<br \/>\n* F\u00e4rg: ljusgul till m\u00f6rkbrun<br \/>\n* Typisk lukt, ibland kan l\u00e4tt sediment f\u00f6rekomma (inte en kvalitetsdefekt)<\/p>\n<p>*Vikt: 0,02 kg<br \/>\n*M\u00e5tt: 3 \u00d7 3 \u00d7 7 cm<br \/>\n*Anst\u00e4llningsort: <strong>Ryssland<\/strong><\/p>\n<h2>F\u00f6rvarings- och transportf\u00f6rh\u00e5llanden:<\/h2>\n<p>*Lagring: 0-10 \u00b0C, max. luftfuktighet 75%<br \/>\n*Kan f\u00f6rvaras vid 10-30 \u00b0C i upp till 18 dagar<br \/>\n*Efter demontering: F\u00f6rvaras i kylsk\u00e5p (0-10 \u00b0C)<\/p>","protected":false},"excerpt":{"rendered":"<h5>Sammans\u00e4ttning:<\/h5>\n<p>Bacillus amyloliquefaciens, VKPM B- 10642 <strong>(DSM 24614)<\/strong> och VKPM B- 10643 <strong>(DSM 24615)<\/strong> bakteriellt fermenterat majsextrakt av bacilusstammar, b\u00e4rare.<br \/>\n<strong>Hur produkten ser ut: <\/strong>A <strong>Vetom<\/strong> <span style=\"color: red; font-weight: 800;\">2.25<\/span> <strong>Probiotiska droppar<\/strong> en v\u00e4tska med en specifik lukt, med en f\u00e4rg som varierar fr\u00e5n ljusgul till m\u00f6rkbrun.<\/p>\n<p><strong>Uppackning:<\/strong>\u00a0 glas- eller plastflaska i en kartong.<\/p>\n<div class=\"plashka\">A <strong>Vetom<\/strong> <span style=\"color: red; font-weight: 800;\">2.25<\/span> \u00f6kar l\u00e4kemedlens effektivitet och minskar deras negativa biverkningar p\u00e5 m\u00e4nniskokroppen.<\/div>\n<h6>Funktioner:<\/h6>\n<ul class=\"vetom-list\">\n<li>stimulerar cellul\u00e4ra och humorala immunitetsfaktorer<\/li>\n<li>\u00f6kar kroppens ospecifika motst\u00e5nd<\/li>\n<li>stabiliserar allergisk resistens<\/li>\n<li>normaliserar \u00e4mnesoms\u00e4ttningen<\/li>\n<li>stimulerar regenerationsprocesser, angriper och f\u00f6rst\u00f6r cancerceller och sjuka celler<\/li>\n<\/ul>\n<div class=\"plashka\">Det f\u00f6r\u00e4ndrar cellskelettets membran och metabolism, vilket f\u00f6rhindrar utvecklingen av cancerceller.<\/div>","protected":false},"featured_media":6611,"comment_status":"open","ping_status":"closed","template":"","meta":[],"product_brand":[],"product_cat":[22],"product_tag":[],"class_list":{"0":"post-2478","1":"product","2":"type-product","3":"status-publish","4":"has-post-thumbnail","6":"product_cat-vetom-probiotikumok","8":"first","9":"instock","10":"featured","11":"taxable","12":"shipping-taxable","13":"purchasable","14":"product-type-simple"},"_links":{"self":[{"href":"https:\/\/vetomshop.hu\/sv\/wp-json\/wp\/v2\/product\/2478","targetHints":{"allow":["GET"]}}],"collection":[{"href":"https:\/\/vetomshop.hu\/sv\/wp-json\/wp\/v2\/product"}],"about":[{"href":"https:\/\/vetomshop.hu\/sv\/wp-json\/wp\/v2\/types\/product"}],"replies":[{"embeddable":true,"href":"https:\/\/vetomshop.hu\/sv\/wp-json\/wp\/v2\/comments?post=2478"}],"wp:featuredmedia":[{"embeddable":true,"href":"https:\/\/vetomshop.hu\/sv\/wp-json\/wp\/v2\/media\/6611"}],"wp:attachment":[{"href":"https:\/\/vetomshop.hu\/sv\/wp-json\/wp\/v2\/media?parent=2478"}],"wp:term":[{"taxonomy":"product_brand","embeddable":true,"href":"https:\/\/vetomshop.hu\/sv\/wp-json\/wp\/v2\/product_brand?post=2478"},{"taxonomy":"product_cat","embeddable":true,"href":"https:\/\/vetomshop.hu\/sv\/wp-json\/wp\/v2\/product_cat?post=2478"},{"taxonomy":"product_tag","embeddable":true,"href":"https:\/\/vetomshop.hu\/sv\/wp-json\/wp\/v2\/product_tag?post=2478"}],"curies":[{"name":"wp","href":"https:\/\/api.w.org\/{rel}","templated":true}]}}