{"id":2483,"date":"2020-10-20T19:35:14","date_gmt":"2020-10-20T17:35:14","guid":{"rendered":"https:\/\/vetomshop.hu\/?post_type=product&#038;p=2483"},"modified":"2026-04-12T08:28:16","modified_gmt":"2026-04-12T06:28:16","slug":"vetomgin-8-21","status":"publish","type":"product","link":"https:\/\/vetomshop.hu\/sv\/produkt\/vetomgin-8-21\/","title":{"rendered":"Probiotisk Vetomgin <span style=\"color:red\">8.21<\/span> champagne-tablett <span style=\"color:red\">15 stycken<\/span> (kosttillskott )"},"content":{"rendered":"<h2><strong>Vetomgin 8.21 probiotiska brustabletter 15 (kosttillskott)<\/strong><\/h2>\n<p><span style=\"color: #ff0000;\">Sammans\u00e4ttning<\/span><\/p>\n<p>1 portion (1 brustablett) inneh\u00e5ller: tillsats: \u0415500 (natriumkarbonat) - 1200 \u00b5g \u0415330(citronbar) - 750 \u00b5g ; torkade probiotiska kulturer av Bacillus subtilis, VKPM B - 10641(DSM 24613),Bacillus amyloliquefaciens, VKPM B - 10642(DSM 24614) , Bacillus amyloliquefaciens, VKPM B - 10643 (DSM 24615) 1\u0445106 KTJ\/g - 50 mg.<\/p>\n<p>Dess gynnsamma effekter beror p\u00e5 egenskaperna hos best\u00e5ndsdelarna i Vetomgin 8.21. Under deras verkan bildas en specifik mikrobiell sammans\u00e4ttning i tarmen hos varje person och Krebs cykel aktiveras. Denna process leder till att funktionen hos de system som skyddar kroppen mot fr\u00e4mmande inkr\u00e4ktare, d\u00e4ribland infekti\u00f6sa mikroorganismer, optimeras och till att kroppens regleringssystem optimeras, vilket s\u00e4kerst\u00e4ller en aktiv syretillf\u00f6rsel till cellerna, bildandet av energireserver, aktiveringen av syntesen av molekyler som \u00e4r n\u00f6dv\u00e4ndiga f\u00f6r kroppen: aminosyror, kolhydrater, fettsyror osv.<\/p>\n<p>Vetomgin 8.21 \u00f6kar l\u00e4kemedlens effektivitet och minskar deras negativa biverkningar p\u00e5 m\u00e4nniskokroppen.<\/p>\n<h5>Funktioner:<\/h5>\n<ul>\n<li>\u00a0INGA BIVERKNINGAR<\/li>\n<li>\u00a0INGEN \u00c5LDERSBEGR\u00c4NSNING<\/li>\n<li>INGEN \u00d6VERDOSERING<\/li>\n<li>INTE ADDICTIVE<\/li>\n<\/ul>\n<ul class=\"vetom-list\">\n<li>Den har h\u00f6g antagonistisk aktivitet mot patogena och villkorligt patogena svampar och bakterier, antivirala, proteolytiska, amylolytiska och cellulolytiska egenskaper<\/li>\n<li>stimulerar cellul\u00e4ra och humorala immunitetsfaktorer<\/li>\n<li>\u00f6kar kroppens ospecifika motst\u00e5nd<\/li>\n<li>stabiliserar allergisk resistens<\/li>\n<li>normaliserar \u00e4mnesoms\u00e4ttningen<\/li>\n<li>stimulerar regenerationsprocesser, angriper och f\u00f6rst\u00f6r cancerceller och sjuka celler<\/li>\n<\/ul>\n<p><span style=\"color: #ff0000;\">Anv\u00e4ndningsomr\u00e5de<\/span><br \/>\nProbiotiska mikroorganismer \u00e4r en kompletterande k\u00e4lla f\u00f6r att f\u00f6rb\u00e4ttra livskvaliteten.<br \/>\n<span style=\"color: #ff0000;\">Ans\u00f6k p\u00e5<\/span><br \/>\nRekommenderas 3 brustabletter per dag i 10 dagar med regelbundna intervall.<br \/>\n1 tablett uppl\u00f6st i ett glas vatten. .<br \/>\nTabletten ska inte sv\u00e4ljas, tuggas eller sugas p\u00e5.<br \/>\n<span style=\"color: #ff0000;\">Kontraindikationer<\/span><br \/>\n\u00d6verk\u00e4nslighet mot vissa inneh\u00e5lls\u00e4mnen i l\u00e4kemedlet.<br \/>\nS\u00e4rskilda anvisningar<br \/>\nAnv\u00e4ndning under graviditet och amning endast efter medicinsk konsultation. Preparatet p\u00e5verkar inte f\u00f6rm\u00e5gan att k\u00f6ra bil eller att anv\u00e4nda potentiellt farliga mekanismer.<br \/>\n<span style=\"color: #ff0000;\">Dispensering<\/span><br \/>\n15 stycken 2 grams champagnetabletter, 3 stycken per tablett, f\u00f6rpackade i en kartong inslagen i pergamentpapper. Bruksanvisning medf\u00f6ljer.<br \/>\n<span style=\"color: #ff0000;\">F\u00f6rvaringsf\u00f6rh\u00e5llanden<\/span><br \/>\nKan f\u00f6rvaras vid 75 % relativ luftfuktighet under 30\u00b0C. F\u00f6rvaras o\u00e5tkomligt f\u00f6r barn.<br \/>\n<span style=\"color: #ff0000;\">H\u00e5llbarhetstid<\/span><br \/>\n4 \u00e5r fr\u00e5n tillverkningsdatumet. F\u00f6rbrukas inte efter utg\u00e5ngsdatumet.<br \/>\nVetomgin 8.21 \u00e4r inte ett l\u00e4kemedel.<\/p>\n<p><span style=\"color: #0000ff;\">Jag k\u00f6per probiotika direkt fr\u00e5n fabriken till b\u00e4sta pris, -premiumkvalitet.<\/span><\/p>\n<h3><strong><span style=\"color: #ff0000;\">Cemmedic Europe Kft \u201eOfficiell distribut\u00f6r i Ungern\u201d !<\/span><\/strong><\/h3>","protected":false},"excerpt":{"rendered":"<h5>Sammans\u00e4ttning<\/h5>\n<p>1 portion (<strong>1 brustablett<\/strong>) inneh\u00e5ller en additiv:<\/p>\n<ul>\n<li><strong>\u0415500<\/strong> (natriumkarbonat) - 1200 mg<\/li>\n<li><strong>\u0415330<\/strong> (citronbar) - 750 mg;<\/li>\n<li>torkade probiotiska kulturer <strong>Bacillus subtilis<\/strong>, VKPM B - 10641(DSM 24613),<\/li>\n<li><strong>Bacillus amyloliquefaciens<\/strong>, VKPM B - 10642 (DSM 24614),<\/li>\n<li><strong>Bacillus amyloliquefaciens<\/strong>, VKPM B - 10643 (DSM 24615) 1X106 KTJ\/g - 50 mg.<\/li>\n<\/ul>\n<p>De positiva effekterna av <strong>Vetomgin <span style=\"color:red\">8.21<\/span><\/strong> egenskaper hos de ing\u00e5ende elementen. Under deras inflytande bildas varje persons specifika mikrobiella sammans\u00e4ttning i tarmen och Krebs cykel aktiveras. Denna process leder till optimering av de system som skyddar kroppen fr\u00e5n fr\u00e4mmande inkr\u00e4ktare, inklusive infekti\u00f6sa mikroorganismer, och optimerar kroppens regleringssystem som s\u00e4kerst\u00e4ller en aktiv syretillf\u00f6rsel till cellerna, bildandet av energireserver, aktivering av syntesen av molekyler som \u00e4r n\u00f6dv\u00e4ndiga f\u00f6r kroppen: aminosyror, kolhydrater, fettsyror etc.<\/p>\n<div class=\"plashka\">A <strong>Vetomgin <span style=\"color:red\">8.21<\/span><\/strong> \u00f6kar l\u00e4kemedlens effektivitet och minskar deras negativa biverkningar p\u00e5 m\u00e4nniskokroppen.<\/div>\n<h6>Funktioner:<\/h6>\n<ul class=\"vetom-list\">\n<li>Den har h\u00f6g antagonistisk aktivitet mot patogena och villkorligt patogena svampar och bakterier, antivirala, proteolytiska, amylolytiska och cellulolytiska egenskaper<\/li>\n<li>stimulerar cellul\u00e4ra och humorala immunitetsfaktorer<\/li>\n<li>\u00f6kar kroppens ospecifika motst\u00e5nd<\/li>\n<li>stabiliserar allergisk resistens<\/li>\n<li>normaliserar \u00e4mnesoms\u00e4ttningen<\/li>\n<li>stimulerar regenerationsprocesser, angriper och d\u00f6dar cancerceller och sjuka celler<\/li>\n<\/ul>\n<div class=\"plashka\"><strong>Anv\u00e4ndningsomr\u00e5de<\/strong><br \/>\nProbiotiska mikroorganismer \u00e4r en kompletterande k\u00e4lla f\u00f6r att f\u00f6rb\u00e4ttra livskvaliteten.<\/div>","protected":false},"featured_media":5558,"comment_status":"open","ping_status":"closed","template":"","meta":[],"product_brand":[],"product_cat":[22],"product_tag":[],"class_list":{"0":"post-2483","1":"product","2":"type-product","3":"status-publish","4":"has-post-thumbnail","6":"product_cat-vetom-probiotikumok","8":"first","9":"instock","10":"featured","11":"taxable","12":"shipping-taxable","13":"purchasable","14":"product-type-simple"},"_links":{"self":[{"href":"https:\/\/vetomshop.hu\/sv\/wp-json\/wp\/v2\/product\/2483","targetHints":{"allow":["GET"]}}],"collection":[{"href":"https:\/\/vetomshop.hu\/sv\/wp-json\/wp\/v2\/product"}],"about":[{"href":"https:\/\/vetomshop.hu\/sv\/wp-json\/wp\/v2\/types\/product"}],"replies":[{"embeddable":true,"href":"https:\/\/vetomshop.hu\/sv\/wp-json\/wp\/v2\/comments?post=2483"}],"wp:featuredmedia":[{"embeddable":true,"href":"https:\/\/vetomshop.hu\/sv\/wp-json\/wp\/v2\/media\/5558"}],"wp:attachment":[{"href":"https:\/\/vetomshop.hu\/sv\/wp-json\/wp\/v2\/media?parent=2483"}],"wp:term":[{"taxonomy":"product_brand","embeddable":true,"href":"https:\/\/vetomshop.hu\/sv\/wp-json\/wp\/v2\/product_brand?post=2483"},{"taxonomy":"product_cat","embeddable":true,"href":"https:\/\/vetomshop.hu\/sv\/wp-json\/wp\/v2\/product_cat?post=2483"},{"taxonomy":"product_tag","embeddable":true,"href":"https:\/\/vetomshop.hu\/sv\/wp-json\/wp\/v2\/product_tag?post=2483"}],"curies":[{"name":"wp","href":"https:\/\/api.w.org\/{rel}","templated":true}]}}