{"id":2704,"date":"2021-05-05T21:50:09","date_gmt":"2021-05-05T19:50:09","guid":{"rendered":"https:\/\/vetomshop.hu\/?post_type=product&#038;p=2704"},"modified":"2026-02-28T11:46:57","modified_gmt":"2026-02-28T10:46:57","slug":"21-napos-kura-4-tubus-225-gramm","status":"publish","type":"product","link":"https:\/\/vetomshop.hu\/sv\/produkt\/21-napos-kura-4-tubus-225-gramm\/","title":{"rendered":"Enterosgel: 21-dagars kur 4 tuber (225 gram)"},"content":{"rendered":"<p>Fr\u00e5n\u00a0<strong>Enterosgel\u00a0<\/strong>avl\u00e4gsnar \u00e4mnen som \u00e4r skadliga f\u00f6r kroppen, men absorberar inte de ingredienser som \u00e4r f\u00f6rdelaktiga f\u00f6r kroppen. Desinficerande, skyddande och avgiftande produkt. Det \u00e4r ett organiskt \u00e4mne med fysikaliska och kemiska egenskaper som liknar dem hos kol och \u00e4r d\u00e4rf\u00f6r sn\u00e4llt mot kroppen.<\/p>\n<p>Den hj\u00e4lper till att avgifta och till och med eliminera virus, bakterier, svampar och parasiter vars rester lurar och orsakar symtom som kan vara mycket sv\u00e5ra att hitta.<\/p>\n<p>L\u00e4tt att anv\u00e4nda, kan blandas med vatten eller andra v\u00e4tskor \/ 1-2 dl\/<br \/>\nF\u00f6r vuxna, en matsked \/15 gr\/ 3 g\u00e5nger om dagen, en och en halv till tv\u00e5 timmar f\u00f6re eller efter en m\u00e5ltid.<br \/>\nF\u00f6r barn, en tesked \/5-10 gr\/ 1-3 g\u00e5nger om dagen.<br \/>\nRekommenderad anv\u00e4ndning: 7-14 dagar.<\/p>","protected":false},"excerpt":{"rendered":"<p>Fr\u00e5n\u00a0<strong>Enterosgel\u00a0<\/strong>avl\u00e4gsnar \u00e4mnen som \u00e4r skadliga f\u00f6r kroppen, men absorberar inte de ingredienser som \u00e4r f\u00f6rdelaktiga f\u00f6r kroppen. Desinficerande, skyddande och avgiftande produkt. Det \u00e4r ett organiskt \u00e4mne med fysikaliska och kemiska egenskaper som liknar dem hos kol och \u00e4r d\u00e4rf\u00f6r sn\u00e4llt mot kroppen.<\/p>\n<p>Den hj\u00e4lper till att avgifta och till och med eliminera virus, bakterier, svampar och parasiter vars rester lurar och orsakar symtom som kan vara mycket sv\u00e5ra att hitta.<\/p>","protected":false},"featured_media":2705,"comment_status":"open","ping_status":"closed","template":"","meta":[],"product_brand":[],"product_cat":[28],"product_tag":[],"class_list":{"0":"post-2704","1":"product","2":"type-product","3":"status-publish","4":"has-post-thumbnail","6":"product_cat-enterosgel","8":"first","9":"instock","10":"sale","11":"taxable","12":"shipping-taxable","13":"purchasable","14":"product-type-simple"},"_links":{"self":[{"href":"https:\/\/vetomshop.hu\/sv\/wp-json\/wp\/v2\/product\/2704","targetHints":{"allow":["GET"]}}],"collection":[{"href":"https:\/\/vetomshop.hu\/sv\/wp-json\/wp\/v2\/product"}],"about":[{"href":"https:\/\/vetomshop.hu\/sv\/wp-json\/wp\/v2\/types\/product"}],"replies":[{"embeddable":true,"href":"https:\/\/vetomshop.hu\/sv\/wp-json\/wp\/v2\/comments?post=2704"}],"wp:featuredmedia":[{"embeddable":true,"href":"https:\/\/vetomshop.hu\/sv\/wp-json\/wp\/v2\/media\/2705"}],"wp:attachment":[{"href":"https:\/\/vetomshop.hu\/sv\/wp-json\/wp\/v2\/media?parent=2704"}],"wp:term":[{"taxonomy":"product_brand","embeddable":true,"href":"https:\/\/vetomshop.hu\/sv\/wp-json\/wp\/v2\/product_brand?post=2704"},{"taxonomy":"product_cat","embeddable":true,"href":"https:\/\/vetomshop.hu\/sv\/wp-json\/wp\/v2\/product_cat?post=2704"},{"taxonomy":"product_tag","embeddable":true,"href":"https:\/\/vetomshop.hu\/sv\/wp-json\/wp\/v2\/product_tag?post=2704"}],"curies":[{"name":"wp","href":"https:\/\/api.w.org\/{rel}","templated":true}]}}