{"id":4392,"date":"2023-08-06T13:27:56","date_gmt":"2023-08-06T11:27:56","guid":{"rendered":"https:\/\/vetomshop.hu\/?post_type=product&#038;p=4392"},"modified":"2026-04-12T08:28:06","modified_gmt":"2026-04-12T06:28:06","slug":"komarov-por-etrend-kiegeszito-40-tasak","status":"publish","type":"product","link":"https:\/\/vetomshop.hu\/sv\/produkt\/komarov-por-etrend-kiegeszito-40-tasak\/","title":{"rendered":"Probiotiskt Komarov-pulver <span style=\"color: red\">40 tassaq<\/span> (kosttillskott )"},"content":{"rendered":"<h2><strong>Komarov pulver - 40 dosp\u00e5sar (Kosttillskott)<\/strong><\/h2>\n<p>Naturlig probiotika med vitaminer och spirulina - f\u00f6r att st\u00f6dja matsm\u00e4ltningen och immunf\u00f6rsvaret<\/p>\n<p>Komarov pulver \u00e4r ett komplext kosttillskott som inneh\u00e5ller probiotika, kostfiber, vitaminer, mineraler och spirulina. Dess aktiva ingredienser st\u00f6djer balansen i tarmfloran, avgiftning, \u00e4mnesoms\u00e4ttning och st\u00e4rker kroppens f\u00f6rsvar.<\/p>\n<p>&nbsp;<\/p>\n<h2><strong>Huvudingredienser:<\/strong><\/h2>\n<p>*Bacillus subtilis VKPM V-10641 (DSM 24613) - nyttiga tarmbakterier<\/p>\n<p>*Spirulina (bl\u00e5gr\u00f6na alger) - en naturlig k\u00e4lla till vitaminer och protein<\/p>\n<p>*Vetekli - en k\u00e4lla till kostfiber<\/p>\n<p>*Citronsyra, natriumklorid - naturliga b\u00e4rare<\/p>\n<p>&nbsp;<\/p>\n<h2><strong>Ing\u00e5r ocks\u00e5 i produkten:<\/strong><\/h2>\n<p>*Vitaminer: A, B1, B2, B6, B12, B5, B9, biotin<\/p>\n<p>*Mineraler: kalcium, kalium, magnesium, fosfor, j\u00e4rn, zink, koppar, mangan, selen, molybden<\/p>\n<p>*Om\u00e4ttade fettsyror: linolsyra, linolensyra, arakidonsyra<\/p>\n<p>&nbsp;<\/p>\n<h2><strong>Gynnsamma effekter:<\/strong><\/h2>\n<p>\u2705 Hj\u00e4lper matsm\u00e4ltningen och b\u00e4ttre upptag av n\u00e4rings\u00e4mnen<\/p>\n<p>\u2705 St\u00f6djer balansen i tarmfloran, har en avgiftande effekt<\/p>\n<p>\u2705 St\u00e4rker immunf\u00f6rsvaret, \u00f6kar kroppens motst\u00e5ndskraft<\/p>\n<p>\u2705 Normaliserar \u00e4mnesoms\u00e4ttningen<\/p>\n<p>\u2705 Hj\u00e4lper regenereringsprocesser och kan bidra till kampen mot skadliga celler<\/p>\n<p>\u2705 Aktiverar Krebs cykel (cellul\u00e4r energiproduktion)<\/p>\n<p>\u2705 Antibakteriella, antivirala och svampd\u00f6dande egenskaper<\/p>\n<p>&nbsp;<\/p>\n<h2><strong>Doseringsrekommendation:<\/strong><\/h2>\n<p>*F\u00f6r en frisk kropp: min. 2-3 dosp\u00e5sar per dag i 10-14 dagar Kontrollera kroppens reaktioner under intag och \u00f6ka dosen gradvis vid behov.<\/p>\n<p>* F\u00f6r vissa sjukdomar: 7-10 dosp\u00e5sar per dag i 10 dagar<\/p>\n<p>* 1 portion = 1 dosp\u00e5se<\/p>\n<p>* Pulvret ska tas oralt, rekommenderas med eller efter m\u00e5ltider. Det \u00e4r bekv\u00e4mare att ta det skedvis blandat med yoghurt, gr\u00e4ddfil eller kefir.<\/p>\n<p>&nbsp;<\/p>\n<h2><strong>Viktig information:<\/strong><\/h2>\n<p>*Inga biverkningar, ingen \u00f6verdosering, ej beroendeframkallande<\/p>\n<p>*Inga \u00e5ldersbegr\u00e4nsningar<\/p>\n<p>*Ska inte tas tillsammans med antibiotika eller andra probiotika<\/p>\n<p>*Rekommenderas inte vid \u00f6verk\u00e4nslighet mot n\u00e5got av inneh\u00e5lls\u00e4mnena<\/p>\n<p>&nbsp;<\/p>\n<h2><strong>Dispensering:<\/strong><\/h2>\n<p>40 dosp\u00e5sar med 2,5 g pulver, i laminerad f\u00f6rpackning<\/p>\n<p>Vikt: 0,17 kg<\/p>\n<p>Storlek: 18 \u00d7 7 \u00d7 7 cm<\/p>\n<p>Ursprungsort: Ryssland<\/p>\n<p>&nbsp;<\/p>\n<h2><strong>F\u00f6rvaring:<\/strong><\/h2>\n<p>F\u00f6rvara p\u00e5 en torr, sval plats mellan 0-30 \u00b0C, med en maximal luftfuktighet p\u00e5 75%.<\/p>\n<p>Garanti: 4<strong> \u00e5r fr\u00e5n tillverkningsdatum<\/strong>.<\/p>\n<p>Ursprungsort : <strong>Ryssland<\/strong><\/p>","protected":false},"excerpt":{"rendered":"<h5>Bacilus subtilis stam VKPM V 10 641 (DSM 24613)<\/h5>\n<div class=\"plashka\"><strong>Levande material:<\/strong> Vetekli, natriumklorid, bl\u00e5gr\u00f6nalgen spirulina, citronsyra.<br \/>\nPulver f\u00f6rpackat i en 2,5 g laminerad pappersp\u00e5se.<\/div>\n<h5>Ans\u00f6kan:<\/h5>\n<p>Komarov-pulver \u00e4r en biologiskt aktiv substans som inneh\u00e5ller probiotiska mikroorganismer, kostfibrer, vitaminer (<strong>A, B1, B2, B6, B12, B5, B9, biotin<\/strong>), makron\u00e4rings\u00e4mnen (kalcium, magnesium, fosfor, kalium) och mikron\u00e4rings\u00e4mnen (j\u00e4rn, mangan, koppar, zink, molybden, selen), om\u00e4ttade fettsyror (linolsyra, linolensyra, arakidonsyra).<\/p>\n<h6>Funktioner:<\/h6>\n<ul class=\"vetom-list\">\n<li>Den har h\u00f6g antagonistisk aktivitet mot patogena och villkorligt patogena svampar och bakterier, antivirala, proteolytiska, amylolytiska och cellulolytiska egenskaper<\/li>\n<li>stimulerar cellul\u00e4ra och humorala immunitetsfaktorer<\/li>\n<li>\u00f6kar kroppens ospecifika motst\u00e5nd<\/li>\n<li>stabiliserar allergisk resistens<\/li>\n<li>normaliserar \u00e4mnesoms\u00e4ttningen<\/li>\n<li>stimulerar regenerationsprocesser, angriper och f\u00f6rst\u00f6r cancerceller och sjuka celler<\/li>\n<\/ul>","protected":false},"featured_media":5557,"comment_status":"open","ping_status":"closed","template":"","meta":[],"product_brand":[],"product_cat":[22],"product_tag":[],"class_list":{"0":"post-4392","1":"product","2":"type-product","3":"status-publish","4":"has-post-thumbnail","6":"product_cat-vetom-probiotikumok","8":"first","9":"instock","10":"featured","11":"taxable","12":"shipping-taxable","13":"purchasable","14":"product-type-simple"},"_links":{"self":[{"href":"https:\/\/vetomshop.hu\/sv\/wp-json\/wp\/v2\/product\/4392","targetHints":{"allow":["GET"]}}],"collection":[{"href":"https:\/\/vetomshop.hu\/sv\/wp-json\/wp\/v2\/product"}],"about":[{"href":"https:\/\/vetomshop.hu\/sv\/wp-json\/wp\/v2\/types\/product"}],"replies":[{"embeddable":true,"href":"https:\/\/vetomshop.hu\/sv\/wp-json\/wp\/v2\/comments?post=4392"}],"wp:featuredmedia":[{"embeddable":true,"href":"https:\/\/vetomshop.hu\/sv\/wp-json\/wp\/v2\/media\/5557"}],"wp:attachment":[{"href":"https:\/\/vetomshop.hu\/sv\/wp-json\/wp\/v2\/media?parent=4392"}],"wp:term":[{"taxonomy":"product_brand","embeddable":true,"href":"https:\/\/vetomshop.hu\/sv\/wp-json\/wp\/v2\/product_brand?post=4392"},{"taxonomy":"product_cat","embeddable":true,"href":"https:\/\/vetomshop.hu\/sv\/wp-json\/wp\/v2\/product_cat?post=4392"},{"taxonomy":"product_tag","embeddable":true,"href":"https:\/\/vetomshop.hu\/sv\/wp-json\/wp\/v2\/product_tag?post=4392"}],"curies":[{"name":"wp","href":"https:\/\/api.w.org\/{rel}","templated":true}]}}