{"id":443,"date":"2019-11-12T14:57:08","date_gmt":"2019-11-12T13:57:08","guid":{"rendered":"https:\/\/vetomshop.hu\/?post_type=product&#038;p=443"},"modified":"2026-04-12T08:29:34","modified_gmt":"2026-04-12T06:29:34","slug":"vetom-2-etrend-kiegeszito","status":"publish","type":"product","link":"https:\/\/vetomshop.hu\/sv\/produkt\/vetom-2-etrend-kiegeszito\/","title":{"rendered":"Probiotisk Vetom <span style=\"color:red\">2<\/span><br> kapsel <span style=\"color:red\">50 korn<\/span> (kosttillskott)"},"content":{"rendered":"<h2>Vetom 2 probiotiska kapslar 50 korn (kosttillskott)<\/h2>\n<p>De 2 viktigaste aktiva ingredienserna i Vetom \u00e4r de nyttiga bakteriestammarna *Bacillus amyloliquefaciens* , som huvudsakligen verkar i tjocktarmen, d\u00e4r de f\u00f6r\u00f6kar sig och producerar olika enzymer (protein-, st\u00e4rkelse- och fibernedbrytande enzymer) och aktiva f\u00f6reningar som:<\/p>\n<p>* undertrycka skadliga bakterier och svampar,<br \/>\n* rensa tarmv\u00e4ggen fr\u00e5n osm\u00e4lta rester,<br \/>\n* st\u00f6djer b\u00e4ttre absorption av n\u00e4rings\u00e4mnen,<br \/>\n* hj\u00e4lper till att avgifta kroppen.<\/p>\n<p>Regelbunden anv\u00e4ndning av Vetom 2 bidrar till att \u00e5terst\u00e4lla en sund balans i tarmfloran, stimulerar matsm\u00e4ltningen och f\u00f6rb\u00e4ttrar immunf\u00f6rsvaret. Probiotikan st\u00f6der regenereringsprocesser, hj\u00e4lper till med cellf\u00f6rnyelse och kan till och med f\u00f6rhindra utvecklingen av cancerceller.<\/p>\n<p>Det f\u00f6rst\u00e4rker ocks\u00e5 l\u00e4kemedlens effekt samtidigt som det minskar deras biverkningar.<\/p>\n<h2>F\u00f6rdelaktiga egenskaper:<\/h2>\n<p>* Stark antibakteriell och svampd\u00f6dande verkan<br \/>\n* Antiviral, matsm\u00e4ltning, immunf\u00f6rst\u00e4rkning<br \/>\n* Cellskydd och tum\u00f6rf\u00f6rebyggande \u00e5tg\u00e4rder<br \/>\n* Normaliserar \u00e4mnesoms\u00e4ttningen<br \/>\n* St\u00e4rker motst\u00e5ndskraften mot allergier<br \/>\n* Regenererar kroppen p\u00e5 cellul\u00e4r niv\u00e5<br \/>\n* Orsakar inte biverkningar, \u00f6verdosering eller beroende<br \/>\n* Skyddar kroppen p\u00e5 cellniv\u00e5, hj\u00e4lper till att f\u00f6rhindra utveckling av tum\u00f6rer<\/p>\n<h2>F\u00f6reslagen anv\u00e4ndning:<\/h2>\n<p>Vetom 2 rekommenderas f\u00f6r att \u00e5terst\u00e4lla balansen i tarmfloran, st\u00f6dja tarmh\u00e4lsan och st\u00e4rka immunf\u00f6rsvaret.<\/p>\n<h2>Dosering:<\/h2>\n<p>* 1 kapsel 2-3 g\u00e5nger dagligen rekommenderas i 10 dagar, f\u00f6re, under eller efter m\u00e5ltider, med en liten m\u00e4ngd v\u00e4tska (vatten, te eller juice). \u00d6vervaka kroppens svar under behandlingens g\u00e5ng och \u00f6ka dosen gradvis om det beh\u00f6vs, upp till 5-10 kapslar per dag.<\/p>\n<p>* Behandlingen kan upprepas efter 1-2 veckors uppeh\u00e5ll. Ibland rekommenderas det att byta till en annan numrerad Vetom-produkt f\u00f6r \u00f6vergripande st\u00f6d av kroppen.<\/p>\n<h2>Kontraindikationer:<\/h2>\n<p>* Rekommenderas inte vid k\u00e4nslighet f\u00f6r n\u00e5gon av ingredienserna.<br \/>\n* Anv\u00e4nds under graviditet och amning endast efter medicinsk r\u00e5dgivning.<br \/>\n* P\u00e5verkar inte k\u00f6rning eller anv\u00e4ndning av farliga maskiner.<\/p>\n<h2>Dosering och ingredienser:<\/h2>\n<p>* 10 kapslar i blister, 5 f\u00f6rpackningar i kartong (totalt 50 kapslar)<br \/>\n* Inneh\u00e5ll i 1 kapsel:<\/p>\n<p>* majsextrakt - 133 mg<br \/>\n* Potatisst\u00e4rkelse - 100 mg<br \/>\n* sackaros (str\u00f6socker) - 67 mg<br \/>\n* Bacillus amyloliquefaciens bakteriekultur (DSM 24614) och stammar DSM 24615 - 30 mg (1\u00d710\u2079 CFU\/g)<\/p>\n<h2>Mer information:<\/h2>\n<p>* Nettovikt: 0,1 kg<br \/>\n* Storlek: 4,5 \u00d7 6,5 \u00d7 8 cm<br \/>\n* Ursprungsland: Ryssland<br \/>\n* F\u00f6rvaring: svalt och torrt (max 30 \u00b0C), o\u00e5tkomligt f\u00f6r barn<br \/>\n* H\u00e5llbarhet: 2 \u00e5r fr\u00e5n tillverkningsdatum<\/p>\n<p>Alternativ motsvarighet i droppform: Vetom 2,25 (10 ml)<\/p>\n<p>Ursprungsort : <strong>Ryssland<\/strong><\/p>","protected":false},"excerpt":{"rendered":"<h5><strong>Vetom <span style=\"color: red;\">2<\/span><\/strong> probiotiska kapslar 50 korn (kosttillskott)<\/h5>\n<div class=\"plashka\">\n<p>A <strong>Vetom <span style=\"color: red;\">2<\/span><\/strong> normaliserar \u00e4mnesoms\u00e4ttningen, matsm\u00e4ltningen och absorptionen av biologiskt aktiva livsmedelskomponenter i mag-tarmkanalen.<\/p>\n<p>A <strong>Vetom <span style=\"color: red;\">2<\/span><\/strong> prpbiotika \u00f6kar l\u00e4kemedlens effektivitet och minskar deras negativa biverkningar p\u00e5 m\u00e4nniskokroppen.<\/p>\n<\/div>\n<p>Gynnsam effekt p\u00e5 <strong>Bacillus amyloliquefaciens<\/strong> som huvudsakligen produceras genom att f\u00f6r\u00f6ka sig i tjocktarmen:<\/p>\n<ul class=\"vetom-list\">\n<li>proteolytiska, amylolytiska och cellulosolytiska enzymer,<\/li>\n<li>en biologiskt aktiv substans som h\u00e4mmar tillv\u00e4xt och utveckling av patogena och potentiellt patogena mikrofloror.<\/li>\n<\/ul>\n<p>Som en f\u00f6ljd av detta omvandlas bakteriesammans\u00e4ttningen i tarminneh\u00e5llet till r\u00e4tt utvecklingsnorm, tarmv\u00e4ggarna reng\u00f6rs fr\u00e5n osm\u00e4lta rester, vilket bidrar till aktivt avl\u00e4gsnande av toxiner fr\u00e5n kroppen, obehindrad transport av biologiskt aktiva n\u00e4rings\u00e4mnen.<\/p>","protected":false},"featured_media":6598,"comment_status":"open","ping_status":"closed","template":"","meta":[],"product_brand":[],"product_cat":[22],"product_tag":[],"class_list":{"0":"post-443","1":"product","2":"type-product","3":"status-publish","4":"has-post-thumbnail","6":"product_cat-vetom-probiotikumok","8":"first","9":"instock","10":"featured","11":"taxable","12":"shipping-taxable","13":"purchasable","14":"product-type-simple"},"_links":{"self":[{"href":"https:\/\/vetomshop.hu\/sv\/wp-json\/wp\/v2\/product\/443","targetHints":{"allow":["GET"]}}],"collection":[{"href":"https:\/\/vetomshop.hu\/sv\/wp-json\/wp\/v2\/product"}],"about":[{"href":"https:\/\/vetomshop.hu\/sv\/wp-json\/wp\/v2\/types\/product"}],"replies":[{"embeddable":true,"href":"https:\/\/vetomshop.hu\/sv\/wp-json\/wp\/v2\/comments?post=443"}],"wp:featuredmedia":[{"embeddable":true,"href":"https:\/\/vetomshop.hu\/sv\/wp-json\/wp\/v2\/media\/6598"}],"wp:attachment":[{"href":"https:\/\/vetomshop.hu\/sv\/wp-json\/wp\/v2\/media?parent=443"}],"wp:term":[{"taxonomy":"product_brand","embeddable":true,"href":"https:\/\/vetomshop.hu\/sv\/wp-json\/wp\/v2\/product_brand?post=443"},{"taxonomy":"product_cat","embeddable":true,"href":"https:\/\/vetomshop.hu\/sv\/wp-json\/wp\/v2\/product_cat?post=443"},{"taxonomy":"product_tag","embeddable":true,"href":"https:\/\/vetomshop.hu\/sv\/wp-json\/wp\/v2\/product_tag?post=443"}],"curies":[{"name":"wp","href":"https:\/\/api.w.org\/{rel}","templated":true}]}}