{"id":445,"date":"2019-11-12T15:06:44","date_gmt":"2019-11-12T14:06:44","guid":{"rendered":"https:\/\/vetomshop.hu\/?post_type=product&#038;p=445"},"modified":"2026-04-12T08:29:25","modified_gmt":"2026-04-12T06:29:25","slug":"vetom-3-etrend-kiegeszito","status":"publish","type":"product","link":"https:\/\/vetomshop.hu\/sv\/produkt\/vetom-3-etrend-kiegeszito\/","title":{"rendered":"Probiotisk Vetom <span style=\"color:red\">3<\/span><br> kapsel <span style=\"color:red\">50 korn<\/span> (kosttillskott)"},"content":{"rendered":"<p>Vetom 3 probiotiska kapslar 50 korn (kosttillskott)<\/p>\n<p>Dess v\u00e4lg\u00f6rande effekter beror p\u00e5 verkan av Bacillus amyloliquefaciens, som huvudsakligen genom att f\u00f6r\u00f6ka sig i tjocktarmen producerar: proteolytiska, amylolytiska, cellulolytiska enzymer, biologiskt aktiva substanser som h\u00e4mmar tillv\u00e4xt och utveckling av patogen och potentiellt patogen mikroflora. Som ett resultat omvandlas den bakteriella sammans\u00e4ttningen av tarminneh\u00e5llet till l\u00e4mplig utvecklingsnorm, tarmv\u00e4ggarna reng\u00f6rs fr\u00e5n osm\u00e4lta rester, vilket bidrar till aktivt avl\u00e4gsnande av toxiner fr\u00e5n kroppen, obehindrad transport av biologiskt aktiva n\u00e4rings\u00e4mnen.<br \/>\nUnder inverkan av Vetom 3 normaliseras \u00e4mnesoms\u00e4ttningen, matsm\u00e4ltningen och absorptionen av biologiskt aktiva livsmedelskomponenter i mag-tarmkanalen.<br \/>\nVetom 3 \u00f6kar l\u00e4kemedlens effektivitet och minskar deras negativa biverkningar p\u00e5 m\u00e4nniskokroppen.<br \/>\nRekommenderad dosering: 1 kapsel (2*3) dagligen i 10 dagar, tas i samband med eller efter m\u00e5ltid, med en liten m\u00e4ngd vatten, juice eller te.<br \/>\nVetom 3 \u00e4r inte beroendeframkallande.<br \/>\nUpprepade kurer efter 1-2 veckors uppeh\u00e5ll rekommenderas och det \u00e4r l\u00e4mpligt att byta till en annan numrerad Vetom-produkt med j\u00e4mna mellanrum. .<br \/>\nP\u00e5 s\u00e5 s\u00e4tt kan vi st\u00f6dja hela v\u00e5r kropp, \u00e4ven tarmkanalen. .<br \/>\nFunktioner:<br \/>\n- Den har h\u00f6g antagonistisk aktivitet mot patogena och villkorligt patogena svampar och bakterier, antivirala, proteolytiska, amylolytiska och cellulolytiska egenskaper<br \/>\n- stimulerar cellul\u00e4ra och humorala immunitetsfaktorer<br \/>\n- \u00f6kar kroppens ospecifika motst\u00e5nd<br \/>\n- stabiliserar allergisk resistens<br \/>\n- normaliserar \u00e4mnesoms\u00e4ttningen<br \/>\n- stimulerar regenerationsprocesser, angriper och f\u00f6rst\u00f6r cancerceller och sjuka celler<br \/>\nDet f\u00f6r\u00e4ndrar cellskelettets membran och metabolism, vilket f\u00f6rhindrar utvecklingen av cancerceller.<\/p>\n<ul>\n<li>INGA BIVERKNINGAR<\/li>\n<li>INGEN \u00c5LDERSBEGR\u00c4NSNING<\/li>\n<li>INGEN \u00d6VERDOSERING<\/li>\n<li>INTE ADDICTIVE<\/li>\n<\/ul>\n<p>Anv\u00e4ndningsomr\u00e5de<br \/>\nAnv\u00e4ndning av probiotiska mikroorganismer som en biologiskt aktiv livsmedelstillsats rekommenderas f\u00f6r reparation av mag-tarmkanalen och \u00e5terst\u00e4llande av tarmens mikroflora.<br \/>\nKontraindikationer<br \/>\n\u00d6verk\u00e4nslighet mot vissa ingredienser i produkten.<br \/>\nS\u00e4rskilda anvisningar<br \/>\nAnv\u00e4ndning under graviditet och amning endast efter medicinsk konsultation. Preparatet p\u00e5verkar inte f\u00f6rm\u00e5gan att k\u00f6ra bil eller att anv\u00e4nda potentiellt farliga mekanismer.<br \/>\nDispensering<br \/>\n10 kapslar 0,33 g i individuella blisterf\u00f6rpackningar, 5 blisterf\u00f6rpackningar i en kartong. F\u00f6rpackade i korrugerat papper, nettovikt: 5 g, 50 kapslar i en kartong.<br \/>\nSammans\u00e4ttning<br \/>\n1 kapsel inneh\u00e5ller: majsextrakt - 133 mg; potatisst\u00e4rkelse - 100 mg; sackaros (str\u00f6socker) - 67 mg, probiotiskt torkad Bacillus amyloliquefaciens VKPM B - 10641 bakteriestamkultur (DSM 24613), 1\u00d7109 KTJ\/g - 30 mg kolonibildande enhet.<\/p>\n<p>Vikt :0,1 kg<br \/>\nM\u00e5tt: 4,5 x 6,5 x 8 cm<br \/>\nUrsprungsort: Ryssland<\/p>\n<p>Jag k\u00f6per probiotika direkt fr\u00e5n fabriken till b\u00e4sta pris, -premiumkvalitet.<br \/>\n\u201eCemmedic Europe Kft\u201d Officiell distribut\u00f6r av Vetom Probiotics i Ungern!<\/p>","protected":false},"excerpt":{"rendered":"<h5><strong>Vetom <span style=\"color: red;\">3<\/span><\/strong> probiotiska kapslar 50 korn (kosttillskott)<\/h5>\n<div class=\"plashka\">\n<p>A <strong>Vetom <span style=\"color: red;\">3<\/span><\/strong> normaliserar \u00e4mnesoms\u00e4ttningen, matsm\u00e4ltningen och absorptionen av biologiskt aktiva livsmedelskomponenter i mag-tarmkanalen.<\/p>\n<p>A <strong>Vetom <span style=\"color: red;\">3<\/span><\/strong> \u00f6kar l\u00e4kemedlens effektivitet och minskar deras negativa biverkningar p\u00e5 m\u00e4nniskokroppen.<\/p>\n<\/div>\n<p>Gynnsam effekt p\u00e5 <strong>Bacillus amyloliquefaciens<\/strong> som huvudsakligen produceras genom att f\u00f6r\u00f6ka sig i tjocktarmen:<\/p>\n<ul class=\"vetom-list\">\n<li>proteolytiska, amylolytiska och cellulosolytiska enzymer,<\/li>\n<li>biologiskt aktiva substanser som h\u00e4mmar tillv\u00e4xt och utveckling av patogena och potentiellt patogena mikrofloror.<\/li>\n<\/ul>\n<p>Som en f\u00f6ljd av detta omvandlas bakteriesammans\u00e4ttningen i tarminneh\u00e5llet till r\u00e4tt utvecklingsnorm, tarmv\u00e4ggarna reng\u00f6rs fr\u00e5n osm\u00e4lta rester, vilket bidrar till aktivt avl\u00e4gsnande av toxiner fr\u00e5n kroppen, obehindrad transport av biologiskt aktiva n\u00e4rings\u00e4mnen.<\/p>\n<p><strong>Dosering<\/strong>: Det rekommenderas att ta 1 kapsel (2*3) dagligen i 10 dagar med eller efter m\u00e5ltid, med en liten m\u00e4ngd vatten, juice eller te.<\/p>\n<p>Det rekommenderas att upprepa kurerna efter 1-2 veckors uppeh\u00e5ll och att byta till en annan numrerad Vetom-produkt med j\u00e4mna mellanrum.<br \/>\nP\u00e5 s\u00e5 s\u00e4tt kan vi st\u00f6dja hela v\u00e5r kropp och v\u00e5rt tarmsystem.<\/p>\n<p>A <strong>Vetom <span style=\"color: red;\">3<\/span><\/strong> \u00e4r inte beroendeframkallande.<\/p>\n<h5>Funktioner:<\/h5>\n<ul class=\"vetom-list\">\n<li>Den har h\u00f6g antagonistisk aktivitet mot patogena och villkorligt patogena svampar och bakterier, antivirala, proteolytiska, amylolytiska och cellulolytiska egenskaper<\/li>\n<li>stimulerar cellul\u00e4ra och humorala immunitetsfaktorer<\/li>\n<li>\u00f6kar kroppens ospecifika motst\u00e5nd<\/li>\n<li>stabiliserar allergisk resistens<\/li>\n<li>normaliserar \u00e4mnesoms\u00e4ttningen<\/li>\n<li>stimulerar regenerationsprocesser, angriper och f\u00f6rst\u00f6r cancerceller och sjuka celler<\/li>\n<\/ul>\n<div class=\"plashka\">Det f\u00f6r\u00e4ndrar cellskelettets membran och metabolism, vilket f\u00f6rhindrar utvecklingen av cancerceller.<\/div>","protected":false},"featured_media":6599,"comment_status":"open","ping_status":"closed","template":"","meta":[],"product_brand":[],"product_cat":[22],"product_tag":[],"class_list":{"0":"post-445","1":"product","2":"type-product","3":"status-publish","4":"has-post-thumbnail","6":"product_cat-vetom-probiotikumok","8":"first","9":"instock","10":"featured","11":"taxable","12":"shipping-taxable","13":"purchasable","14":"product-type-simple"},"_links":{"self":[{"href":"https:\/\/vetomshop.hu\/sv\/wp-json\/wp\/v2\/product\/445","targetHints":{"allow":["GET"]}}],"collection":[{"href":"https:\/\/vetomshop.hu\/sv\/wp-json\/wp\/v2\/product"}],"about":[{"href":"https:\/\/vetomshop.hu\/sv\/wp-json\/wp\/v2\/types\/product"}],"replies":[{"embeddable":true,"href":"https:\/\/vetomshop.hu\/sv\/wp-json\/wp\/v2\/comments?post=445"}],"wp:featuredmedia":[{"embeddable":true,"href":"https:\/\/vetomshop.hu\/sv\/wp-json\/wp\/v2\/media\/6599"}],"wp:attachment":[{"href":"https:\/\/vetomshop.hu\/sv\/wp-json\/wp\/v2\/media?parent=445"}],"wp:term":[{"taxonomy":"product_brand","embeddable":true,"href":"https:\/\/vetomshop.hu\/sv\/wp-json\/wp\/v2\/product_brand?post=445"},{"taxonomy":"product_cat","embeddable":true,"href":"https:\/\/vetomshop.hu\/sv\/wp-json\/wp\/v2\/product_cat?post=445"},{"taxonomy":"product_tag","embeddable":true,"href":"https:\/\/vetomshop.hu\/sv\/wp-json\/wp\/v2\/product_tag?post=445"}],"curies":[{"name":"wp","href":"https:\/\/api.w.org\/{rel}","templated":true}]}}