{"id":447,"date":"2019-11-12T15:10:57","date_gmt":"2019-11-12T14:10:57","guid":{"rendered":"https:\/\/vetomshop.hu\/?post_type=product&#038;p=447"},"modified":"2026-04-12T08:29:15","modified_gmt":"2026-04-12T06:29:15","slug":"vetom-4-etrend-kiegeszito","status":"publish","type":"product","link":"https:\/\/vetomshop.hu\/sv\/produkt\/vetom-4-etrend-kiegeszito\/","title":{"rendered":"Probiotisk Vetom <span style=\"color:red\">4<\/span><br> kapsel <span style=\"color:red\">50 korn<\/span> (kosttillskott)"},"content":{"rendered":"<p>Vetom 4 probiotiska kapslar 50 korn (kosttillskott med Bacillus amyloliquefaciens)<\/p>\n<p>Dess v\u00e4lg\u00f6rande effekter beror p\u00e5 verkan av Bacillus amyloliquefaciens, som huvudsakligen genom att f\u00f6r\u00f6ka sig i tunntarmen producerar: proteolytiska, amylolytiska, cellulolytiska enzymer, biologiskt aktiva substanser som h\u00e4mmar tillv\u00e4xten och utvecklingen av patogen och potentiellt patogen mikroflora. Som ett resultat omvandlas den bakteriella sammans\u00e4ttningen av tarminneh\u00e5llet till l\u00e4mplig utvecklingsnorm, tarmv\u00e4ggarna reng\u00f6rs fr\u00e5n osm\u00e4lta rester, vilket bidrar till aktivt avl\u00e4gsnande av toxiner fr\u00e5n kroppen, obehindrad transport av biologiskt aktiva n\u00e4rings\u00e4mnen.<br \/>\nUnder p\u00e5verkan av Vetom 4 normaliseras \u00e4mnesoms\u00e4ttningen, matsm\u00e4ltningen och absorptionen av biologiskt aktiva livsmedelskomponenter i mag-tarmkanalen.<br \/>\nVetom 1.1 \u00f6kar l\u00e4kemedlens effektivitet och minskar deras negativa biverkningar p\u00e5 m\u00e4nniskokroppen.<br \/>\nRekommenderad dosering: 1 kapsel (2*3) dagligen i 10 dagar, tas i samband med eller efter m\u00e5ltid, med en liten m\u00e4ngd vatten, juice eller te.<br \/>\nVetom 4 \u00e4r inte beroendeframkallande.<br \/>\nUpprepade kurer efter 1-2 veckors uppeh\u00e5ll rekommenderas och det \u00e4r l\u00e4mpligt att byta till en annan numrerad Vetom-produkt med j\u00e4mna mellanrum. .<br \/>\nP\u00e5 s\u00e5 s\u00e4tt kan vi st\u00f6dja hela v\u00e5r kropp, \u00e4ven tarmkanalen. .<br \/>\nFunktioner:<br \/>\n- Den har h\u00f6g antagonistisk aktivitet mot patogena och villkorligt patogena svampar och bakterier, antivirala, proteolytiska, amylolytiska och cellulolytiska egenskaper<br \/>\n- stimulerar cellul\u00e4ra och humorala immunitetsfaktorer<br \/>\n- \u00f6kar kroppens ospecifika motst\u00e5nd<br \/>\n- stabiliserar allergisk resistens<br \/>\n- normaliserar \u00e4mnesoms\u00e4ttningen<br \/>\n- stimulerar regenerationsprocesser, angriper och f\u00f6rst\u00f6r cancerceller och sjuka celler<br \/>\nDet f\u00f6r\u00e4ndrar cellskelettets membran och metabolism, vilket f\u00f6rhindrar utvecklingen av cancerceller.<\/p>\n<p>- INGA BIVERKNINGAR<br \/>\n- INGEN \u00c5LDERSBEGR\u00c4NSNING<br \/>\n- INGEN \u00d6VERDOSERING<br \/>\n- INTE BEROENDEFRAMKALLANDE<\/p>\n<p>Anv\u00e4ndningsomr\u00e5de<br \/>\nAnv\u00e4ndning av probiotiska mikroorganismer som en biologiskt aktiv livsmedelstillsats rekommenderas f\u00f6r reparation av mag-tarmkanalen och \u00e5terst\u00e4llande av tarmens mikroflora.<\/p>\n<p>Kontraindikationer<br \/>\n\u00d6verk\u00e4nslighet mot vissa ingredienser i produkten.<\/p>\n<p>S\u00e4rskilda anvisningar<br \/>\nAnv\u00e4ndning under graviditet och amning endast efter medicinsk konsultation. Preparatet p\u00e5verkar inte f\u00f6rm\u00e5gan att k\u00f6ra bil eller att anv\u00e4nda potentiellt farliga mekanismer.<br \/>\nDispensering<br \/>\n10 kapslar 0,33 g i individuella blisterf\u00f6rpackningar, 5 blisterf\u00f6rpackningar i en kartong. Plastl\u00e5da, nettovikt: 500 g. F\u00f6rpackad i wellpapp, nettovikt: 5 g, 50 kapslar i en pappkartong.<br \/>\nF\u00f6rvaringsf\u00f6rh\u00e5llanden<br \/>\nKan f\u00f6rvaras vid 75 % relativ luftfuktighet under 30\u00b0C. F\u00f6rvaras o\u00e5tkomligt f\u00f6r barn.<br \/>\nH\u00e5llbarhetstid<br \/>\n2 \u00e5r fr\u00e5n tillverkningsdatumet. F\u00e5r inte konsumeras efter utg\u00e5ngsdatumet.<br \/>\nSammans\u00e4ttning<br \/>\n1 kapsel inneh\u00e5ller: majsextrakt - 133 mg; potatisst\u00e4rkelse - 100 mg; sackaros (str\u00f6socker) - 67 mg: probiotisk torkad Bacillus amyloliquefaciens VKPM B - 10643 bakteriestamkultur (DSM 24615), 1\u00d7109 KTJ\/g - 30 mg kolonibildande enhet.<br \/>\nJag k\u00f6per probiotika direkt fr\u00e5n fabriken till b\u00e4sta pris, -premiumkvalitet.<br \/>\n\u201eCemmedic Europe Kft\u201d Officiell distribut\u00f6r av Vetom Probiotics i Ungern!<\/p>","protected":false},"excerpt":{"rendered":"<h5><strong>Vetom <span style=\"color:red\">4<\/span><\/strong> probiotiska kapslar 50 korn (kosttillskott) <strong>Bacillus amyloliquefaciens<\/strong> bakterier)<\/h5>\n<div class=\"plashka\">\n<p>A <strong>Vetom <span style=\"color:red\">4<\/span><\/strong> normaliserar \u00e4mnesoms\u00e4ttningen, matsm\u00e4ltningen och absorptionen av biologiskt aktiva livsmedelskomponenter i mag-tarmkanalen.<\/p>\n<p>A <strong>Vetom <span style=\"color:red\">4<\/span><\/strong> \u00f6kar l\u00e4kemedlens effektivitet och minskar deras negativa biverkningar p\u00e5 m\u00e4nniskokroppen.<\/p>\n<\/div>\n<p>De positiva effekterna av <strong>Bacillus amyloliquefaciens<\/strong> som huvudsakligen produceras genom att f\u00f6r\u00f6ka sig i tunntarmen:<\/p>\n<ul class=\"vetom-list\">\n<li>proteolytiska, amylolytiska och cellulosolytiska enzymer,<\/li>\n<li>biologiskt aktiva substanser som h\u00e4mmar tillv\u00e4xt och utveckling av patogena och potentiellt patogena mikrofloror.<\/li>\n<\/ul>\n<p>Som en f\u00f6ljd av detta omvandlas bakteriesammans\u00e4ttningen i tarminneh\u00e5llet till r\u00e4tt utvecklingsnorm, tarmv\u00e4ggarna reng\u00f6rs fr\u00e5n osm\u00e4lta rester, vilket bidrar till aktivt avl\u00e4gsnande av toxiner fr\u00e5n kroppen, obehindrad transport av biologiskt aktiva n\u00e4rings\u00e4mnen.<\/p>\n<p><strong>Dosering:<\/strong> Det rekommenderas att ta 1 kapsel (2*3) dagligen i 10 dagar med eller efter m\u00e5ltider, med en liten m\u00e4ngd vatten, juice eller te.<\/p>\n<div class=\"plashka\">Det rekommenderas att upprepa kurerna efter 1-2 veckors paus och att byta till en annan numrerad Vetom-produkt med j\u00e4mna mellanrum. P\u00e5 s\u00e5 s\u00e4tt kan vi st\u00f6dja hela v\u00e5r kropp och v\u00e5rt tarmsystem p\u00e5 samma s\u00e4tt.<\/div>\n<p>A <strong>Vetom <span style=\"color:red\">4<\/span><\/strong> \u00e4r inte beroendeframkallande.<\/p>","protected":false},"featured_media":6596,"comment_status":"open","ping_status":"closed","template":"","meta":[],"product_brand":[],"product_cat":[22],"product_tag":[],"class_list":{"0":"post-447","1":"product","2":"type-product","3":"status-publish","4":"has-post-thumbnail","6":"product_cat-vetom-probiotikumok","8":"first","9":"instock","10":"featured","11":"taxable","12":"shipping-taxable","13":"purchasable","14":"product-type-simple"},"_links":{"self":[{"href":"https:\/\/vetomshop.hu\/sv\/wp-json\/wp\/v2\/product\/447","targetHints":{"allow":["GET"]}}],"collection":[{"href":"https:\/\/vetomshop.hu\/sv\/wp-json\/wp\/v2\/product"}],"about":[{"href":"https:\/\/vetomshop.hu\/sv\/wp-json\/wp\/v2\/types\/product"}],"replies":[{"embeddable":true,"href":"https:\/\/vetomshop.hu\/sv\/wp-json\/wp\/v2\/comments?post=447"}],"wp:featuredmedia":[{"embeddable":true,"href":"https:\/\/vetomshop.hu\/sv\/wp-json\/wp\/v2\/media\/6596"}],"wp:attachment":[{"href":"https:\/\/vetomshop.hu\/sv\/wp-json\/wp\/v2\/media?parent=447"}],"wp:term":[{"taxonomy":"product_brand","embeddable":true,"href":"https:\/\/vetomshop.hu\/sv\/wp-json\/wp\/v2\/product_brand?post=447"},{"taxonomy":"product_cat","embeddable":true,"href":"https:\/\/vetomshop.hu\/sv\/wp-json\/wp\/v2\/product_cat?post=447"},{"taxonomy":"product_tag","embeddable":true,"href":"https:\/\/vetomshop.hu\/sv\/wp-json\/wp\/v2\/product_tag?post=447"}],"curies":[{"name":"wp","href":"https:\/\/api.w.org\/{rel}","templated":true}]}}