{"id":449,"date":"2019-11-12T15:17:02","date_gmt":"2019-11-12T14:17:02","guid":{"rendered":"https:\/\/vetomshop.hu\/?post_type=product&#038;p=449"},"modified":"2026-04-12T08:29:02","modified_gmt":"2026-04-12T06:29:02","slug":"vetom-1-23-probiotikum-csepp","status":"publish","type":"product","link":"https:\/\/vetomshop.hu\/sv\/produkt\/vetom-1-23-probiotikum-csepp\/","title":{"rendered":"Probiotisk Vetom <span style=\"color: red\">1.23<\/span><br>Sl\u00e4pp <span style=\"color: red\">10 ml<\/span> (kosttillskott)"},"content":{"rendered":"<h3>Vetom Probiotic 1,23 droppar 10 ml (kosttillskott)<\/h3>\n<p><strong>Bacillus subtilis med nyttiga bakteriestammar<\/strong><\/p>\n<p>Vetom 1.23 \u00e4r ett flytande probiotikum baserat p\u00e5 de positiva effekterna av Bacillus subtilis VKPM V 10641, en bakteriestam som huvudsakligen verkar i tjocktarmen, d\u00e4r den aktivt f\u00f6r\u00f6kar sig och producerar ett antal matsm\u00e4ltningsenzymer och biologiskt aktiva substanser.<\/p>\n<p>&nbsp;<\/p>\n<h2><strong>Det h\u00e4r \u00e4r materialet:<\/strong><\/h2>\n<p>* undertrycka tillv\u00e4xten av skadliga bakterier och svampar,<\/p>\n<p>* hj\u00e4lper till att reng\u00f6ra tarmv\u00e4ggarna fr\u00e5n osm\u00e4lta rester,<\/p>\n<p>* st\u00f6dja avl\u00e4gsnandet av toxiner,<\/p>\n<p>* fr\u00e4mjar ett effektivt upptag av n\u00e4rings\u00e4mnen, vitaminer och mineraler.<\/p>\n<p>&nbsp;<\/p>\n<p>Vetom 1.23 f\u00f6rb\u00e4ttrar syra-basbalansen i matsm\u00e4ltningssystemet och optimerar \u00e4mnesoms\u00e4ttningen av j\u00e4rn, kalcium, proteiner, fetter, kolhydrater och andra n\u00e4rings\u00e4mnen. Detta g\u00f6r att kroppen kan st\u00e4rka och regenerera sig sj\u00e4lv p\u00e5 ett naturligt s\u00e4tt.<\/p>\n<p>&nbsp;<\/p>\n<h2><strong>Viktiga f\u00f6rdelar:<\/strong><\/h2>\n<p>* Antibakteriell och svampd\u00f6dande verkan<\/p>\n<p>* Antiviral egenskap<\/p>\n<p>* Immunf\u00f6rst\u00e4rkande, cellul\u00e4rt skydd<\/p>\n<p>* Fr\u00e4mjar cellf\u00f6rnyelse<\/p>\n<p>* H\u00e4mmar bildandet av onormala celler, inklusive tum\u00f6rceller<\/p>\n<p>* Orsakar inte biverkningar, missbruk eller \u00f6verdosering<\/p>\n<p>* S\u00e4ker att anv\u00e4nda i alla \u00e5ldrar<\/p>\n<p>&nbsp;<\/p>\n<p>&nbsp;<\/p>\n<h2><strong>Dosering och administreringss\u00e4tt:<\/strong><\/h2>\n<p>*F\u00f6r oral anv\u00e4ndning<\/p>\n<p>*Kompletterande f\u00f6r vuxna och barn : 2 droppar rekommenderas under de f\u00f6rsta dagarna, d\u00e4refter kan dosen gradvis \u00f6kas till 4-6 droppar. Observera kroppens reaktioner under intaget.<\/p>\n<p>*F\u00f6r vanliga sjukdomar: 10 droppar dagligen i 10 dagar<\/p>\n<p>*Upprepa behandlingen: rekommenderas efter 1-2 veckors uppeh\u00e5ll<\/p>\n<p>*F\u00f6resl\u00e5s d\u00e5 och d\u00e5 att alternera med andra Vetom-produkter f\u00f6r att f\u00e5 ett bredare st\u00f6d f\u00f6r organisationen<\/p>\n<p>&nbsp;<\/p>\n<h2><strong>N\u00e4r rekommenderas anv\u00e4ndning av den?<\/strong><\/h2>\n<p>* efter antibiotikabehandling, f\u00f6r att \u00e5terskapa tarmfloran<\/p>\n<p>*F\u00f6r att komplettera behandlingen vid cancer<\/p>\n<p>*Matsm\u00e4ltningsst\u00f6rningar, diarr\u00e9, f\u00f6rstoppning, magbesv\u00e4r<\/p>\n<p>*Vid immunbristtillst\u00e5nd<\/p>\n<p>* Vid obehaglig kroppslukt eller andedr\u00e4kt<\/p>\n<p>* Till\u00e4ggsbehandling f\u00f6r njursten, leversjukdom, gastrointestinala problem<\/p>\n<p>Lystring!<\/p>\n<p>Anv\u00e4nd inte tillsammans med orala antibiotika eller andra probiotika. Det kan kombineras med topikala antibiotika.<\/p>\n<p>&nbsp;<\/p>\n<h2><strong>Viktigt:<\/strong><\/h2>\n<p>Det ska inte tas med andra orala probiotika eller antibiotika, s\u00e4rskilt sulfanilamid, cancerframkallande medel.<\/p>\n<p>&nbsp;<\/p>\n<h2><strong>Ingredienser:<\/strong><\/h2>\n<p>* Maisextrakt fermenterat med *Bacillus subtilis*-stam (VKPM V 10641 \/ DSM 24613)<\/p>\n<p>* Natriumklorid<\/p>\n<p>* Viveware<\/p>\n<p><strong>\u00a0<\/strong><\/p>\n<h2><strong>Dispensering:<\/strong><\/h2>\n<p>* 10 ml droppflaska eller plastflaska<\/p>\n<p>* Kan inneh\u00e5lla naturligt sediment, vilket inte \u00e4r en kvalitetsdefekt<\/p>\n<p>&nbsp;<\/p>\n<h2><strong>K\u00fcllem:<\/strong><\/h2>\n<p>Ljusgulbrun v\u00e4tska med karakteristisk lukt<\/p>\n<p>*Vikt: 0,02 kg<\/p>\n<p>*M\u00e5tt: 3 \u00d7 3 \u00d7 7 cm<\/p>\n<p>*Leverant\u00f6r: Ryssland<\/p>\n<p>&nbsp;<\/p>\n<h2>Information om lagring:<\/h2>\n<p>*F\u00f6rvaring: 0-10 \u00b0C vid en relativ luftfuktighet p\u00e5 upp till 75%<\/p>\n<p>*Transport och tillf\u00e4llig f\u00f6rvaring: 10-30 \u00b0C i max. 18 dagar<\/p>\n<p>*Efter demontering: f\u00f6rvara i kylsk\u00e5p (0-10 \u00b0C)<\/p>","protected":false},"excerpt":{"rendered":"<h5>Ans\u00f6k p\u00e5<\/h5>\n<p>A <strong>Vetom 1.23<\/strong> anv\u00e4nds som en kompletterande k\u00e4lla till probiotiska mikroorganismer f\u00f6r att f\u00f6rb\u00e4ttra m\u00e4nniskokroppens h\u00e4lsa. Den robusta effekten av <strong>Bacillus subtilis<\/strong> som huvudsakligen produceras av tjocktarmen:<\/p>\n<ul class=\"vetom-list\">\n<li>proteolytiska, amylolytiska och cellulolytiska enzymer;<\/li>\n<li>a-2 interferon fr\u00e5n m\u00e4nskliga vita blodkroppar;<\/li>\n<li>bacitracin och andra biologiskt aktiva substanser f\u00f6r att f\u00f6rhindra betydande tillv\u00e4xt av patogen eller relativt patogen mikroflora.<\/li>\n<\/ul>\n<p>Som ett resultat av denna process omvandlas bakteriepopulationen i tarmkanalen tills den \u00e4r identisk med den evolution\u00e4ra normen, tarmv\u00e4ggarna rensas fr\u00e5n osm\u00e4ltbara matrester, vilket underl\u00e4ttar den aktiva elimineringen av giftiga \u00e4mnen fr\u00e5n kroppen och den obehindrade transporten av biologiskt aktiva \u00e4mnen och n\u00e4rings\u00e4mnen.<\/p>\n<div class=\"plashka\">A <strong>Vetom 1.23<\/strong> normaliserar matsm\u00e4ltning, absorption och metabolism av j\u00e4rn, kalcium, fetter, proteiner, kolhydrater, triglycerider, aminosyror, dipeptider, gallsalter, normaliserar det sura mediet i matsm\u00e4ltningskanalen. Anv\u00e4ndningen av Vetom 1.23 hj\u00e4lper kroppen att bibeh\u00e5lla h\u00e4lsan.<\/div>\n<p>A <strong>Vetom 1.23<\/strong> \u00f6kar l\u00e4kemedlens effektivitet och minskar deras negativa biverkningar p\u00e5 m\u00e4nniskokroppen.<\/p>\n<h6>Funktioner:<\/h6>\n<ul class=\"vetom-list\">\n<li>Den har h\u00f6g antagonistisk aktivitet mot patogena och villkorligt patogena svampar och bakterier, antivirala, proteolytiska, amylolytiska och cellulolytiska egenskaper<\/li>\n<li>stimulerar cellul\u00e4ra och humorala immunitetsfaktorer<\/li>\n<li>\u00f6kar kroppens ospecifika motst\u00e5nd<\/li>\n<li>stabiliserar allergisk resistens<\/li>\n<li>normaliserar \u00e4mnesoms\u00e4ttningen<\/li>\n<li>stimulerar regenerationsprocesser, angriper och f\u00f6rst\u00f6r cancerceller och sjuka celler<\/li>\n<\/ul>\n<div class=\"plashka\">Det f\u00f6r\u00e4ndrar cellskelettets membran och metabolism, vilket f\u00f6rhindrar utvecklingen av cancerceller.<\/div>","protected":false},"featured_media":6615,"comment_status":"open","ping_status":"closed","template":"","meta":[],"product_brand":[],"product_cat":[22],"product_tag":[],"class_list":{"0":"post-449","1":"product","2":"type-product","3":"status-publish","4":"has-post-thumbnail","6":"product_cat-vetom-probiotikumok","8":"first","9":"instock","10":"featured","11":"taxable","12":"shipping-taxable","13":"purchasable","14":"product-type-simple"},"_links":{"self":[{"href":"https:\/\/vetomshop.hu\/sv\/wp-json\/wp\/v2\/product\/449","targetHints":{"allow":["GET"]}}],"collection":[{"href":"https:\/\/vetomshop.hu\/sv\/wp-json\/wp\/v2\/product"}],"about":[{"href":"https:\/\/vetomshop.hu\/sv\/wp-json\/wp\/v2\/types\/product"}],"replies":[{"embeddable":true,"href":"https:\/\/vetomshop.hu\/sv\/wp-json\/wp\/v2\/comments?post=449"}],"wp:featuredmedia":[{"embeddable":true,"href":"https:\/\/vetomshop.hu\/sv\/wp-json\/wp\/v2\/media\/6615"}],"wp:attachment":[{"href":"https:\/\/vetomshop.hu\/sv\/wp-json\/wp\/v2\/media?parent=449"}],"wp:term":[{"taxonomy":"product_brand","embeddable":true,"href":"https:\/\/vetomshop.hu\/sv\/wp-json\/wp\/v2\/product_brand?post=449"},{"taxonomy":"product_cat","embeddable":true,"href":"https:\/\/vetomshop.hu\/sv\/wp-json\/wp\/v2\/product_cat?post=449"},{"taxonomy":"product_tag","embeddable":true,"href":"https:\/\/vetomshop.hu\/sv\/wp-json\/wp\/v2\/product_tag?post=449"}],"curies":[{"name":"wp","href":"https:\/\/api.w.org\/{rel}","templated":true}]}}