{"id":453,"date":"2019-11-12T15:33:21","date_gmt":"2019-11-12T14:33:21","guid":{"rendered":"https:\/\/vetomshop.hu\/?post_type=product&#038;p=453"},"modified":"2026-04-12T08:28:47","modified_gmt":"2026-04-12T06:28:47","slug":"vetom-3-22-probiotikum-csepp","status":"publish","type":"product","link":"https:\/\/vetomshop.hu\/sv\/produkt\/vetom-3-22-probiotikum-csepp\/","title":{"rendered":"Probiotisk Vetom <span style=\"color: red\">3.22<\/span><br>Sl\u00e4pp <span style=\"color: red\">10 ml<\/span> (kosttillskott)"},"content":{"rendered":"<h3>Vetom 3.22 probiotiska droppar (kosttillskott)<\/h3>\n<p>Vetom 4 \u00e4r ett naturligt probiotikum som bygger p\u00e5 de positiva effekterna av *Bacillus amyloliquefaciens*, en bakterie som huvudsakligen f\u00f6r\u00f6kar sig i *tjock- och tunntarmen*, d\u00e4r den producerar olika enzymer (protein-, st\u00e4rkelse- och fiberbrytande) och biologiskt aktiva \u00e4mnen.<\/p>\n<h2>Dessa \u00e4r..:<\/h2>\n<p>* h\u00e4mmar tillv\u00e4xten av skadliga bakterier och svampar,<br \/>\n* hj\u00e4lper till att reng\u00f6ra tarmv\u00e4ggen fr\u00e5n osm\u00e4lt material,<br \/>\n* st\u00f6dja absorptionen av n\u00e4rings\u00e4mnen,<br \/>\n* hj\u00e4lper till att avgifta kroppen.<\/p>\n<p>Regelbunden anv\u00e4ndning av Vetom 4 bidrar till en sund tarmflora, f\u00f6rb\u00e4ttrar matsm\u00e4ltningen och hj\u00e4lper kroppen att ta tillvara n\u00e4rings\u00e4mnen och energi.<\/p>\n<h2>Vetom 4<\/h2>\n<p>* St\u00f6djer den naturliga balansen i tarmkanalen<br \/>\n* Normaliserar matsm\u00e4ltningen och \u00e4mnesoms\u00e4ttningen<br \/>\n* F\u00f6rb\u00e4ttrar immunsystemets funktion<br \/>\n* Minskar biverkningarna av l\u00e4kemedel<br \/>\n* Skyddar kroppen p\u00e5 cellniv\u00e5, hj\u00e4lper till att f\u00f6rhindra utveckling av tum\u00f6rer<\/p>\n<h2>F\u00f6rdelaktiga egenskaper:<\/h2>\n<p>* Antibakteriell och svampd\u00f6dande verkan<br \/>\n* Antivirala och immunf\u00f6rsvarsh\u00f6jande<br \/>\n* St\u00f6djer matsm\u00e4ltningen genom sina enzymproducerande egenskaper<br \/>\n* Hj\u00e4lper cellf\u00f6rnyelse<br \/>\n* H\u00e4mmar bildandet och spridningen av sjuka celler och cancerceller<br \/>\n*Inget beroende, \u00f6verdosering eller biverkningar<br \/>\n*G\u00e4ller alla vuxna ( \u00f6ver 14 \u00e5r )<\/p>\n<h2>Till\u00e4mpningsomr\u00e5de:<\/h2>\n<p>Det rekommenderas som ett biologiskt aktivt kosttillskott f\u00f6r att st\u00f6dja mag-tarmkanalens funktion och f\u00f6r att \u00e5terst\u00e4lla tarmfloran.<\/p>\n<h2>Dosering:<\/h2>\n<p>* 1 kapsel 2-3 g\u00e5nger dagligen rekommenderas i 10 dagar, f\u00f6re, under eller efter m\u00e5ltider, med en liten m\u00e4ngd v\u00e4tska (vatten, te eller juice). \u00d6vervaka kroppens svar under behandlingens g\u00e5ng och \u00f6ka dosen gradvis om det beh\u00f6vs, upp till 5-10 kapslar per dag.<\/p>\n<p>* Behandlingen kan upprepas n\u00e4r som helst efter en paus p\u00e5 1-2 veckor. Ibland rekommenderas det att alternera anv\u00e4ndningen med andra typer av Vetom-produkter f\u00f6r att st\u00f6dja hela kroppen.<\/p>\n<h2>F\u00f6rslag:<\/h2>\n<p>Behandlingen b\u00f6r upprepas efter 1-2 veckors uppeh\u00e5ll. Ibland \u00e4r det l\u00e4mpligt att byta till en annan typ av Vetom-produkt f\u00f6r att ge ett brett st\u00f6d till kroppen.<\/p>\n<h2>Viktig information:<\/h2>\n<p>*Kontraindikation: \u00f6verk\u00e4nslighet mot vissa ingredienser<br \/>\n*Graviditet\/amning: endast efter samr\u00e5d med l\u00e4kare<br \/>\n*P\u00e5verkar inte k\u00f6rning eller anv\u00e4ndning av farliga maskiner<\/p>\n<h2>\u00d6vrig information:<\/h2>\n<p>* P\u00e5verkar inte k\u00f6rning eller anv\u00e4ndning av farliga maskiner<br \/>\n* F\u00f6rvaring: torrt, svalt (max. 30 \u00b0C), o\u00e5tkomligt f\u00f6r barn<br \/>\n* Garanti: 2 \u00e5r fr\u00e5n tillverkningsdatum<br \/>\n* F\u00f6rpackning: 10 kapslar i blister, 5 f\u00f6rpackningar i en l\u00e5da (totalt 50 kapslar)<\/p>\n<h2>F\u00f6rvaringsf\u00f6rh\u00e5llanden:<\/h2>\n<p>* Sval och torr plats (max. 30 \u00b0C, max. 75% luftfuktighet)<br \/>\n* F\u00f6rvaras o\u00e5tkomligt f\u00f6r barn<br \/>\n*Garantitid:** 2 \u00e5r fr\u00e5n tillverkningsdatum<br \/>\nUrsprungsland: Ryssland<\/p>\n<h2>Inneh\u00e5llet i en kapsel:<\/h2>\n<p>* majsextrakt - 133 mg<br \/>\n* Potatisst\u00e4rkelse - 100 mg<br \/>\n* sackaros (str\u00f6socker) - 67 mg<br \/>\n* **Bacillus amyloliquefaciens VKPM B-10643** probiotisk bakteriestam (DSM 24615) - 30 mg (1\u00d710\u2079 CFU\/g)<\/p>\n<p>Alternativ motsvarighet i droppform: Vetom 4.24 (10 ml)<\/p>\n<p>Ursprungsort : <strong>Ryssland<\/strong><\/p>","protected":false},"excerpt":{"rendered":"<h5>Ans\u00f6k p\u00e5<\/h5>\n<p>Fr\u00e5n <strong>Vetom<\/strong> <span style=\"color: red; font-weight: 800;\">3.22<\/span> anv\u00e4nds som en kompletterande k\u00e4lla till probiotiska mikroorganismer f\u00f6r att f\u00f6rb\u00e4ttra m\u00e4nniskokroppens h\u00e4lsa. Den robusta effekten av <strong>Bacillus myloliquefaciens<\/strong>, som huvudsakligen f\u00f6r\u00f6kar sig i tjocktarmen och producerar proteolytiska, amylolytiska och cellulolytiska enzymer samt andra biologiskt aktiva substanser.<\/p>\n<div class=\"plashka\">Som ett resultat av denna process omvandlas bakteriepopulationen i tarmkanalen tills den \u00e4r identisk med den evolution\u00e4ra normen, tarmv\u00e4ggarna rensas fr\u00e5n osm\u00e4ltbara matrester, vilket underl\u00e4ttar den aktiva elimineringen av giftiga \u00e4mnen fr\u00e5n kroppen och den obehindrade transporten av biologiskt aktiva \u00e4mnen och n\u00e4rings\u00e4mnen.<\/div>\n<p>A <strong>Vetom<\/strong> <span style=\"color: red; font-weight: 800;\">3.22<\/span> \u00f6kar l\u00e4kemedlens effektivitet och minskar deras negativa biverkningar p\u00e5 m\u00e4nniskokroppen.<\/p>\n<h6>Funktioner:<\/h6>\n<ul class=\"vetom-list\">\n<li>Den har h\u00f6g antagonistisk aktivitet mot patogena och villkorligt patogena svampar och bakterier, antivirala, proteolytiska, amylolytiska och cellulolytiska egenskaper<\/li>\n<li>stimulerar cellul\u00e4ra och humorala immunitetsfaktorer<\/li>\n<li>\u00f6kar kroppens ospecifika motst\u00e5nd<\/li>\n<li>stabiliserar allergisk resistens<\/li>\n<li>normaliserar \u00e4mnesoms\u00e4ttningen<\/li>\n<li>stimulerar regenerationsprocesser, angriper och d\u00f6dar cancerceller och sjuka celler<\/li>\n<\/ul>\n<div class=\"plashka\">A <strong>Vetom<\/strong> <span style=\"color: red; font-weight: 800;\">3.22<\/span> normaliserar matsm\u00e4ltningen, absorptionen och \u00e4mnesoms\u00e4ttningen av j\u00e4rn, kalcium, fetter, proteiner, kolhydrater, triglycerider, aminosyror, dipeptider, gallsalter och normaliserar det sura mediet i matsm\u00e4ltningskanalen.<\/div>","protected":false},"featured_media":6613,"comment_status":"open","ping_status":"closed","template":"","meta":[],"product_brand":[],"product_cat":[22],"product_tag":[],"class_list":{"0":"post-453","1":"product","2":"type-product","3":"status-publish","4":"has-post-thumbnail","6":"product_cat-vetom-probiotikumok","8":"first","9":"instock","10":"featured","11":"taxable","12":"shipping-taxable","13":"purchasable","14":"product-type-simple"},"_links":{"self":[{"href":"https:\/\/vetomshop.hu\/sv\/wp-json\/wp\/v2\/product\/453","targetHints":{"allow":["GET"]}}],"collection":[{"href":"https:\/\/vetomshop.hu\/sv\/wp-json\/wp\/v2\/product"}],"about":[{"href":"https:\/\/vetomshop.hu\/sv\/wp-json\/wp\/v2\/types\/product"}],"replies":[{"embeddable":true,"href":"https:\/\/vetomshop.hu\/sv\/wp-json\/wp\/v2\/comments?post=453"}],"wp:featuredmedia":[{"embeddable":true,"href":"https:\/\/vetomshop.hu\/sv\/wp-json\/wp\/v2\/media\/6613"}],"wp:attachment":[{"href":"https:\/\/vetomshop.hu\/sv\/wp-json\/wp\/v2\/media?parent=453"}],"wp:term":[{"taxonomy":"product_brand","embeddable":true,"href":"https:\/\/vetomshop.hu\/sv\/wp-json\/wp\/v2\/product_brand?post=453"},{"taxonomy":"product_cat","embeddable":true,"href":"https:\/\/vetomshop.hu\/sv\/wp-json\/wp\/v2\/product_cat?post=453"},{"taxonomy":"product_tag","embeddable":true,"href":"https:\/\/vetomshop.hu\/sv\/wp-json\/wp\/v2\/product_tag?post=453"}],"curies":[{"name":"wp","href":"https:\/\/api.w.org\/{rel}","templated":true}]}}