{"id":455,"date":"2019-11-12T15:37:52","date_gmt":"2019-11-12T14:37:52","guid":{"rendered":"https:\/\/vetomshop.hu\/?post_type=product&#038;p=455"},"modified":"2026-04-12T08:28:38","modified_gmt":"2026-04-12T06:28:38","slug":"vetom-4-24-probiotikum-csepp","status":"publish","type":"product","link":"https:\/\/vetomshop.hu\/sv\/produkt\/vetom-4-24-probiotikum-csepp\/","title":{"rendered":"Probiotisk Vetom <span style=\"color: red\">4.24<\/span><br>Sl\u00e4pp <span style=\"color: red\">10 ml<\/span> (kosttillskott)"},"content":{"rendered":"<h3>Vetom 4.24 probiotiska droppar 10 ml (kosttillskott)<\/h3>\n<p>Med Bacillus amyloliquefaciens VKPM B-10643 (DSM 24615) stam<\/p>\n<p>Vetom 4.24 \u00e4r ett avancerat, naturligt probiotikum som st\u00f6djer balansen i tarmfloran, f\u00f6rb\u00e4ttrar matsm\u00e4ltningen och st\u00e4rker immunf\u00f6rsvaret. Den huvudsakliga aktiva ingrediensen \u00e4r bakterien *Bacillus amyloliquefaciens*, som fr\u00e4mst \u00e4r f\u00f6rdelaktig i tunntarmen.<\/p>\n<h2>Hur hj\u00e4lper det?<\/h2>\n<p>* St\u00f6djer utvecklingen av en sund tarmflora<br \/>\n* Fr\u00e4mjar upptaget av n\u00e4rings\u00e4mnen (t.ex. j\u00e4rn, kalcium, proteiner, fetter, kolhydrater)<br \/>\n* Hj\u00e4lper ** att uts\u00f6ndra toxiner fr\u00e5n kroppen<br \/>\n* St\u00e4rker immunf\u00f6rsvaret, har antivirala, antibakteriella och svampd\u00f6dande effekter<br \/>\n* Fr\u00e4mjar cellf\u00f6rnyelse, kan minska spridningen av skadliga celler<br \/>\n* Stabiliserar \u00e4mnesoms\u00e4ttningen och syrabalansen i matsm\u00e4ltningssystemet<br \/>\n* F\u00f6rb\u00e4ttrar effekten av andra l\u00e4kemedel och minskar deras biverkningar<\/p>\n<h2>F\u00f6rdelar:<\/h2>\n<p>\u2705 Sidoeffekt fri<br \/>\n\u2705 Kan anv\u00e4ndas i alla \u00e5ldrar<br \/>\n\u2705 Orsakar inte tillv\u00e4njning<br \/>\n\u2705 \u00d6verdosering inte m\u00f6jlig<\/p>\n<h2>Doseringsrekommendation:<\/h2>\n<p>*Kompletterande f\u00f6r vuxna och barn : 2 droppar rekommenderas under de f\u00f6rsta dagarna, d\u00e4refter kan dosen gradvis \u00f6kas till 4-6 droppar. Observera kroppens reaktioner under intaget.<br \/>\n*F\u00f6r vanliga sjukdomar:10 droppar dagligen i 10 dagar<br \/>\n* Behandlingen kan upprepas efter 1-2 veckor<br \/>\n* Det rekommenderas att alternera med andra typer av Vetom-produkter d\u00e5 och d\u00e5 (t.ex. Vetom 1.23, 2.25, 3.22) f\u00f6r att s\u00e4kerst\u00e4lla ett komplett tarmst\u00f6d<\/p>\n<h2>\nViktigt:<\/h2>\n<p>Det ska inte tas med andra orala probiotika eller antibiotika, s\u00e4rskilt sulfanilamid, cancerframkallande medel.<\/p>\n<h2>Ingredienser:<\/h2>\n<p>* Fermenterat majsextrakt av Bacillus amyloliquefaciens (VKPM B-10643 \/ DSM 24615)<br \/>\n* Natriumklorid<br \/>\n* Viveware<\/p>\n<h2>Dispensering:<\/h2>\n<p>* 10 ml droppflaska eller plastflaska<br \/>\n* Kan inneh\u00e5lla naturligt sediment, vilket inte \u00e4r en kvalitetsdefekt<\/p>\n<h2>K\u00fcllem:<\/h2>\n<p>Ljusgulbrun v\u00e4tska med karakteristisk lukt<\/p>\n<p>*Vikt: 0,02 kg<br \/>\n*M\u00e5tt: 3 \u00d7 3 \u00d7 7 cm<br \/>\n*Leverant\u00f6r: Ryssland<\/p>\n<h2>Information om lagring:<\/h2>\n<p>*F\u00f6rvaring: 0-10 \u00b0C vid en relativ luftfuktighet p\u00e5 upp till 75%<br \/>\n*F\u00f6rvaring och tillf\u00e4llig f\u00f6rvaring: 10-30 \u00b0C<br \/>\n*Efter demontering: f\u00f6rvara i kylsk\u00e5p (0-10 \u00b0C)<\/p>","protected":false},"excerpt":{"rendered":"<h5>Ans\u00f6k p\u00e5<\/h5>\n<p>A <strong>Vetom<\/strong> <span style=\"color: red; font-weight: 800;\">4.24<\/span> anv\u00e4nds som en kompletterande k\u00e4lla till probiotiska mikroorganismer f\u00f6r att f\u00f6rb\u00e4ttra m\u00e4nniskokroppens h\u00e4lsa. Den robusta effekten av <strong>Bacillus myloliquefaciens<\/strong>, som producerar proteolytiska, amylolytiska, cellulolytiska enzymer och andra biologiskt aktiva substanser, fr\u00e4mst genom att f\u00f6r\u00f6ka sig i tunntarmen.<\/p>\n<div class=\"plashka\">Som ett resultat av denna process omvandlas bakteriepopulationen i tarmkanalen tills den \u00e4r identisk med den evolution\u00e4ra normen, tarmv\u00e4ggarna rensas fr\u00e5n osm\u00e4ltbara matrester, vilket underl\u00e4ttar den aktiva elimineringen av giftiga \u00e4mnen fr\u00e5n kroppen och den obehindrade transporten av biologiskt aktiva \u00e4mnen och n\u00e4rings\u00e4mnen.<\/div>\n<p>A <strong>Vetom<\/strong> <span style=\"color: red; font-weight: 800;\">4.24<\/span> normaliserar matsm\u00e4ltningen, absorptionen och \u00e4mnesoms\u00e4ttningen av j\u00e4rn, kalcium, fetter, proteiner, kolhydrater, triglycerider, aminosyror, dipeptider, gallsalter och normaliserar det sura mediet i matsm\u00e4ltningskanalen.<\/p>\n<div class=\"plashka\">A <strong>Vetom<\/strong> <span style=\"color: red; font-weight: 800;\">4.24<\/span> anv\u00e4ndning hj\u00e4lper kroppen att h\u00e5lla sig frisk.<\/div>\n<p>A <strong>Vetom<\/strong> <span style=\"color: red; font-weight: 800;\">4.24<\/span> \u00f6kar l\u00e4kemedlens effektivitet och minskar deras negativa biverkningar p\u00e5 m\u00e4nniskokroppen.<\/p>\n<h6>Funktioner:<\/h6>\n<ul class=\"vetom-list\">\n<li>Den har h\u00f6g antagonistisk aktivitet mot patogena och villkorligt patogena svampar och bakterier, antivirala, proteolytiska, amylolytiska och cellulolytiska egenskaper<\/li>\n<li>stimulerar cellul\u00e4ra och humorala immunitetsfaktorer<\/li>\n<li>\u00f6kar kroppens ospecifika motst\u00e5nd<\/li>\n<li>stabiliserar allergisk resistens<\/li>\n<li>normaliserar \u00e4mnesoms\u00e4ttningen<\/li>\n<li>stimulerar regenerationsprocesser, angriper och d\u00f6dar cancerceller och sjuka celler<\/li>\n<\/ul>","protected":false},"featured_media":6614,"comment_status":"open","ping_status":"closed","template":"","meta":[],"product_brand":[],"product_cat":[22],"product_tag":[],"class_list":{"0":"post-455","1":"product","2":"type-product","3":"status-publish","4":"has-post-thumbnail","6":"product_cat-vetom-probiotikumok","8":"first","9":"instock","10":"featured","11":"taxable","12":"shipping-taxable","13":"purchasable","14":"product-type-simple"},"_links":{"self":[{"href":"https:\/\/vetomshop.hu\/sv\/wp-json\/wp\/v2\/product\/455","targetHints":{"allow":["GET"]}}],"collection":[{"href":"https:\/\/vetomshop.hu\/sv\/wp-json\/wp\/v2\/product"}],"about":[{"href":"https:\/\/vetomshop.hu\/sv\/wp-json\/wp\/v2\/types\/product"}],"replies":[{"embeddable":true,"href":"https:\/\/vetomshop.hu\/sv\/wp-json\/wp\/v2\/comments?post=455"}],"wp:featuredmedia":[{"embeddable":true,"href":"https:\/\/vetomshop.hu\/sv\/wp-json\/wp\/v2\/media\/6614"}],"wp:attachment":[{"href":"https:\/\/vetomshop.hu\/sv\/wp-json\/wp\/v2\/media?parent=455"}],"wp:term":[{"taxonomy":"product_brand","embeddable":true,"href":"https:\/\/vetomshop.hu\/sv\/wp-json\/wp\/v2\/product_brand?post=455"},{"taxonomy":"product_cat","embeddable":true,"href":"https:\/\/vetomshop.hu\/sv\/wp-json\/wp\/v2\/product_cat?post=455"},{"taxonomy":"product_tag","embeddable":true,"href":"https:\/\/vetomshop.hu\/sv\/wp-json\/wp\/v2\/product_tag?post=455"}],"curies":[{"name":"wp","href":"https:\/\/api.w.org\/{rel}","templated":true}]}}