{"id":4664,"date":"2023-11-11T14:33:45","date_gmt":"2023-11-11T13:33:45","guid":{"rendered":"https:\/\/vetomshop.hu\/termek\/aphrodita-medal\/"},"modified":"2023-11-11T14:33:45","modified_gmt":"2023-11-11T13:33:45","slug":"aphrodita-medal","status":"publish","type":"product","link":"https:\/\/vetomshop.hu\/sv\/produkt\/aphrodita-medal\/","title":{"rendered":"Aphrodite h\u00e4nge"},"content":{"rendered":"<p><strong>Aphrodite h\u00e4nge<\/strong><\/p>\n<p>Tack vare BioTrEM-tekniken \u00e4r det nu m\u00f6jligt att skapa ett spektralt m\u00f6nster av en specifik karakt\u00e4r p\u00e5 en speciell kristall. N\u00e4r godtyckliga energikvanter - till och med v\u00e4rme - kommer i kontakt med kristallens yta avger generatorn extremt svaga signaler av det spektrala m\u00f6nster som registrerats p\u00e5 den.<br \/>\nUnder tiden interagerar den elektromagnetiska str\u00e5lningen fr\u00e5n pendeln med den levande organismen.<\/p>\n<div class=\"su-spoiler su-spoiler-style-defoult su-spoiler-icon-caret su-spoiler-closed\" data-scroll-offset=\"0\" data-anchor-in-url=\"no\"><div class=\"su-spoiler-title\" tabindex=\"0\" role=\"button\"><span class=\"su-spoiler-icon\"><\/span>Alla<\/div><div class=\"su-spoiler-content su-u-clearfix su-u-trim\">\n<p>De extremt svaga tecknen p\u00e5 APHRODITE-h\u00e4nget stimulerar syntesen av kvinnliga feromoner, de speciella k\u00f6rtlarna i kvinnokroppen producerar mer intensivt feromoner, androstenol och copulin. Ju fler feromoner som produceras hos en kvinna, desto mer sexuellt attraktiv \u00e4r hon f\u00f6r m\u00e4n. Androstenol uppmuntrar andra att kommunicera och f\u00e5r andra att se dig som yngre.<\/p>\n<p>Copulin \u00e4r ett kvinnligt hormon som ansvarar f\u00f6r sexuell attraktionskraft.<\/p>\n<p>Vid anv\u00e4ndning av APHRODITE-h\u00e4nget \u00f6kar produktionen av kvinnliga feromoner (androstenol och kopulin), vilket i sin tur \u00f6kar feromonproduktionen:<\/p>\n<ul>\n<li>locka till sig m\u00e4nnens uppm\u00e4rksamhet,<\/li>\n<li>v\u00e4cka sympati,<\/li>\n<li>l\u00e4ttare att l\u00e4ra k\u00e4nna,<\/li>\n<li>n\u00e5 st\u00f6rre aff\u00e4rsframg\u00e5ngar, f\u00e5 mer sj\u00e4lvf\u00f6rtroende,<\/li>\n<li>de skapar f\u00f6r sin partner \u201eden enda oemotst\u00e5ndliga personen\u201d.<\/li>\n<\/ul>\n<p>Androstenol p\u00e5skyndar utvecklingen av sympati, v\u00e4cker en k\u00e4nsla av v\u00e4nskap i samtalspartnern, skapar romantiska k\u00e4nslor, skapar en aura av ungdom och upprymdhet, oavsett hur gammal du \u00e4r!<\/p>\n<\/div><\/div>","protected":false},"excerpt":{"rendered":"<p>Aphrodita med\u00e1l A BioTrEM-technol\u00f3gi\u00e1nak k\u00f6sz\u00f6nhet\u0151en lehets\u00e9gess\u00e9 v\u00e1lt l\u00e9trehozni a speci\u00e1lis krist\u00e1lyon egy adott term\u00e9szet\u0171 spektr\u00e1lis mint\u00e1t. Amikor tetsz\u0151leges energiakvantumok \u2013 ak\u00e1r h\u0151 &#8211; \u00e9rintkezik a krist\u00e1ly fel\u00fclet\u00e9vel, a gener\u00e1tor a rajta r\u00f6gz\u00edtett spektr\u00e1lis minta extr\u00e9m gyenge jeleit bocs\u00e1jtja ki. Ek\u00f6zben a med\u00e1l elektrom\u00e1gneses sug\u00e1rz\u00e1sa k\u00f6lcs\u00f6nhat\u00e1sba ker\u00fcl az \u00e9l\u0151 szervezettel.<\/p>","protected":false},"featured_media":4663,"comment_status":"open","ping_status":"closed","template":"","meta":[],"product_brand":[],"product_cat":[33,32],"product_tag":[],"class_list":{"0":"post-4664","1":"product","2":"type-product","3":"status-publish","4":"has-post-thumbnail","6":"product_cat-egeszseg-medalok","7":"product_cat-triomed","9":"first","10":"instock","11":"taxable","12":"shipping-taxable","13":"purchasable","14":"product-type-simple"},"_links":{"self":[{"href":"https:\/\/vetomshop.hu\/sv\/wp-json\/wp\/v2\/product\/4664","targetHints":{"allow":["GET"]}}],"collection":[{"href":"https:\/\/vetomshop.hu\/sv\/wp-json\/wp\/v2\/product"}],"about":[{"href":"https:\/\/vetomshop.hu\/sv\/wp-json\/wp\/v2\/types\/product"}],"replies":[{"embeddable":true,"href":"https:\/\/vetomshop.hu\/sv\/wp-json\/wp\/v2\/comments?post=4664"}],"wp:featuredmedia":[{"embeddable":true,"href":"https:\/\/vetomshop.hu\/sv\/wp-json\/wp\/v2\/media\/4663"}],"wp:attachment":[{"href":"https:\/\/vetomshop.hu\/sv\/wp-json\/wp\/v2\/media?parent=4664"}],"wp:term":[{"taxonomy":"product_brand","embeddable":true,"href":"https:\/\/vetomshop.hu\/sv\/wp-json\/wp\/v2\/product_brand?post=4664"},{"taxonomy":"product_cat","embeddable":true,"href":"https:\/\/vetomshop.hu\/sv\/wp-json\/wp\/v2\/product_cat?post=4664"},{"taxonomy":"product_tag","embeddable":true,"href":"https:\/\/vetomshop.hu\/sv\/wp-json\/wp\/v2\/product_tag?post=4664"}],"curies":[{"name":"wp","href":"https:\/\/api.w.org\/{rel}","templated":true}]}}