{"id":4666,"date":"2023-11-11T14:33:45","date_gmt":"2023-11-11T13:33:45","guid":{"rendered":"https:\/\/vetomshop.hu\/termek\/alfa-medal\/"},"modified":"2023-11-11T14:33:45","modified_gmt":"2023-11-11T13:33:45","slug":"alfa-medal","status":"publish","type":"product","link":"https:\/\/vetomshop.hu\/sv\/produkt\/alfa-medal\/","title":{"rendered":"Alfa-medalj"},"content":{"rendered":"<h4>ALFA H\u00e4lsomedalj<\/h4>\n<p><strong>Huvudsakliga funktioner:<\/strong><\/p>\n<p>Det \u00e4r ett kompletterande verktyg f\u00f6r att normalisera den psykiska och k\u00e4nslom\u00e4ssiga sf\u00e4rens funktion, det f\u00f6rb\u00e4ttrar hum\u00f6ret, motivationen och handlingsf\u00f6rm\u00e5gan, minskar de negativa effekterna av psykisk och k\u00e4nslom\u00e4ssig stress.<\/p>\n<p><strong>Kort beskrivning:<\/strong><\/p>\n<p>Den informationssignal som registreras p\u00e5 ALFA Health Medallion motsvarar den elektromagnetiska vibrationen i det centrum som reglerar de psykiska och k\u00e4nslom\u00e4ssiga sf\u00e4rerna.<br \/>\nDet \u00e4r v\u00e4lk\u00e4nt att en m\u00e4nniskas k\u00e4nslom\u00e4ssiga tillst\u00e5nd, som beror p\u00e5 flera yttre och inre faktorer, regleras av det centrala nervsystemet.<\/p>\n<div class=\"su-spoiler su-spoiler-style-defoult su-spoiler-icon-caret su-spoiler-closed\" data-scroll-offset=\"0\" data-anchor-in-url=\"no\"><div class=\"su-spoiler-title\" tabindex=\"0\" role=\"button\"><span class=\"su-spoiler-icon\"><\/span>Alla<\/div><div class=\"su-spoiler-content su-u-clearfix su-u-trim\">\nDe f\u00f6rsta tecknen p\u00e5 stress \u00e4r k\u00e4nslom\u00e4ssig sp\u00e4nning, r\u00e4dsla, \u00e5ngest, oro och \u00f6kad irritabilitet. Detta kan leda till s\u00f6mnst\u00f6rningar, vilket i sin tur leder till tr\u00f6tthet, allm\u00e4n nedst\u00e4mdhet och f\u00f6rs\u00e4mrade kognitiva funktioner (minne, uppm\u00e4rksamhet, t\u00e4nkande).<\/p>\n<p>L\u00e5ngvariga psykologiska och k\u00e4nslom\u00e4ssiga st\u00f6rningar har en negativ inverkan p\u00e5 kroppens allm\u00e4nna tillst\u00e5nd och reaktionsf\u00f6rm\u00e5ga. M\u00e4nniskor som upplever kronisk psykologisk och k\u00e4nslom\u00e4ssig stress \u00e4r mer ben\u00e4gna att bli f\u00f6rkylda, att \u00e5terfalla i redan existerande kroniska sjukdomar (ischemisk hj\u00e4rtsjukdom, bukspottk\u00f6rtelsjukdomar, cystit, pyelonefrit, adnexit, prostatit etc.).<\/p>\n<p>Stressfaktorer \u00e4r orsaken till klassiska psykosomatiska sjukdomar som h\u00f6gt blodtryck, astma, mags\u00e5r, s\u00e5r p\u00e5 tolvfingertarmen, allergiska hudsjukdomar (eksem, neurodermatit) och andra, inklusive syn- och h\u00f6rselneds\u00e4ttning.<\/p>\n<p><strong>N\u00e4r ska man anv\u00e4nda ALFA:s h\u00e4lsomedalj?<\/strong><\/p>\n<p>Enheten har en positiv effekt p\u00e5 kroppens funktionella funktion. Den kan anv\u00e4ndas som en optimerande och korrigerande enhet i kombination med andra metoder f\u00f6r att f\u00f6rebygga och behandla sjukdomar:<\/p>\n<ul>\n<li>agitation, neurasteni, anpassningsproblem, \u00e5tf\u00f6ljda av ett disharmoniskt k\u00e4nslom\u00e4ssigt tillst\u00e5nd,<\/li>\n<li>en funktionsst\u00f6rning i nervsystemet som \u00e5tf\u00f6ljs av mental tr\u00f6tthet, irritabilitet, l\u00e5ngsamhet och f\u00f6rs\u00e4mrad tankef\u00f6rm\u00e5ga,<\/li>\n<li>s\u00f6mnl\u00f6shet orsakad av panikattacker,<\/li>\n<li>i inlednings- och \u00e5terfallsfasen av psykosomatiska sjukdomar (bronkialastma, k\u00e4nslig tarm - IBS, ischemisk hj\u00e4rtsjukdom, h\u00f6gt blodtryck, hudsjukdomar och andra sjukdomar),<\/li>\n<li>symptom p\u00e5 kronisk psykologisk och k\u00e4nslom\u00e4ssig stress.<\/li>\n<\/ul>\n<p>Lystring, viktigt!<\/p>\n<p>R\u00e5dg\u00f6r med l\u00e4kare om du har en markant s\u00e4nkning av hum\u00f6ret, k\u00e4nslom\u00e4ssig instabilitet och irritabilitet, ih\u00e5llande s\u00f6mnl\u00f6shet som inte f\u00f6rsvinner. Ut\u00f6ver den f\u00f6reskrivna behandlingen, anv\u00e4nd ALFA Health Medal parallellt f\u00f6r att st\u00e4rka behandlingens effektivitet och kroppens rehabiliteringsf\u00f6rm\u00e5ga.<br \/>\n<\/div><\/div>","protected":false},"excerpt":{"rendered":"<p>ALFA Eg\u00e9szs\u00e9g Med\u00e1l F\u0151 funkci\u00f3i: Kieg\u00e9sz\u00edt\u0151 eszk\u00f6z a pszich\u00e9s \u00e9s \u00e9rzelmi szf\u00e9ra m\u0171k\u00f6d\u00e9s\u00e9nek normaliz\u00e1l\u00e1s\u00e1ra, hangulatjav\u00edt\u00f3, motiv\u00e1ci\u00f3 \u00e9s cselekv\u0151k\u00e9pess\u00e9g n\u00f6vel\u0151, cs\u00f6kkenti a pszich\u00e9s \u00e9s \u00e9rzelmi stressz \u00e1ldatlan hat\u00e1sait. R\u00f6vid ismertet\u0151: Az inform\u00e1ci\u00f3s jel, mely az ALFA Eg\u00e9szs\u00e9g Med\u00e1lra r\u00f6gz\u00edt\u00e9sre ker\u00fclt, megfelel a pszich\u00e9s \u00e9s \u00e9rzelmi szf\u00e9r\u00e1kat szab\u00e1lyoz\u00f3 k\u00f6zpont elektrom\u00e1gneses rezg\u00e9s\u00e9nek. K\u00f6ztudott, hogy az ember \u00e9rzelmi \u00e1llapota, [&hellip;]<\/p>\n","protected":false},"featured_media":4665,"comment_status":"open","ping_status":"closed","template":"","meta":[],"product_brand":[],"product_cat":[33,32],"product_tag":[],"class_list":{"0":"post-4666","1":"product","2":"type-product","3":"status-publish","4":"has-post-thumbnail","6":"product_cat-egeszseg-medalok","7":"product_cat-triomed","9":"first","10":"instock","11":"taxable","12":"shipping-taxable","13":"purchasable","14":"product-type-simple"},"_links":{"self":[{"href":"https:\/\/vetomshop.hu\/sv\/wp-json\/wp\/v2\/product\/4666","targetHints":{"allow":["GET"]}}],"collection":[{"href":"https:\/\/vetomshop.hu\/sv\/wp-json\/wp\/v2\/product"}],"about":[{"href":"https:\/\/vetomshop.hu\/sv\/wp-json\/wp\/v2\/types\/product"}],"replies":[{"embeddable":true,"href":"https:\/\/vetomshop.hu\/sv\/wp-json\/wp\/v2\/comments?post=4666"}],"wp:featuredmedia":[{"embeddable":true,"href":"https:\/\/vetomshop.hu\/sv\/wp-json\/wp\/v2\/media\/4665"}],"wp:attachment":[{"href":"https:\/\/vetomshop.hu\/sv\/wp-json\/wp\/v2\/media?parent=4666"}],"wp:term":[{"taxonomy":"product_brand","embeddable":true,"href":"https:\/\/vetomshop.hu\/sv\/wp-json\/wp\/v2\/product_brand?post=4666"},{"taxonomy":"product_cat","embeddable":true,"href":"https:\/\/vetomshop.hu\/sv\/wp-json\/wp\/v2\/product_cat?post=4666"},{"taxonomy":"product_tag","embeddable":true,"href":"https:\/\/vetomshop.hu\/sv\/wp-json\/wp\/v2\/product_tag?post=4666"}],"curies":[{"name":"wp","href":"https:\/\/api.w.org\/{rel}","templated":true}]}}