{"id":4668,"date":"2023-11-11T14:33:46","date_gmt":"2023-11-11T13:33:46","guid":{"rendered":"https:\/\/vetomshop.hu\/termek\/ambrozia-medal\/"},"modified":"2023-11-11T14:33:46","modified_gmt":"2023-11-11T13:33:46","slug":"ambrozia-medal","status":"publish","type":"product","link":"https:\/\/vetomshop.hu\/sv\/produkt\/ambrozia-medal\/","title":{"rendered":"Ambrosia-medalj"},"content":{"rendered":"<h4>Ambrosia-medalj<\/h4>\n<p>Mal\u00f6rtsambrosia, eller bara ambrosia (Ambrosia artemisiifolia), felaktigt kallad vildhampa, \u00e4r en ogr\u00e4sart i familjen Asteraceae, i stammen Helianthinae. Den finns i stora m\u00e4ngder p\u00e5 Ungerns \u00e5kerf\u00e4lt och andra st\u00f6rda omr\u00e5den varje \u00e5r.<\/p>\n<p>Det \u00e4r ett av v\u00e5ra mest v\u00e4lk\u00e4nda och kontroversiella ogr\u00e4s: vissa m\u00e4nniskor erk\u00e4nner bara dess d\u00e5liga, allergiframkallande egenskaper, medan andra v\u00f6rdar den som en medicinalv\u00e4xt och konsumerar den regelbundet.<\/p>\n<div class=\"su-spoiler su-spoiler-style-defoult su-spoiler-icon-caret su-spoiler-closed\" data-scroll-offset=\"0\" data-anchor-in-url=\"no\"><div class=\"su-spoiler-title\" tabindex=\"0\" role=\"button\"><span class=\"su-spoiler-icon\"><\/span>Alla<\/div><div class=\"su-spoiler-content su-u-clearfix su-u-trim\">\nVarf\u00f6r orsakar denna v\u00e4xt allergisymtom hos vissa m\u00e4nniskor? En sak \u00e4r s\u00e4ker: jordbrukare har aldrig haft pollenallergi eller allergi mot ragweed. Vi kanske m\u00e5ste v\u00e4nta i \u00e5rtionden p\u00e5 ett tydligt svar, men obehagliga allergisymtom kan \u00e5terkomma \u00e5r efter \u00e5r och det vore bra att hitta en l\u00f6sning. Tills vi vet svaren p\u00e5 dessa fr\u00e5gor, l\u00e5t oss komma ih\u00e5g naturopatins postulat: bota ett hundbett med hundens h\u00e5r, dvs bota dig sj\u00e4lv med det som pl\u00e5gar dig. Ambrosia Medallion har det elektromagnetiska spektrumet fr\u00e5n levande ragweed f\u00e5ngat med hj\u00e4lp av speciell BioTrEm-teknik.<br \/>\n<\/div><\/div>","protected":false},"excerpt":{"rendered":"<p>Ambr\u00f3zia Med\u00e1l Az \u00fcr\u00f6mlevel\u0171 parlagf\u0171, vagy egyszer\u0171en parlagf\u0171 (Ambrosia artemisiifolia), t\u00e9vesen vadkender a f\u00e9szkesek (Asteraceae) csal\u00e1dj\u00e1ba tartozik, annak Helianthinae tribusz\u00e1ba tartoz\u00f3 gyomn\u00f6v\u00e9nyfaj. A parlagf\u0171 Magyarorsz\u00e1g sz\u00e1nt\u00f3f\u00f6ldjein \u00e9s egy\u00e9b bolygatott ter\u00fcletein \u00e9vr\u0151l \u00e9vre \u00f3ri\u00e1si sz\u00e1mban jelenik meg. Egyik legismertebb \u00e9s legellentmond\u00e1sosabb meg\u00edt\u00e9l\u00e9s\u0171 gyomn\u00f6v\u00e9ny\u00fcnk: vannak, akik kiz\u00e1r\u00f3lag rossz, allergiz\u00e1l\u00f3 tulajdons\u00e1gait ismerik el, \u00e9s vannak, akik gy\u00f3gyn\u00f6v\u00e9nyk\u00e9nt tisztelik, [&hellip;]<\/p>\n","protected":false},"featured_media":4667,"comment_status":"open","ping_status":"closed","template":"","meta":[],"product_brand":[],"product_cat":[33,32],"product_tag":[],"class_list":{"0":"post-4668","1":"product","2":"type-product","3":"status-publish","4":"has-post-thumbnail","6":"product_cat-egeszseg-medalok","7":"product_cat-triomed","9":"first","10":"instock","11":"taxable","12":"shipping-taxable","13":"purchasable","14":"product-type-simple"},"_links":{"self":[{"href":"https:\/\/vetomshop.hu\/sv\/wp-json\/wp\/v2\/product\/4668","targetHints":{"allow":["GET"]}}],"collection":[{"href":"https:\/\/vetomshop.hu\/sv\/wp-json\/wp\/v2\/product"}],"about":[{"href":"https:\/\/vetomshop.hu\/sv\/wp-json\/wp\/v2\/types\/product"}],"replies":[{"embeddable":true,"href":"https:\/\/vetomshop.hu\/sv\/wp-json\/wp\/v2\/comments?post=4668"}],"wp:featuredmedia":[{"embeddable":true,"href":"https:\/\/vetomshop.hu\/sv\/wp-json\/wp\/v2\/media\/4667"}],"wp:attachment":[{"href":"https:\/\/vetomshop.hu\/sv\/wp-json\/wp\/v2\/media?parent=4668"}],"wp:term":[{"taxonomy":"product_brand","embeddable":true,"href":"https:\/\/vetomshop.hu\/sv\/wp-json\/wp\/v2\/product_brand?post=4668"},{"taxonomy":"product_cat","embeddable":true,"href":"https:\/\/vetomshop.hu\/sv\/wp-json\/wp\/v2\/product_cat?post=4668"},{"taxonomy":"product_tag","embeddable":true,"href":"https:\/\/vetomshop.hu\/sv\/wp-json\/wp\/v2\/product_tag?post=4668"}],"curies":[{"name":"wp","href":"https:\/\/api.w.org\/{rel}","templated":true}]}}