{"id":4670,"date":"2023-11-11T14:33:46","date_gmt":"2023-11-11T13:33:46","guid":{"rendered":"https:\/\/vetomshop.hu\/termek\/antivir-medal\/"},"modified":"2023-11-11T14:33:46","modified_gmt":"2023-11-11T13:33:46","slug":"antivir-medal","status":"publish","type":"product","link":"https:\/\/vetomshop.hu\/sv\/produkt\/antivir-medal\/","title":{"rendered":"Antivir Medal"},"content":{"rendered":"<h4>Antivir Medal<\/h4>\n<p>Influensa \u00e4r en sjukdom som orsakas av influensaviruset, som alltid orsakas av en typ av influensavirus. Influensa A och B \u00e4r de tv\u00e5 typer av influensavirus som kan g\u00f6ra m\u00e4nniskor sjuka i stort antal. A-virusen kan delas in i subtyper baserat p\u00e5 proteinerna p\u00e5 deras yta (hemagglutinin - H och neuraminidas - N), av vilka H1N1- och H3N2-virus har varit de vanligaste sedan 1977. B-virus \u00e4r mindre ben\u00e4gna att orsaka allvarlig sjukdom. Influensavirus f\u00f6r\u00e4ndras och muterar snabbt och ger upphov till nya subtyper. Skydd mot den ena subtypen ger litet eller inget skydd mot den andra, vilket f\u00f6rklarar de s\u00e4songsbundna epidemier som intr\u00e4ffar varje \u00e5r, vanligtvis p\u00e5 vintern.<\/p>\n<div class=\"su-spoiler su-spoiler-style-defoult su-spoiler-icon-caret su-spoiler-closed\" data-scroll-offset=\"0\" data-anchor-in-url=\"no\"><div class=\"su-spoiler-title\" tabindex=\"0\" role=\"button\"><span class=\"su-spoiler-icon\"><\/span>Alla<\/div><div class=\"su-spoiler-content su-u-clearfix su-u-trim\">\n<p>Influensasymtomen \u00e4r ungef\u00e4r desamma som vid vanlig f\u00f6rkylning, men sjukdomen \u00e4r allvarligare. Den \u00e4r vanligtvis f\u00f6rknippad med h\u00f6g feber, huvudv\u00e4rk, muskelv\u00e4rk, torrhosta, sl\u00f6het och svaghet. Halsont \u00e4r s\u00e4llsynt och endast 30-50% fall uppvisar rinnande n\u00e4sa, n\u00e4st\u00e4ppa. Komplikationer \u00e4r s\u00e4rskilt farliga hos sm\u00e5 barn, \u00e4ldre och personer med kronisk sjukdom.<\/p>\n<p>Det \u00e4r d\u00e4rf\u00f6r det \u00e4r viktigt att \u00f6ka kroppens motst\u00e5ndskraft.<\/p>\n<p><strong>Vem rekommenderas det f\u00f6r?<\/strong><\/p>\n<ul>\n<li>F\u00f6r alla som vill f\u00f6rb\u00e4ttra sin motst\u00e5ndskraft,<\/li>\n<li>som tillh\u00f6r riskgruppen f\u00f6r influensaviruset,<\/li>\n<li>som reser mycket runt i v\u00e4rlden eller anv\u00e4nder kollektivtrafik,<\/li>\n<li>de \u00e4r st\u00e4ndigt ute i samh\u00e4llet och arbetar med m\u00e4nniskor.<\/li>\n<\/ul>\n<p><strong>Lystring, viktigt!<\/strong><\/p>\n<p>Om du har en influensavirusinfektion, sjukdom, feber eller om du k\u00e4nner dig sjuk, kontakta l\u00e4kare. Anv\u00e4nd Triomed Antiviral Medal tillsammans med den f\u00f6reskrivna behandlingen.<br \/>\nBarn under 6 \u00e5r b\u00f6r endast anv\u00e4nda produkten under uppsikt av f\u00f6r\u00e4lder!<\/p>\n<\/div><\/div>","protected":false},"excerpt":{"rendered":"<p>Antivir Med\u00e1l Az influenza v\u00edrus okozta betegs\u00e9g, k\u00f3rokoz\u00f3ja mindig az influenza v\u00edrus valamelyik fajt\u00e1ja. Az influenza A \u00e9s B az a k\u00e9t t\u00edpusa az influenza v\u00edrusoknak, amely nagysz\u00e1mbanbeteg\u00edthet meg embereket. Az A v\u00edrusokat a fel\u00fclet\u00fck\u00f6n elhelyezked\u0151 feh\u00e9rj\u00e9k (a haemaglutinin -H \u00e9s a neuraminidase \u2013 N) alapj\u00e1n alt\u00edpusokra lehet bontani, ezek k\u00f6z\u00fcl 1977 \u00f3ta t\u00f6bbnyire a [&hellip;]<\/p>\n","protected":false},"featured_media":4669,"comment_status":"open","ping_status":"closed","template":"","meta":[],"product_brand":[],"product_cat":[33,32],"product_tag":[],"class_list":{"0":"post-4670","1":"product","2":"type-product","3":"status-publish","4":"has-post-thumbnail","6":"product_cat-egeszseg-medalok","7":"product_cat-triomed","9":"first","10":"instock","11":"taxable","12":"shipping-taxable","13":"purchasable","14":"product-type-simple"},"_links":{"self":[{"href":"https:\/\/vetomshop.hu\/sv\/wp-json\/wp\/v2\/product\/4670","targetHints":{"allow":["GET"]}}],"collection":[{"href":"https:\/\/vetomshop.hu\/sv\/wp-json\/wp\/v2\/product"}],"about":[{"href":"https:\/\/vetomshop.hu\/sv\/wp-json\/wp\/v2\/types\/product"}],"replies":[{"embeddable":true,"href":"https:\/\/vetomshop.hu\/sv\/wp-json\/wp\/v2\/comments?post=4670"}],"wp:featuredmedia":[{"embeddable":true,"href":"https:\/\/vetomshop.hu\/sv\/wp-json\/wp\/v2\/media\/4669"}],"wp:attachment":[{"href":"https:\/\/vetomshop.hu\/sv\/wp-json\/wp\/v2\/media?parent=4670"}],"wp:term":[{"taxonomy":"product_brand","embeddable":true,"href":"https:\/\/vetomshop.hu\/sv\/wp-json\/wp\/v2\/product_brand?post=4670"},{"taxonomy":"product_cat","embeddable":true,"href":"https:\/\/vetomshop.hu\/sv\/wp-json\/wp\/v2\/product_cat?post=4670"},{"taxonomy":"product_tag","embeddable":true,"href":"https:\/\/vetomshop.hu\/sv\/wp-json\/wp\/v2\/product_tag?post=4670"}],"curies":[{"name":"wp","href":"https:\/\/api.w.org\/{rel}","templated":true}]}}