{"id":4672,"date":"2023-11-11T14:33:46","date_gmt":"2023-11-11T13:33:46","guid":{"rendered":"https:\/\/vetomshop.hu\/termek\/aqua-medal\/"},"modified":"2023-11-11T14:33:46","modified_gmt":"2023-11-11T13:33:46","slug":"aqua-medal","status":"publish","type":"product","link":"https:\/\/vetomshop.hu\/sv\/produkt\/aqua-medal\/","title":{"rendered":"Aqua Medal"},"content":{"rendered":"<p><strong>Aqua Medal<\/strong> - livgivande vatten \u00e4r livgivande, uppfriskande, livsuppeh\u00e5llande och livsaktiverande och \u00e5terst\u00e4ller livsenergin.<\/p>\n<p>Det \u00e4r just detta som \u00e4r syftet med den frist\u00e5ende informationsb\u00e4raren AQUA -BioTrEM. Tack vare den exklusiva BioTrEM-tekniken inneh\u00e5ller halvledaren i enheten kodad information av dynamisk natur som g\u00f6r det m\u00f6jligt att uppn\u00e5 den listade effekten. En liknande egenskap finns i resurser som tyv\u00e4rr blir alltmer s\u00e4llsynta p\u00e5 jorden och som p\u00e5 ett mirakul\u00f6st s\u00e4tt bevarar sin renhet.<\/p>\n<div class=\"su-spoiler su-spoiler-style-defoult su-spoiler-icon-caret su-spoiler-closed\" data-scroll-offset=\"0\" data-anchor-in-url=\"no\"><div class=\"su-spoiler-title\" tabindex=\"0\" role=\"button\"><span class=\"su-spoiler-icon\"><\/span>Alla<\/div><div class=\"su-spoiler-content su-u-clearfix su-u-trim\">\n<p>Utvecklingen av enheten blev n\u00f6dv\u00e4ndig p\u00e5 grund av de f\u00f6r\u00e4ndrade f\u00f6rh\u00e5llandena i v\u00e5r tid. Under de senaste \u00e5ren har h\u00e4lsosektorn oroats \u00f6ver den \u00f6kade sjukligheten och d\u00f6dligheten, inte bara bland barn och \u00e4ldre utan \u00e4ven bland den arbetande befolkningen. Tyv\u00e4rr bevittnar vi en f\u00f6rsvagning av immunsystemet och en f\u00f6rlust av livsenergi, vilket \u00e4r n\u00f6dv\u00e4ndigt f\u00f6r att bek\u00e4mpa sjukdomar och f\u00f6r rehabilitering. Med andra ord har de n\u00f6dv\u00e4ndiga programmen f\u00f6r anpassning till en f\u00f6r\u00e4ndrad milj\u00f6 och f\u00f6r sj\u00e4lvregenerering skadats eller omorganiserats. \u00d6kande kosmo-fysiska f\u00f6r\u00e4ndringar kr\u00e4ver en snabb regenerering och \u00e5terh\u00e4mtning av skadade adaptiva och sj\u00e4lvl\u00e4kande genetiska program. Annars kan individens, och till och med hela m\u00e4nsklighetens, \u00f6verlevnad vara i fara.<\/p>\n<p>Vatten - livets vagga, som l\u00e4nge har bevarat livets prim\u00e4ra matris och inriktningen p\u00e5 dess variationer som svar p\u00e5 milj\u00f6p\u00e5verkan. Vatten anpassar sig och omvandlas snabbare som svar p\u00e5 milj\u00f6p\u00e5verkan och milj\u00f6krav \u00e4n biologiska organismer, den biologiska milj\u00f6n. Jordens vattenh\u00f6lje har alltid bevarat de ursprungliga sj\u00e4lvregenerativa programmen och deras potential att f\u00f6rverkligas, som interagerade med organismernas vattenmedium f\u00f6r att bli operativa. Samtidigt har ekologer observerat att de strukturella och informationsm\u00e4ssiga egenskaperna hos de naturliga vatten som f\u00f6rs\u00f6rjt jordens vattenmantel har skadats. Denna skada berodde inte bara p\u00e5 kosmo-fysiska f\u00f6r\u00e4ndringar, utan ocks\u00e5 p\u00e5 m\u00e4nniskans destruktiva handlingar. Det \u00e4r detta som f\u00f6rhindrar att viktiga evolution\u00e4ra f\u00f6r\u00e4ndringar \u00e4ger rum och att livet p\u00e5 jorden kan forts\u00e4tta.<\/p>\n<p>AQUA-informationsb\u00e4rarens komplexa flerplansf\u00e4lt \u00e4r utformat som en referens f\u00f6r att anpassa sig till nya h\u00f6gfrekventa f\u00f6r\u00e4ndringar i milj\u00f6n och utl\u00f6sa de n\u00f6dv\u00e4ndiga programmen f\u00f6r \u00f6verg\u00e5ngen genom vattnet. Apparaten strukturerar vattenf\u00e4ltet och vattnet, i resonans med kroppens vattenhaltiga medium (blod, lymfa, lymf, intercellul\u00e4r v\u00e4tska, v\u00e4tska i celler), strukturerar det \u201ei sin egen bild\u201d. S\u00e5 snart den interna vattenregulariteten stiger \u00f6ver 60% utl\u00f6ses kroppens sj\u00e4lvregenererande genetiska program.<br \/>\n<\/div><\/div>","protected":false},"excerpt":{"rendered":"<p>Aqua Med\u00e1l \u2013 az \u00e9letalkot\u00f3 v\u00edz \u00e9letet ad, \u00e9l\u00e9nk\u00edt, \u00e9letmeg\u00f3v\u00f3, valamint aktiv\u00e1l\u00f3, \u00e9letenergi\u00e1t vissza\u00e1ll\u00edt\u00f3 hat\u00e1ssal b\u00edr. \u00c9ppen ezt a c\u00e9lt szolg\u00e1lja az AQUA \u2013BioTrEM \u00f6n\u00e1ll\u00f3 inform\u00e1ci\u00f3hordoz\u00f3 alkalmaz\u00e1sa. Az exkluz\u00edv BioTrEM-technol\u00f3gi\u00e1nak k\u00f6sz\u00f6nhet\u0151en a k\u00e9sz\u00fcl\u00e9k f\u00e9lvezet\u0151je olyan k\u00f3dolt inform\u00e1ci\u00f3t tartalmaz, mely dinamikus term\u00e9szettel b\u00edr \u00e9s seg\u00edts\u00e9g\u00e9vel a felsorolt hat\u00e1s el\u00e9rhet\u0151v\u00e9 v\u00e1lik. Hasonl\u00f3 tulajdons\u00e1ggal rendelkeznek a F\u00f6ld\u00f6n sajnos [&hellip;]<\/p>\n","protected":false},"featured_media":4671,"comment_status":"open","ping_status":"closed","template":"","meta":[],"product_brand":[],"product_cat":[33,32],"product_tag":[],"class_list":{"0":"post-4672","1":"product","2":"type-product","3":"status-publish","4":"has-post-thumbnail","6":"product_cat-egeszseg-medalok","7":"product_cat-triomed","9":"first","10":"instock","11":"taxable","12":"shipping-taxable","13":"purchasable","14":"product-type-simple"},"_links":{"self":[{"href":"https:\/\/vetomshop.hu\/sv\/wp-json\/wp\/v2\/product\/4672","targetHints":{"allow":["GET"]}}],"collection":[{"href":"https:\/\/vetomshop.hu\/sv\/wp-json\/wp\/v2\/product"}],"about":[{"href":"https:\/\/vetomshop.hu\/sv\/wp-json\/wp\/v2\/types\/product"}],"replies":[{"embeddable":true,"href":"https:\/\/vetomshop.hu\/sv\/wp-json\/wp\/v2\/comments?post=4672"}],"wp:featuredmedia":[{"embeddable":true,"href":"https:\/\/vetomshop.hu\/sv\/wp-json\/wp\/v2\/media\/4671"}],"wp:attachment":[{"href":"https:\/\/vetomshop.hu\/sv\/wp-json\/wp\/v2\/media?parent=4672"}],"wp:term":[{"taxonomy":"product_brand","embeddable":true,"href":"https:\/\/vetomshop.hu\/sv\/wp-json\/wp\/v2\/product_brand?post=4672"},{"taxonomy":"product_cat","embeddable":true,"href":"https:\/\/vetomshop.hu\/sv\/wp-json\/wp\/v2\/product_cat?post=4672"},{"taxonomy":"product_tag","embeddable":true,"href":"https:\/\/vetomshop.hu\/sv\/wp-json\/wp\/v2\/product_tag?post=4672"}],"curies":[{"name":"wp","href":"https:\/\/api.w.org\/{rel}","templated":true}]}}