{"id":4674,"date":"2023-11-11T14:33:46","date_gmt":"2023-11-11T13:33:46","guid":{"rendered":"https:\/\/vetomshop.hu\/termek\/artro-medal\/"},"modified":"2026-03-30T09:26:16","modified_gmt":"2026-03-30T07:26:16","slug":"artro-medal","status":"publish","type":"product","link":"https:\/\/vetomshop.hu\/sv\/produkt\/artro-medal\/","title":{"rendered":"Artro Pendel"},"content":{"rendered":"<p>H\u00e4lsopendeln \u00abARTRO\u00bb \u00e4r en anordning f\u00f6r biofysisk finjustering av antiinflammatoriska, immunmodulerande, regenerativa och restorativa processer i v\u00e4vnaderna i st\u00f6d- och r\u00f6relseorgansystemet.<\/p>\n<p><strong>Syfte.<\/strong> Ett hj\u00e4lpmedel f\u00f6r att f\u00f6rb\u00e4ttra tillst\u00e5ndet i st\u00f6d- och r\u00f6relseorgansystemet och aktivera \u00e5terst\u00e4llande processer.<\/p>\n<div class=\"su-spoiler su-spoiler-style-defoult su-spoiler-icon-caret su-spoiler-closed\" data-scroll-offset=\"0\" data-anchor-in-url=\"no\"><div class=\"su-spoiler-title\" tabindex=\"0\" role=\"button\"><span class=\"su-spoiler-icon\"><\/span>Alla<\/div><div class=\"su-spoiler-content su-u-clearfix su-u-trim\">\n<strong>Effekter:<\/strong><\/p>\n<ul>\n<li>normaliserar blodcirkulationen, immunf\u00f6rsvaret och \u00e4mnesoms\u00e4ttningen i r\u00f6relseapparaten, vilket f\u00f6rhindrar uppkomsten av sjukdomar;<\/li>\n<li>hj\u00e4lper till att f\u00f6rb\u00e4ttra funktionerna i st\u00f6d- och r\u00f6relseorgansystemet;<\/li>\n<li>minskar inflammation och \u00f6verbelastning i muskuloskeletala systemet;<\/li>\n<li>hj\u00e4lper till att p\u00e5skynda regenerations- och \u00e5teruppbyggnadsprocesserna i v\u00e4vnaderna i st\u00f6d- och r\u00f6rlighetsorgansystemet;<\/li>\n<li>hj\u00e4lper till att eliminera inflammation i leder, ledmembran och leds\u00e4ckar, muskler;<\/li>\n<li>hj\u00e4lper till att f\u00f6rhindra eller kompensera f\u00f6r deformation eller atrofi av benen och det muskulo-artikul\u00e4ra komplexet.<\/li>\n<\/ul>\n<\/div><\/div>","protected":false},"excerpt":{"rendered":"<p>Az \u00abARTRO\u00bb eg\u00e9szs\u00e9g med\u00e1l a t\u00e1maszt\u00e1s \u00e9s mozgat\u00e1s szervrendszer sz\u00f6veteiben l\u00e9v\u0151 gyullad\u00e1selleni, immunmodul\u00e1l\u00f3, regener\u00e1l\u00f3 \u00e9s helyre\u00e1ll\u00edt\u00f3 folyamatok biofizikai finomhangol\u00e1s\u00e1ra szolg\u00e1l\u00f3 eszk\u00f6z. Rendeltet\u00e9se. A t\u00e1maszt\u00e1s \u00e9s mozgat\u00e1s szervrendszer \u00e1llapot\u00e1nak jav\u00edt\u00e1s\u00e1ra, a helyre\u00e1ll\u00edt\u00f3 folyamatok aktiviz\u00e1l\u00e1s\u00e1ra szolg\u00e1l\u00f3 seg\u00e9deszk\u00f6z.<\/p>","protected":false},"featured_media":4673,"comment_status":"open","ping_status":"closed","template":"","meta":[],"product_brand":[],"product_cat":[33,32],"product_tag":[],"class_list":{"0":"post-4674","1":"product","2":"type-product","3":"status-publish","4":"has-post-thumbnail","6":"product_cat-egeszseg-medalok","7":"product_cat-triomed","9":"first","10":"instock","11":"taxable","12":"shipping-taxable","13":"purchasable","14":"product-type-simple"},"_links":{"self":[{"href":"https:\/\/vetomshop.hu\/sv\/wp-json\/wp\/v2\/product\/4674","targetHints":{"allow":["GET"]}}],"collection":[{"href":"https:\/\/vetomshop.hu\/sv\/wp-json\/wp\/v2\/product"}],"about":[{"href":"https:\/\/vetomshop.hu\/sv\/wp-json\/wp\/v2\/types\/product"}],"replies":[{"embeddable":true,"href":"https:\/\/vetomshop.hu\/sv\/wp-json\/wp\/v2\/comments?post=4674"}],"wp:featuredmedia":[{"embeddable":true,"href":"https:\/\/vetomshop.hu\/sv\/wp-json\/wp\/v2\/media\/4673"}],"wp:attachment":[{"href":"https:\/\/vetomshop.hu\/sv\/wp-json\/wp\/v2\/media?parent=4674"}],"wp:term":[{"taxonomy":"product_brand","embeddable":true,"href":"https:\/\/vetomshop.hu\/sv\/wp-json\/wp\/v2\/product_brand?post=4674"},{"taxonomy":"product_cat","embeddable":true,"href":"https:\/\/vetomshop.hu\/sv\/wp-json\/wp\/v2\/product_cat?post=4674"},{"taxonomy":"product_tag","embeddable":true,"href":"https:\/\/vetomshop.hu\/sv\/wp-json\/wp\/v2\/product_tag?post=4674"}],"curies":[{"name":"wp","href":"https:\/\/api.w.org\/{rel}","templated":true}]}}