{"id":4676,"date":"2023-11-11T14:33:47","date_gmt":"2023-11-11T13:33:47","guid":{"rendered":"https:\/\/vetomshop.hu\/termek\/beauty-medal\/"},"modified":"2023-11-11T14:33:47","modified_gmt":"2023-11-11T13:33:47","slug":"beauty-medal","status":"publish","type":"product","link":"https:\/\/vetomshop.hu\/sv\/produkt\/beauty-medal\/","title":{"rendered":"Sk\u00f6nhetsh\u00e4nge"},"content":{"rendered":"<h4>Sk\u00f6nhetsh\u00e4nge<\/h4>\n<p>Tack vare BioTrEM-tekniken \u00e4r det nu m\u00f6jligt att skapa ett spektralt m\u00f6nster av en specifik karakt\u00e4r p\u00e5 en speciell kristall. N\u00e4r godtyckliga energikvanter - \u00e4ven v\u00e4rme - kommer i kontakt med kristallens yta, avger generatorn extremt svaga signaler av det spektrala m\u00f6nster som registrerats p\u00e5 den. Under tiden interagerar den elektromagnetiska str\u00e5lningen fr\u00e5n h\u00e4nget med den levande organismen.<\/p>\n<p>Huvudsyftet med \u201eBEAUTY\u201d-medaljen \u00e4r att \u00e5terst\u00e4lla de normala fysiologiska processerna i hudens celler och v\u00e4vnader, vilket \u00f6kar motst\u00e5ndskraften mot negativa milj\u00f6faktorer.<\/p>\n<p>Detta verktyg har en positiv effekt p\u00e5 ansiktets och kroppens hud, h\u00e5r och naglar.<\/p>\n<div class=\"su-spoiler su-spoiler-style-defoult su-spoiler-icon-caret su-spoiler-closed\" data-scroll-offset=\"0\" data-anchor-in-url=\"no\"><div class=\"su-spoiler-title\" tabindex=\"0\" role=\"button\"><span class=\"su-spoiler-icon\"><\/span>Alla<\/div><div class=\"su-spoiler-content su-u-clearfix su-u-trim\">\nEffekter:<\/p>\n<ul>\n<li>Det hj\u00e4lper till att \u00e5terst\u00e4lla den skadade intracellul\u00e4ra metabolismen i huden.<\/li>\n<li>Det stimulerar den naturliga produktionen av kollagen och elastin.<\/li>\n<li>F\u00f6rhindrar f\u00f6rsvagning av hudv\u00e4vnader.<\/li>\n<li>F\u00f6rb\u00e4ttrar mikrocirkulationen och f\u00f6rb\u00e4ttrar hudens elasticitet.<\/li>\n<li>F\u00f6rfinar och st\u00e4rker hudv\u00e4vnaden.<\/li>\n<li>F\u00f6rdr\u00f6jer \u00e5ldrandet och f\u00f6ryngrar huden.<\/li>\n<li>F\u00f6rb\u00e4ttrar hudf\u00e4rg och hudton.<\/li>\n<li>Hj\u00e4lper till att st\u00e4rka h\u00e5r och naglar.<\/li>\n<\/ul>\n<\/div><\/div>","protected":false},"excerpt":{"rendered":"<p>Beauty Med\u00e1l A BioTrEM-technol\u00f3gi\u00e1nak k\u00f6sz\u00f6nhet\u0151en lehets\u00e9gess\u00e9 v\u00e1lt l\u00e9trehozni a speci\u00e1lis krist\u00e1lyon egy adott term\u00e9szet\u0171 spektr\u00e1lis mint\u00e1t. Amikor tetsz\u0151leges energiakvantumok \u2013 ak\u00e1r h\u0151 &#8211; \u00e9rintkezik a krist\u00e1ly fel\u00fclet\u00e9vel, a gener\u00e1tor a rajta r\u00f6gz\u00edtett spektr\u00e1lis minta extr\u00e9m gyenge jeleit bocs\u00e1jtja ki. Ek\u00f6zben a med\u00e1l elektrom\u00e1gneses sug\u00e1rz\u00e1sa k\u00f6lcs\u00f6nhat\u00e1sba ker\u00fcl az \u00e9l\u0151 szervezettel. A &#8222;BEAUTY&#8221; Med\u00e1l f\u0151 c\u00e9lja a [&hellip;]<\/p>\n","protected":false},"featured_media":4675,"comment_status":"open","ping_status":"closed","template":"","meta":[],"product_brand":[],"product_cat":[33,32],"product_tag":[],"class_list":{"0":"post-4676","1":"product","2":"type-product","3":"status-publish","4":"has-post-thumbnail","6":"product_cat-egeszseg-medalok","7":"product_cat-triomed","9":"first","10":"instock","11":"taxable","12":"shipping-taxable","13":"purchasable","14":"product-type-simple"},"_links":{"self":[{"href":"https:\/\/vetomshop.hu\/sv\/wp-json\/wp\/v2\/product\/4676","targetHints":{"allow":["GET"]}}],"collection":[{"href":"https:\/\/vetomshop.hu\/sv\/wp-json\/wp\/v2\/product"}],"about":[{"href":"https:\/\/vetomshop.hu\/sv\/wp-json\/wp\/v2\/types\/product"}],"replies":[{"embeddable":true,"href":"https:\/\/vetomshop.hu\/sv\/wp-json\/wp\/v2\/comments?post=4676"}],"wp:featuredmedia":[{"embeddable":true,"href":"https:\/\/vetomshop.hu\/sv\/wp-json\/wp\/v2\/media\/4675"}],"wp:attachment":[{"href":"https:\/\/vetomshop.hu\/sv\/wp-json\/wp\/v2\/media?parent=4676"}],"wp:term":[{"taxonomy":"product_brand","embeddable":true,"href":"https:\/\/vetomshop.hu\/sv\/wp-json\/wp\/v2\/product_brand?post=4676"},{"taxonomy":"product_cat","embeddable":true,"href":"https:\/\/vetomshop.hu\/sv\/wp-json\/wp\/v2\/product_cat?post=4676"},{"taxonomy":"product_tag","embeddable":true,"href":"https:\/\/vetomshop.hu\/sv\/wp-json\/wp\/v2\/product_tag?post=4676"}],"curies":[{"name":"wp","href":"https:\/\/api.w.org\/{rel}","templated":true}]}}