{"id":4678,"date":"2023-11-11T14:33:47","date_gmt":"2023-11-11T13:33:47","guid":{"rendered":"https:\/\/vetomshop.hu\/termek\/breath-szello-medal\/"},"modified":"2025-04-12T11:52:17","modified_gmt":"2025-04-12T09:52:17","slug":"breath-szello-medal","status":"publish","type":"product","link":"https:\/\/vetomshop.hu\/sv\/produkt\/breath-szello-medal\/","title":{"rendered":"H\u00e4nge f\u00f6r andning\/kraft"},"content":{"rendered":"<h4>Breath - Breath Health-h\u00e4nge<\/h4>\n<p><strong>Huvudsaklig funktion<\/strong><br \/>\nSt\u00f6dja f\u00f6rebyggande och behandling av luftv\u00e4gssjukdomar, p\u00e5skynda \u00e5terh\u00e4mtningsprocessen efter sjukdomar och kompletterande behandling av luftv\u00e4gssjukdomar.<\/p>\n<div class=\"su-spoiler su-spoiler-style-defoult su-spoiler-icon-caret su-spoiler-closed\" data-scroll-offset=\"0\" data-anchor-in-url=\"no\"><div class=\"su-spoiler-title\" tabindex=\"0\" role=\"button\"><span class=\"su-spoiler-icon\"><\/span>Alla<\/div><div class=\"su-spoiler-content su-u-clearfix su-u-trim\">\n<strong>Med st\u00f6d av:<\/strong><\/p>\n<ul>\n<li>normaliserar blodcirkulationen, immunf\u00f6rsvaret och andningsorganens \u00e4mnesoms\u00e4ttning och f\u00f6rebygger d\u00e4rmed sjukdomar, - f\u00f6rb\u00e4ttrar gasutbytet,<\/li>\n<li>minskar risken f\u00f6r inflammatoriska processer och \u00f6verbelastning i luftv\u00e4garna,<\/li>\n<li>st\u00f6der frig\u00f6randet av spasmodiska processer i andningsorganen,<\/li>\n<li>st\u00f6djer reningsprocessen,<\/li>\n<li>st\u00f6der f\u00f6rebyggandet av pneumoskleros.<\/li>\n<\/ul>\n<\/div><\/div>","protected":false},"excerpt":{"rendered":"<p>Breath \u2013 Szell\u0151 Eg\u00e9szs\u00e9g Med\u00e1l F\u0151 funkci\u00f3 A l\u00e9g\u00fati betegs\u00e9gek megel\u0151z\u00e9s\u00e9nek \u00e9s kezel\u00e9s\u00e9nek t\u00e1mogat\u00e1sa, a betegs\u00e9gek ut\u00e1ni regener\u00e1ci\u00f3s folyamatok gyors\u00edt\u00e1sa, a l\u00e9g\u00fati betegs\u00e9gek kieg\u00e9sz\u00edt\u0151 kezel\u00e9se.<\/p>","protected":false},"featured_media":4677,"comment_status":"open","ping_status":"closed","template":"","meta":[],"product_brand":[],"product_cat":[33,32],"product_tag":[],"class_list":{"0":"post-4678","1":"product","2":"type-product","3":"status-publish","4":"has-post-thumbnail","6":"product_cat-egeszseg-medalok","7":"product_cat-triomed","9":"first","10":"instock","11":"taxable","12":"shipping-taxable","13":"purchasable","14":"product-type-simple"},"_links":{"self":[{"href":"https:\/\/vetomshop.hu\/sv\/wp-json\/wp\/v2\/product\/4678","targetHints":{"allow":["GET"]}}],"collection":[{"href":"https:\/\/vetomshop.hu\/sv\/wp-json\/wp\/v2\/product"}],"about":[{"href":"https:\/\/vetomshop.hu\/sv\/wp-json\/wp\/v2\/types\/product"}],"replies":[{"embeddable":true,"href":"https:\/\/vetomshop.hu\/sv\/wp-json\/wp\/v2\/comments?post=4678"}],"wp:featuredmedia":[{"embeddable":true,"href":"https:\/\/vetomshop.hu\/sv\/wp-json\/wp\/v2\/media\/4677"}],"wp:attachment":[{"href":"https:\/\/vetomshop.hu\/sv\/wp-json\/wp\/v2\/media?parent=4678"}],"wp:term":[{"taxonomy":"product_brand","embeddable":true,"href":"https:\/\/vetomshop.hu\/sv\/wp-json\/wp\/v2\/product_brand?post=4678"},{"taxonomy":"product_cat","embeddable":true,"href":"https:\/\/vetomshop.hu\/sv\/wp-json\/wp\/v2\/product_cat?post=4678"},{"taxonomy":"product_tag","embeddable":true,"href":"https:\/\/vetomshop.hu\/sv\/wp-json\/wp\/v2\/product_tag?post=4678"}],"curies":[{"name":"wp","href":"https:\/\/api.w.org\/{rel}","templated":true}]}}