{"id":4682,"date":"2023-11-11T14:33:48","date_gmt":"2023-11-11T13:33:48","guid":{"rendered":"https:\/\/vetomshop.hu\/termek\/delfin-medal\/"},"modified":"2023-11-11T14:33:48","modified_gmt":"2023-11-11T13:33:48","slug":"delfin-medal","status":"publish","type":"product","link":"https:\/\/vetomshop.hu\/sv\/produkt\/delfin-medal\/","title":{"rendered":"Delfinh\u00e4nge"},"content":{"rendered":"<h4>Medalj f\u00f6r delfinh\u00e4lsa<\/h4>\n<p><strong>Huvudsaklig funktion:<\/strong><\/p>\n<p>Ett komplement\u00e4rt verktyg f\u00f6r att harmonisera kroppens regleringssystem och st\u00f6dja det centrala nervsystemets funktion.<\/p>\n<p><strong>Med st\u00f6d av:<\/strong><\/p>\n<ul>\n<li>effekten av sm\u00e4rtstillande medel,<\/li>\n<li>normalisering av k\u00e4nslolivet, vilket bidrar till att minska \u00e5ngest,<\/li>\n<li>tankeprocesserna,<\/li>\n<li>inl\u00e4rning och kognitiva f\u00e4rdigheter, minnesutveckling,<\/li>\n<li>en \u00f6kning av stresst\u00e5ligheten.<\/li>\n<\/ul>\n<div class=\"su-spoiler su-spoiler-style-defoult su-spoiler-icon-caret su-spoiler-closed\" data-scroll-offset=\"0\" data-anchor-in-url=\"no\"><div class=\"su-spoiler-title\" tabindex=\"0\" role=\"button\"><span class=\"su-spoiler-icon\"><\/span>Alla<\/div><div class=\"su-spoiler-content su-u-clearfix su-u-trim\">\n<p><strong>N\u00e4r rekommenderas Dolphin Health Pendant?<\/strong><\/p>\n<p>Dolphin har en positiv effekt p\u00e5 kroppens funktionella status och kan anv\u00e4ndas som ett f\u00f6rebyggande och kompletterande verktyg till andra metoder, som ett korrigerande verktyg f\u00f6r att hj\u00e4lpa kroppen att fungera optimalt i f\u00f6ljande fall:<\/p>\n<ul>\n<li>organiska skador i det centrala nervsystemet som leder till nedsatt kognitiv funktion och\/eller skador p\u00e5 den emotionella sf\u00e4ren,<\/li>\n<li>funktionsst\u00f6rning i nervsystemet, som \u00e4r f\u00f6rknippad med mental \u00f6verbelastning, s\u00f6mnl\u00f6shet, nervositet, nedsatt kognitiv funktion,<\/li>\n<li>kroniskt stressyndrom (inl\u00e4rning, extrema och farliga jobb, ledarskap etc.).<\/li>\n<\/ul>\n<\/div><\/div>","protected":false},"excerpt":{"rendered":"<p>Delfin Eg\u00e9szs\u00e9g Med\u00e1l F\u0151 funkci\u00f3ja: Kieg\u00e9sz\u00edt\u0151 eszk\u00f6z a szervezet szab\u00e1lyz\u00f3 rendszer\u00e9nek harmoniz\u00e1l\u00e1s\u00e1nak \u00e9s a k\u00f6zponti idegrendszer m\u0171k\u00f6d\u00e9s\u00e9nek t\u00e1mogat\u00e1s\u00e1ra. T\u00e1mogatja: a f\u00e1jdalomcsillap\u00edt\u00f3k hat\u00e1s\u00e1t, az \u00e9rzelmi szf\u00e9ra normaliz\u00e1l\u00e1s\u00e1t, seg\u00edt cs\u00f6kkenteni az izgatotts\u00e1got, a gondolkod\u00e1si folyamatokat, a tanul\u00e1si \u00e9s kognit\u00edv k\u00e9pess\u00e9geket, a mem\u00f3ria fejleszt\u00e9s\u00e9t, a stressz ellen\u00e1ll\u00f3 k\u00e9pess\u00e9g n\u00f6veked\u00e9s\u00e9t.<\/p>","protected":false},"featured_media":4681,"comment_status":"open","ping_status":"closed","template":"","meta":[],"product_brand":[],"product_cat":[33,32],"product_tag":[],"class_list":{"0":"post-4682","1":"product","2":"type-product","3":"status-publish","4":"has-post-thumbnail","6":"product_cat-egeszseg-medalok","7":"product_cat-triomed","9":"first","10":"instock","11":"taxable","12":"shipping-taxable","13":"purchasable","14":"product-type-simple"},"_links":{"self":[{"href":"https:\/\/vetomshop.hu\/sv\/wp-json\/wp\/v2\/product\/4682","targetHints":{"allow":["GET"]}}],"collection":[{"href":"https:\/\/vetomshop.hu\/sv\/wp-json\/wp\/v2\/product"}],"about":[{"href":"https:\/\/vetomshop.hu\/sv\/wp-json\/wp\/v2\/types\/product"}],"replies":[{"embeddable":true,"href":"https:\/\/vetomshop.hu\/sv\/wp-json\/wp\/v2\/comments?post=4682"}],"wp:featuredmedia":[{"embeddable":true,"href":"https:\/\/vetomshop.hu\/sv\/wp-json\/wp\/v2\/media\/4681"}],"wp:attachment":[{"href":"https:\/\/vetomshop.hu\/sv\/wp-json\/wp\/v2\/media?parent=4682"}],"wp:term":[{"taxonomy":"product_brand","embeddable":true,"href":"https:\/\/vetomshop.hu\/sv\/wp-json\/wp\/v2\/product_brand?post=4682"},{"taxonomy":"product_cat","embeddable":true,"href":"https:\/\/vetomshop.hu\/sv\/wp-json\/wp\/v2\/product_cat?post=4682"},{"taxonomy":"product_tag","embeddable":true,"href":"https:\/\/vetomshop.hu\/sv\/wp-json\/wp\/v2\/product_tag?post=4682"}],"curies":[{"name":"wp","href":"https:\/\/api.w.org\/{rel}","templated":true}]}}