{"id":4684,"date":"2023-11-11T14:33:48","date_gmt":"2023-11-11T13:33:48","guid":{"rendered":"https:\/\/vetomshop.hu\/termek\/detox-medal\/"},"modified":"2023-11-11T14:33:48","modified_gmt":"2023-11-11T13:33:48","slug":"detox-medal","status":"publish","type":"product","link":"https:\/\/vetomshop.hu\/sv\/produkt\/detox-medal\/","title":{"rendered":"Detox-medaljong"},"content":{"rendered":"<h4>Detox Medal \u00e4r f\u00f6r dig som vill harmonisera din kropp p\u00e5 ett skonsamt s\u00e4tt.<\/p>\n<p>Den spektrala signal som registreras p\u00e5 Detox Medallion st\u00f6der den bioenergetiska funktionen hos organ och organsystem.<\/h4>\n<p>Den st\u00f6rsta fienden till ungdom och h\u00e4lsa \u00e4r en kropp full av avfallsprodukter. V\u00e5r kropp \u00e4r ett sj\u00e4lvreglerande biologiskt system, d\u00e4r en av de viktigaste funktionerna \u00e4r avgiftning - eliminering av \u00e4mnen som kroppen inte beh\u00f6ver. Naturen \u00e4r dock inte f\u00f6rberedd f\u00f6r en s\u00e5dan civilisation, med s\u00e5 stora m\u00e4ngder konstgjorda kemikalier i mat, vatten och luft. Djur matas med tillv\u00e4xthormoner och antibiotika, som ocks\u00e5 kommer in i v\u00e5ra kroppar. Tungmetaller, nitriter, nitrater, radioaktiva \u00e4mnen, dioxiner, l\u00e4kemedelsrester ansamlas i v\u00e4vnader och celler.<\/p>\n<div class=\"su-spoiler su-spoiler-style-defoult su-spoiler-icon-caret su-spoiler-closed\" data-scroll-offset=\"0\" data-anchor-in-url=\"no\"><div class=\"su-spoiler-title\" tabindex=\"0\" role=\"button\"><span class=\"su-spoiler-icon\"><\/span>Alla<\/div><div class=\"su-spoiler-content su-u-clearfix su-u-trim\">\n<p>Giftiga \u00e4mnen kan komma utifr\u00e5n, men det kan ocks\u00e5 vara gifter fr\u00e5n inre nedbrytningsprocesser till f\u00f6ljd av ett \u00e4mnesoms\u00e4ttningsproblem. Om detta f\u00f6rv\u00e4rras av en stillasittande livsstil saktas kroppens processer ner \u00e4nnu mer.<\/p>\n<p>En h\u00f6g stressniv\u00e5 kan ocks\u00e5 leda till att de organ som \u00e4r involverade i avgiftningen blir utmattade. Till en b\u00f6rjan \u00e4r det bara obehag som \u00e4r en indikation p\u00e5 ett problem, men senare kan situationen f\u00f6rv\u00e4rras. Kroniska sjukdomar kan utvecklas, vilket kan ha en stor inverkan p\u00e5 v\u00e5r livskvalitet.<br \/>\n<\/div><\/div>","protected":false},"excerpt":{"rendered":"<p>Detox Med\u00e1l azok sz\u00e1m\u00e1ra k\u00e9sz\u00fclt, akik l\u00e1gyan szeretn\u00e9k a szervezet\u00fcket harmoniz\u00e1lni. A spektr\u00e1lis jel, mely a Detox Med\u00e1lon r\u00f6gz\u00edt\u00e9sre ker\u00fclt, t\u00e1mogatja a szervek \u00e9s szervrendszerek bioenergetikai m\u0171k\u00f6d\u00e9s\u00e9t. A fiatals\u00e1g \u00e9s az eg\u00e9szs\u00e9g legnagyobb ellens\u00e9ge a salakanyagokkal tel\u00edtett szervezet. Szervezet\u00fcnk egy \u00f6nszab\u00e1lyoz\u00f3 biol\u00f3giai rendszer, melynek egyik legfontosabb funkci\u00f3ja a m\u00e9regtelen\u00edt\u00e9s \u2013 kivezet\u00e9se azoknak az anyagoknak, melyekre [&hellip;]<\/p>\n","protected":false},"featured_media":4683,"comment_status":"open","ping_status":"closed","template":"","meta":[],"product_brand":[],"product_cat":[33,32],"product_tag":[],"class_list":{"0":"post-4684","1":"product","2":"type-product","3":"status-publish","4":"has-post-thumbnail","6":"product_cat-egeszseg-medalok","7":"product_cat-triomed","9":"first","10":"instock","11":"taxable","12":"shipping-taxable","13":"purchasable","14":"product-type-simple"},"_links":{"self":[{"href":"https:\/\/vetomshop.hu\/sv\/wp-json\/wp\/v2\/product\/4684","targetHints":{"allow":["GET"]}}],"collection":[{"href":"https:\/\/vetomshop.hu\/sv\/wp-json\/wp\/v2\/product"}],"about":[{"href":"https:\/\/vetomshop.hu\/sv\/wp-json\/wp\/v2\/types\/product"}],"replies":[{"embeddable":true,"href":"https:\/\/vetomshop.hu\/sv\/wp-json\/wp\/v2\/comments?post=4684"}],"wp:featuredmedia":[{"embeddable":true,"href":"https:\/\/vetomshop.hu\/sv\/wp-json\/wp\/v2\/media\/4683"}],"wp:attachment":[{"href":"https:\/\/vetomshop.hu\/sv\/wp-json\/wp\/v2\/media?parent=4684"}],"wp:term":[{"taxonomy":"product_brand","embeddable":true,"href":"https:\/\/vetomshop.hu\/sv\/wp-json\/wp\/v2\/product_brand?post=4684"},{"taxonomy":"product_cat","embeddable":true,"href":"https:\/\/vetomshop.hu\/sv\/wp-json\/wp\/v2\/product_cat?post=4684"},{"taxonomy":"product_tag","embeddable":true,"href":"https:\/\/vetomshop.hu\/sv\/wp-json\/wp\/v2\/product_tag?post=4684"}],"curies":[{"name":"wp","href":"https:\/\/api.w.org\/{rel}","templated":true}]}}