{"id":4686,"date":"2023-11-11T14:33:48","date_gmt":"2023-11-11T13:33:48","guid":{"rendered":"https:\/\/vetomshop.hu\/termek\/ekuples-medal\/"},"modified":"2023-11-11T14:33:48","modified_gmt":"2023-11-11T13:33:48","slug":"ekuples-medal","status":"publish","type":"product","link":"https:\/\/vetomshop.hu\/sv\/produkt\/ekuples-medal\/","title":{"rendered":"Ecuples Medalj"},"content":{"rendered":"<p><strong>Huvudsaklig funktion:<\/strong><\/p>\n<p>Vid tillst\u00e5nd orsakade av svampinfektioner kan optimeringen av immunsystemet och den harmoniska<br \/>\nett verktyg som hj\u00e4lper dig att g\u00f6ra ditt jobb.<\/p>\n<p><strong>Med st\u00f6d av:<\/strong><\/p>\n<ul>\n<li>normalisering av immunf\u00f6rsvaret,<\/li>\n<li>Regenerering efter skador (s\u00e4rskilt slemhinneskador),<\/li>\n<li>kampen mot h\u00e5r- och nagelsvamp,<\/li>\n<li>Processen f\u00f6r neutralisering och eliminering av giftiga \u00e4mnen fr\u00e5n kroppen.<\/li>\n<\/ul>\n<div class=\"su-spoiler su-spoiler-style-defoult su-spoiler-icon-caret su-spoiler-closed\" data-scroll-offset=\"0\" data-anchor-in-url=\"no\"><div class=\"su-spoiler-title\" tabindex=\"0\" role=\"button\"><span class=\"su-spoiler-icon\"><\/span>Alla<\/div><div class=\"su-spoiler-content su-u-clearfix su-u-trim\">\n<p><strong>N\u00e4r kan Ekuples Health Pendant anv\u00e4ndas?<\/strong><\/p>\n<p>Den givna Health Pendant har en positiv effekt p\u00e5 kroppens funktionella funktion, den kan anv\u00e4ndas som en kompletterande behandling - som ett allm\u00e4nt optimerande och korrigerande verktyg f\u00f6r b\u00e5de f\u00f6rebyggande och \u00e5terst\u00e4llande av h\u00e4lsa:<\/p>\n<ul>\n<li>hudsjukdomar orsakade av svampinfektioner, inflammationer, muninfektioner - stomatit,<\/li>\n<li>Candidiasis,<\/li>\n<li>bronkit av allergiskt ursprung,<\/li>\n<li>andra sjukdomar som orsakas av svampinfektioner.<\/li>\n<\/ul>\n<p><strong>Viktig varning!<\/strong><\/p>\n<p>Om du misst\u00e4nker en svampinfektion, kontakta l\u00e4kare! Anv\u00e4nd Ekuples Health Pendant tillsammans med den behandling som rekommenderas av din l\u00e4kare f\u00f6r att \u00f6ka dess effektivitet.<\/p>\n<\/div><\/div>","protected":false},"excerpt":{"rendered":"<p>F\u0151 funkci\u00f3ja: A gomb\u00e1s megbeteged\u00e9sek k\u00f6vetkezt\u00e9ben kialakult \u00e1llapotok eset\u00e9n az immunrendszer munk\u00e1j\u00e1nak optimaliz\u00e1ci\u00f3j\u00e1t \u00e9s a szervezet harmonikus munk\u00e1j\u00e1t seg\u00edt\u0151 eszk\u00f6z. T\u00e1mogatja: az immunrendszer m\u0171k\u00f6d\u00e9s\u00e9nek normaliz\u00e1l\u00e1s\u00e1t, a s\u00e9r\u00fcl\u00e9sek ut\u00e1ni regener\u00e1ci\u00f3t (k\u00fcl\u00f6n\u00f6s tekintettel a ny\u00e1lkah\u00e1rtya s\u00e9r\u00fcl\u00e9seire), a haj- \u00e9s k\u00f6r\u00f6mgomba elleni harcot, a toxikus anyagok semleges\u00edt\u00e9s\u00e9nek \u00e9s kivezet\u00e9s\u00e9nek folyamat\u00e1t a szervezetb\u0151l.<\/p>","protected":false},"featured_media":4685,"comment_status":"open","ping_status":"closed","template":"","meta":[],"product_brand":[],"product_cat":[33,32],"product_tag":[],"class_list":{"0":"post-4686","1":"product","2":"type-product","3":"status-publish","4":"has-post-thumbnail","6":"product_cat-egeszseg-medalok","7":"product_cat-triomed","9":"first","10":"instock","11":"taxable","12":"shipping-taxable","13":"purchasable","14":"product-type-simple"},"_links":{"self":[{"href":"https:\/\/vetomshop.hu\/sv\/wp-json\/wp\/v2\/product\/4686","targetHints":{"allow":["GET"]}}],"collection":[{"href":"https:\/\/vetomshop.hu\/sv\/wp-json\/wp\/v2\/product"}],"about":[{"href":"https:\/\/vetomshop.hu\/sv\/wp-json\/wp\/v2\/types\/product"}],"replies":[{"embeddable":true,"href":"https:\/\/vetomshop.hu\/sv\/wp-json\/wp\/v2\/comments?post=4686"}],"wp:featuredmedia":[{"embeddable":true,"href":"https:\/\/vetomshop.hu\/sv\/wp-json\/wp\/v2\/media\/4685"}],"wp:attachment":[{"href":"https:\/\/vetomshop.hu\/sv\/wp-json\/wp\/v2\/media?parent=4686"}],"wp:term":[{"taxonomy":"product_brand","embeddable":true,"href":"https:\/\/vetomshop.hu\/sv\/wp-json\/wp\/v2\/product_brand?post=4686"},{"taxonomy":"product_cat","embeddable":true,"href":"https:\/\/vetomshop.hu\/sv\/wp-json\/wp\/v2\/product_cat?post=4686"},{"taxonomy":"product_tag","embeddable":true,"href":"https:\/\/vetomshop.hu\/sv\/wp-json\/wp\/v2\/product_tag?post=4686"}],"curies":[{"name":"wp","href":"https:\/\/api.w.org\/{rel}","templated":true}]}}