{"id":4688,"date":"2023-11-11T14:33:49","date_gmt":"2023-11-11T13:33:49","guid":{"rendered":"https:\/\/vetomshop.hu\/termek\/eros-medal-feriaknak\/"},"modified":"2023-11-11T14:33:49","modified_gmt":"2023-11-11T13:33:49","slug":"eros-medal-feriaknak","status":"publish","type":"product","link":"https:\/\/vetomshop.hu\/sv\/produkt\/eros-medal-feriaknak\/","title":{"rendered":"Eros-h\u00e4nge f\u00f6r m\u00e4n"},"content":{"rendered":"<p><strong>Huvudsaklig funktion:<\/strong><\/p>\n<p>Kompletterande verktyg f\u00f6r f\u00f6rebyggande och behandling av samlagsst\u00f6rningar, kompletterande behandling av f\u00f6rlust av sexuell lust, k\u00e4nslom\u00e4ssiga-psykologiska st\u00f6rningar relaterade till samlag, verktyg f\u00f6r aktivering av regenerativa processer vid kompletterande behandling av sjukdomar som p\u00e5verkar k\u00f6nsorganet. Det rekommenderas att anv\u00e4ndas i samband med den terapi som rekommenderas av en specialist (androlog, sexolog, endokrinolog).<\/p>\n<p><strong>Med st\u00f6d av:<\/strong><\/p>\n<ul>\n<li>blodcirkulationen, immunf\u00f6rsvaret och \u00e4mnesoms\u00e4ttningen, vilket f\u00f6rhindrar uppkomsten av sjukdomar<\/li>\n<li>st\u00f6der den kvalitativa f\u00f6rb\u00e4ttringen av sexuella upplevelser,<\/li>\n<li>st\u00f6der regenereringsprocesser.<\/li>\n<\/ul>\n<div class=\"su-spoiler su-spoiler-style-defoult su-spoiler-icon-caret su-spoiler-closed\" data-scroll-offset=\"0\" data-anchor-in-url=\"no\"><div class=\"su-spoiler-title\" tabindex=\"0\" role=\"button\"><span class=\"su-spoiler-icon\"><\/span>Alla<\/div><div class=\"su-spoiler-content su-u-clearfix su-u-trim\">\n<p><strong>N\u00e4r ska man anv\u00e4nda Eros Health Pendant?<\/strong><\/p>\n<p>Apparaten har en positiv effekt p\u00e5 kroppens funktion och kan anv\u00e4ndas som en allm\u00e4n h\u00e4lsofr\u00e4mjande, optimerande och korrigerande komplement\u00e4r metod, i kombination med andra metoder, f\u00f6r komplement\u00e4r behandling och f\u00f6rebyggande av f\u00f6ljande problem:<\/p>\n<ul>\n<li>erektionsproblem,<\/li>\n<li>endokrina st\u00f6rningar som p\u00e5verkar den sexuella sf\u00e4ren (diabetes, hypothalamusinsufficiens, gonadinsufficiens)<\/li>\n<li>kroniskt tr\u00f6tthetssyndrom (CFS)<\/li>\n<li>Metabola syndromet<\/li>\n<li>s\u00e4nkning av k\u00e4nslom\u00e4ssig niv\u00e5 och hum\u00f6r.<\/li>\n<\/ul>\n<\/div><\/div>","protected":false},"excerpt":{"rendered":"<p>F\u0151 funkci\u00f3ja: Kieg\u00e9sz\u00edt\u0151 eszk\u00f6z a kopul\u00e1ci\u00f3s rendelleness\u00e9gek megel\u0151z\u00e9s\u00e9re \u00e9s kezel\u00e9s\u00e9re, a nemi v\u00e1gy cs\u00f6kken\u00e9s\u00e9nek, a szexu\u00e1lis aktussal kapcsolatos \u00e9rzelmi-pszich\u00e9s rendelleness\u00e9gek kieg\u00e9sz\u00edt\u0151 kezel\u00e9s\u00e9re, a regener\u00e1ci\u00f3s folyamatok aktiv\u00e1l\u00e1s\u00e1t seg\u00edt\u0151 eszk\u00f6z a nemi szf\u00e9r\u00e1t \u00e9rint\u0151 betegs\u00e9gek kieg\u00e9sz\u00edt\u0151 kezel\u00e9s\u00e9ben. Aj\u00e1nlott a szakorvos (androl\u00f3gus, szexol\u00f3gus, endokrinol\u00f3gus) \u00e1ltal javasolt ter\u00e1pia melletti alkalmaz\u00e1sa. T\u00e1mogatja: a v\u00e9rkering\u00e9st, az immunrendszer munk\u00e1j\u00e1t, az anyagcser\u00e9t, megel\u0151zve [&hellip;]<\/p>\n","protected":false},"featured_media":4687,"comment_status":"open","ping_status":"closed","template":"","meta":[],"product_brand":[],"product_cat":[33,32],"product_tag":[],"class_list":{"0":"post-4688","1":"product","2":"type-product","3":"status-publish","4":"has-post-thumbnail","6":"product_cat-egeszseg-medalok","7":"product_cat-triomed","9":"first","10":"instock","11":"taxable","12":"shipping-taxable","13":"purchasable","14":"product-type-simple"},"_links":{"self":[{"href":"https:\/\/vetomshop.hu\/sv\/wp-json\/wp\/v2\/product\/4688","targetHints":{"allow":["GET"]}}],"collection":[{"href":"https:\/\/vetomshop.hu\/sv\/wp-json\/wp\/v2\/product"}],"about":[{"href":"https:\/\/vetomshop.hu\/sv\/wp-json\/wp\/v2\/types\/product"}],"replies":[{"embeddable":true,"href":"https:\/\/vetomshop.hu\/sv\/wp-json\/wp\/v2\/comments?post=4688"}],"wp:featuredmedia":[{"embeddable":true,"href":"https:\/\/vetomshop.hu\/sv\/wp-json\/wp\/v2\/media\/4687"}],"wp:attachment":[{"href":"https:\/\/vetomshop.hu\/sv\/wp-json\/wp\/v2\/media?parent=4688"}],"wp:term":[{"taxonomy":"product_brand","embeddable":true,"href":"https:\/\/vetomshop.hu\/sv\/wp-json\/wp\/v2\/product_brand?post=4688"},{"taxonomy":"product_cat","embeddable":true,"href":"https:\/\/vetomshop.hu\/sv\/wp-json\/wp\/v2\/product_cat?post=4688"},{"taxonomy":"product_tag","embeddable":true,"href":"https:\/\/vetomshop.hu\/sv\/wp-json\/wp\/v2\/product_tag?post=4688"}],"curies":[{"name":"wp","href":"https:\/\/api.w.org\/{rel}","templated":true}]}}