{"id":4690,"date":"2023-11-11T14:33:49","date_gmt":"2023-11-11T13:33:49","guid":{"rendered":"https:\/\/vetomshop.hu\/termek\/elast-medal\/"},"modified":"2023-11-11T14:33:49","modified_gmt":"2023-11-11T13:33:49","slug":"elast-medal","status":"publish","type":"product","link":"https:\/\/vetomshop.hu\/sv\/produkt\/elast-medal\/","title":{"rendered":"Elast Medal"},"content":{"rendered":"<p>Kompletterande verktyg f\u00f6r f\u00f6rebyggande och behandling av ledbandssjukdomar, aktivering av regenereringsprocesser och kompletterande behandling av kroniska ledbandssjukdomar.<\/p>\n<p>Effekten av \u201eELAST\u201d Medal syftar till att \u00e5terst\u00e4lla normala metaboliska processer i cellerna och v\u00e4vnaderna i ligamenten, vilket saktar ner \u00e5ldringsprocessen.<\/p>\n<p>Detta verktyg har en positiv inverkan p\u00e5 kroppens funktioner och kan anv\u00e4ndas i kombination med andra metoder som ett verktyg f\u00f6r optimering och korrigering:<\/p>\n<ul>\n<li>\u00f6kar flexibiliteten i ligamenten och \u00f6kar amplituden i ledr\u00f6relser som svar p\u00e5 \u00e5ldersrelaterade f\u00f6r\u00e4ndringar<\/li>\n<li>minskar sannolikheten f\u00f6r skador p\u00e5 senor och ligament<\/li>\n<li>f\u00f6rkorta l\u00e4kningstiden efter ligamentskador (stukningar, bristningar)<\/li>\n<li>bromsa \u00e5ldersrelaterade f\u00f6r\u00e4ndringar i lederna<\/li>\n<li>st\u00e4rka ligamenten i inre organ, f\u00f6rhindra att de faller ut (livmoder, tarm, njure, mage)<\/li>\n<\/ul>\n<div class=\"su-spoiler su-spoiler-style-defoult su-spoiler-icon-caret su-spoiler-closed\" data-scroll-offset=\"0\" data-anchor-in-url=\"no\"><div class=\"su-spoiler-title\" tabindex=\"0\" role=\"button\"><span class=\"su-spoiler-icon\"><\/span>Alla<\/div><div class=\"su-spoiler-content su-u-clearfix su-u-trim\">\n<strong>Effekter:<\/strong><\/p>\n<ul>\n<li>reparation av metaboliska processer i bindv\u00e4ven i leder och inre organ, inklusive Dupuytrens kontraktur (kontraktur: f\u00f6rkortning av senor och\/eller muskler, krympning som orsakar deformitet och\/eller begr\u00e4nsning)<\/li>\n<li>bromsa \u201e\u00e5ldersrelaterade\u201d f\u00f6r\u00e4ndringar i r\u00f6relseapparaten<\/li>\n<li>f\u00f6rb\u00e4ttrar flexibiliteten i muskler och ligament<\/li>\n<li>p\u00e5skyndar \u00e5terh\u00e4mtningen efter skador och kirurgiska ingrepp och f\u00f6rhindrar att grova \u00e4rr bildas.<\/li>\n<\/ul>\n<\/div><\/div>","protected":false},"excerpt":{"rendered":"<p>Kieg\u00e9sz\u00edt\u0151 eszk\u00f6z a ligamentum betegs\u00e9geinek megel\u0151z\u00e9s\u00e9re \u00e9s kezel\u00e9s\u00e9re, regener\u00e1ci\u00f3s folyamatok aktiv\u00e1l\u00e1s\u00e1ra \u00e9s a ligamentum kr\u00f3nikus betegs\u00e9geinek kieg\u00e9sz\u00edt\u0151 kezel\u00e9s\u00e9re. A &#8222;ELAST&#8221; Med\u00e1l hat\u00e1sa a norm\u00e1lis anyagcsere-folyamatok helyre\u00e1ll\u00edt\u00e1s\u00e1ra ir\u00e1nyul a ligamentumok sejtjeiben \u00e9s sz\u00f6veteiben, lass\u00edtva az \u00f6reged\u00e9si folyamatokat is. Ez az eszk\u00f6z pozit\u00edv hat\u00e1ssal van a testfunkci\u00f3k \u00e1llapot\u00e1ra, az optimaliz\u00e1l\u00e1s \u00e9s korrekci\u00f3 eszk\u00f6zek\u00e9nt haszn\u00e1lhat\u00f3 egy\u00e9b m\u00f3dszerekkel is [&hellip;]<\/p>\n","protected":false},"featured_media":4689,"comment_status":"open","ping_status":"closed","template":"","meta":[],"product_brand":[],"product_cat":[33,32],"product_tag":[],"class_list":{"0":"post-4690","1":"product","2":"type-product","3":"status-publish","4":"has-post-thumbnail","6":"product_cat-egeszseg-medalok","7":"product_cat-triomed","9":"first","10":"instock","11":"taxable","12":"shipping-taxable","13":"purchasable","14":"product-type-simple"},"_links":{"self":[{"href":"https:\/\/vetomshop.hu\/sv\/wp-json\/wp\/v2\/product\/4690","targetHints":{"allow":["GET"]}}],"collection":[{"href":"https:\/\/vetomshop.hu\/sv\/wp-json\/wp\/v2\/product"}],"about":[{"href":"https:\/\/vetomshop.hu\/sv\/wp-json\/wp\/v2\/types\/product"}],"replies":[{"embeddable":true,"href":"https:\/\/vetomshop.hu\/sv\/wp-json\/wp\/v2\/comments?post=4690"}],"wp:featuredmedia":[{"embeddable":true,"href":"https:\/\/vetomshop.hu\/sv\/wp-json\/wp\/v2\/media\/4689"}],"wp:attachment":[{"href":"https:\/\/vetomshop.hu\/sv\/wp-json\/wp\/v2\/media?parent=4690"}],"wp:term":[{"taxonomy":"product_brand","embeddable":true,"href":"https:\/\/vetomshop.hu\/sv\/wp-json\/wp\/v2\/product_brand?post=4690"},{"taxonomy":"product_cat","embeddable":true,"href":"https:\/\/vetomshop.hu\/sv\/wp-json\/wp\/v2\/product_cat?post=4690"},{"taxonomy":"product_tag","embeddable":true,"href":"https:\/\/vetomshop.hu\/sv\/wp-json\/wp\/v2\/product_tag?post=4690"}],"curies":[{"name":"wp","href":"https:\/\/api.w.org\/{rel}","templated":true}]}}