{"id":4694,"date":"2023-11-11T14:33:50","date_gmt":"2023-11-11T13:33:50","guid":{"rendered":"https:\/\/vetomshop.hu\/termek\/eros-plus\/"},"modified":"2023-11-11T14:33:50","modified_gmt":"2023-11-11T13:33:50","slug":"eros-plus","status":"publish","type":"product","link":"https:\/\/vetomshop.hu\/sv\/produkt\/eros-plus\/","title":{"rendered":"Eros plus"},"content":{"rendered":"<h4>\u201eEROS plus\u201d h\u00e4ngande<\/h4>\n<p>\u201eEROS plus\u201d h\u00e4nge - en anordning f\u00f6r fin biofysisk justering av k\u00f6rtlarna som ansvarar f\u00f6r produktionen av de manliga k\u00f6nsferomonerna androstenol och androsteron.<br \/>\nM\u00e4nskliga feromoner \u00e4r speciella biokemiska f\u00f6reningar som produceras av speciella k\u00f6rtlar i det yttre epitelet. Feromoner som tr\u00e4nger in i milj\u00f6n uppt\u00e4cks av luktreceptorer, som \u201es\u00e4nder en signal\u201d till hj\u00e4rnhalvorna i den m\u00e4nskliga hj\u00e4rnan. De viktigaste feromonerna som produceras av m\u00e4nniskor \u00e4r Androstenol och Androsterone.<\/p>\n<div class=\"su-spoiler su-spoiler-style-defoult su-spoiler-icon-caret su-spoiler-closed\" data-scroll-offset=\"0\" data-anchor-in-url=\"no\"><div class=\"su-spoiler-title\" tabindex=\"0\" role=\"button\"><span class=\"su-spoiler-icon\"><\/span>Alla<\/div><div class=\"su-spoiler-content su-u-clearfix su-u-trim\">\n<p>Androstenol \u00e4r en universell feromon som syntetiseras av b\u00e5da k\u00f6nen. Det hj\u00e4lper till att framkalla sympati f\u00f6r samtalspartnern mycket snabbt och v\u00e4cker en \u00f6nskan att kommunicera. \u00c4garen till en doft som inneh\u00e5ller androstenol b\u00e4r en aura av ungdom och friskhet, oavsett \u00e5lder.<\/p>\n<p>Androsteron - en analog av ett \u00e4mne som endast syntetiseras av medlemmar av det starkare k\u00f6net. Det \u00e4r ocks\u00e5 k\u00e4nt som modets feromon eftersom dess b\u00e4rare har en sj\u00e4lvs\u00e4ker, kraftfull aura som \u00e4r attraktiv f\u00f6r kvinnor.<\/p>\n<p>Genom att b\u00e4ra \u201eEROS plus\u201d-smycket stimuleras din egen feromonproduktion.<\/p>\n<p>H\u00e4nget \u201eEROS plus\u201d hj\u00e4lper dig att f\u00e5 sj\u00e4lvf\u00f6rtroende, att f\u00e5 sympati fr\u00e5n det motsatta k\u00f6net.<\/p>\n<\/div><\/div>","protected":false},"excerpt":{"rendered":"<p>&#8222;EROS plus&#8221; med\u00e1l &#8222;EROS plus&#8221; med\u00e1l \u2013 a f\u00e9rfi nemi feromonok \u2013 androstenol \u00e9s androsteron \u2013 el\u0151\u00e1ll\u00edt\u00e1s\u00e1\u00e9rt felel\u0151s mirigyek finom biofizikai be\u00e1ll\u00edt\u00e1s\u00e1ra szolg\u00e1l\u00f3 eszk\u00f6z. Az emberi feromonok k\u00fcl\u00f6nleges biok\u00e9miai vegy\u00fcletek, amelyeket a k\u00fcls\u0151 epitheliumban tal\u00e1lhat\u00f3 speci\u00e1lis mirigyek termelnek. A k\u00f6rnyezetbe behatol\u00f3 feromonok a szagl\u00f3receptorok seg\u00edts\u00e9g\u00e9vel \u00e9rz\u00e9kelhet\u0151k, amik \u201e jelet k\u00f6zvet\u00edtenek\u201d az emberi agy f\u00e9ltek\u00e9ire. Az [&hellip;]<\/p>\n","protected":false},"featured_media":4693,"comment_status":"open","ping_status":"closed","template":"","meta":[],"product_brand":[],"product_cat":[33,32],"product_tag":[],"class_list":{"0":"post-4694","1":"product","2":"type-product","3":"status-publish","4":"has-post-thumbnail","6":"product_cat-egeszseg-medalok","7":"product_cat-triomed","9":"first","10":"instock","11":"taxable","12":"shipping-taxable","13":"purchasable","14":"product-type-simple"},"_links":{"self":[{"href":"https:\/\/vetomshop.hu\/sv\/wp-json\/wp\/v2\/product\/4694","targetHints":{"allow":["GET"]}}],"collection":[{"href":"https:\/\/vetomshop.hu\/sv\/wp-json\/wp\/v2\/product"}],"about":[{"href":"https:\/\/vetomshop.hu\/sv\/wp-json\/wp\/v2\/types\/product"}],"replies":[{"embeddable":true,"href":"https:\/\/vetomshop.hu\/sv\/wp-json\/wp\/v2\/comments?post=4694"}],"wp:featuredmedia":[{"embeddable":true,"href":"https:\/\/vetomshop.hu\/sv\/wp-json\/wp\/v2\/media\/4693"}],"wp:attachment":[{"href":"https:\/\/vetomshop.hu\/sv\/wp-json\/wp\/v2\/media?parent=4694"}],"wp:term":[{"taxonomy":"product_brand","embeddable":true,"href":"https:\/\/vetomshop.hu\/sv\/wp-json\/wp\/v2\/product_brand?post=4694"},{"taxonomy":"product_cat","embeddable":true,"href":"https:\/\/vetomshop.hu\/sv\/wp-json\/wp\/v2\/product_cat?post=4694"},{"taxonomy":"product_tag","embeddable":true,"href":"https:\/\/vetomshop.hu\/sv\/wp-json\/wp\/v2\/product_tag?post=4694"}],"curies":[{"name":"wp","href":"https:\/\/api.w.org\/{rel}","templated":true}]}}