{"id":4702,"date":"2023-11-11T14:33:52","date_gmt":"2023-11-11T13:33:52","guid":{"rendered":"https:\/\/vetomshop.hu\/termek\/happy-dog-medal\/"},"modified":"2023-11-11T14:33:52","modified_gmt":"2023-11-11T13:33:52","slug":"happy-dog-medal","status":"publish","type":"product","link":"https:\/\/vetomshop.hu\/sv\/produkt\/happy-dog-medal\/","title":{"rendered":"Happy Dog-h\u00e4nge"},"content":{"rendered":"<h4>Happy Dog Medal f\u00f6r hundar<\/h4>\n<p>Det kan anv\u00e4ndas f\u00f6r att f\u00f6rebygga och behandla f\u00f6ljande sjukdomar:<\/p>\n<ul>\n<li>Infektionssjukdomar,<\/li>\n<li>allergier (utslag, kl\u00e5da, h\u00e5ravfall, kv\u00e4vning)<\/li>\n<li>F\u00f6rgiftning (av mat, gifter)<\/li>\n<li>endokrina sjukdomar (diabetes, sk\u00f6ldk\u00f6rtelsjukdomar)<\/li>\n<li>ledsjukdomar<\/li>\n<\/ul>\n<p><strong>\u00c4ven till\u00e4mpligt:<\/strong><\/p>\n<ul>\n<li>f\u00f6rl\u00e4nga livet p\u00e5 \u00e4ldre hundar och f\u00f6rb\u00e4ttra deras kondition<\/li>\n<li>sund utveckling av valpar<\/li>\n<li>f\u00f6r snabb rehabilitering efter operation eller allvarlig sjukdom<\/li>\n<li>l\u00e4kning av skador (s\u00e5r, muskelbristningar, frakturer, br\u00e4nnskador)<\/li>\n<li>postnatal rehabilitering<\/li>\n<\/ul>\n<p><strong>Ans\u00f6kan:<\/strong><\/p>\n<p>\u201eHappyDOG\u201d<\/p>\n<p>Fysioterapeutisk immunmodulator kan f\u00e4stas p\u00e5 hundens halsband. Dess anv\u00e4ndning \u00e4r inte begr\u00e4nsad, men den b\u00f6r b\u00e4ras i minst 30 minuter om dagen.<\/p>","protected":false},"excerpt":{"rendered":"<p>Happy Dog Med\u00e1l kuty\u00e1knak Alkalmazhat\u00f3 a k\u00f6vetkez\u0151 betegs\u00e9gek megel\u0151z\u00e9s\u00e9ben \u00e9s kezel\u00e9s\u00e9ben: infekci\u00f3s betegs\u00e9gek, allergi\u00e1k (ki\u00fct\u00e9sek, viszket\u00e9s, sz\u0151rhull\u00e1s, fullad\u00e1s) m\u00e9rgez\u00e9s (\u00e9tel \u00e1ltal, m\u00e9rgekkel) endokrin megbeteged\u00e9sek (cukorbetegs\u00e9g, a pajzsmirigy betegs\u00e9gei) \u00edz\u00fcleti betegs\u00e9gek Tov\u00e1bb\u00e1 alkalmazhat\u00f3: az id\u0151s kuty\u00e1k \u00e9let\u00e9nek meghosszabb\u00edt\u00e1s\u00e1ban, \u00e1llapotuk jav\u00edt\u00e1s\u00e1ban a k\u00f6lyk\u00f6k eg\u00e9szs\u00e9ges fejl\u0151d\u00e9s\u00e9ben a gyors rehabilit\u00e1ci\u00f3ban a m\u0171t\u00e9tek vagy s\u00falyos betegs\u00e9gek ut\u00e1n s\u00e9r\u00fcl\u00e9sek gy\u00f3gy\u00edt\u00e1s\u00e1ban (sebek, [&hellip;]<\/p>\n","protected":false},"featured_media":4701,"comment_status":"open","ping_status":"closed","template":"","meta":[],"product_brand":[],"product_cat":[33,32],"product_tag":[],"class_list":{"0":"post-4702","1":"product","2":"type-product","3":"status-publish","4":"has-post-thumbnail","6":"product_cat-egeszseg-medalok","7":"product_cat-triomed","9":"first","10":"instock","11":"taxable","12":"shipping-taxable","13":"purchasable","14":"product-type-simple"},"_links":{"self":[{"href":"https:\/\/vetomshop.hu\/sv\/wp-json\/wp\/v2\/product\/4702","targetHints":{"allow":["GET"]}}],"collection":[{"href":"https:\/\/vetomshop.hu\/sv\/wp-json\/wp\/v2\/product"}],"about":[{"href":"https:\/\/vetomshop.hu\/sv\/wp-json\/wp\/v2\/types\/product"}],"replies":[{"embeddable":true,"href":"https:\/\/vetomshop.hu\/sv\/wp-json\/wp\/v2\/comments?post=4702"}],"wp:featuredmedia":[{"embeddable":true,"href":"https:\/\/vetomshop.hu\/sv\/wp-json\/wp\/v2\/media\/4701"}],"wp:attachment":[{"href":"https:\/\/vetomshop.hu\/sv\/wp-json\/wp\/v2\/media?parent=4702"}],"wp:term":[{"taxonomy":"product_brand","embeddable":true,"href":"https:\/\/vetomshop.hu\/sv\/wp-json\/wp\/v2\/product_brand?post=4702"},{"taxonomy":"product_cat","embeddable":true,"href":"https:\/\/vetomshop.hu\/sv\/wp-json\/wp\/v2\/product_cat?post=4702"},{"taxonomy":"product_tag","embeddable":true,"href":"https:\/\/vetomshop.hu\/sv\/wp-json\/wp\/v2\/product_tag?post=4702"}],"curies":[{"name":"wp","href":"https:\/\/api.w.org\/{rel}","templated":true}]}}