{"id":4704,"date":"2023-11-11T14:33:52","date_gmt":"2023-11-11T13:33:52","guid":{"rendered":"https:\/\/vetomshop.hu\/termek\/nefron-medal\/"},"modified":"2023-11-11T14:33:52","modified_gmt":"2023-11-11T13:33:52","slug":"nefron-medal","status":"publish","type":"product","link":"https:\/\/vetomshop.hu\/sv\/produkt\/nefron-medal\/","title":{"rendered":"Nefron-medaljen"},"content":{"rendered":"<h4>Nefron Health Medal<\/h4>\n<p><strong>Huvudsaklig funktion:<\/strong><\/p>\n<p>St\u00f6djer njurarnas och urinv\u00e4garnas funktion och fr\u00e4mjar reglerande och regenerativa processer.<\/p>\n<p><strong>Med st\u00f6d av:<\/strong><\/p>\n<ul>\n<li>f\u00f6rb\u00e4ttrad blodcirkulation och \u00e4mnesoms\u00e4ttning i urinv\u00e4garna.<\/li>\n<li>reabsorption, filtrering, jonreglering, avgiftning, metaboliska processer<\/li>\n<li>reparation och regenerering av urinv\u00e4vnader,<\/li>\n<li>lindra sm\u00e4rta, lindra spasmer, minska inflammation,<\/li>\n<li>f\u00f6rebyggande av sklerotiska lesioner i njuren.<\/li>\n<\/ul>\n<p><strong>N\u00e4r kan Nefron Health Pendant anv\u00e4ndas?<\/strong><\/p>\n<p>Anordningen har en positiv effekt p\u00e5 kroppens funktionella funktion, den kan anv\u00e4ndas som en kompletterande anordning f\u00f6r optimering och korrigering av kroppens funktionella funktion, f\u00f6r f\u00f6rebyggande och kompletterande behandling av f\u00f6ljande sjukdomar:<\/p>\n<ul>\n<li>akuta och kroniska inflammatoriska sjukdomar i njurarna, urinbl\u00e5san och urinv\u00e4garna,<\/li>\n<li>\u00e4mnesoms\u00e4ttningsrubbningar (inklusive njurstenssjukdom),<\/li>\n<li>systemiska autoimmuna sjukdomar som leder till njurskador,<\/li>\n<li>autoimmun sjukdom i njurarna,<\/li>\n<li>toxiska effekter p\u00e5 njurarna,<\/li>\n<li>sklerotiska lesioner i njurarna (nefroskleros) p\u00e5 grund av diabetes, arteriell hypertoni etc.<\/li>\n<\/ul>","protected":false},"excerpt":{"rendered":"<p>Nefron Eg\u00e9szs\u00e9g Med\u00e1l F\u0151 funkci\u00f3ja: A vese \u00e9s a h\u00fagyutak m\u0171k\u00f6d\u00e9s\u00e9nek t\u00e1mogat\u00e1sa, a szab\u00e1lyz\u00f3 \u00e9s regener\u00e1ci\u00f3s folyamatok el\u0151seg\u00edt\u00e9se. T\u00e1mogatja: a h\u00fagyutak v\u00e9rkering\u00e9s\u00e9nek javul\u00e1s\u00e1t \u00e9s anyagcser\u00e9j\u00e9t. a reabszorbci\u00f3t, a sz\u0171r\u00e9st, az ionszab\u00e1lyoz\u00e1st, a m\u00e9regtelen\u00edt\u00e9st, a metabolikus folyamatokat a h\u00fagyuti sz\u00f6vetek repar\u00e1ci\u00f3j\u00e1t \u00e9s regener\u00e1ci\u00f3j\u00e1t, a f\u00e1jdalomcsillap\u00edt\u00e1st, a g\u00f6rcsold\u00e1st, a gyullad\u00e1sok cs\u00f6kkent\u00e9s\u00e9t, a vese szklerotikus elv\u00e1ltoz\u00e1sainak megel\u0151z\u00e9s\u00e9t. Mikor [&hellip;]<\/p>\n","protected":false},"featured_media":4703,"comment_status":"open","ping_status":"closed","template":"","meta":[],"product_brand":[],"product_cat":[33,32],"product_tag":[],"class_list":{"0":"post-4704","1":"product","2":"type-product","3":"status-publish","4":"has-post-thumbnail","6":"product_cat-egeszseg-medalok","7":"product_cat-triomed","9":"first","10":"instock","11":"taxable","12":"shipping-taxable","13":"purchasable","14":"product-type-simple"},"_links":{"self":[{"href":"https:\/\/vetomshop.hu\/sv\/wp-json\/wp\/v2\/product\/4704","targetHints":{"allow":["GET"]}}],"collection":[{"href":"https:\/\/vetomshop.hu\/sv\/wp-json\/wp\/v2\/product"}],"about":[{"href":"https:\/\/vetomshop.hu\/sv\/wp-json\/wp\/v2\/types\/product"}],"replies":[{"embeddable":true,"href":"https:\/\/vetomshop.hu\/sv\/wp-json\/wp\/v2\/comments?post=4704"}],"wp:featuredmedia":[{"embeddable":true,"href":"https:\/\/vetomshop.hu\/sv\/wp-json\/wp\/v2\/media\/4703"}],"wp:attachment":[{"href":"https:\/\/vetomshop.hu\/sv\/wp-json\/wp\/v2\/media?parent=4704"}],"wp:term":[{"taxonomy":"product_brand","embeddable":true,"href":"https:\/\/vetomshop.hu\/sv\/wp-json\/wp\/v2\/product_brand?post=4704"},{"taxonomy":"product_cat","embeddable":true,"href":"https:\/\/vetomshop.hu\/sv\/wp-json\/wp\/v2\/product_cat?post=4704"},{"taxonomy":"product_tag","embeddable":true,"href":"https:\/\/vetomshop.hu\/sv\/wp-json\/wp\/v2\/product_tag?post=4704"}],"curies":[{"name":"wp","href":"https:\/\/api.w.org\/{rel}","templated":true}]}}